{"id":18740,"date":"2016-12-29T13:04:19","date_gmt":"2016-12-29T13:04:19","guid":{"rendered":"https:\/\/weol.lu\/?page_id=18740\/"},"modified":"2017-07-29T16:36:04","modified_gmt":"2017-07-29T16:36:04","slug":"impressum","status":"publish","type":"page","link":"https:\/\/weol.lu\/de\/impressum\/","title":{"rendered":"Impressum"},"content":{"rendered":"<div class=\"wpb-content-wrapper\"><p>[vc_row][vc_column][vc_empty_space height=&#8220;30&#8243;][vc_column_text]Sie sind auf der Suche nach einer Immobile in Luxemburg zur Miete oder zum Kauf, WEOL S\u00e0rl vereinfacht Ihnen die Suche. Nutzen Sie unsere einzigartige Funktion Geolokalisierung um Ihre Immobile zu finden und uns direkt zu kontaktieren.<br \/>\nWir helfen Ihnen, Ihre Traum-Immobilie in Sekunden finden.<br \/>\nWir bieten unseren Kunden ein umfangreiches Wissen in allen Aspekten des Kaufs bzw. Verkauf.<br \/>\nIst es bei der Suche, diskutieren \u00fcber neue Immobilienprojekte in Luxemburg oder Ihre Immobilie zu verkaufen, w\u00fcrden wir es begr\u00fc\u00dfen Ihnen zu helfen. Z\u00f6gern Sie nicht, uns jegliche Frage zu kontaktieren![\/vc_column_text][\/vc_column][\/vc_row][vc_row full_width=&#8220;stretch_row&#8220; video_bg=&#8220;yes&#8220; video_bg_url=&#8220;https:\/\/www.youtube.com\/watch?v=myI8RohTxgA&#8220; css=&#8220;.vc_custom_1485991047627{margin-bottom: 40px !important;}&#8220;][vc_column width=&#8220;1\/6&#8243; offset=&#8220;vc_hidden-sm vc_hidden-xs&#8220;][\/vc_column][vc_column width=&#8220;2\/3&#8243;]<div class=\"ult-spacer spacer-69d84c7f4a51a\" data-id=\"69d84c7f4a51a\" data-height=\"10\" data-height-mobile=\"10\" data-height-tab=\"10\" data-height-tab-portrait=\"\" data-height-mobile-landscape=\"\" style=\"clear:both;display:block;\"><\/div><div class=\"ult-animation  ult-animate-viewport  ult-no-mobile  ult_createlink\" data-animate=\"fadeInDown\" data-animation-delay=\"0\" data-animation-duration=\"0.5\" data-animation-iteration=\"1\" style=\"opacity:0;\" data-opacity_start_effect=\"\"><div id=\"ultimate-heading-793569d84c7f4a5ad\" class=\"uvc-heading ult-adjust-bottom-margin ultimate-heading-793569d84c7f4a5ad uvc-7210 \" data-hspacer=\"no_spacer\"  data-halign=\"center\" style=\"text-align:center\"><div class=\"uvc-heading-spacer no_spacer\" style=\"top\"><\/div><div class=\"uvc-main-heading ult-responsive\"  data-ultimate-target='.uvc-heading.ultimate-heading-793569d84c7f4a5ad h2'  data-responsive-json-new='{\"font-size\":\"desktop:36px;\",\"line-height\":\"\"}' ><h2 style=\"font-family:&#039;Open Sans&#039;;font-weight:500;color:#ffffff;margin-bottom:0px;\">Unsere Makler<\/h2><\/div><\/div><\/div><div class=\"ult-animation  ult-animate-viewport  ult-no-mobile  ult_createlink\" data-animate=\"fadeInDown\" data-animation-delay=\"0.5\" data-animation-duration=\"0.5\" data-animation-iteration=\"1\" style=\"opacity:0;\" data-opacity_start_effect=\"\"><div id=\"ultimate-heading-357569d84c7f4a5ff\" class=\"uvc-heading ult-adjust-bottom-margin ultimate-heading-357569d84c7f4a5ff uvc-8030 \" data-hspacer=\"no_spacer\"  data-halign=\"center\" style=\"text-align:center\"><div class=\"uvc-heading-spacer no_spacer\" style=\"top\"><\/div><div class=\"uvc-sub-heading ult-responsive\"  data-ultimate-target='.uvc-heading.ultimate-heading-357569d84c7f4a5ff .uvc-sub-heading '  data-responsive-json-new='{\"font-size\":\"desktop:17px;\",\"line-height\":\"\"}'  style=\"font-family:&#039;Open Sans&#039;;font-weight:normal;\"><\/p>\n<p style=\"text-align: left;\">Ob es sich darum handelt Ihr Traumhaus zu finden, neue Bauvorhaben in Luxemburg zu diskutieren oder Ihnen helfen Ihre Immobilie zu verkaufen, w\u00fcrden wir es begr\u00fc\u00dfen Ihnen zu helfen. Z\u00f6gern Sie nicht, uns f\u00fcr jede Frage zu kontaktieren!<\/p>\n<p><\/div><\/div><\/div><div class=\"article_container bottom-estate_agent nobutton \" >\n<div class=\" ccvagnet col-md-6 listing_wrapper\">         \n    <div class=\"agent_unit\" data-link=\"https:\/\/weol.lu\/de\/agents\/nuno-oliveira-agentur-direktor\/\">\n        <div class=\"agent-unit-img-wrapper\">\n                  \n            \n            \n         \n            <img decoding=\"async\" width=\"278\" height=\"316\" src=\"https:\/\/weol.lu\/wp-content\/uploads\/2014\/05\/Nuno.jpg\" class=\"lazyload img-responsive wp-post-image\" alt=\"\" srcset=\"https:\/\/weol.lu\/wp-content\/uploads\/2014\/05\/Nuno.jpg 278w, https:\/\/weol.lu\/wp-content\/uploads\/2014\/05\/Nuno-264x300.jpg 264w\" sizes=\"(max-width: 278px) 100vw, 278px\" \/>        <\/div>    \n            \n\n        <h4> <a href=\"https:\/\/weol.lu\/de\/agents\/nuno-oliveira-agentur-direktor\/\">Nuno Oliveira<\/a><\/h4>\n        <div class=\"agent_position\">PT | EN | FR<\/div><div class=\"agent_card_content\">Jeder Kunde ist unterschiedlich, darum passen wir unser Service an jeden an. Visite virtue <a href=\"https:\/\/weol.lu\/de\/agents\/nuno-oliveira-agentur-direktor\/\" class=\"unit_more_x\">...<\/a><\/div>\n     \n       \n        <div class=\"agent_unit_social agent_list\">\n        \n               \n               <div class=\"wpestate_agent_unit_social\"><\/div><div class=\"agent_unit_phone\"><a href=\"tel:+352 43 67 67\" rel=\"noopener\" ><i class=\"fas fa-phone\"><\/i><\/a><\/div><div class=\"agent_unit_email\"><a href=\"mailto:info@weol.lu\" rel=\"noopener\" ><i class=\"fas fa-envelope\"><\/i><\/a><\/div>           \n        <\/div>\n    <\/div>\n<\/div>   \n<!-- <\/div>    -->\n<div class=\" ccvagnet col-md-6 listing_wrapper\">         \n    <div class=\"agent_unit\" data-link=\"https:\/\/weol.lu\/de\/agents\/brigitte-weirich-agentur-direktorin\/\">\n        <div class=\"agent-unit-img-wrapper\">\n                  \n            \n            \n         \n            <img decoding=\"async\" width=\"278\" height=\"316\" src=\"https:\/\/weol.lu\/wp-content\/uploads\/2014\/05\/Brigitte.jpg\" class=\"lazyload img-responsive wp-post-image\" alt=\"\" srcset=\"https:\/\/weol.lu\/wp-content\/uploads\/2014\/05\/Brigitte.jpg 278w, https:\/\/weol.lu\/wp-content\/uploads\/2014\/05\/Brigitte-264x300.jpg 264w\" sizes=\"(max-width: 278px) 100vw, 278px\" \/>        <\/div>    \n            \n\n        <h4> <a href=\"https:\/\/weol.lu\/de\/agents\/brigitte-weirich-agentur-direktorin\/\">Brigitte Weirich<\/a><\/h4>\n        <div class=\"agent_position\">FR | LU | DE<\/div><div class=\"agent_card_content\">Jeder Kunde ist unterschiedlich, darum passen wir unser Service an jeden an. Visite virtue <a href=\"https:\/\/weol.lu\/de\/agents\/brigitte-weirich-agentur-direktorin\/\" class=\"unit_more_x\">...<\/a><\/div>\n     \n       \n        <div class=\"agent_unit_social agent_list\">\n        \n               \n               <div class=\"wpestate_agent_unit_social\"><\/div><div class=\"agent_unit_phone\"><a href=\"tel:+352 43 67 67\" rel=\"noopener\" ><i class=\"fas fa-phone\"><\/i><\/a><\/div><div class=\"agent_unit_email\"><a href=\"mailto:info@weol.lu\" rel=\"noopener\" ><i class=\"fas fa-envelope\"><\/i><\/a><\/div>           \n        <\/div>\n    <\/div>\n<\/div>   \n<!-- <\/div>    --><\/div>[\/vc_column][vc_column width=&#8220;1\/6&#8243; offset=&#8220;vc_hidden-sm vc_hidden-xs&#8220;][\/vc_column][\/vc_row]<\/p>\n<\/div>","protected":false},"excerpt":{"rendered":"<p>[vc_row][vc_column][vc_empty_space height=&#8220;30&#8243;][vc_column_text]Sie sind auf der Suche nach einer Immobile in Luxemburg zur Miete oder zum Kauf, WEOL S\u00e0rl vereinfacht Ihnen die Suche. Nutzen Sie unsere einzigartige Funktion Geolokalisierung um Ihre Immobile zu finden und uns direkt zu kontaktieren. Wir helfen Ihnen, Ihre Traum-Immobilie in Sekunden finden. Wir bieten unseren Kunden ein umfangreiches Wissen in allen Aspekten des Kaufs bzw. Verkauf. Ist es bei der &#8230;<\/p>\n","protected":false},"author":1,"featured_media":0,"parent":0,"menu_order":0,"comment_status":"open","ping_status":"closed","template":"contact_page.php","meta":{"footnotes":""},"yoast_head":"<!-- This site is optimized with the Yoast SEO plugin v22.5 - https:\/\/yoast.com\/wordpress\/plugins\/seo\/ -->\n<title>Impressum - Weol Immobili\u00e8re<\/title>\n<meta name=\"robots\" content=\"index, follow, max-snippet:-1, max-image-preview:large, max-video-preview:-1\" \/>\n<link rel=\"canonical\" href=\"https:\/\/weol.lu\/de\/impressum\/\" \/>\n<meta property=\"og:locale\" content=\"de_DE\" \/>\n<meta property=\"og:type\" content=\"article\" \/>\n<meta property=\"og:title\" content=\"Impressum\" \/>\n<meta property=\"og:description\" content=\"Sie wollen verkaufen und sind gestresst, wie Sie die richtige Agentur w\u00e4hlen? Wie soll man sich anlegen damit man nicht auf seiner Immobilie sitzen bleibt und diese sich nicht verkauft? So viele Fragen ... Kontaktieren Sie uns, wir bewerten Ihre Immobilie und unterst\u00fctzen Sie auf dem Weg.\" \/>\n<meta property=\"og:url\" content=\"https:\/\/weol.lu\/de\/impressum\/\" \/>\n<meta property=\"og:site_name\" content=\"Weol Immobili\u00e8re\" \/>\n<meta property=\"article:modified_time\" content=\"2017-07-29T16:36:04+00:00\" \/>\n<meta property=\"og:image\" content=\"https:\/\/weol.lu\/wp-content\/uploads\/2015\/02\/logo-weol-face.png\" \/>\n\t<meta property=\"og:image:width\" content=\"1200\" \/>\n\t<meta property=\"og:image:height\" content=\"630\" \/>\n\t<meta property=\"og:image:type\" content=\"image\/png\" \/>\n<meta name=\"twitter:card\" content=\"summary_large_image\" \/>\n<meta name=\"twitter:label1\" content=\"Gesch\u00e4tzte Lesezeit\" \/>\n\t<meta name=\"twitter:data1\" content=\"2\u00a0Minuten\" \/>\n<script type=\"application\/ld+json\" class=\"yoast-schema-graph\">{\"@context\":\"https:\/\/schema.org\",\"@graph\":[{\"@type\":\"WebPage\",\"@id\":\"https:\/\/weol.lu\/de\/impressum\/\",\"url\":\"https:\/\/weol.lu\/de\/impressum\/\",\"name\":\"Impressum - Weol Immobili\u00e8re\",\"isPartOf\":{\"@id\":\"https:\/\/weol.lu\/de\/#website\"},\"datePublished\":\"2016-12-29T13:04:19+00:00\",\"dateModified\":\"2017-07-29T16:36:04+00:00\",\"inLanguage\":\"de\",\"potentialAction\":[{\"@type\":\"ReadAction\",\"target\":[\"https:\/\/weol.lu\/de\/impressum\/\"]}]},{\"@type\":\"WebSite\",\"@id\":\"https:\/\/weol.lu\/de\/#website\",\"url\":\"https:\/\/weol.lu\/de\/\",\"name\":\"Weol Immobili\u00e8re\",\"description\":\"Immobili\u00e8re Agence\",\"potentialAction\":[{\"@type\":\"SearchAction\",\"target\":{\"@type\":\"EntryPoint\",\"urlTemplate\":\"https:\/\/weol.lu\/de\/?s={search_term_string}\"},\"query-input\":\"required name=search_term_string\"}],\"inLanguage\":\"de\"}]}<\/script>\n<!-- \/ Yoast SEO plugin. -->","yoast_head_json":{"title":"Impressum - Weol Immobili\u00e8re","robots":{"index":"index","follow":"follow","max-snippet":"max-snippet:-1","max-image-preview":"max-image-preview:large","max-video-preview":"max-video-preview:-1"},"canonical":"https:\/\/weol.lu\/de\/impressum\/","og_locale":"de_DE","og_type":"article","og_title":"Impressum","og_description":"Sie wollen verkaufen und sind gestresst, wie Sie die richtige Agentur w\u00e4hlen? Wie soll man sich anlegen damit man nicht auf seiner Immobilie sitzen bleibt und diese sich nicht verkauft? So viele Fragen ... Kontaktieren Sie uns, wir bewerten Ihre Immobilie und unterst\u00fctzen Sie auf dem Weg.","og_url":"https:\/\/weol.lu\/de\/impressum\/","og_site_name":"Weol Immobili\u00e8re","article_modified_time":"2017-07-29T16:36:04+00:00","og_image":[{"width":"1200","height":"630","url":"https:\/\/weol.lu\/wp-content\/uploads\/2015\/02\/logo-weol-face.png","type":"image\/png"}],"twitter_card":"summary_large_image","twitter_misc":{"Gesch\u00e4tzte Lesezeit":"2\u00a0Minuten"},"schema":{"@context":"https:\/\/schema.org","@graph":[{"@type":"WebPage","@id":"https:\/\/weol.lu\/de\/impressum\/","url":"https:\/\/weol.lu\/de\/impressum\/","name":"Impressum - Weol Immobili\u00e8re","isPartOf":{"@id":"https:\/\/weol.lu\/de\/#website"},"datePublished":"2016-12-29T13:04:19+00:00","dateModified":"2017-07-29T16:36:04+00:00","inLanguage":"de","potentialAction":[{"@type":"ReadAction","target":["https:\/\/weol.lu\/de\/impressum\/"]}]},{"@type":"WebSite","@id":"https:\/\/weol.lu\/de\/#website","url":"https:\/\/weol.lu\/de\/","name":"Weol Immobili\u00e8re","description":"Immobili\u00e8re Agence","potentialAction":[{"@type":"SearchAction","target":{"@type":"EntryPoint","urlTemplate":"https:\/\/weol.lu\/de\/?s={search_term_string}"},"query-input":"required name=search_term_string"}],"inLanguage":"de"}]}},"_links":{"self":[{"href":"https:\/\/weol.lu\/de\/wp-json\/wp\/v2\/pages\/18740"}],"collection":[{"href":"https:\/\/weol.lu\/de\/wp-json\/wp\/v2\/pages"}],"about":[{"href":"https:\/\/weol.lu\/de\/wp-json\/wp\/v2\/types\/page"}],"author":[{"embeddable":true,"href":"https:\/\/weol.lu\/de\/wp-json\/wp\/v2\/users\/1"}],"replies":[{"embeddable":true,"href":"https:\/\/weol.lu\/de\/wp-json\/wp\/v2\/comments?post=18740"}],"version-history":[{"count":0,"href":"https:\/\/weol.lu\/de\/wp-json\/wp\/v2\/pages\/18740\/revisions"}],"wp:attachment":[{"href":"https:\/\/weol.lu\/de\/wp-json\/wp\/v2\/media?parent=18740"}],"curies":[{"name":"wp","href":"https:\/\/api.w.org\/{rel}","templated":true}]}}