{"id":22656,"date":"2019-06-20T19:44:09","date_gmt":"2019-06-20T19:44:09","guid":{"rendered":"https:\/\/weol.lu\/datenschutzrichtlinie-fur\/"},"modified":"2019-06-20T19:47:18","modified_gmt":"2019-06-20T19:47:18","slug":"datenschutzrichtlinie-fur","status":"publish","type":"page","link":"https:\/\/weol.lu\/de\/datenschutzrichtlinie-fur\/","title":{"rendered":"Datenschutzrichtlinie f\u00fcr"},"content":{"rendered":"<p>Diese Website wird von WEOL Real Estate (nachstehend &#8222;WEOL&#8220; oder &#8222;wir&#8220;) betrieben. Diese Datenschutzerkl\u00e4rung beschreibt, wie wir Ihre personenbezogenen Daten erheben und verarbeiten.<br \/>\nWEOL verpflichtet sich, die pers\u00f6nlichen Daten seiner Kunden und Benutzer der Website zu sch\u00fctzen, indem diese Datenschutzrichtlinie erstellt wird, um ihre Verpflichtung und die Einhaltung der Datenschutz- und Datenschutzbestimmungen bekannt zu machen personenbezogene Daten, die wir in \u00dcbereinstimmung mit der Allgemeinen Datenschutzverordnung (RGPD) erheben und verarbeiten.<\/p>\n<p style=\"padding-left: 40px;\"><strong>1. Ihre pers\u00f6nlichen Daten<\/strong><br \/>\nW\u00e4hrend Ihres Besuchs auf dieser Website erfassen wir automatisch die folgenden pers\u00f6nlichen Informationen \u00fcber Sie:<\/p>\n<p style=\"padding-left: 40px;\">\u2022 Informationen zu den Seiten, die Sie auf dieser Website besuchen;<br \/>\n\u2022 Datum und Uhrzeit Ihres Besuchs<br \/>\n\u2022 IP-Adresse,<br \/>\n\u2022 Webbrowser,<br \/>\n\u2022 die Site (URL), die Sie vor dem Zugriff auf diese Site besucht haben, und<br \/>\n\u2022 einige Cookies (siehe Abschnitt 2.1 unten).<\/p>\n<p style=\"padding-left: 40px;\">Dar\u00fcber hinaus sammeln wir alle Informationen, die Sie uns \u00fcber die auf dieser Website verf\u00fcgbaren Kontaktformulare zur Verf\u00fcgung stellen.<br \/>\nWir erheben auch personenbezogene Daten von Kunden, die personenbezogenen Daten, die wir in diesem Zusammenhang verarbeiten, sind:<br \/>\n\u2022 Name;<br \/>\n\u2022 Adresse;<br \/>\n\u2022 Telefonnummer;<br \/>\n\u2022 E-Mail-Adresse;<\/p>\n<p style=\"padding-left: 40px;\">In dem Fall, in dem wir Sie um die Angabe pers\u00f6nlicher Daten bitten, besteht keine Verpflichtung dazu. Wenn Sie dies jedoch nicht tun, k\u00f6nnen Sie nicht alle Funktionen unserer Website oder unsere Immobiliendienstleistungen im Allgemeinen nutzen.<\/p>\n<p><strong>2. Cookies, Google Analytics, Facebook<\/strong><\/p>\n<p style=\"padding-left: 40px;\">2.1. Coockies<br \/>\nDiese Seite verwendet sogenannte Cookies. Ein Cookie ist eine kleine Datei, die beim Besuch einer Website auf Ihrem Computer gespeichert werden kann. Cookies werden im Allgemeinen verwendet, um Website-Besuchern zus\u00e4tzliche Funktionen auf der Website bereitzustellen. Sie k\u00f6nnen beispielsweise erstellt werden, um Ihren Besuch zu verfolgen und Ihre Website-Navigation zu unterst\u00fctzen, Ihnen zu helfen, an Ihrem Standort zu bleiben und \/ oder sich an Ihre Pr\u00e4ferenzen und Einstellungen zu erinnern, wenn Sie die Website erneut besuchen.<\/p>\n<p style=\"padding-left: 40px;\">Cookies k\u00f6nnen keine anderen Daten auf Ihrem Computer abrufen, lesen oder \u00e4ndern.<br \/>\nBei den meisten auf dieser Website verwendeten Cookies handelt es sich um sogenannte Session-Cookies. Sie werden beim Verlassen der Website automatisch gel\u00f6scht.<\/p>\n<p style=\"padding-left: 40px;\">Es gibt immer noch dauerhafte Cookies. Diese verbleiben auf Ihrem Computer, bis Sie sie in Ihrem Browser l\u00f6schen. Wir verwenden dauerhafte Cookies, um Sie beim n\u00e4chsten Besuch dieser Website wiederzuerkennen.<\/p>\n<p style=\"padding-left: 40px;\">Wenn Sie die auf Ihrem Computer installierten Cookies steuern m\u00f6chten, k\u00f6nnen Sie Ihre Browsereinstellungen so \u00e4ndern, dass Sie benachrichtigt werden, wenn eine Website versucht, ein Cookie zu installieren, oder dass Cookies dauerhaft blockiert werden. Sie k\u00f6nnen auch Cookies l\u00f6schen, die bereits auf Ihrem Computer installiert wurden. Weitere Informationen zur Durchf\u00fchrung dieser Schritte finden Sie in der Hilfe Ihres Browsers.<\/p>\n<p style=\"padding-left: 40px;\">Bitte beachten Sie jedoch, dass die Deaktivierung von Cookies Ihre Online-Erfahrung beeintr\u00e4chtigen und \/ oder verhindern kann, dass Sie unsere Website in vollem Umfang nutzen.<\/p>\n<p style=\"padding-left: 40px;\">Weitere Informationen zur Verwendung von Cookies und zum Blockieren von Cookies finden Sie unter allaboutcookies.org, youronlinechoices.eu (Europe). Wenn Sie Fragen oder Kommentare zu unserer Verwendung von Cookies haben, wenden Sie sich bitte an info@weol.lu<\/p>\n<p style=\"padding-left: 40px;\">2.2. Google Analytics<br \/>\nDiese Website benutzt Google Analytics, einen Internet-Verkehrsanalysedienst der Google Inc., 1600 Amphitheater Parkway Mountain View, CA 94043, USA (&#8222;Google&#8220;). Google Analytics verwendet Cookies, um zu analysieren, wie Sie diese Website verwenden.<\/p>\n<p style=\"padding-left: 40px;\">Weitere Informationen zu den Nutzungsbedingungen und zum Datenschutz der Daten finden Sie in den Google Analytics-Nutzungsbedingungen (https:\/\/www.google.com\/analytics\/terms\/de.html) oder in den allgemeinen Datenschutzbestimmungen von Google Analytics (https) : \/\/support.google.com\/analytics\/answer\/6004245? hl = de. Bitte beachten Sie, dass Google Analytics auf dieser Website durch &#8222;GAT. AnonymizeIp ();&#8220; erg\u00e4nzt wird, um die anonyme Erfassung von IP-Adressen (IP-Maskerade) sicherzustellen.<\/p>\n<p style=\"padding-left: 40px;\">2.3. Facebook-Plugins (Like-Button)<br \/>\nUnsere Seiten beinhalten Plugins f\u00fcr soziale Netzwerke, die von Facebook Inc., 1601 Willow Road, Menlo Park, Kalifornien, 94025, USA betrieben werden. Facebook-Plugins zeichnen sich durch das Facebook-Logo oder den &#8222;Like-Button&#8220; (&#8222;Gef\u00e4llt mir&#8220;) auf unserer Seite aus.<\/p>\n<p style=\"padding-left: 40px;\">Eine \u00dcbersicht \u00fcber Facebook-Plugins finden Sie hier: http:\/\/Developers.Facebook.com\/docs\/plugins\/<\/p>\n<p style=\"padding-left: 40px;\">Weitere Informationen finden Sie in der Datenschutzerkl\u00e4rung von Facebook unter https:\/\/www.facebook.com\/privacy\/explanation<\/p>\n<p style=\"padding-left: 40px;\">Wenn Sie nicht m\u00f6chten, dass Facebook Ihren Besuch auf unserer Website Ihrem Facebook-Konto zuordnen kann, loggen Sie sich bitte aus Ihrem Facebook-Konto aus, bevor Sie unsere Website besuchen.<\/p>\n<p><strong>3. Zwecke, f\u00fcr die wir Ihre Daten verwenden<\/strong><\/p>\n<p style=\"padding-left: 40px;\">Wir verwenden Ihre personenbezogenen Daten, um Sie als Benutzer dieser Website zur Verf\u00fcgung zu stellen, Nutzungsstatistiken zu erstellen, diese Website zu verbessern und weiterzuentwickeln, Ihnen Immobilienvermittlungsdienste zur Verf\u00fcgung zu stellen, um auf Anfragen und Nachrichten von Ihnen zu antworten und Ihnen unseren Newsletter zu senden, wenn Sie ihn abonnieren, um Sie bez\u00fcglich der f\u00fcr Sie interessanten Immobilien zu kontaktieren und Ihre Daten in aggregierter Form zu analysieren, um unser Gesch\u00e4ft zu analysieren.<\/p>\n<p><strong>4. Rechtsgrundlage f\u00fcr die Behandlung<\/strong><\/p>\n<p style=\"padding-left: 40px;\">Die Rechtsgrundlage f\u00fcr die Verarbeitung Ihrer Daten ist unser derzeitiges berechtigtes Interesse (gem\u00e4\u00df Artikel 6 Absatz 1 Buchstabe f der allgemeinen Datenschutzverordnung der EU &#8222;RGPD&#8220;). Sie werden um Ihre Einwilligung gebeten und k\u00f6nnen Ihre Einwilligung jederzeit widerrufen. Die Rechtm\u00e4\u00dfigkeit der Verarbeitung Ihrer Daten aufgrund der Einwilligung vor Ihrem Widerruf bleibt jedoch unber\u00fchrt.<\/p>\n<p><strong>5. Angaben und Daten\u00fcbertragungen<\/strong><\/p>\n<p style=\"padding-left: 40px;\">Die personenbezogenen Daten unserer Nutzer werden nicht an Dritte weitergegeben, es sei denn:<\/p>\n<p style=\"padding-left: 40px;\">\u2022 WEOL hat Ihre ausdr\u00fcckliche Genehmigung;<br \/>\n\u2022 Diese Unternehmen f\u00f6rdern vertraglich die Erbringung von Dienstleistungen, die WEOL f\u00fcr unsere Nutzer erbringt;<br \/>\n\u2022 wie gesetzlich vorgeschrieben;<br \/>\n\u2022 Dies ist unbedingt erforderlich, um die Einhaltung unserer Nutzungsbedingungen, Rechte oder Eigentumsrechte zu gew\u00e4hrleisten.<\/p>\n<p><strong>6. Aufbewahrungsfristen<\/strong><\/p>\n<p style=\"padding-left: 40px;\">Wir werden Ihre Daten, die wir automatisch erfassen, wenn Sie diese Website besuchen, f\u00fcr maximal sechs Monate aufbewahren. Wenn Sie unseren Newsletter abonniert haben, behalten wir Ihre E-Mail-Adresse bis zum Abbestellen unseres Newsletters. Wenn Sie sich auf unserer Website registriert haben, behalten wir Ihre Daten, solange Ihr Konto besteht und danach nur, wenn eine gesetzliche Verpflichtung zur Aufbewahrung Ihrer Daten besteht.<\/p>\n<p><strong>7. Ihre Rechte<\/strong><\/p>\n<p style=\"padding-left: 40px;\">Der Kunde als Inhaber der Daten hat das Recht, auf alle seine Daten zuzugreifen. Sie haben auch das Recht, ihre Begrenzung, Berichtigung, Widerspruch oder L\u00f6schung innerhalb der gesetzlich festgelegten Grenzen zu verlangen.<\/p>\n<p style=\"padding-left: 40px;\">Der Kunde als Inhaber der Daten hat auch das Recht, jederzeit seine Einwilligung zur Verarbeitung der Daten zu widerrufen. Diese \u00c4nderung der Einwilligung beeintr\u00e4chtigt nicht die Rechtm\u00e4\u00dfigkeit der Behandlung aufgrund der zuvor erteilten Einwilligung.<\/p>\n<p style=\"padding-left: 40px;\">Wenn dies technisch machbar ist, kann der Kunde die \u00dcbertragbarkeit seiner Daten bei einem anderen Controller beantragen, und diese werden nur zur Aus\u00fcbung oder Verteidigung von Beschwerden aufbewahrt. Auch zu diesem Zweck (einzelne Wirkungen einer Erkl\u00e4rung, Aus\u00fcbung oder Verteidigung eines Rechts in einem Gerichtsverfahren) k\u00f6nnen Daten bei der Aus\u00fcbung einiger der oben genannten Rechte aufbewahrt werden.<\/p>\n<p style=\"padding-left: 40px;\">F\u00fcr den Fall, dass Sie diese Rechte aus\u00fcben m\u00f6chten oder f\u00fcr weitere Fragen zum Datenschutz und dessen Behandlung, wenden Sie sich bitte schriftlich an die verantwortliche Person \u00fcber den untenstehenden Kontakt. Sie werden immer nach einem Nachweis der Identit\u00e4t der betroffenen Person gefragt. Au\u00dferdem k\u00f6nnen Sie, wenn Sie der Ansicht sind, dass Ihre Rechte nicht ordnungsgem\u00e4\u00df beachtet wurden, eine Beschwerde bei der National Data Protection Commission einreichen.<\/p>\n<p style=\"padding-left: 40px;\">Weitere Informationen finden Sie auf der Website der Kommission unter https:\/\/www.cnpd.lu\/.<\/p>\n<p><strong>8. Kontaktieren Sie uns<\/strong><\/p>\n<p style=\"padding-left: 40px;\">Wenn Sie Fragen haben oder weitere Informationen zur Behandlung Ihrer Daten w\u00fcnschen, k\u00f6nnen Sie uns unter info@weol.lu kontaktieren<\/p>\n<p style=\"padding-left: 40px;\">Vielen Dank, dass Sie unsere Datenschutzbestimmungen gelesen haben.<\/p>\n","protected":false},"excerpt":{"rendered":"<p>Diese Website wird von WEOL Real Estate (nachstehend &#8222;WEOL&#8220; oder &#8222;wir&#8220;) betrieben. Diese Datenschutzerkl\u00e4rung beschreibt, wie wir Ihre personenbezogenen Daten erheben und verarbeiten. WEOL verpflichtet sich, die pers\u00f6nlichen Daten seiner Kunden und Benutzer der Website zu sch\u00fctzen, indem diese Datenschutzrichtlinie erstellt wird, um ihre Verpflichtung und die Einhaltung der Datenschutz- und Datenschutzbestimmungen bekannt zu machen personenbezogene Daten, die wir in \u00dcbereinstimmung mit der Allgemeinen &#8230;<\/p>\n","protected":false},"author":1,"featured_media":0,"parent":0,"menu_order":0,"comment_status":"closed","ping_status":"closed","template":"","meta":{"footnotes":""},"yoast_head":"<!-- This site is optimized with the Yoast SEO plugin v22.5 - https:\/\/yoast.com\/wordpress\/plugins\/seo\/ -->\n<title>Datenschutzrichtlinie f\u00fcr - Weol Immobili\u00e8re<\/title>\n<meta name=\"robots\" content=\"index, follow, max-snippet:-1, max-image-preview:large, max-video-preview:-1\" \/>\n<link rel=\"canonical\" href=\"https:\/\/weol.lu\/de\/datenschutzrichtlinie-fur\/\" \/>\n<meta property=\"og:locale\" content=\"de_DE\" \/>\n<meta property=\"og:type\" content=\"article\" \/>\n<meta property=\"og:title\" content=\"Datenschutzrichtlinie f\u00fcr - Weol Immobili\u00e8re\" \/>\n<meta property=\"og:description\" content=\"Diese Website wird von WEOL Real Estate (nachstehend &#8222;WEOL&#8220; oder &#8222;wir&#8220;) betrieben. Diese Datenschutzerkl\u00e4rung beschreibt, wie wir Ihre personenbezogenen Daten erheben und verarbeiten. WEOL verpflichtet sich, die pers\u00f6nlichen Daten seiner Kunden und Benutzer der Website zu sch\u00fctzen, indem diese Datenschutzrichtlinie erstellt wird, um ihre Verpflichtung und die Einhaltung der Datenschutz- und Datenschutzbestimmungen bekannt zu machen personenbezogene Daten, die wir in \u00dcbereinstimmung mit der Allgemeinen ...\" \/>\n<meta property=\"og:url\" content=\"https:\/\/weol.lu\/de\/datenschutzrichtlinie-fur\/\" \/>\n<meta property=\"og:site_name\" content=\"Weol Immobili\u00e8re\" \/>\n<meta property=\"article:modified_time\" content=\"2019-06-20T19:47:18+00:00\" \/>\n<meta property=\"og:image\" content=\"https:\/\/weol.lu\/wp-content\/uploads\/2021\/05\/logo-weol-1.png\" \/>\n\t<meta property=\"og:image:width\" content=\"432\" \/>\n\t<meta property=\"og:image:height\" content=\"270\" \/>\n\t<meta property=\"og:image:type\" content=\"image\/png\" \/>\n<meta name=\"twitter:card\" content=\"summary_large_image\" \/>\n<meta name=\"twitter:label1\" content=\"Gesch\u00e4tzte Lesezeit\" \/>\n\t<meta name=\"twitter:data1\" content=\"6\u00a0Minuten\" \/>\n<script type=\"application\/ld+json\" class=\"yoast-schema-graph\">{\"@context\":\"https:\/\/schema.org\",\"@graph\":[{\"@type\":\"WebPage\",\"@id\":\"https:\/\/weol.lu\/de\/datenschutzrichtlinie-fur\/\",\"url\":\"https:\/\/weol.lu\/de\/datenschutzrichtlinie-fur\/\",\"name\":\"Datenschutzrichtlinie f\u00fcr - Weol Immobili\u00e8re\",\"isPartOf\":{\"@id\":\"https:\/\/weol.lu\/de\/#website\"},\"datePublished\":\"2019-06-20T19:44:09+00:00\",\"dateModified\":\"2019-06-20T19:47:18+00:00\",\"inLanguage\":\"de\",\"potentialAction\":[{\"@type\":\"ReadAction\",\"target\":[\"https:\/\/weol.lu\/de\/datenschutzrichtlinie-fur\/\"]}]},{\"@type\":\"WebSite\",\"@id\":\"https:\/\/weol.lu\/de\/#website\",\"url\":\"https:\/\/weol.lu\/de\/\",\"name\":\"Weol Immobili\u00e8re\",\"description\":\"Immobili\u00e8re Agence\",\"potentialAction\":[{\"@type\":\"SearchAction\",\"target\":{\"@type\":\"EntryPoint\",\"urlTemplate\":\"https:\/\/weol.lu\/de\/?s={search_term_string}\"},\"query-input\":\"required name=search_term_string\"}],\"inLanguage\":\"de\"}]}<\/script>\n<!-- \/ Yoast SEO plugin. -->","yoast_head_json":{"title":"Datenschutzrichtlinie f\u00fcr - Weol Immobili\u00e8re","robots":{"index":"index","follow":"follow","max-snippet":"max-snippet:-1","max-image-preview":"max-image-preview:large","max-video-preview":"max-video-preview:-1"},"canonical":"https:\/\/weol.lu\/de\/datenschutzrichtlinie-fur\/","og_locale":"de_DE","og_type":"article","og_title":"Datenschutzrichtlinie f\u00fcr - Weol Immobili\u00e8re","og_description":"Diese Website wird von WEOL Real Estate (nachstehend &#8222;WEOL&#8220; oder &#8222;wir&#8220;) betrieben. Diese Datenschutzerkl\u00e4rung beschreibt, wie wir Ihre personenbezogenen Daten erheben und verarbeiten. WEOL verpflichtet sich, die pers\u00f6nlichen Daten seiner Kunden und Benutzer der Website zu sch\u00fctzen, indem diese Datenschutzrichtlinie erstellt wird, um ihre Verpflichtung und die Einhaltung der Datenschutz- und Datenschutzbestimmungen bekannt zu machen personenbezogene Daten, die wir in \u00dcbereinstimmung mit der Allgemeinen ...","og_url":"https:\/\/weol.lu\/de\/datenschutzrichtlinie-fur\/","og_site_name":"Weol Immobili\u00e8re","article_modified_time":"2019-06-20T19:47:18+00:00","og_image":[{"width":432,"height":270,"url":"https:\/\/weol.lu\/wp-content\/uploads\/2021\/05\/logo-weol-1.png","type":"image\/png"}],"twitter_card":"summary_large_image","twitter_misc":{"Gesch\u00e4tzte Lesezeit":"6\u00a0Minuten"},"schema":{"@context":"https:\/\/schema.org","@graph":[{"@type":"WebPage","@id":"https:\/\/weol.lu\/de\/datenschutzrichtlinie-fur\/","url":"https:\/\/weol.lu\/de\/datenschutzrichtlinie-fur\/","name":"Datenschutzrichtlinie f\u00fcr - Weol Immobili\u00e8re","isPartOf":{"@id":"https:\/\/weol.lu\/de\/#website"},"datePublished":"2019-06-20T19:44:09+00:00","dateModified":"2019-06-20T19:47:18+00:00","inLanguage":"de","potentialAction":[{"@type":"ReadAction","target":["https:\/\/weol.lu\/de\/datenschutzrichtlinie-fur\/"]}]},{"@type":"WebSite","@id":"https:\/\/weol.lu\/de\/#website","url":"https:\/\/weol.lu\/de\/","name":"Weol Immobili\u00e8re","description":"Immobili\u00e8re Agence","potentialAction":[{"@type":"SearchAction","target":{"@type":"EntryPoint","urlTemplate":"https:\/\/weol.lu\/de\/?s={search_term_string}"},"query-input":"required name=search_term_string"}],"inLanguage":"de"}]}},"_links":{"self":[{"href":"https:\/\/weol.lu\/de\/wp-json\/wp\/v2\/pages\/22656"}],"collection":[{"href":"https:\/\/weol.lu\/de\/wp-json\/wp\/v2\/pages"}],"about":[{"href":"https:\/\/weol.lu\/de\/wp-json\/wp\/v2\/types\/page"}],"author":[{"embeddable":true,"href":"https:\/\/weol.lu\/de\/wp-json\/wp\/v2\/users\/1"}],"replies":[{"embeddable":true,"href":"https:\/\/weol.lu\/de\/wp-json\/wp\/v2\/comments?post=22656"}],"version-history":[{"count":0,"href":"https:\/\/weol.lu\/de\/wp-json\/wp\/v2\/pages\/22656\/revisions"}],"wp:attachment":[{"href":"https:\/\/weol.lu\/de\/wp-json\/wp\/v2\/media?parent=22656"}],"curies":[{"name":"wp","href":"https:\/\/api.w.org\/{rel}","templated":true}]}}