{"id":22674,"date":"2019-06-21T10:36:26","date_gmt":"2019-06-21T10:36:26","guid":{"rendered":"https:\/\/weol.lu\/cookie-policy\/"},"modified":"2019-06-21T10:37:01","modified_gmt":"2019-06-21T10:37:01","slug":"cookie-policy","status":"publish","type":"page","link":"https:\/\/weol.lu\/de\/cookie-policy\/","title":{"rendered":"Cookie Policy"},"content":{"rendered":"<p>Cookies werden verwendet, um unseren Service zu verbessern. Einige der Cookies sind f\u00fcr die Gew\u00e4hrleistung der bereitgestellten Funktionalit\u00e4t unerl\u00e4sslich, w\u00e4hrend andere dazu dienen, die Leistung und Erfahrung des Benutzers zu verbessern.<\/p>\n<p>Wesentliche Cookies sind f\u00fcr folgende Zwecke bestimmt:<\/p>\n<ul>\n<li>Speichern Sie Ihre Suche auf der Website<\/li>\n<\/ul>\n<p>&nbsp;<\/p>\n<p>Funktionscookies sind gedacht f\u00fcr:<\/p>\n<ul>\n<li>Merken sich Ihre Kontoinformationen<\/li>\n<li>Stellen sicher, dass Ihre Verbindung sicher ist<\/li>\n<li>Stellen sicher, dass die Website st\u00e4ndig angezeigt bleibt<\/li>\n<li>Unterst\u00fctzung durch Chat<\/li>\n<\/ul>\n<p>&nbsp;<\/p>\n<p>Leistungs-Cookies:<\/p>\n<ul>\n<li>Verbessern die Website-Leistung, indem Sie die Anzahl der besuchten Seiten reduzieren.<\/li>\n<li>Verbessern die Benutzererfahrung<\/li>\n<\/ul>\n<p>&nbsp;<\/p>\n<p>Targeting-Cookies sind gedacht f\u00fcr:<\/p>\n<ul>\n<li>Erlauben, soziale Netzwerke zu teilen und davon zu profitieren<\/li>\n<li>Senden Informationen an andere Websites, um die angezeigte Werbung zu personalisieren<\/li>\n<\/ul>\n<p>&nbsp;<\/p>\n<p>Beispiele f\u00fcr die Verwendung von Cookies:<\/p>\n<p>&nbsp;<\/p>\n<p>Cookies werden verwendet, um den angebotenen Dienst zu verbessern.<\/p>\n<ul>\n<li>Erm\u00f6glichen die Nutzung einiger Dienste wie z. B. Zahlungen, die ohne Cookies nicht m\u00f6glich w\u00e4ren<\/li>\n<li>Erlauben, Ihre Daten zu erkennen<\/li>\n<li>Erkennen, dass Sie bereits einen Benutzernamen und ein Kennwort angegeben haben, wenn Sie eine Verbindung zum Kundenbereich hergestellt haben, damit Sie dies nicht wieder tun m\u00fcssen<\/li>\n<li>Z\u00e4hlen, wie viele Personen einen Dienst nutzen, um eine schnelle Nutzung zu gew\u00e4hrleisten<\/li>\n<li>Analysieren Daten, um uns mitzuteilen, wie Sie die Dienste nutzen, um sie zu verbessern<\/li>\n<\/ul>\n<p>&nbsp;<\/p>\n<p>Wenn Sie nicht zulassen, dass diese Website Cookies verwendet, funktionieren einige Seiten nicht wie erwartet. Wenn Sie die Cookies auf Ihrem Computer l\u00f6schen m\u00f6chten, lesen Sie den Abschnitt &#8222;Hilfe&#8220; Ihres Internetbrowsers.<\/p>\n<p>Weitere Informationen zu Cookies finden Sie auch unter http:\/\/www.aboutcookies.org oder im Abschnitt &#8222;Hilfe&#8220; Ihres Internetbrowsers.<\/p>\n","protected":false},"excerpt":{"rendered":"<p>Cookies werden verwendet, um unseren Service zu verbessern. Einige der Cookies sind f\u00fcr die Gew\u00e4hrleistung der bereitgestellten Funktionalit\u00e4t unerl\u00e4sslich, w\u00e4hrend andere dazu dienen, die Leistung und Erfahrung des Benutzers zu verbessern. Wesentliche Cookies sind f\u00fcr folgende Zwecke bestimmt: Speichern Sie Ihre Suche auf der Website &nbsp; Funktionscookies sind gedacht f\u00fcr: Merken sich Ihre Kontoinformationen Stellen sicher, dass Ihre Verbindung sicher ist Stellen sicher, dass &#8230;<\/p>\n","protected":false},"author":1,"featured_media":0,"parent":0,"menu_order":0,"comment_status":"closed","ping_status":"closed","template":"","meta":{"footnotes":""},"yoast_head":"<!-- This site is optimized with the Yoast SEO plugin v22.5 - https:\/\/yoast.com\/wordpress\/plugins\/seo\/ -->\n<title>Cookie Policy - Weol Immobili\u00e8re<\/title>\n<meta name=\"robots\" content=\"index, follow, max-snippet:-1, max-image-preview:large, max-video-preview:-1\" \/>\n<link rel=\"canonical\" href=\"https:\/\/weol.lu\/de\/cookie-policy\/\" \/>\n<meta property=\"og:locale\" content=\"de_DE\" \/>\n<meta property=\"og:type\" content=\"article\" \/>\n<meta property=\"og:title\" content=\"Cookie Policy - Weol Immobili\u00e8re\" \/>\n<meta property=\"og:description\" content=\"Cookies werden verwendet, um unseren Service zu verbessern. Einige der Cookies sind f\u00fcr die Gew\u00e4hrleistung der bereitgestellten Funktionalit\u00e4t unerl\u00e4sslich, w\u00e4hrend andere dazu dienen, die Leistung und Erfahrung des Benutzers zu verbessern. Wesentliche Cookies sind f\u00fcr folgende Zwecke bestimmt: Speichern Sie Ihre Suche auf der Website &nbsp; Funktionscookies sind gedacht f\u00fcr: Merken sich Ihre Kontoinformationen Stellen sicher, dass Ihre Verbindung sicher ist Stellen sicher, dass ...\" \/>\n<meta property=\"og:url\" content=\"https:\/\/weol.lu\/de\/cookie-policy\/\" \/>\n<meta property=\"og:site_name\" content=\"Weol Immobili\u00e8re\" \/>\n<meta property=\"article:modified_time\" content=\"2019-06-21T10:37:01+00:00\" \/>\n<meta property=\"og:image\" content=\"https:\/\/weol.lu\/wp-content\/uploads\/2021\/05\/logo-weol-1.png\" \/>\n\t<meta property=\"og:image:width\" content=\"432\" \/>\n\t<meta property=\"og:image:height\" content=\"270\" \/>\n\t<meta property=\"og:image:type\" content=\"image\/png\" \/>\n<meta name=\"twitter:card\" content=\"summary_large_image\" \/>\n<meta name=\"twitter:label1\" content=\"Gesch\u00e4tzte Lesezeit\" \/>\n\t<meta name=\"twitter:data1\" content=\"1\u00a0Minute\" \/>\n<script type=\"application\/ld+json\" class=\"yoast-schema-graph\">{\"@context\":\"https:\/\/schema.org\",\"@graph\":[{\"@type\":\"WebPage\",\"@id\":\"https:\/\/weol.lu\/de\/cookie-policy\/\",\"url\":\"https:\/\/weol.lu\/de\/cookie-policy\/\",\"name\":\"Cookie Policy - Weol Immobili\u00e8re\",\"isPartOf\":{\"@id\":\"https:\/\/weol.lu\/de\/#website\"},\"datePublished\":\"2019-06-21T10:36:26+00:00\",\"dateModified\":\"2019-06-21T10:37:01+00:00\",\"inLanguage\":\"de\",\"potentialAction\":[{\"@type\":\"ReadAction\",\"target\":[\"https:\/\/weol.lu\/de\/cookie-policy\/\"]}]},{\"@type\":\"WebSite\",\"@id\":\"https:\/\/weol.lu\/de\/#website\",\"url\":\"https:\/\/weol.lu\/de\/\",\"name\":\"Weol Immobili\u00e8re\",\"description\":\"Immobili\u00e8re Agence\",\"potentialAction\":[{\"@type\":\"SearchAction\",\"target\":{\"@type\":\"EntryPoint\",\"urlTemplate\":\"https:\/\/weol.lu\/de\/?s={search_term_string}\"},\"query-input\":\"required name=search_term_string\"}],\"inLanguage\":\"de\"}]}<\/script>\n<!-- \/ Yoast SEO plugin. -->","yoast_head_json":{"title":"Cookie Policy - Weol Immobili\u00e8re","robots":{"index":"index","follow":"follow","max-snippet":"max-snippet:-1","max-image-preview":"max-image-preview:large","max-video-preview":"max-video-preview:-1"},"canonical":"https:\/\/weol.lu\/de\/cookie-policy\/","og_locale":"de_DE","og_type":"article","og_title":"Cookie Policy - Weol Immobili\u00e8re","og_description":"Cookies werden verwendet, um unseren Service zu verbessern. Einige der Cookies sind f\u00fcr die Gew\u00e4hrleistung der bereitgestellten Funktionalit\u00e4t unerl\u00e4sslich, w\u00e4hrend andere dazu dienen, die Leistung und Erfahrung des Benutzers zu verbessern. Wesentliche Cookies sind f\u00fcr folgende Zwecke bestimmt: Speichern Sie Ihre Suche auf der Website &nbsp; Funktionscookies sind gedacht f\u00fcr: Merken sich Ihre Kontoinformationen Stellen sicher, dass Ihre Verbindung sicher ist Stellen sicher, dass ...","og_url":"https:\/\/weol.lu\/de\/cookie-policy\/","og_site_name":"Weol Immobili\u00e8re","article_modified_time":"2019-06-21T10:37:01+00:00","og_image":[{"width":432,"height":270,"url":"https:\/\/weol.lu\/wp-content\/uploads\/2021\/05\/logo-weol-1.png","type":"image\/png"}],"twitter_card":"summary_large_image","twitter_misc":{"Gesch\u00e4tzte Lesezeit":"1\u00a0Minute"},"schema":{"@context":"https:\/\/schema.org","@graph":[{"@type":"WebPage","@id":"https:\/\/weol.lu\/de\/cookie-policy\/","url":"https:\/\/weol.lu\/de\/cookie-policy\/","name":"Cookie Policy - Weol Immobili\u00e8re","isPartOf":{"@id":"https:\/\/weol.lu\/de\/#website"},"datePublished":"2019-06-21T10:36:26+00:00","dateModified":"2019-06-21T10:37:01+00:00","inLanguage":"de","potentialAction":[{"@type":"ReadAction","target":["https:\/\/weol.lu\/de\/cookie-policy\/"]}]},{"@type":"WebSite","@id":"https:\/\/weol.lu\/de\/#website","url":"https:\/\/weol.lu\/de\/","name":"Weol Immobili\u00e8re","description":"Immobili\u00e8re Agence","potentialAction":[{"@type":"SearchAction","target":{"@type":"EntryPoint","urlTemplate":"https:\/\/weol.lu\/de\/?s={search_term_string}"},"query-input":"required name=search_term_string"}],"inLanguage":"de"}]}},"_links":{"self":[{"href":"https:\/\/weol.lu\/de\/wp-json\/wp\/v2\/pages\/22674"}],"collection":[{"href":"https:\/\/weol.lu\/de\/wp-json\/wp\/v2\/pages"}],"about":[{"href":"https:\/\/weol.lu\/de\/wp-json\/wp\/v2\/types\/page"}],"author":[{"embeddable":true,"href":"https:\/\/weol.lu\/de\/wp-json\/wp\/v2\/users\/1"}],"replies":[{"embeddable":true,"href":"https:\/\/weol.lu\/de\/wp-json\/wp\/v2\/comments?post=22674"}],"version-history":[{"count":0,"href":"https:\/\/weol.lu\/de\/wp-json\/wp\/v2\/pages\/22674\/revisions"}],"wp:attachment":[{"href":"https:\/\/weol.lu\/de\/wp-json\/wp\/v2\/media?parent=22674"}],"curies":[{"name":"wp","href":"https:\/\/api.w.org\/{rel}","templated":true}]}}