{"id":22683,"date":"2019-06-21T10:44:59","date_gmt":"2019-06-21T10:44:59","guid":{"rendered":"https:\/\/weol.lu\/?page_id=22683\/"},"modified":"2019-06-21T10:44:59","modified_gmt":"2019-06-21T10:44:59","slug":"allgemeine-geschaeftsbedingungen","status":"publish","type":"page","link":"https:\/\/weol.lu\/de\/allgemeine-geschaeftsbedingungen\/","title":{"rendered":"Allgemeine Gesch\u00e4ftsbedingungen"},"content":{"rendered":"<p><strong>1. Einleitung<\/strong><br \/>\nDiese Allgemeinen Gesch\u00e4ftsbedingungen regeln den Zugriff und die Nutzung der Website www.weol.lu, eines Unternehmens mit Sitz in 34, Boulevard Charles Simonis L-2539 Luxembourg-Cents (im Folgenden &#8222;Weol Immobili\u00e8re&#8220;). Alle rechtlichen Fragen bez\u00fcglich der Website k\u00f6nnen in den Abschnitten Datenschutzrichtlinien und Cookies-Richtlinien abgerufen werden, die Bestandteil dieser Allgemeinen Gesch\u00e4ftsbedingungen sind.<br \/>\nDie Nutzung dieser Website durch einen Benutzer unterliegt den folgenden Allgemeinen Gesch\u00e4ftsbedingungen, was bedeutet, dass er von dem Benutzer akzeptiert wird. Wenn Sie diese Nutzungsbedingungen ablehnen, m\u00fcssen Sie sie nicht mehr verwenden.<br \/>\nWeol Immobili\u00e8re kann diese Allgemeinen Gesch\u00e4ftsbedingungen sowie die Datenschutzrichtlinie ganz oder teilweise \u00e4ndern oder aktualisieren. \u00c4nderungen oder Aktualisierungen dieser Allgemeinen Gesch\u00e4ftsbedingungen sowie der Datenschutzbestimmungen werden wirksam, sobald sie in den entsprechenden Abschnitten der Website ver\u00f6ffentlicht werden. Benutzern wird empfohlen, die Allgemeinen Gesch\u00e4ftsbedingungen, Datenschutzbestimmungen und Cookie-Richtlinien regelm\u00e4\u00dfig zu \u00fcberpr\u00fcfen, um die aktuellsten Versionen zu pr\u00fcfen.<br \/>\nDer Zugang zu und die Nutzung der Website wird ausschlie\u00dflich f\u00fcr den pers\u00f6nlichen Gebrauch und f\u00fcr den Verkauf von Waren und Dienstleistungen, f\u00fcr die Bezahlung der angeforderten Waren oder Dienstleistungen, f\u00fcr den Verkauf von Produkten oder Dienstleistungen, die f\u00fcr die Benutzer der Website von Interesse sind, oder f\u00fcr die Kommunikation mit diesen zur Verf\u00fcgung gestellt Gleiches f\u00fcr andere Zwecke (die &#8222;Produkte&#8220;).<br \/>\nWeol Immobili\u00e8re beh\u00e4lt sich das Recht vor, die Einhaltung dieser Allgemeinen Gesch\u00e4ftsbedingungen durch jeden Benutzer diskret zu bewerten. Verst\u00f6\u00dfe gegen die Allgemeinen Gesch\u00e4ftsbedingungen k\u00f6nnen dazu f\u00fchren, dass die von Weol Immobili\u00e8re gem\u00e4\u00df dieser Klausel 1 erteilte Lizenz entzogen wird und ihre Rechte so weit wie m\u00f6glich gesetzlich ausge\u00fcbt werden.<br \/>\nDie Benutzer verpflichten sich, Weol Immobili\u00e8re, ihre Filialen und Konzerngesellschaften, sowie gesetzliche Vertreter, Partner und Angestellten von jeglichen Sch\u00e4den, Verbindlichkeiten, Forderungen oder Schadenersatzanspr\u00fcchen, einschlie\u00dflich Kosten und Vertretungskosten freizustellen die von Dritten verlangt werden, als Folge der Nutzung der Website in Bezug AGB nicht-konforme und \/ oder f\u00fcr die Verletzung der dort festgelegten Bedingungen und \/ oder aus Verletzung der Bedingungen und in den AGB enthaltenen Garantien.<\/p>\n<p>&nbsp;<\/p>\n<p><strong>2. Lizenz<\/strong><br \/>\nUnbeschadet der anderen Bestimmungen dieser Allgemeinen Gesch\u00e4ftsbedingungen erm\u00e4chtigt Weol Immobili\u00e8re jeden Benutzer, diese Website nur zu pers\u00f6nlichen oder Informationszwecken zu verwenden, wie in diesen Allgemeinen Gesch\u00e4ftsbedingungen angegeben. Die Nutzungslizenz kann von Weol Immobili\u00e8re nach eigenem Ermessen und jederzeit widerrufen werden.<\/p>\n<p>In \u00dcbereinstimmung mit dem Gesetz und diesen Allgemeinen Gesch\u00e4ftsbedingungen d\u00fcrfen Sie den \u2018Code Source\u2019 weder ganz noch teilweise kopieren, verwenden, \u00fcbertragen, mieten, unterlizenzieren, \u00e4ndern, anpassen oder versuchen, den \u2018Code Source\u2019 zu ver\u00e4ndern, zu modifizieren, zu dekompilieren oder zu zerlegen, zum Teil oder ganz, den Inhalt der Website. Durch den Zugriff auf die Website erkennen Sie an und erkl\u00e4ren sich einvertanden, dass der Inhalt der Website unvollst\u00e4ndig, ungenau, nicht aktualisiert oder Ihren Bed\u00fcrfnisse und Anforderungen nicht entsprechen kann.<\/p>\n<p>&nbsp;<\/p>\n<p><strong>3. Inhalt und Haftungsbeschr\u00e4nkung von Weol Immobili\u00e8re<\/strong><br \/>\nDer Zugriff auf und die Nutzung der Website, einschlie\u00dflich der Anzeige von Webseiten, sind Benutzeraktivit\u00e4ten.<br \/>\nDie Nutzer sind allein verantwortlich f\u00fcr die Nutzung der Website und ihrer Inhalte. Weol Immobili\u00e8re haftet nicht f\u00fcr die (m\u00f6gliche) Nutzung der Website unter Verletzung der geltenden gesetzlichen Bestimmungen.<br \/>\nInsbesondere sind die Nutzer allein f\u00fcr die Weitergabe von Informationen oder unrichtigen, falschen oder von Dritten \u00fcbermittelten Informationen ohne deren Einwilligung sowie f\u00fcr ihren Missbrauch verantwortlich.<br \/>\nDer Inhalt der Website kann Ungenauigkeiten oder Abzeichen enthalten. Weol Immobili\u00e8re haftet in keiner Weise f\u00fcr Ungenauigkeiten oder Fehler, etwaige Sch\u00e4den, die durch die Verwendung von Informationen von der Website oder den Websites durch die Benutzer verursacht werden. Der Benutzer ist einzig und allein verantwortlich f\u00fcr die Auswertung von erhaltenen Informationen und Inhalten \u00fcber die Website.<br \/>\nDie Website und alle darauf ver\u00f6ffentlichten Informationen und Inhalte k\u00f6nnen von Weol Immobili\u00e8re jederzeit, von Zeit zu Zeit und \/ oder ohne vorherige Ank\u00fcndigung ge\u00e4ndert werden.<br \/>\nIn Anbetracht dessen, dass Inhalte, die wahrscheinlich heruntergeladen oder anderweitig erworben werden, auf eine freie Entscheidung des Benutzers zur\u00fcckzuf\u00fchren sind und auf eigenes Risiko, auf m\u00f6gliche Sch\u00e4den an Computern oder auf Datenverluste aufgrund von Downloadvorg\u00e4ngen des Benutzers, ist die alleinige Verantwortung des Benutzers und kann in keiner Weise an Weol Immobili\u00e8re in Rechnung gestellt werden. Weol Immobili\u00e8re \u00fcbernimmt keine Verantwortung f\u00fcr Sch\u00e4den, die daraus resultieren, dass die auf der Website angebotenen Dienste nicht genutzt werden k\u00f6nnen, weder f\u00fcr alle Daten, die durch Viren, Dateien, Fehler, Auslassungen, Dienstunterbrechungen, Inhaltsstornierungen, Probleme im Zusammenhang mit dem Internet, Diensteanbietern oder im Zusammenhang mit Telefon- und \/ oder Telematikverbindungen, und\/oder nicht autorisiertem Zugriff, Daten\u00e4nderungen verursacht werden oder im Zusammenhang mit dem Nichtvorhandensein und \/ oder der Fehlfunktion elektronischer Ger\u00e4te.<br \/>\nDer Benutzer ist f\u00fcr die Speicherung und ordnungsgem\u00e4\u00dfe Verwendung seiner pers\u00f6nlichen Daten sowie f\u00fcr Sch\u00e4den, die Weol Immobili\u00e8re oder Dritten durch Missbrauch, Verlust oder Diebstahl pers\u00f6nlicher Daten entstehen, verantwortlich.<br \/>\nBei der Registrierung ist der Benutzer f\u00fcr die Speicherung und ordnungsgem\u00e4\u00dfe Verwendung seiner Anmeldeinformationen verantwortlich, die den Zugriff auf den reservierten Bereich der Dienste (falls vorhanden) erm\u00f6glichen. In diesem Fall sind Sie f\u00fcr die Erstellung Ihres Benutzernamens und Ihres Passworts verantwortlich. Es liegt auch in der Verantwortung des Benutzers, spezifische Informationen bereitzustellen, die korrekt und aktuell sein m\u00fcssen. Der Benutzer kann keinen Benutzernamen ausw\u00e4hlen, der einem Dritten geh\u00f6rt, um seine Identit\u00e4t zu verwenden. Der Nutzer kann den Benutzernamen eines Dritten auf dieselbe Weise nicht ohne seine ausdr\u00fcckliche Zustimmung verwenden.<br \/>\nDer Benutzer muss die Vertraulichkeit seines Passworts garantieren und darf es nicht an Dritte weitergeben. Der Benutzer ist vollst\u00e4ndig und ausschlie\u00dflich f\u00fcr jegliche Aktionen verantwortlich, die \u00fcber sein Benutzerkonto (falls vorhanden), direkt oder durch autorisierte Dritte vorgenommen werden. Weol Immobili\u00e8re kann die Lizenz jederzeit nach eigenem Ermessen widerrufen, wenn sich herausstellt, dass sie eine missbr\u00e4uchliche, betr\u00fcgerische oder rechtswidrige Handlung begangen hat.<br \/>\nWeol Immobili\u00e8re ermutigt die Annahme geeigneter technischer und organisatorischer Ma\u00dfnahmen, um die Sicherheit der \u00fcber die Website bereitgestellten Dienste zu gew\u00e4hrleisten, die Integrit\u00e4t der elektronischen Verkehrsdaten im Zusammenhang mit der nicht genehmigten Nutzung oder Kenntnis zu gew\u00e4hrleisten und Risken zu vermeiden der Verbreitung, der Zerst\u00f6rung oder des Verlusts vertraulicher oder nicht vertraulicher Daten und Informationen seiner Nutzer, die auf der Website erscheinen oder im Zusammenhang mit einem nicht autorisierten Zugriff stehen oder auf solche Daten und pers\u00f6nlichen Informationen nicht anwendbar sind. Weol Immobili\u00e8re garantiert nicht und kann nicht garantieren, dass die Website frei von Viren oder anderen Elementen ist, die die Technologie sch\u00e4digen k\u00f6nnten.<\/p>\n<p>&nbsp;<\/p>\n<p><strong>4. Zugang zur Website. Unterbrechung und Aussetzung.<\/strong><br \/>\nWeol Immobili\u00e8re ist bem\u00fcht, einen kontinuierlichen Zugriff auf die Website bereitzustellen. Der Zugriff auf die Website kann jedoch jederzeit aus irgendeinem Grund ausgesetzt, eingeschr\u00e4nkt oder unterbrochen werden. Der Zugriff auf die Website kann eingeschr\u00e4nkt sein, um den Abruf, die Wartung oder die Einf\u00fchrung neuer Funktionen oder Dienste zu erm\u00f6glichen. Weol Immobili\u00e8re wird sich bem\u00fchen und alles daran setzen, um den Zugang wieder so schnell wie m\u00f6glich herzustellen. Weol Immobili\u00e8re beh\u00e4lt sich das Recht vor, den Zugriff auf jegliches Material zu sperren, und kann nach seinem Ermessen gegen einen Versto\u00df der Nutzungsbedingungen .<br \/>\nWeol Immobili\u00e8re beh\u00e4lt sich das Recht vor, Benutzerkonten (falls vorhanden) zu k\u00fcndigen, die gegen diese Bedingungen und Konditionen versto\u00dfen, einschlie\u00dflich der Best\u00e4tigung, dass der Benutzer Proxy-IP-Adressen verwendet, um die Verwendung mehrerer Konten zu verbergen, oder beabsichtigt, sich in einem anderen Landbefindte als dem vorgegebenen Land, in dem sich die Website befindet, oder den Betrieb der Website auf irgendeine Weise zu st\u00f6ren.<\/p>\n<p>&nbsp;<\/p>\n<p><strong>5. Schutz personenbezogener Daten<\/strong><br \/>\nDen Nutzern wird empfohlen, die Datenschutzrichtlinien, die Bestandteil dieser Allgemeinen Gesch\u00e4ftsbedingungen sind, zu lesen und zu analysieren, um zu verstehen, wie die Website die personenbezogenen Daten der Nutzer erfasst und verwendet und zu welchen Zwecken.<\/p>\n<p>&nbsp;<\/p>\n<p><strong>6. Urheberrechter<\/strong><br \/>\nAlle Rechte vorbehalten. Die Website und alle ihre Inhalte, einschlie\u00dflich, ohne Einschr\u00e4nkung, Artikel, Meinungen, andere Texte, Listen, Anleitungen, Fotografien, Zeichnungen, Bilder, Videoclips oder Audio- oder Marketingtexte sowie Marken, Logos, Domainnamen und alle anderen Elemente, die m\u00f6glicherweise durch Eigentumsrechte (einschlie\u00dflich Quelltext) und \/ oder andere Rechte an geistigem Eigentum (nachstehend &#8222;Material&#8220;) gesch\u00fctzt sind, sind Eigentum von Weol Immobili\u00e8re oder Dritten und sind gesch\u00fctzt gegen Nutzung, Vervielf\u00e4ltigung oder unerlaubte Offenlegung durch nationale Gesetze und internationale Vertr\u00e4ge \u00fcber Rechte des Urhebe Eigentums. Keine der Bestimmungen der Allgemeinen Gesch\u00e4ftsbedingungen und \/ oder der Inhalte der Website darf so interpretiert werden, dass sie das Recht zur Verwendung eines Materials auf irgendeine Weise implizit, ohne Zustimmung oder auf irgendeine lizenzierte Art und Weise ohne die vorherige schriftliche Zustimmung von Weol Immobili\u00e8re oder des Dritten impliziert Eigent\u00fcmer des Materials oder der auf der Website ver\u00f6ffentlichten Eigentumsrechte. Die Verwendung, Vervielf\u00e4ltigung, Reproduktion, \u00c4nderung, Neuver\u00f6ffentlichung, Aktualisierung, Herunterladen, Versendung per E-Mail, \u00dcbertragung, Verteilung oder Vervielf\u00e4ltigung oder jede andere missbr\u00e4uchliche Handlung des Materials, die nicht ausdr\u00fccklich gekennzeichnet ist, jedoch derselben Art ist, ist untersagt. Als Benutzer der Website stimmen Sie zu, das Material nicht f\u00fcr illegale Zwecke zu verwenden und nicht die Rechte von Weol Immobili\u00e8re zu verletzen.<br \/>\nSie k\u00f6nnen jedoch den Inhalt der Website und \/ oder das Material auf dem Bildschirm eines Computers, Tablets oder Mobiltelefons anzeigen und ansehen, diesen Inhalt in elektronischer Form auf der Festplatte speichern (jedoch nicht auf einem Server oder einem mit dem Internet verbundenen Speicherger\u00e4t) oder kopieren Sie eine Kopie dieser Inhalte f\u00fcr Ihren pers\u00f6nlichen, nicht kommerziellen Gebrauch, Sie m\u00fcssen jedoch alle Informationen \u00fcber Eigentumsrechte aufbewahren.<br \/>\nDurch den Zugriff auf die Website erh\u00e4lt der Benutzer keinerlei Rechte an den von Weol Immobili\u00e8re zur Verf\u00fcgung gestellten Inhalten.<\/p>\n<p>&nbsp;<\/p>\n<p><strong>7. Links zu anderen Websites<\/strong><br \/>\nWenn die Website Links zu Websites Dritter oder zu Inhalten Dritter (&#8222;Andere Websites&#8220;) enth\u00e4lt, weist Weol Immobili\u00e8re darauf hin, dass Links zu diesen Websites nur zu Informationszwecken und Bequemlichkeit sind des Benutzers. Weol Immobili\u00e8re kontrolliert keine anderen Websites und ist daher nicht f\u00fcr diese Websites oder die Inhalte, die sie zur Verf\u00fcgung stellen (einschlie\u00dflich der Verweise auf soziale Netzwerke) verantwortlich und kann nicht f\u00fcr Sch\u00e4den haftbar gemacht werden oder auch Verluste, die sich aus der Nutzung anderer Websites durch den Nutzer sowie der Verarbeitung personenbezogener Daten w\u00e4hrend des Surfens im Internet ergeben k\u00f6nnen. Der Zugriff auf andere Websites \u00fcber einen vorhandenen Link auf der Website von Weol Immobili\u00e8re erfolgt auf eigenes Risiko und unter der Verantwortung des Benutzers. Sie sollten daher besonders aufpassen, wenn Sie \u00fcber Links auf die Weol Immobili\u00e8re-Website eine Verbindung zu anderen Websites herstellen, und lesen Sie die Allgemeinen Gesch\u00e4ftsbedingungen und Datenschutzbestimmungen sorgf\u00e4ltig durch.<\/p>\n<p>&nbsp;<\/p>\n<p><strong>8. Benutzererkl\u00e4rungen und Garantien<\/strong><br \/>\nSie erkennen an und erkl\u00e4ren, dass:<br \/>\na. Sie haben diese Allgemeinen Gesch\u00e4ftsbedingungen gelesen und verstanden.<br \/>\nb. Sie werden die Website oder deren Inhalte weder kommerziell noch in irgendeiner Weise reproduzieren, vervielf\u00e4ltigen, kopieren, verkaufen, weiterverkaufen oder anderweitig verwerten sowie die Verwendung der Marken oder geistiger oder gewerblicher Schutzrechte der Website Weol Immobili\u00e8re untersagen.<br \/>\nc. Es werden keine falschen, verleumderischen oder diffamierenden Informationen ver\u00f6ffentlicht oder verwendet.<br \/>\nd. Sie werden es unterlassen, die Dienste oder die Website direkt oder indirekt f\u00fcr Zwecke zu verwenden, die gesetzeswidrig sind oder den in diesen Nutzungsbedingungen enthaltenen Grunds\u00e4tzen widersprechen.<br \/>\ne. z.B. Sie verbreiten keine Viren, Spyware, Adware, Rootkit-, Backdoor- oder Trojaner-Viren oder andere \u00e4hnliche Computerbedrohungen.<br \/>\nf. Sie werden keine Software oder andere automatische oder manuelle Mechanismen verwenden, um die Website oder deren Inhalt zu kopieren oder darauf zuzugreifen.<\/p>\n<p>&nbsp;<\/p>\n<p><strong>9. Sonstige Bestimmungen<\/strong><br \/>\nDie Nichtigkeit einer der Bestimmungen dieser Allgemeinen Gesch\u00e4ftsbedingungen wird aus diesen Bestimmungen gestrichen. Die \u00fcbrigen Bestimmungen bleiben in vollem Umfang in Kraft.<br \/>\nDieser Vertrag unterliegt luxemburgischem Recht und ist gem\u00e4\u00df luxemburgischem Recht gem\u00e4\u00df den in diesem Land geschlossenen und ausgef\u00fchrten Vertr\u00e4gen auszulegen. In Falle wo keine \u00fcbereinstimmende Einigung zwischen den Parteienstatt findet, werden die jeweiligen Konflikte und Streitigkeiten jeglicher Art im Zusammenhang mit der Bildung, Durchf\u00fchrung oder Auslegung dieses Abkommens von den Luxemburger Gerichtsh\u00f6fen mit ausdr\u00fccklichem Verzicht auf ein anderes abgeschlossen.<br \/>\nSie k\u00f6nnen sich an den Kundendienst wenden, wenn Sie Fragen zu den Allgemeinen Gesch\u00e4ftsbedingungen oder zu Fragen bez\u00fcglich der Nutzung der Website haben, durch Einschreiben mit Empfangsbest\u00e4tigung an Adresse 34, Boulevard Charles Simonis L-2539 Luxembourg-Cents oder per E-Mail an info@weol.lu<\/p>\n","protected":false},"excerpt":{"rendered":"<p>1. Einleitung Diese Allgemeinen Gesch\u00e4ftsbedingungen regeln den Zugriff und die Nutzung der Website www.weol.lu, eines Unternehmens mit Sitz in 34, Boulevard Charles Simonis L-2539 Luxembourg-Cents (im Folgenden &#8222;Weol Immobili\u00e8re&#8220;). Alle rechtlichen Fragen bez\u00fcglich der Website k\u00f6nnen in den Abschnitten Datenschutzrichtlinien und Cookies-Richtlinien abgerufen werden, die Bestandteil dieser Allgemeinen Gesch\u00e4ftsbedingungen sind. Die Nutzung dieser Website durch einen Benutzer unterliegt den folgenden Allgemeinen Gesch\u00e4ftsbedingungen, was bedeutet, &#8230;<\/p>\n","protected":false},"author":1,"featured_media":0,"parent":0,"menu_order":0,"comment_status":"closed","ping_status":"closed","template":"","meta":{"footnotes":""},"yoast_head":"<!-- This site is optimized with the Yoast SEO plugin v22.5 - https:\/\/yoast.com\/wordpress\/plugins\/seo\/ -->\n<title>Allgemeine Gesch\u00e4ftsbedingungen - Weol Immobili\u00e8re<\/title>\n<meta name=\"robots\" content=\"index, follow, max-snippet:-1, max-image-preview:large, max-video-preview:-1\" \/>\n<link rel=\"canonical\" href=\"https:\/\/weol.lu\/de\/allgemeine-geschaeftsbedingungen\/\" \/>\n<meta property=\"og:locale\" content=\"de_DE\" \/>\n<meta property=\"og:type\" content=\"article\" \/>\n<meta property=\"og:title\" content=\"Allgemeine Gesch\u00e4ftsbedingungen - Weol Immobili\u00e8re\" \/>\n<meta property=\"og:description\" content=\"1. Einleitung Diese Allgemeinen Gesch\u00e4ftsbedingungen regeln den Zugriff und die Nutzung der Website www.weol.lu, eines Unternehmens mit Sitz in 34, Boulevard Charles Simonis L-2539 Luxembourg-Cents (im Folgenden &#8222;Weol Immobili\u00e8re&#8220;). Alle rechtlichen Fragen bez\u00fcglich der Website k\u00f6nnen in den Abschnitten Datenschutzrichtlinien und Cookies-Richtlinien abgerufen werden, die Bestandteil dieser Allgemeinen Gesch\u00e4ftsbedingungen sind. Die Nutzung dieser Website durch einen Benutzer unterliegt den folgenden Allgemeinen Gesch\u00e4ftsbedingungen, was bedeutet, ...\" \/>\n<meta property=\"og:url\" content=\"https:\/\/weol.lu\/de\/allgemeine-geschaeftsbedingungen\/\" \/>\n<meta property=\"og:site_name\" content=\"Weol Immobili\u00e8re\" \/>\n<meta property=\"og:image\" content=\"https:\/\/weol.lu\/wp-content\/uploads\/2021\/05\/logo-weol-1.png\" \/>\n\t<meta property=\"og:image:width\" content=\"432\" \/>\n\t<meta property=\"og:image:height\" content=\"270\" \/>\n\t<meta property=\"og:image:type\" content=\"image\/png\" \/>\n<meta name=\"twitter:card\" content=\"summary_large_image\" \/>\n<meta name=\"twitter:label1\" content=\"Gesch\u00e4tzte Lesezeit\" \/>\n\t<meta name=\"twitter:data1\" content=\"10\u00a0Minuten\" \/>\n<script type=\"application\/ld+json\" class=\"yoast-schema-graph\">{\"@context\":\"https:\/\/schema.org\",\"@graph\":[{\"@type\":\"WebPage\",\"@id\":\"https:\/\/weol.lu\/de\/allgemeine-geschaeftsbedingungen\/\",\"url\":\"https:\/\/weol.lu\/de\/allgemeine-geschaeftsbedingungen\/\",\"name\":\"Allgemeine Gesch\u00e4ftsbedingungen - Weol Immobili\u00e8re\",\"isPartOf\":{\"@id\":\"https:\/\/weol.lu\/de\/#website\"},\"datePublished\":\"2019-06-21T10:44:59+00:00\",\"dateModified\":\"2019-06-21T10:44:59+00:00\",\"inLanguage\":\"de\",\"potentialAction\":[{\"@type\":\"ReadAction\",\"target\":[\"https:\/\/weol.lu\/de\/allgemeine-geschaeftsbedingungen\/\"]}]},{\"@type\":\"WebSite\",\"@id\":\"https:\/\/weol.lu\/de\/#website\",\"url\":\"https:\/\/weol.lu\/de\/\",\"name\":\"Weol Immobili\u00e8re\",\"description\":\"Immobili\u00e8re Agence\",\"potentialAction\":[{\"@type\":\"SearchAction\",\"target\":{\"@type\":\"EntryPoint\",\"urlTemplate\":\"https:\/\/weol.lu\/de\/?s={search_term_string}\"},\"query-input\":\"required name=search_term_string\"}],\"inLanguage\":\"de\"}]}<\/script>\n<!-- \/ Yoast SEO plugin. -->","yoast_head_json":{"title":"Allgemeine Gesch\u00e4ftsbedingungen - Weol Immobili\u00e8re","robots":{"index":"index","follow":"follow","max-snippet":"max-snippet:-1","max-image-preview":"max-image-preview:large","max-video-preview":"max-video-preview:-1"},"canonical":"https:\/\/weol.lu\/de\/allgemeine-geschaeftsbedingungen\/","og_locale":"de_DE","og_type":"article","og_title":"Allgemeine Gesch\u00e4ftsbedingungen - Weol Immobili\u00e8re","og_description":"1. Einleitung Diese Allgemeinen Gesch\u00e4ftsbedingungen regeln den Zugriff und die Nutzung der Website www.weol.lu, eines Unternehmens mit Sitz in 34, Boulevard Charles Simonis L-2539 Luxembourg-Cents (im Folgenden &#8222;Weol Immobili\u00e8re&#8220;). Alle rechtlichen Fragen bez\u00fcglich der Website k\u00f6nnen in den Abschnitten Datenschutzrichtlinien und Cookies-Richtlinien abgerufen werden, die Bestandteil dieser Allgemeinen Gesch\u00e4ftsbedingungen sind. Die Nutzung dieser Website durch einen Benutzer unterliegt den folgenden Allgemeinen Gesch\u00e4ftsbedingungen, was bedeutet, ...","og_url":"https:\/\/weol.lu\/de\/allgemeine-geschaeftsbedingungen\/","og_site_name":"Weol Immobili\u00e8re","og_image":[{"width":432,"height":270,"url":"https:\/\/weol.lu\/wp-content\/uploads\/2021\/05\/logo-weol-1.png","type":"image\/png"}],"twitter_card":"summary_large_image","twitter_misc":{"Gesch\u00e4tzte Lesezeit":"10\u00a0Minuten"},"schema":{"@context":"https:\/\/schema.org","@graph":[{"@type":"WebPage","@id":"https:\/\/weol.lu\/de\/allgemeine-geschaeftsbedingungen\/","url":"https:\/\/weol.lu\/de\/allgemeine-geschaeftsbedingungen\/","name":"Allgemeine Gesch\u00e4ftsbedingungen - Weol Immobili\u00e8re","isPartOf":{"@id":"https:\/\/weol.lu\/de\/#website"},"datePublished":"2019-06-21T10:44:59+00:00","dateModified":"2019-06-21T10:44:59+00:00","inLanguage":"de","potentialAction":[{"@type":"ReadAction","target":["https:\/\/weol.lu\/de\/allgemeine-geschaeftsbedingungen\/"]}]},{"@type":"WebSite","@id":"https:\/\/weol.lu\/de\/#website","url":"https:\/\/weol.lu\/de\/","name":"Weol Immobili\u00e8re","description":"Immobili\u00e8re Agence","potentialAction":[{"@type":"SearchAction","target":{"@type":"EntryPoint","urlTemplate":"https:\/\/weol.lu\/de\/?s={search_term_string}"},"query-input":"required name=search_term_string"}],"inLanguage":"de"}]}},"_links":{"self":[{"href":"https:\/\/weol.lu\/de\/wp-json\/wp\/v2\/pages\/22683"}],"collection":[{"href":"https:\/\/weol.lu\/de\/wp-json\/wp\/v2\/pages"}],"about":[{"href":"https:\/\/weol.lu\/de\/wp-json\/wp\/v2\/types\/page"}],"author":[{"embeddable":true,"href":"https:\/\/weol.lu\/de\/wp-json\/wp\/v2\/users\/1"}],"replies":[{"embeddable":true,"href":"https:\/\/weol.lu\/de\/wp-json\/wp\/v2\/comments?post=22683"}],"version-history":[{"count":0,"href":"https:\/\/weol.lu\/de\/wp-json\/wp\/v2\/pages\/22683\/revisions"}],"wp:attachment":[{"href":"https:\/\/weol.lu\/de\/wp-json\/wp\/v2\/media?parent=22683"}],"curies":[{"name":"wp","href":"https:\/\/api.w.org\/{rel}","templated":true}]}}