{"id":29263,"date":"2024-02-22T17:40:18","date_gmt":"2024-02-22T17:40:18","guid":{"rendered":"https:\/\/weol.lu\/home-new-de\/"},"modified":"2024-04-10T00:51:45","modified_gmt":"2024-04-10T00:51:45","slug":"home-new-de","status":"publish","type":"page","link":"https:\/\/weol.lu\/de\/","title":{"rendered":"WILLKOMMEN"},"content":{"rendered":"<div class=\"wpb-content-wrapper\"><p>[vc_row full_width=&#8220;stretch_row&#8220; content_placement=&#8220;middle&#8220; css=&#8220;.vc_custom_1712709157720{padding-top: 50px !important;padding-bottom: 40px !important;background-color: #ffffff !important;}&#8220;][vc_column css=&#8220;.vc_custom_1704360851136{margin-top: 0px !important;margin-bottom: 0px !important;padding-top: 0px !important;padding-bottom: 0px !important;}&#8220;][vc_column_text]<\/p>\n<h1 class=\"entry-title\" style=\"margin-bottom: 20px; text-align: center;\">Entdecken Sie das Herz des luxemburgischen Immobilienmarktes mit unserer interaktiven GEO-Karte.<\/h1>\n<p>[\/vc_column_text][vc_column_text]<\/p>\n<p style=\"text-align: center;\">Schauen Sie sich zu jeder Zeit den aktuellen Stand der Entwicklung und Opportunit\u00e4ten in Luxemburg-Stadt und seinen dynamischen Stadtteilen an. Entdecken Sie ganz einfach die prozentuale Variation der Immobilienpreise in ganz Luxemburg und finden Sie den idealen Standort f\u00fcr Ihre n\u00e4chste Investition.<\/p>\n<p>[\/vc_column_text]<div class=\"ult-spacer spacer-69d7c61e7028b\" data-id=\"69d7c61e7028b\" data-height=\"10\" data-height-mobile=\"10\" data-height-tab=\"10\" data-height-tab-portrait=\"\" data-height-mobile-landscape=\"\" style=\"clear:both;display:block;\"><\/div>[vc_raw_html]PGZpZ3VyZSBjbGFzcz0iaGlnaGNoYXJ0cy1maWd1cmUiPg0KICAgICAgPGRpdiBzdHlsZT0iZGlzcGxheTogaW5saW5lIj4NCiAgICAgICAgPHNlbGVjdCBpZD0ic2hlZXRzR3JvdXBzIj48L3NlbGVjdD4NCiAgICAgICAgPHNlbGVjdCBpZD0ic2hlZXRzIiBzdHlsZT0ibWFyZ2luLWxlZnQ6IDNweCIgZGF0YS1tYXB0eXBlPSIiPjwvc2VsZWN0Pg0KICAgICAgPC9kaXY+DQogICAgICA8c2VsZWN0IGlkPSJ5ZWFyc19kZSIgc3R5bGU9Im1hcmdpbi10b3A6IDVweCI+PC9zZWxlY3Q+DQogICAgICA8ZGl2IGlkPSJtYXBDb250YWluZXJfZGUiPjwvZGl2Pg0KICAgICAgPGRpdiBpZD0icXVhcnRlckNvbnRhaW5lcl9kZSI+PC9kaXY+DQogICAgICA8ZGl2IGlkPSJuYXRpb25hbEF2ZXJhZ2VDb250YWluZXJfZGUiPjwvZGl2Pg0KICAgIDwvZmlndXJlPg0KICA8c2NyaXB0Pg0KICAgIGR5bmFtaWNGaWx0ZXJzTWFrZXIoDQogICAgICAibWFwQ29udGFpbmVyX2RlIiwNCiAgICAgICJxdWFydGVyQ29udGFpbmVyX2RlIiwNCiAgICAgICJuYXRpb25hbEF2ZXJhZ2VDb250YWluZXJfZGUiLA0KICAgICAgInllYXJzX2RlIiwNCiAgICAgICJGaWx0ZXIgb25lIChERSkiLA0KICAgICAgIkZpbHRlciB0d28gKERFKSIsDQogICAgICAiR2VtZWluZGUgKERFKSIsDQogICAgICAiQnVuZGVzZHVyY2hzY2huaXR0Ig0KICAgICk7DQogIDwvc2NyaXB0Pg==[\/vc_raw_html][\/vc_column][\/vc_row][vc_row full_width=&#8220;stretch_row&#8220; content_placement=&#8220;middle&#8220; css=&#8220;.vc_custom_1707333044340{padding-top: 50px !important;padding-bottom: 50px !important;background-color: #fbf8f8 !important;}&#8220;][vc_column width=&#8220;1\/2&#8243; css=&#8220;.vc_custom_1704362712473{padding-top: 30px !important;}&#8220;][vc_column_text]<\/p>\n<h1 class=\"entry-title\" style=\"margin-bottom: 35px; text-align: center;\">Verstehen Sie die Immobilienpreisentwicklung in Luxemburg mit unseren detaillierten Grafiken.<\/h1>\n<h3 style=\"text-align: center;\">Analysieren Sie die Preisentwicklung hier genau.<\/h3>\n<p>[\/vc_column_text]<div class=\" ult_buttons ubtn-ctn-center \"><a class=\"ubtn-link ult-adjust-bottom-margin ubtn-center ubtn-custom \" href=\"https:\/\/weol.lu\/de\/entwicklung-der-verkaufs-und-mietpreise-in-luxemburg-ein-detaillierter-ueberblick-nach-gemeinde-und-stadtteil\/\" title=\"Grafiken ansehen\" ><button type=\"button\" id=\"ubtn-3388\"  class=\"ubtn ult-adjust-bottom-margin ult-responsive ubtn-custom ubtn-fade-bg  none  ubtn-shd  ubtn-center  shd-bottom tooltip-69d7c61e702b8\"  data-hover=\"#ffffff\" data-border-color=\"\" data-bg=\"#e3111e\" data-hover-bg=\"#e3111e\" data-border-hover=\"\" data-shadow-hover=\"0 3px #e3111e;\" data-shadow-click=\"none\" data-shadow=\"0 3px #e3111e;\" data-shd-shadow=\"3\"  data-ultimate-target='#ubtn-3388'  data-responsive-json-new='{\"font-size\":\"desktop:13px;\",\"line-height\":\"\"}'  style=\"font-weight:normal;width:192px;min-height:0px;padding:15px 24px;border:none;box-shadow: 0 3px #e3111e;background: #e3111e;color: #ffffff;\"><span class=\"ubtn-hover\" style=\"background-color:#e3111e\"><\/span><span class=\"ubtn-data ubtn-text \" >Grafiken ansehen<\/span><\/button><\/a><\/div>[\/vc_column][vc_column width=&#8220;1\/2&#8243;][vc_single_image image=&#8220;29057&#8243; img_size=&#8220;full&#8220;][\/vc_column][\/vc_row][vc_row full_width=&#8220;stretch_row&#8220; content_placement=&#8220;middle&#8220; parallax=&#8220;content-moving&#8220; parallax_image=&#8220;29052&#8243; css=&#8220;.vc_custom_1706812486003{padding-top: 150px !important;padding-bottom: 150px !important;}&#8220;][vc_column]<div id=\"ultimate-heading-496769d7c61e7032c\" class=\"uvc-heading ult-adjust-bottom-margin ultimate-heading-496769d7c61e7032c uvc-2284 \" data-hspacer=\"no_spacer\"  data-halign=\"center\" style=\"text-align:center\"><div class=\"uvc-heading-spacer no_spacer\" style=\"top\"><\/div><div class=\"uvc-main-heading ult-responsive\"  data-ultimate-target='.uvc-heading.ultimate-heading-496769d7c61e7032c h2'  data-responsive-json-new='{\"font-size\":\"desktop:22px;\",\"line-height\":\"\"}' ><h2 style=\"font-weight:normal;color:#ffffff;margin-bottom:0px;\">Willkommen bei Weol Immobili\u00e8re, Ihrem zuverl\u00e4ssigen Partner f\u00fcr den Kauf und Verkauf von H\u00e4usern und Wohnungen in Luxemburg.<\/h2><\/div><div class=\"uvc-sub-heading ult-responsive\"  data-ultimate-target='.uvc-heading.ultimate-heading-496769d7c61e7032c .uvc-sub-heading '  data-responsive-json-new='{\"font-size\":\"desktop:32px;\",\"line-height\":\"\"}'  style=\"font-weight:bold;color:#ffffff;\">Entdecken Sie Ihr zuk\u00fcnftiges Zuhause mit Weol Immobili\u00e8re.<\/div><\/div><div class=\"ult-spacer spacer-69d7c61e7034a\" data-id=\"69d7c61e7034a\" data-height=\"20\" data-height-mobile=\"20\" data-height-tab=\"20\" data-height-tab-portrait=\"\" data-height-mobile-landscape=\"\" style=\"clear:both;display:block;\"><\/div><div class=\" ult_buttons ubtn-ctn-center \"><a class=\"ubtn-link ult-adjust-bottom-margin ubtn-center ubtn-custom \" href=\"https:\/\/weol.lu\/de\/zu-verkaufen\/\" title=\"Immobilien ansehen\" ><button type=\"button\" id=\"ubtn-2194\"  class=\"ubtn ult-adjust-bottom-margin ult-responsive ubtn-custom ubtn-fade-bg  none  ubtn-shd  ubtn-center  shd-bottom tooltip-69d7c61e70362\"  data-hover=\"#ffffff\" data-border-color=\"\" data-bg=\"#e3111e\" data-hover-bg=\"#e3111e\" data-border-hover=\"\" data-shadow-hover=\"0 3px #e3111e;\" data-shadow-click=\"none\" data-shadow=\"0 3px #e3111e;\" data-shd-shadow=\"3\"  data-ultimate-target='#ubtn-2194'  data-responsive-json-new='{\"font-size\":\"desktop:13px;\",\"line-height\":\"\"}'  style=\"font-weight:normal;width:192px;min-height:0px;padding:15px 24px;border:none;box-shadow: 0 3px #e3111e;background: #e3111e;color: #ffffff;\"><span class=\"ubtn-hover\" style=\"background-color:#e3111e\"><\/span><span class=\"ubtn-data ubtn-text \" >Immobilien ansehen<\/span><\/button><\/a><\/div>[\/vc_column][\/vc_row][vc_row full_width=&#8220;stretch_row&#8220; equal_height=&#8220;yes&#8220; content_placement=&#8220;middle&#8220; css=&#8220;.vc_custom_1706800606641{padding-top: 50px !important;padding-bottom: 50px !important;}&#8220;][vc_column width=&#8220;1\/2&#8243;]<div id=\"ultimate-heading-12969d7c61e70386\" class=\"uvc-heading ult-adjust-bottom-margin ultimate-heading-12969d7c61e70386 uvc-363 \" data-hspacer=\"no_spacer\"  data-halign=\"center\" style=\"text-align:center\"><div class=\"uvc-heading-spacer no_spacer\" style=\"top\"><\/div><div class=\"uvc-main-heading ult-responsive\"  data-ultimate-target='.uvc-heading.ultimate-heading-12969d7c61e70386 h2'  data-responsive-json-new='{\"font-size\":\"desktop:22px;\",\"line-height\":\"\"}' ><h2 style=\"font-weight:normal;margin-bottom:0px;\">Treffen Sie unser Expertenteam f\u00fcr eine pers\u00f6nliche Beratung zu Ihrem Immobilienprojekt.<\/h2><\/div><\/div><div class=\"ult-spacer spacer-69d7c61e7039a\" data-id=\"69d7c61e7039a\" data-height=\"20\" data-height-mobile=\"20\" data-height-tab=\"20\" data-height-tab-portrait=\"\" data-height-mobile-landscape=\"\" style=\"clear:both;display:block;\"><\/div><div id=\"ultimate-heading-207369d7c61e703ab\" class=\"uvc-heading ult-adjust-bottom-margin ultimate-heading-207369d7c61e703ab uvc-8230 \" data-hspacer=\"no_spacer\"  data-halign=\"center\" style=\"text-align:center\"><div class=\"uvc-heading-spacer no_spacer\" style=\"top\"><\/div><div class=\"uvc-main-heading ult-responsive\"  data-ultimate-target='.uvc-heading.ultimate-heading-207369d7c61e703ab h2'  data-responsive-json-new='{\"font-size\":\"desktop:32px;\",\"line-height\":\"\"}' ><h2 style=\"font-weight:bold;margin-bottom:0px;\">Kontaktieren Sie ab sofort unsere Experten.<\/h2><\/div><\/div><div class=\"ult-spacer spacer-69d7c61e703bd\" data-id=\"69d7c61e703bd\" data-height=\"20\" data-height-mobile=\"20\" data-height-tab=\"20\" data-height-tab-portrait=\"\" data-height-mobile-landscape=\"\" style=\"clear:both;display:block;\"><\/div><div class=\" ult_buttons ubtn-ctn-center \"><a class=\"ubtn-link ult-adjust-bottom-margin ubtn-center ubtn-custom \" href=\"https:\/\/weol.lu\/de\/impressum\/\" title=\"Kontakte\" ><button type=\"button\" id=\"ubtn-7252\"  class=\"ubtn ult-adjust-bottom-margin ult-responsive ubtn-custom ubtn-fade-bg  none  ubtn-shd  ubtn-center  shd-bottom tooltip-69d7c61e703d1\"  data-hover=\"#ffffff\" data-border-color=\"\" data-bg=\"#e3111e\" data-hover-bg=\"#e3111e\" data-border-hover=\"\" data-shadow-hover=\"0 3px #e3111e;\" data-shadow-click=\"none\" data-shadow=\"0 3px #e3111e;\" data-shd-shadow=\"3\"  data-ultimate-target='#ubtn-7252'  data-responsive-json-new='{\"font-size\":\"desktop:13px;\",\"line-height\":\"\"}'  style=\"font-weight:normal;width:192px;min-height:0px;padding:15px 24px;border:none;box-shadow: 0 3px #e3111e;background: #e3111e;color: #ffffff;\"><span class=\"ubtn-hover\" style=\"background-color:#e3111e\"><\/span><span class=\"ubtn-data ubtn-text \" >Kontakte<\/span><\/button><\/a><\/div>[\/vc_column][vc_column width=&#8220;1\/2&#8243;]<div class=\"article_container bottom-estate_agent nobutton \" ><div class=\" ccvagnet col-md-6 listing_wrapper\"> <div class=\"agent_unit\" data-link=\"https:\/\/weol.lu\/de\/agents\/nuno-oliveira-agentur-direktor\/\"> <div class=\"agent-unit-img-wrapper\"> <img decoding=\"async\" width=\"278\" height=\"316\" src=\"https:\/\/weol.lu\/wp-content\/uploads\/2014\/05\/Nuno.jpg\" class=\"lazyload img-responsive wp-post-image\" alt=\"\" srcset=\"https:\/\/weol.lu\/wp-content\/uploads\/2014\/05\/Nuno.jpg 278w, https:\/\/weol.lu\/wp-content\/uploads\/2014\/05\/Nuno-264x300.jpg 264w\" sizes=\"(max-width: 278px) 100vw, 278px\" \/> <\/div> <h4> <a href=\"https:\/\/weol.lu\/de\/agents\/nuno-oliveira-agentur-direktor\/\">Nuno Oliveira<\/a><\/h4> <div class=\"agent_position\">PT | EN | FR<\/div><div class=\"agent_card_content\">Jeder Kunde ist unterschiedlich, darum passen wir unser Service an jeden an. Visite virtue <a href=\"https:\/\/weol.lu\/de\/agents\/nuno-oliveira-agentur-direktor\/\" class=\"unit_more_x\">...<\/a><\/div> <div class=\"agent_unit_social agent_list\"> <div class=\"wpestate_agent_unit_social\"><\/div><div class=\"agent_unit_phone\"><a href=\"tel:+352 43 67 67\" rel=\"noopener\" ><i class=\"fas fa-phone\"><\/i><\/a><\/div><div class=\"agent_unit_email\"><a href=\"mailto:info@weol.lu\" rel=\"noopener\" ><i class=\"fas fa-envelope\"><\/i><\/a><\/div> <\/div> <\/div><\/div> <div class=\" ccvagnet col-md-6 listing_wrapper\"> <div class=\"agent_unit\" data-link=\"https:\/\/weol.lu\/de\/agents\/brigitte-weirich-agentur-direktorin\/\"> <div class=\"agent-unit-img-wrapper\"> <img decoding=\"async\" width=\"278\" height=\"316\" src=\"https:\/\/weol.lu\/wp-content\/uploads\/2014\/05\/Brigitte.jpg\" class=\"lazyload img-responsive wp-post-image\" alt=\"\" srcset=\"https:\/\/weol.lu\/wp-content\/uploads\/2014\/05\/Brigitte.jpg 278w, https:\/\/weol.lu\/wp-content\/uploads\/2014\/05\/Brigitte-264x300.jpg 264w\" sizes=\"(max-width: 278px) 100vw, 278px\" \/> <\/div> <h4> <a href=\"https:\/\/weol.lu\/de\/agents\/brigitte-weirich-agentur-direktorin\/\">Brigitte Weirich<\/a><\/h4> <div class=\"agent_position\">FR | LU | DE<\/div><div class=\"agent_card_content\">Jeder Kunde ist unterschiedlich, darum passen wir unser Service an jeden an. Visite virtue <a href=\"https:\/\/weol.lu\/de\/agents\/brigitte-weirich-agentur-direktorin\/\" class=\"unit_more_x\">...<\/a><\/div> <div class=\"agent_unit_social agent_list\"> <div class=\"wpestate_agent_unit_social\"><\/div><div class=\"agent_unit_phone\"><a href=\"tel:+352 43 67 67\" rel=\"noopener\" ><i class=\"fas fa-phone\"><\/i><\/a><\/div><div class=\"agent_unit_email\"><a href=\"mailto:info@weol.lu\" rel=\"noopener\" ><i class=\"fas fa-envelope\"><\/i><\/a><\/div> <\/div> <\/div><\/div> <\/div>[\/vc_column][\/vc_row][vc_row full_width=&#8220;stretch_row&#8220; gap=&#8220;20&#8243; equal_height=&#8220;yes&#8220; content_placement=&#8220;middle&#8220; parallax=&#8220;content-moving&#8220; css=&#8220;.vc_custom_1706800646654{padding-top: 50px !important;padding-bottom: 50px !important;background-color: #dfdfdf !important;}&#8220;][vc_column width=&#8220;2\/3&#8243;]<div id=\"ultimate-heading-271269d7c61e705bd\" class=\"uvc-heading ult-adjust-bottom-margin ultimate-heading-271269d7c61e705bd uvc-3621 \" data-hspacer=\"no_spacer\"  data-halign=\"center\" style=\"text-align:center\"><div class=\"uvc-heading-spacer no_spacer\" style=\"top\"><\/div><div class=\"uvc-main-heading ult-responsive\"  data-ultimate-target='.uvc-heading.ultimate-heading-271269d7c61e705bd h2'  data-responsive-json-new='{\"font-size\":\"desktop:22px;\",\"line-height\":\"\"}' ><h2 style=\"font-weight:normal;margin-bottom:0px;\">Bereiten Sie Ihre Zukunft mit unseren Immobilien-Simulatoren vor.<\/h2><\/div><div class=\"uvc-sub-heading ult-responsive\"  data-ultimate-target='.uvc-heading.ultimate-heading-271269d7c61e705bd .uvc-sub-heading '  data-responsive-json-new='{\"font-size\":\"desktop:32px;\",\"line-height\":\"\"}'  style=\"font-weight:bold;\">Sch\u00e4tzen Sie Ihre Investition mit unseren Immobilien-Simulatoren.<\/div><\/div><div class=\"ult-spacer spacer-69d7c61e705d4\" data-id=\"69d7c61e705d4\" data-height=\"20\" data-height-mobile=\"20\" data-height-tab=\"20\" data-height-tab-portrait=\"\" data-height-mobile-landscape=\"\" style=\"clear:both;display:block;\"><\/div><div class=\" ult_buttons ubtn-ctn-center \"><a class=\"ubtn-link ult-adjust-bottom-margin ubtn-center ubtn-custom \" href=\"https:\/\/weol.lu\/de\/simulators\/\" title=\"Simulatoren\" ><button type=\"button\" id=\"ubtn-4808\"  class=\"ubtn ult-adjust-bottom-margin ult-responsive ubtn-custom ubtn-fade-bg  none  ubtn-shd  ubtn-center  shd-bottom tooltip-69d7c61e705e9\"  data-hover=\"#ffffff\" data-border-color=\"\" data-bg=\"#e3111e\" data-hover-bg=\"#e3111e\" data-border-hover=\"\" data-shadow-hover=\"0 3px #e3111e;\" data-shadow-click=\"none\" data-shadow=\"0 3px #e3111e;\" data-shd-shadow=\"3\"  data-ultimate-target='#ubtn-4808'  data-responsive-json-new='{\"font-size\":\"desktop:13px;\",\"line-height\":\"\"}'  style=\"font-weight:normal;width:192px;min-height:0px;padding:15px 24px;border:none;box-shadow: 0 3px #e3111e;background: #e3111e;color: #ffffff;\"><span class=\"ubtn-hover\" style=\"background-color:#e3111e\"><\/span><span class=\"ubtn-data ubtn-text \" >Simulatoren<\/span><\/button><\/a><\/div>[\/vc_column][vc_column width=&#8220;1\/3&#8243;][vc_single_image image=&#8220;28927&#8243; img_size=&#8220;full&#8220;][\/vc_column][\/vc_row][vc_row full_width=&#8220;stretch_row&#8220; gap=&#8220;20&#8243; equal_height=&#8220;yes&#8220; rtl_reverse=&#8220;yes&#8220; content_placement=&#8220;middle&#8220; parallax=&#8220;content-moving&#8220; css=&#8220;.vc_custom_1707330926964{padding-top: 60px !important;padding-bottom: 40px !important;}&#8220;][vc_column width=&#8220;1\/2&#8243;][vc_single_image image=&#8220;27078&#8243; img_size=&#8220;full&#8220;][\/vc_column][vc_column width=&#8220;1\/2&#8243;]<div id=\"ultimate-heading-296069d7c61e7060b\" class=\"uvc-heading ult-adjust-bottom-margin ultimate-heading-296069d7c61e7060b uvc-1403 \" data-hspacer=\"no_spacer\"  data-halign=\"center\" style=\"text-align:center\"><div class=\"uvc-heading-spacer no_spacer\" style=\"top\"><\/div><div class=\"uvc-main-heading ult-responsive\"  data-ultimate-target='.uvc-heading.ultimate-heading-296069d7c61e7060b h2'  data-responsive-json-new='{\"font-size\":\"desktop:22px;\",\"line-height\":\"\"}' ><h2 style=\"font-weight:normal;margin-bottom:0px;\">Planen Sie Ihren Besichtigungstermin jetzt online mit unserem exklusiven und innovativen Online-Buchungsservice.<\/h2><\/div><div class=\"uvc-sub-heading ult-responsive\"  data-ultimate-target='.uvc-heading.ultimate-heading-296069d7c61e7060b .uvc-sub-heading '  data-responsive-json-new='{\"font-size\":\"desktop:32px;\",\"line-height\":\"\"}'  style=\"font-weight:bold;\">Vereinbaren Sie jetzt Ihren Termin.<\/div><\/div><div class=\"ult-spacer spacer-69d7c61e7061d\" data-id=\"69d7c61e7061d\" data-height=\"20\" data-height-mobile=\"20\" data-height-tab=\"20\" data-height-tab-portrait=\"\" data-height-mobile-landscape=\"\" style=\"clear:both;display:block;\"><\/div><div class=\" ult_buttons ubtn-ctn-center \"><a class=\"ubtn-link ult-adjust-bottom-margin ubtn-center ubtn-custom \" href=\"https:\/\/book.timify.com\/services?accountId=5e130e35fefddd11d774a9e3&hideCloseButton=true\" title=\"Einen Termin vereinbaren\" target=\"_blank\" rel=\"noopener\" ><button type=\"button\" id=\"ubtn-6732\"  class=\"ubtn ult-adjust-bottom-margin ult-responsive ubtn-custom ubtn-fade-bg  none  ubtn-shd  ubtn-center  shd-bottom tooltip-69d7c61e7062f\"  data-hover=\"#ffffff\" data-border-color=\"\" data-bg=\"#e3111e\" data-hover-bg=\"#e3111e\" data-border-hover=\"\" data-shadow-hover=\"0 3px #e3111e;\" data-shadow-click=\"none\" data-shadow=\"0 3px #e3111e;\" data-shd-shadow=\"3\"  data-ultimate-target='#ubtn-6732'  data-responsive-json-new='{\"font-size\":\"desktop:13px;\",\"line-height\":\"\"}'  style=\"font-weight:normal;width:192px;min-height:0px;padding:15px 24px;border:none;box-shadow: 0 3px #e3111e;background: #e3111e;color: #ffffff;\"><span class=\"ubtn-hover\" style=\"background-color:#e3111e\"><\/span><span class=\"ubtn-data ubtn-text \" >Einen Termin vereinbaren<\/span><\/button><\/a><\/div>[\/vc_column][\/vc_row]<\/p>\n<\/div>","protected":false},"excerpt":{"rendered":"<p>[vc_row full_width=&#8220;stretch_row&#8220; content_placement=&#8220;middle&#8220; css=&#8220;.vc_custom_1712709157720{padding-top: 50px !important;padding-bottom: 40px !important;background-color: #ffffff !important;}&#8220;][vc_column css=&#8220;.vc_custom_1704360851136{margin-top: 0px !important;margin-bottom: 0px !important;padding-top: 0px !important;padding-bottom: 0px !important;}&#8220;][vc_column_text] Entdecken Sie das Herz des luxemburgischen Immobilienmarktes mit unserer interaktiven GEO-Karte. [\/vc_column_text][vc_column_text] Schauen Sie sich zu jeder Zeit den aktuellen Stand der Entwicklung und Opportunit\u00e4ten in Luxemburg-Stadt und seinen dynamischen Stadtteilen an. Entdecken Sie ganz einfach die prozentuale Variation der Immobilienpreise in ganz Luxemburg und &#8230;<\/p>\n","protected":false},"author":1,"featured_media":0,"parent":0,"menu_order":0,"comment_status":"closed","ping_status":"closed","template":"","meta":{"footnotes":""},"yoast_head":"<!-- This site is optimized with the Yoast SEO plugin v22.5 - https:\/\/yoast.com\/wordpress\/plugins\/seo\/ -->\n<title>WILLKOMMEN - Weol Immobili\u00e8re<\/title>\n<meta name=\"robots\" content=\"index, follow, max-snippet:-1, max-image-preview:large, max-video-preview:-1\" \/>\n<link rel=\"canonical\" href=\"https:\/\/weol.lu\/de\/\" \/>\n<meta property=\"og:locale\" content=\"de_DE\" \/>\n<meta property=\"og:type\" content=\"article\" \/>\n<meta property=\"og:title\" content=\"WILLKOMMEN - Weol Immobili\u00e8re\" \/>\n<meta property=\"og:description\" content=\"[vc_row full_width=&#8220;stretch_row&#8220; content_placement=&#8220;middle&#8220; css=&#8220;.vc_custom_1712709157720{padding-top: 50px !important;padding-bottom: 40px !important;background-color: #ffffff !important;}&#8220;][vc_column css=&#8220;.vc_custom_1704360851136{margin-top: 0px !important;margin-bottom: 0px !important;padding-top: 0px !important;padding-bottom: 0px !important;}&#8220;][vc_column_text] Entdecken Sie das Herz des luxemburgischen Immobilienmarktes mit unserer interaktiven GEO-Karte. [\/vc_column_text][vc_column_text] Schauen Sie sich zu jeder Zeit den aktuellen Stand der Entwicklung und Opportunit\u00e4ten in Luxemburg-Stadt und seinen dynamischen Stadtteilen an. Entdecken Sie ganz einfach die prozentuale Variation der Immobilienpreise in ganz Luxemburg und ...\" \/>\n<meta property=\"og:url\" content=\"https:\/\/weol.lu\/de\/\" \/>\n<meta property=\"og:site_name\" content=\"Weol Immobili\u00e8re\" \/>\n<meta property=\"article:modified_time\" content=\"2024-04-10T00:51:45+00:00\" \/>\n<meta property=\"og:image\" content=\"https:\/\/weol.lu\/wp-content\/uploads\/2021\/05\/logo-weol-1.png\" \/>\n\t<meta property=\"og:image:width\" content=\"432\" \/>\n\t<meta property=\"og:image:height\" content=\"270\" \/>\n\t<meta property=\"og:image:type\" content=\"image\/png\" \/>\n<meta name=\"twitter:card\" content=\"summary_large_image\" \/>\n<meta name=\"twitter:label1\" content=\"Gesch\u00e4tzte Lesezeit\" \/>\n\t<meta name=\"twitter:data1\" content=\"3\u00a0Minuten\" \/>\n<script type=\"application\/ld+json\" class=\"yoast-schema-graph\">{\"@context\":\"https:\/\/schema.org\",\"@graph\":[{\"@type\":\"WebPage\",\"@id\":\"https:\/\/weol.lu\/de\/\",\"url\":\"https:\/\/weol.lu\/de\/\",\"name\":\"WILLKOMMEN - Weol Immobili\u00e8re\",\"isPartOf\":{\"@id\":\"https:\/\/weol.lu\/de\/#website\"},\"datePublished\":\"2024-02-22T17:40:18+00:00\",\"dateModified\":\"2024-04-10T00:51:45+00:00\",\"inLanguage\":\"de\",\"potentialAction\":[{\"@type\":\"ReadAction\",\"target\":[\"https:\/\/weol.lu\/de\/\"]}]},{\"@type\":\"WebSite\",\"@id\":\"https:\/\/weol.lu\/de\/#website\",\"url\":\"https:\/\/weol.lu\/de\/\",\"name\":\"Weol Immobili\u00e8re\",\"description\":\"Immobili\u00e8re Agence\",\"potentialAction\":[{\"@type\":\"SearchAction\",\"target\":{\"@type\":\"EntryPoint\",\"urlTemplate\":\"https:\/\/weol.lu\/de\/?s={search_term_string}\"},\"query-input\":\"required name=search_term_string\"}],\"inLanguage\":\"de\"}]}<\/script>\n<!-- \/ Yoast SEO plugin. -->","yoast_head_json":{"title":"WILLKOMMEN - Weol Immobili\u00e8re","robots":{"index":"index","follow":"follow","max-snippet":"max-snippet:-1","max-image-preview":"max-image-preview:large","max-video-preview":"max-video-preview:-1"},"canonical":"https:\/\/weol.lu\/de\/","og_locale":"de_DE","og_type":"article","og_title":"WILLKOMMEN - Weol Immobili\u00e8re","og_description":"[vc_row full_width=&#8220;stretch_row&#8220; content_placement=&#8220;middle&#8220; css=&#8220;.vc_custom_1712709157720{padding-top: 50px !important;padding-bottom: 40px !important;background-color: #ffffff !important;}&#8220;][vc_column css=&#8220;.vc_custom_1704360851136{margin-top: 0px !important;margin-bottom: 0px !important;padding-top: 0px !important;padding-bottom: 0px !important;}&#8220;][vc_column_text] Entdecken Sie das Herz des luxemburgischen Immobilienmarktes mit unserer interaktiven GEO-Karte. [\/vc_column_text][vc_column_text] Schauen Sie sich zu jeder Zeit den aktuellen Stand der Entwicklung und Opportunit\u00e4ten in Luxemburg-Stadt und seinen dynamischen Stadtteilen an. Entdecken Sie ganz einfach die prozentuale Variation der Immobilienpreise in ganz Luxemburg und ...","og_url":"https:\/\/weol.lu\/de\/","og_site_name":"Weol Immobili\u00e8re","article_modified_time":"2024-04-10T00:51:45+00:00","og_image":[{"width":432,"height":270,"url":"https:\/\/weol.lu\/wp-content\/uploads\/2021\/05\/logo-weol-1.png","type":"image\/png"}],"twitter_card":"summary_large_image","twitter_misc":{"Gesch\u00e4tzte Lesezeit":"3\u00a0Minuten"},"schema":{"@context":"https:\/\/schema.org","@graph":[{"@type":"WebPage","@id":"https:\/\/weol.lu\/de\/","url":"https:\/\/weol.lu\/de\/","name":"WILLKOMMEN - Weol Immobili\u00e8re","isPartOf":{"@id":"https:\/\/weol.lu\/de\/#website"},"datePublished":"2024-02-22T17:40:18+00:00","dateModified":"2024-04-10T00:51:45+00:00","inLanguage":"de","potentialAction":[{"@type":"ReadAction","target":["https:\/\/weol.lu\/de\/"]}]},{"@type":"WebSite","@id":"https:\/\/weol.lu\/de\/#website","url":"https:\/\/weol.lu\/de\/","name":"Weol Immobili\u00e8re","description":"Immobili\u00e8re Agence","potentialAction":[{"@type":"SearchAction","target":{"@type":"EntryPoint","urlTemplate":"https:\/\/weol.lu\/de\/?s={search_term_string}"},"query-input":"required name=search_term_string"}],"inLanguage":"de"}]}},"_links":{"self":[{"href":"https:\/\/weol.lu\/de\/wp-json\/wp\/v2\/pages\/29263"}],"collection":[{"href":"https:\/\/weol.lu\/de\/wp-json\/wp\/v2\/pages"}],"about":[{"href":"https:\/\/weol.lu\/de\/wp-json\/wp\/v2\/types\/page"}],"author":[{"embeddable":true,"href":"https:\/\/weol.lu\/de\/wp-json\/wp\/v2\/users\/1"}],"replies":[{"embeddable":true,"href":"https:\/\/weol.lu\/de\/wp-json\/wp\/v2\/comments?post=29263"}],"version-history":[{"count":3,"href":"https:\/\/weol.lu\/de\/wp-json\/wp\/v2\/pages\/29263\/revisions"}],"predecessor-version":[{"id":29653,"href":"https:\/\/weol.lu\/de\/wp-json\/wp\/v2\/pages\/29263\/revisions\/29653"}],"wp:attachment":[{"href":"https:\/\/weol.lu\/de\/wp-json\/wp\/v2\/media?parent=29263"}],"curies":[{"name":"wp","href":"https:\/\/api.w.org\/{rel}","templated":true}]}}