{"id":29304,"date":"2024-02-27T12:23:06","date_gmt":"2024-02-27T12:23:06","guid":{"rendered":"https:\/\/weol.lu\/entwicklung-der-verkaufs-und-mietpreise-in-luxemburg-ein-detaillierter-ueberblick-nach-gemeinde-und-stadtteil\/"},"modified":"2024-02-27T12:27:13","modified_gmt":"2024-02-27T12:27:13","slug":"entwicklung-der-verkaufs-und-mietpreise-in-luxemburg-ein-detaillierter-ueberblick-nach-gemeinde-und-stadtteil","status":"publish","type":"page","link":"https:\/\/weol.lu\/de\/entwicklung-der-verkaufs-und-mietpreise-in-luxemburg-ein-detaillierter-ueberblick-nach-gemeinde-und-stadtteil\/","title":{"rendered":"Entwicklung der verkaufs- und mietpreise in Luxemburg: Ein detaillierter \u00dcberblick nach gemeinde und stadtteil"},"content":{"rendered":"<div class=\"wpb-content-wrapper\"><p>[vc_row css=&#8220;.vc_custom_1707484069024{margin-bottom: 20px !important;}&#8220;][vc_column]<div id=\"ultimate-heading-796369d85ee295be1\" class=\"uvc-heading ult-adjust-bottom-margin ultimate-heading-796369d85ee295be1 uvc-3343 \" data-hspacer=\"no_spacer\"  data-halign=\"left\" style=\"text-align:left\"><div class=\"uvc-heading-spacer no_spacer\" style=\"top\"><\/div><div class=\"uvc-main-heading ult-responsive\"  data-ultimate-target='.uvc-heading.ultimate-heading-796369d85ee295be1 h1'  data-responsive-json-new='{\"font-size\":\"\",\"line-height\":\"\"}' ><h1 style=\"font-weight:normal;\">Entwicklung der verkaufs- und mietpreise in Luxemburg: Ein detaillierter \u00dcberblick nach gemeinde und stadtteil<\/h1><\/div><\/div>[vc_column_text css=&#8220;.vc_custom_1707484093334{margin-top: 20px !important;}&#8220;]Willkommen auf unserer Seite, die dem Thema &#8222;Verkaufspreise und Mieten in Luxemburg&#8220; gewidmet ist. Hier finden Sie aktuelle und detaillierte Informationen \u00fcber die Tendenzen bei den Verkaufs- und Mietpreisen in verschiedenen Gemeinden und Stadtteilen Luxemburgs. Ob Sie nun ein zuk\u00fcnftiger Eigent\u00fcmer, Investor oder Mieter sind, diese Grafiken bieten Ihnen wertvolle Einblicke f\u00fcr Ihre Immobilienentscheidungen.[\/vc_column_text][\/vc_column][\/vc_row][vc_row css=&#8220;.vc_custom_1709032201764{padding-bottom: 40px !important;}&#8220;][vc_column width=&#8220;1\/3&#8243; css=&#8220;.vc_custom_1707481951130{margin-top: 0px !important;margin-right: 0px !important;margin-bottom: 0px !important;margin-left: 0px !important;}&#8220;][vc_row_inner el_class=&#8220;tamanho&#8220;][vc_column_inner][vc_single_image image=&#8220;29057&#8243; img_size=&#8220;full&#8220; alignment=&#8220;center&#8220; onclick=&#8220;custom_link&#8220; link=&#8220;https:\/\/weol.lu\/de\/registrierte-preise\/&#8220;][vc_column_text css=&#8220;.vc_custom_1707489637491{margin-top: 0px !important;margin-bottom: 0px !important;}&#8220;]<\/p>\n<h4 style=\"text-align: center;\"><a href=\"https:\/\/weol.lu\/de\/registrierte-preise\/\">Registrierte Preise<\/a><\/h4>\n<p style=\"text-align: justify;\">Erfahren Sie, wie sich die Verkaufspreise im Laufe der Zeit entwickelt haben und wir bieten Ihnen eine historische Perspektive auf die Tendenzen des luxemburgischen Immobilienmarktes.<\/p>\n<p>[\/vc_column_text][\/vc_column_inner][\/vc_row_inner]<div class=\" vc_custom_1709036792198 ult_buttons ubtn-ctn-center \"><a class=\"ubtn-link ult-adjust-bottom-margin ubtn-center ubtn-custom \" href=\"https:\/\/weol.lu\/de\/registrierte-preise\/\" title=\"Registrierte preise\" ><button type=\"button\" id=\"ubtn-9762\"  class=\"ubtn ult-adjust-bottom-margin ult-responsive ubtn-custom ubtn-fade-bg  none  ubtn-shd  ubtn-center  shd-bottom tooltip-69d85ee295c11\"  data-hover=\"\" data-border-color=\"\" data-bg=\"#e3111e\" data-hover-bg=\"\" data-border-hover=\"\" data-shadow-hover=\"0 3px #e3111e;\" data-shadow-click=\"none\" data-shadow=\"0 3px #e3111e;\" data-shd-shadow=\"3\"  data-ultimate-target='#ubtn-9762'  data-responsive-json-new='{\"font-size\":\"desktop:13px;\",\"line-height\":\"\"}'  style=\"font-weight:normal;width:150px;min-height:0px;padding:15px 24px;border:none;box-shadow: 0 3px #e3111e;background: #e3111e;color: #ffffff;\"><span class=\"ubtn-hover\" style=\"background-color:\"><\/span><span class=\"ubtn-data ubtn-text \" >Mehr sehen<\/span><\/button><\/a><\/div>[\/vc_column][vc_column width=&#8220;1\/3&#8243;][vc_row_inner el_class=&#8220;tamanho&#8220;][vc_column_inner][vc_single_image image=&#8220;29057&#8243; img_size=&#8220;full&#8220; alignment=&#8220;center&#8220; onclick=&#8220;custom_link&#8220; link=&#8220;https:\/\/weol.lu\/de\/angekuendigte-preise\/&#8220;][vc_column_text css=&#8220;.vc_custom_1707489658659{margin-top: 10px !important;margin-bottom: 0px !important;}&#8220;]<\/p>\n<h4 style=\"text-align: center;\"><a href=\"https:\/\/weol.lu\/de\/angekuendigte-preise\/\">Angek\u00fcndigte Preise<\/a><\/h4>\n<p style=\"text-align: justify;\">Vergleichen Sie die angek\u00fcndigten Preise mit den tats\u00e4chlichen Verkaufspreisen, um die Differenz zwischen den Erwartungen der Verk\u00e4ufer und den endg\u00fcltigen Transaktionen zu verstehen.<\/p>\n<p>[\/vc_column_text][\/vc_column_inner][\/vc_row_inner]<div class=\" vc_custom_1709036798895 ult_buttons ubtn-ctn-center \"><a class=\"ubtn-link ult-adjust-bottom-margin ubtn-center ubtn-custom \" href=\"https:\/\/weol.lu\/de\/angekuendigte-preise\/\" title=\"Angek\u00fcndigte preise\" ><button type=\"button\" id=\"ubtn-7597\"  class=\"ubtn ult-adjust-bottom-margin ult-responsive ubtn-custom ubtn-fade-bg  none  ubtn-shd  ubtn-center  shd-bottom tooltip-69d85ee295c61\"  data-hover=\"\" data-border-color=\"\" data-bg=\"#e3111e\" data-hover-bg=\"\" data-border-hover=\"\" data-shadow-hover=\"0 3px #e3111e;\" data-shadow-click=\"none\" data-shadow=\"0 3px #e3111e;\" data-shd-shadow=\"3\"  data-ultimate-target='#ubtn-7597'  data-responsive-json-new='{\"font-size\":\"desktop:13px;\",\"line-height\":\"\"}'  style=\"font-weight:normal;width:150px;min-height:0px;padding:15px 24px;border:none;box-shadow: 0 3px #e3111e;background: #e3111e;color: #ffffff;\"><span class=\"ubtn-hover\" style=\"background-color:\"><\/span><span class=\"ubtn-data ubtn-text \" >Mehr sehen<\/span><\/button><\/a><\/div>[\/vc_column][vc_column width=&#8220;1\/3&#8243;][vc_row_inner el_class=&#8220;tamanho&#8220;][vc_column_inner][vc_single_image image=&#8220;29057&#8243; img_size=&#8220;full&#8220; alignment=&#8220;center&#8220; onclick=&#8220;custom_link&#8220; link=&#8220;https:\/\/weol.lu\/de\/angekuendigte-mieten\/&#8220;][vc_column_text css=&#8220;.vc_custom_1707489669769{margin-top: 10px !important;margin-bottom: 0px !important;}&#8220;]<\/p>\n<h4 style=\"text-align: center;\"><a href=\"https:\/\/weol.lu\/de\/angekuendigte-mieten\/\">Angek\u00fcndigte Vermietungen<\/a><\/h4>\n<p style=\"text-align: justify;\">Entwicklung der ver\u00f6ffentlichten Mieten : Die Mieten sind ein Schl\u00fcsselindikator des Immobilienmarktes, insbesondere f\u00fcr Investoren und Mieter. Erkunden Sie, wie sich die Mieten in Luxemburg entwickelt haben, mit besonderem Fokus auf die Variationen nach Stadtteilen.<\/p>\n<p>[\/vc_column_text][\/vc_column_inner][\/vc_row_inner]<div class=\" vc_custom_1709036805031 ult_buttons ubtn-ctn-center \"><a class=\"ubtn-link ult-adjust-bottom-margin ubtn-center ubtn-custom \" href=\"https:\/\/weol.lu\/de\/angekuendigte-mieten\/\" title=\"Angek\u00fcndigte mieten\" ><button type=\"button\" id=\"ubtn-4686\"  class=\"ubtn ult-adjust-bottom-margin ult-responsive ubtn-custom ubtn-fade-bg  none  ubtn-shd  ubtn-center  shd-bottom tooltip-69d85ee295c8a\"  data-hover=\"\" data-border-color=\"\" data-bg=\"#e3111e\" data-hover-bg=\"\" data-border-hover=\"\" data-shadow-hover=\"0 3px #e3111e;\" data-shadow-click=\"none\" data-shadow=\"0 3px #e3111e;\" data-shd-shadow=\"3\"  data-ultimate-target='#ubtn-4686'  data-responsive-json-new='{\"font-size\":\"desktop:13px;\",\"line-height\":\"\"}'  style=\"font-weight:normal;width:150px;min-height:0px;padding:15px 24px;border:none;box-shadow: 0 3px #e3111e;background: #e3111e;color: #ffffff;\"><span class=\"ubtn-hover\" style=\"background-color:\"><\/span><span class=\"ubtn-data ubtn-text \" >Mehr sehen<\/span><\/button><\/a><\/div>[\/vc_column][\/vc_row][vc_row full_width=&#8220;stretch_row&#8220; content_placement=&#8220;top&#8220; parallax=&#8220;content-moving&#8220; parallax_image=&#8220;29272&#8243; parallax_speed_bg=&#8220;2.5&#8243; css=&#8220;.vc_custom_1708625096872{padding-top: 110px !important;padding-bottom: 140px !important;background-position: center;background-repeat: no-repeat !important;background-size: contain !important;}&#8220;][vc_column]<div id=\"ultimate-heading-884369d85ee295ca9\" class=\"uvc-heading ult-adjust-bottom-margin ultimate-heading-884369d85ee295ca9 uvc-4038 \" data-hspacer=\"no_spacer\"  data-halign=\"center\" style=\"text-align:center\"><div class=\"uvc-heading-spacer no_spacer\" style=\"top\"><\/div><div class=\"uvc-main-heading ult-responsive\"  data-ultimate-target='.uvc-heading.ultimate-heading-884369d85ee295ca9 h3'  data-responsive-json-new='{\"font-size\":\"\",\"line-height\":\"\"}' ><h3 style=\"font-weight:normal;color:#ffffff;\">Unsere Analyse der Entwicklung von Verkaufspreisen und Mieten in Luxemburg soll Ihnen zuverl\u00e4ssige Daten und ein vertieftes Wissen des Marktes liefern. Egal, ob Sie Ihr erstes Haus kaufen, in Immobilien investieren oder einfach nur auf dem Laufenden bleiben wollen - Weol Immobili\u00e8re unterst\u00fctzt Sie bei jedem Schritt.<\/h3><\/div><\/div>[\/vc_column][\/vc_row][vc_row full_width=&#8220;stretch_row&#8220; css=&#8220;.vc_custom_1707507006715{padding-top: 50px !important;padding-bottom: 50px !important;}&#8220;][vc_column][vc_raw_html]JTNDaDQlM0VCZXJlaXQlMjBmJUMzJUJDciUyMGRlbiUyMG4lQzMlQTRjaHN0ZW4lMjBTY2hyaXR0JTNGJTNDJTJGaDQlM0UlMEFLb250YWt0aWVyZW4lMjBTaWUlMjB1bnMlMjBmJUMzJUJDciUyMGVpbmUlMjBwZXJzJUMzJUI2bmxpY2hlJTIwQmVyYXR1bmclMjBvZGVyJTIwZiVDMyVCQ3IlMjB3ZWl0ZXJlJTIwSW5mb3JtYXRpb25lbiUyMCVDMyVCQ2JlciUyMGRpZSUyMEVudHdpY2tsdW5nZW4lMjBhdWYlMjBkZW0lMjBsdXhlbWJ1cmdpc2NoZW4lMjBJbW1vYmlsaWVubWFya3QuJTNDYnIlM0UlM0NiciUzRSUwQSU1QmNvbnRhY3QtZm9ybS03JTIwaWQlM0QlMjIyMjcwMyUyMiUyMHRpdGxlJTNEJTIyQ29udGFjdG8lMjAlMjhERSUyOSUyMiU1RA==[\/vc_raw_html][\/vc_column][\/vc_row]<\/p>\n<\/div>","protected":false},"excerpt":{"rendered":"<p>[vc_row css=&#8220;.vc_custom_1707484069024{margin-bottom: 20px !important;}&#8220;][vc_column][vc_column_text css=&#8220;.vc_custom_1707484093334{margin-top: 20px !important;}&#8220;]Willkommen auf unserer Seite, die dem Thema &#8222;Verkaufspreise und Mieten in Luxemburg&#8220; gewidmet ist. Hier finden Sie aktuelle und detaillierte Informationen \u00fcber die Tendenzen bei den Verkaufs- und Mietpreisen in verschiedenen Gemeinden und Stadtteilen Luxemburgs. Ob Sie nun ein zuk\u00fcnftiger Eigent\u00fcmer, Investor oder Mieter sind, diese Grafiken bieten Ihnen wertvolle Einblicke f\u00fcr Ihre Immobilienentscheidungen.[\/vc_column_text][\/vc_column][\/vc_row][vc_row css=&#8220;.vc_custom_1709032201764{padding-bottom: 40px !important;}&#8220;][vc_column width=&#8220;1\/3&#8243; &#8230;<\/p>\n","protected":false},"author":1,"featured_media":0,"parent":0,"menu_order":0,"comment_status":"closed","ping_status":"closed","template":"","meta":{"footnotes":""},"yoast_head":"<!-- This site is optimized with the Yoast SEO plugin v22.5 - https:\/\/yoast.com\/wordpress\/plugins\/seo\/ -->\n<title>Entwicklung der verkaufs- und mietpreise in Luxemburg: Ein detaillierter \u00dcberblick nach gemeinde und stadtteil - Weol Immobili\u00e8re<\/title>\n<meta name=\"robots\" content=\"index, follow, max-snippet:-1, max-image-preview:large, max-video-preview:-1\" \/>\n<link rel=\"canonical\" href=\"https:\/\/weol.lu\/de\/entwicklung-der-verkaufs-und-mietpreise-in-luxemburg-ein-detaillierter-ueberblick-nach-gemeinde-und-stadtteil\/\" \/>\n<meta property=\"og:locale\" content=\"de_DE\" \/>\n<meta property=\"og:type\" content=\"article\" \/>\n<meta property=\"og:title\" content=\"Entwicklung der verkaufs- und mietpreise in Luxemburg: Ein detaillierter \u00dcberblick nach gemeinde und stadtteil - Weol Immobili\u00e8re\" \/>\n<meta property=\"og:description\" content=\"[vc_row css=&#8220;.vc_custom_1707484069024{margin-bottom: 20px !important;}&#8220;][vc_column][vc_column_text css=&#8220;.vc_custom_1707484093334{margin-top: 20px !important;}&#8220;]Willkommen auf unserer Seite, die dem Thema &#8222;Verkaufspreise und Mieten in Luxemburg&#8220; gewidmet ist. Hier finden Sie aktuelle und detaillierte Informationen \u00fcber die Tendenzen bei den Verkaufs- und Mietpreisen in verschiedenen Gemeinden und Stadtteilen Luxemburgs. Ob Sie nun ein zuk\u00fcnftiger Eigent\u00fcmer, Investor oder Mieter sind, diese Grafiken bieten Ihnen wertvolle Einblicke f\u00fcr Ihre Immobilienentscheidungen.[\/vc_column_text][\/vc_column][\/vc_row][vc_row css=&#8220;.vc_custom_1709032201764{padding-bottom: 40px !important;}&#8220;][vc_column width=&#8220;1\/3&#8243; ...\" \/>\n<meta property=\"og:url\" content=\"https:\/\/weol.lu\/de\/entwicklung-der-verkaufs-und-mietpreise-in-luxemburg-ein-detaillierter-ueberblick-nach-gemeinde-und-stadtteil\/\" \/>\n<meta property=\"og:site_name\" content=\"Weol Immobili\u00e8re\" \/>\n<meta property=\"article:modified_time\" content=\"2024-02-27T12:27:13+00:00\" \/>\n<meta property=\"og:image\" content=\"https:\/\/weol.lu\/wp-content\/uploads\/2021\/05\/logo-weol-1.png\" \/>\n\t<meta property=\"og:image:width\" content=\"432\" \/>\n\t<meta property=\"og:image:height\" content=\"270\" \/>\n\t<meta property=\"og:image:type\" content=\"image\/png\" \/>\n<meta name=\"twitter:card\" content=\"summary_large_image\" \/>\n<meta name=\"twitter:label1\" content=\"Gesch\u00e4tzte Lesezeit\" \/>\n\t<meta name=\"twitter:data1\" content=\"2\u00a0Minuten\" \/>\n<script type=\"application\/ld+json\" class=\"yoast-schema-graph\">{\"@context\":\"https:\/\/schema.org\",\"@graph\":[{\"@type\":\"WebPage\",\"@id\":\"https:\/\/weol.lu\/de\/entwicklung-der-verkaufs-und-mietpreise-in-luxemburg-ein-detaillierter-ueberblick-nach-gemeinde-und-stadtteil\/\",\"url\":\"https:\/\/weol.lu\/de\/entwicklung-der-verkaufs-und-mietpreise-in-luxemburg-ein-detaillierter-ueberblick-nach-gemeinde-und-stadtteil\/\",\"name\":\"Entwicklung der verkaufs- und mietpreise in Luxemburg: Ein detaillierter \u00dcberblick nach gemeinde und stadtteil - Weol Immobili\u00e8re\",\"isPartOf\":{\"@id\":\"https:\/\/weol.lu\/de\/#website\"},\"datePublished\":\"2024-02-27T12:23:06+00:00\",\"dateModified\":\"2024-02-27T12:27:13+00:00\",\"inLanguage\":\"de\",\"potentialAction\":[{\"@type\":\"ReadAction\",\"target\":[\"https:\/\/weol.lu\/de\/entwicklung-der-verkaufs-und-mietpreise-in-luxemburg-ein-detaillierter-ueberblick-nach-gemeinde-und-stadtteil\/\"]}]},{\"@type\":\"WebSite\",\"@id\":\"https:\/\/weol.lu\/de\/#website\",\"url\":\"https:\/\/weol.lu\/de\/\",\"name\":\"Weol Immobili\u00e8re\",\"description\":\"Immobili\u00e8re Agence\",\"potentialAction\":[{\"@type\":\"SearchAction\",\"target\":{\"@type\":\"EntryPoint\",\"urlTemplate\":\"https:\/\/weol.lu\/de\/?s={search_term_string}\"},\"query-input\":\"required name=search_term_string\"}],\"inLanguage\":\"de\"}]}<\/script>\n<!-- \/ Yoast SEO plugin. -->","yoast_head_json":{"title":"Entwicklung der verkaufs- und mietpreise in Luxemburg: Ein detaillierter \u00dcberblick nach gemeinde und stadtteil - Weol Immobili\u00e8re","robots":{"index":"index","follow":"follow","max-snippet":"max-snippet:-1","max-image-preview":"max-image-preview:large","max-video-preview":"max-video-preview:-1"},"canonical":"https:\/\/weol.lu\/de\/entwicklung-der-verkaufs-und-mietpreise-in-luxemburg-ein-detaillierter-ueberblick-nach-gemeinde-und-stadtteil\/","og_locale":"de_DE","og_type":"article","og_title":"Entwicklung der verkaufs- und mietpreise in Luxemburg: Ein detaillierter \u00dcberblick nach gemeinde und stadtteil - Weol Immobili\u00e8re","og_description":"[vc_row css=&#8220;.vc_custom_1707484069024{margin-bottom: 20px !important;}&#8220;][vc_column][vc_column_text css=&#8220;.vc_custom_1707484093334{margin-top: 20px !important;}&#8220;]Willkommen auf unserer Seite, die dem Thema &#8222;Verkaufspreise und Mieten in Luxemburg&#8220; gewidmet ist. Hier finden Sie aktuelle und detaillierte Informationen \u00fcber die Tendenzen bei den Verkaufs- und Mietpreisen in verschiedenen Gemeinden und Stadtteilen Luxemburgs. Ob Sie nun ein zuk\u00fcnftiger Eigent\u00fcmer, Investor oder Mieter sind, diese Grafiken bieten Ihnen wertvolle Einblicke f\u00fcr Ihre Immobilienentscheidungen.[\/vc_column_text][\/vc_column][\/vc_row][vc_row css=&#8220;.vc_custom_1709032201764{padding-bottom: 40px !important;}&#8220;][vc_column width=&#8220;1\/3&#8243; ...","og_url":"https:\/\/weol.lu\/de\/entwicklung-der-verkaufs-und-mietpreise-in-luxemburg-ein-detaillierter-ueberblick-nach-gemeinde-und-stadtteil\/","og_site_name":"Weol Immobili\u00e8re","article_modified_time":"2024-02-27T12:27:13+00:00","og_image":[{"width":432,"height":270,"url":"https:\/\/weol.lu\/wp-content\/uploads\/2021\/05\/logo-weol-1.png","type":"image\/png"}],"twitter_card":"summary_large_image","twitter_misc":{"Gesch\u00e4tzte Lesezeit":"2\u00a0Minuten"},"schema":{"@context":"https:\/\/schema.org","@graph":[{"@type":"WebPage","@id":"https:\/\/weol.lu\/de\/entwicklung-der-verkaufs-und-mietpreise-in-luxemburg-ein-detaillierter-ueberblick-nach-gemeinde-und-stadtteil\/","url":"https:\/\/weol.lu\/de\/entwicklung-der-verkaufs-und-mietpreise-in-luxemburg-ein-detaillierter-ueberblick-nach-gemeinde-und-stadtteil\/","name":"Entwicklung der verkaufs- und mietpreise in Luxemburg: Ein detaillierter \u00dcberblick nach gemeinde und stadtteil - Weol Immobili\u00e8re","isPartOf":{"@id":"https:\/\/weol.lu\/de\/#website"},"datePublished":"2024-02-27T12:23:06+00:00","dateModified":"2024-02-27T12:27:13+00:00","inLanguage":"de","potentialAction":[{"@type":"ReadAction","target":["https:\/\/weol.lu\/de\/entwicklung-der-verkaufs-und-mietpreise-in-luxemburg-ein-detaillierter-ueberblick-nach-gemeinde-und-stadtteil\/"]}]},{"@type":"WebSite","@id":"https:\/\/weol.lu\/de\/#website","url":"https:\/\/weol.lu\/de\/","name":"Weol Immobili\u00e8re","description":"Immobili\u00e8re Agence","potentialAction":[{"@type":"SearchAction","target":{"@type":"EntryPoint","urlTemplate":"https:\/\/weol.lu\/de\/?s={search_term_string}"},"query-input":"required name=search_term_string"}],"inLanguage":"de"}]}},"_links":{"self":[{"href":"https:\/\/weol.lu\/de\/wp-json\/wp\/v2\/pages\/29304"}],"collection":[{"href":"https:\/\/weol.lu\/de\/wp-json\/wp\/v2\/pages"}],"about":[{"href":"https:\/\/weol.lu\/de\/wp-json\/wp\/v2\/types\/page"}],"author":[{"embeddable":true,"href":"https:\/\/weol.lu\/de\/wp-json\/wp\/v2\/users\/1"}],"replies":[{"embeddable":true,"href":"https:\/\/weol.lu\/de\/wp-json\/wp\/v2\/comments?post=29304"}],"version-history":[{"count":0,"href":"https:\/\/weol.lu\/de\/wp-json\/wp\/v2\/pages\/29304\/revisions"}],"wp:attachment":[{"href":"https:\/\/weol.lu\/de\/wp-json\/wp\/v2\/media?parent=29304"}],"curies":[{"name":"wp","href":"https:\/\/api.w.org\/{rel}","templated":true}]}}