{"id":29344,"date":"2024-02-27T17:20:38","date_gmt":"2024-02-27T17:20:38","guid":{"rendered":"https:\/\/weol.lu\/realisierungen-immobilien\/"},"modified":"2024-04-22T12:53:53","modified_gmt":"2024-04-22T12:53:53","slug":"realisierungen-immobilien","status":"publish","type":"page","link":"https:\/\/weol.lu\/de\/realisierungen-immobilien\/","title":{"rendered":"Realisierungen immobilien"},"content":{"rendered":"<div class=\"wpb-content-wrapper\"><p>[vc_row][vc_column][vc_column_text]<\/p>\n<div class=\"flex-1 overflow-hidden\">\n<div class=\"react-scroll-to-bottom--css-djcdo-79elbk h-full\">\n<div class=\"react-scroll-to-bottom--css-djcdo-1n7m0yu\">\n<div class=\"flex flex-col text-sm pb-9\">\n<div class=\"w-full text-token-text-primary\" data-testid=\"conversation-turn-143\">\n<div class=\"px-4 py-2 justify-center text-base md:gap-6 m-auto\">\n<div class=\"flex flex-1 text-base mx-auto gap-3 md:px-5 lg:px-1 xl:px-5 md:max-w-3xl lg:max-w-[40rem] xl:max-w-[48rem] group final-completion\">\n<div class=\"relative flex w-full flex-col agent-turn\">\n<div class=\"flex-col gap-1 md:gap-3\">\n<div class=\"flex flex-grow flex-col max-w-full\">\n<div class=\"min-h-[20px] text-message flex flex-col items-start gap-3 whitespace-pre-wrap break-words [.text-message+&amp;]:mt-5 overflow-x-auto\" data-message-author-role=\"assistant\" data-message-id=\"ca2d5c4d-e62f-4406-b2ea-6e4755490321\">\n<div class=\"markdown prose w-full break-words dark:prose-invert light\">\n<p>Willkommen im <strong>Erfolgsbereich<\/strong> von Weol Immobili\u00e8re, einem <strong>Schaufenster<\/strong> unserer Expertise auf dem luxemburgischen Immobilienmarkt. Jede von unserer Agentur abgeschlossene <strong>Transaktion<\/strong> ist das Ergebnis einer <strong>individuellen Strategie<\/strong> und eines <strong>tiefen Verst\u00e4ndnisses<\/strong> f\u00fcr die W\u00fcnsche unserer Kunden und spiegelt unsere F\u00e4higkeit wider, <strong>Visionen in die Realit\u00e4t umzusetzen<\/strong>.<\/p>\n<p>Erkunden Sie unsere Auswahl an <strong>verkauften Immobilien<\/strong>, von <strong>Villen bis hin zu modernen Apartments<\/strong>, die alle unser <strong>vollstes Engagement f\u00fcr die Verwirklichung von Immobilientr\u00e4umen belegen<\/strong>. Diese <strong>Erfolge<\/strong> unterstreichen unsere <strong>Leidenschaft f\u00fcr Immobilien<\/strong> und unser <strong>Engagement f\u00fcr einen exzellenten Service<\/strong>, der Weol Immobili\u00e8re als Ihren <strong>vertrauensw\u00fcrdigen Partner<\/strong> beim <strong>Verkauf und Kauf von Immobilien auszeichnet<\/strong>.<\/p>\n<p>Wenn Sie dar\u00fcber nachdenken, Ihre Immobilie in Luxemburg zu verkaufen, laden Sie uns ein, mit Ihnen dar\u00fcber zu sprechen, wie unser <strong>ma\u00dfgeschneidertes Konzept zu Ihrem Erfolg f\u00fchren<\/strong> kann. Bei Weol Immobili\u00e8re verkaufen wir nicht einfach nur <strong>Immobilien<\/strong>; wir <strong>erf\u00fcllen Tr\u00e4ume<\/strong>, eine Immobilie nach der anderen. <strong>Kontaktieren Sie uns noch heute<\/strong>, um gemeinsam Ihre <strong>Immobilien-Erfolgsgeschichte zu schreiben<\/strong>.<\/p>\n<\/div>\n<\/div>\n<\/div>\n<\/div>\n<\/div>\n<\/div>\n<\/div>\n<\/div>\n<\/div>\n<\/div>\n<\/div>\n<\/div>\n<p>[\/vc_column_text][\/vc_column][\/vc_row]<\/p>\n<\/div>","protected":false},"excerpt":{"rendered":"<p>[vc_row][vc_column][vc_column_text] Willkommen im Erfolgsbereich von Weol Immobili\u00e8re, einem Schaufenster unserer Expertise auf dem luxemburgischen Immobilienmarkt. Jede von unserer Agentur abgeschlossene Transaktion ist das Ergebnis einer individuellen Strategie und eines tiefen Verst\u00e4ndnisses f\u00fcr die W\u00fcnsche unserer Kunden und spiegelt unsere F\u00e4higkeit wider, Visionen in die Realit\u00e4t umzusetzen. Erkunden Sie unsere Auswahl an verkauften Immobilien, von Villen bis hin zu modernen Apartments, die alle unser vollstes &#8230;<\/p>\n","protected":false},"author":1,"featured_media":0,"parent":0,"menu_order":0,"comment_status":"closed","ping_status":"closed","template":"property_list.php","meta":{"footnotes":""},"yoast_head":"<!-- This site is optimized with the Yoast SEO plugin v22.5 - https:\/\/yoast.com\/wordpress\/plugins\/seo\/ -->\n<title>Realisierungen immobilien - Weol Immobili\u00e8re<\/title>\n<meta name=\"robots\" content=\"index, follow, max-snippet:-1, max-image-preview:large, max-video-preview:-1\" \/>\n<link rel=\"canonical\" href=\"https:\/\/weol.lu\/de\/realisierungen-immobilien\/\" \/>\n<meta property=\"og:locale\" content=\"de_DE\" \/>\n<meta property=\"og:type\" content=\"article\" \/>\n<meta property=\"og:title\" content=\"Realisierungen immobilien - Weol Immobili\u00e8re\" \/>\n<meta property=\"og:description\" content=\"[vc_row][vc_column][vc_column_text] Willkommen im Erfolgsbereich von Weol Immobili\u00e8re, einem Schaufenster unserer Expertise auf dem luxemburgischen Immobilienmarkt. Jede von unserer Agentur abgeschlossene Transaktion ist das Ergebnis einer individuellen Strategie und eines tiefen Verst\u00e4ndnisses f\u00fcr die W\u00fcnsche unserer Kunden und spiegelt unsere F\u00e4higkeit wider, Visionen in die Realit\u00e4t umzusetzen. Erkunden Sie unsere Auswahl an verkauften Immobilien, von Villen bis hin zu modernen Apartments, die alle unser vollstes ...\" \/>\n<meta property=\"og:url\" content=\"https:\/\/weol.lu\/de\/realisierungen-immobilien\/\" \/>\n<meta property=\"og:site_name\" content=\"Weol Immobili\u00e8re\" \/>\n<meta property=\"article:modified_time\" content=\"2024-04-22T12:53:53+00:00\" \/>\n<meta property=\"og:image\" content=\"https:\/\/weol.lu\/wp-content\/uploads\/2021\/05\/logo-weol-1.png\" \/>\n\t<meta property=\"og:image:width\" content=\"432\" \/>\n\t<meta property=\"og:image:height\" content=\"270\" \/>\n\t<meta property=\"og:image:type\" content=\"image\/png\" \/>\n<meta name=\"twitter:card\" content=\"summary_large_image\" \/>\n<meta name=\"twitter:label1\" content=\"Gesch\u00e4tzte Lesezeit\" \/>\n\t<meta name=\"twitter:data1\" content=\"1\u00a0Minute\" \/>\n<script type=\"application\/ld+json\" class=\"yoast-schema-graph\">{\"@context\":\"https:\/\/schema.org\",\"@graph\":[{\"@type\":\"WebPage\",\"@id\":\"https:\/\/weol.lu\/de\/realisierungen-immobilien\/\",\"url\":\"https:\/\/weol.lu\/de\/realisierungen-immobilien\/\",\"name\":\"Realisierungen immobilien - Weol Immobili\u00e8re\",\"isPartOf\":{\"@id\":\"https:\/\/weol.lu\/de\/#website\"},\"datePublished\":\"2024-02-27T17:20:38+00:00\",\"dateModified\":\"2024-04-22T12:53:53+00:00\",\"inLanguage\":\"de\",\"potentialAction\":[{\"@type\":\"ReadAction\",\"target\":[\"https:\/\/weol.lu\/de\/realisierungen-immobilien\/\"]}]},{\"@type\":\"WebSite\",\"@id\":\"https:\/\/weol.lu\/de\/#website\",\"url\":\"https:\/\/weol.lu\/de\/\",\"name\":\"Weol Immobili\u00e8re\",\"description\":\"Immobili\u00e8re Agence\",\"potentialAction\":[{\"@type\":\"SearchAction\",\"target\":{\"@type\":\"EntryPoint\",\"urlTemplate\":\"https:\/\/weol.lu\/de\/?s={search_term_string}\"},\"query-input\":\"required name=search_term_string\"}],\"inLanguage\":\"de\"}]}<\/script>\n<!-- \/ Yoast SEO plugin. -->","yoast_head_json":{"title":"Realisierungen immobilien - Weol Immobili\u00e8re","robots":{"index":"index","follow":"follow","max-snippet":"max-snippet:-1","max-image-preview":"max-image-preview:large","max-video-preview":"max-video-preview:-1"},"canonical":"https:\/\/weol.lu\/de\/realisierungen-immobilien\/","og_locale":"de_DE","og_type":"article","og_title":"Realisierungen immobilien - Weol Immobili\u00e8re","og_description":"[vc_row][vc_column][vc_column_text] Willkommen im Erfolgsbereich von Weol Immobili\u00e8re, einem Schaufenster unserer Expertise auf dem luxemburgischen Immobilienmarkt. Jede von unserer Agentur abgeschlossene Transaktion ist das Ergebnis einer individuellen Strategie und eines tiefen Verst\u00e4ndnisses f\u00fcr die W\u00fcnsche unserer Kunden und spiegelt unsere F\u00e4higkeit wider, Visionen in die Realit\u00e4t umzusetzen. Erkunden Sie unsere Auswahl an verkauften Immobilien, von Villen bis hin zu modernen Apartments, die alle unser vollstes ...","og_url":"https:\/\/weol.lu\/de\/realisierungen-immobilien\/","og_site_name":"Weol Immobili\u00e8re","article_modified_time":"2024-04-22T12:53:53+00:00","og_image":[{"width":432,"height":270,"url":"https:\/\/weol.lu\/wp-content\/uploads\/2021\/05\/logo-weol-1.png","type":"image\/png"}],"twitter_card":"summary_large_image","twitter_misc":{"Gesch\u00e4tzte Lesezeit":"1\u00a0Minute"},"schema":{"@context":"https:\/\/schema.org","@graph":[{"@type":"WebPage","@id":"https:\/\/weol.lu\/de\/realisierungen-immobilien\/","url":"https:\/\/weol.lu\/de\/realisierungen-immobilien\/","name":"Realisierungen immobilien - Weol Immobili\u00e8re","isPartOf":{"@id":"https:\/\/weol.lu\/de\/#website"},"datePublished":"2024-02-27T17:20:38+00:00","dateModified":"2024-04-22T12:53:53+00:00","inLanguage":"de","potentialAction":[{"@type":"ReadAction","target":["https:\/\/weol.lu\/de\/realisierungen-immobilien\/"]}]},{"@type":"WebSite","@id":"https:\/\/weol.lu\/de\/#website","url":"https:\/\/weol.lu\/de\/","name":"Weol Immobili\u00e8re","description":"Immobili\u00e8re Agence","potentialAction":[{"@type":"SearchAction","target":{"@type":"EntryPoint","urlTemplate":"https:\/\/weol.lu\/de\/?s={search_term_string}"},"query-input":"required name=search_term_string"}],"inLanguage":"de"}]}},"_links":{"self":[{"href":"https:\/\/weol.lu\/de\/wp-json\/wp\/v2\/pages\/29344"}],"collection":[{"href":"https:\/\/weol.lu\/de\/wp-json\/wp\/v2\/pages"}],"about":[{"href":"https:\/\/weol.lu\/de\/wp-json\/wp\/v2\/types\/page"}],"author":[{"embeddable":true,"href":"https:\/\/weol.lu\/de\/wp-json\/wp\/v2\/users\/1"}],"replies":[{"embeddable":true,"href":"https:\/\/weol.lu\/de\/wp-json\/wp\/v2\/comments?post=29344"}],"version-history":[{"count":1,"href":"https:\/\/weol.lu\/de\/wp-json\/wp\/v2\/pages\/29344\/revisions"}],"predecessor-version":[{"id":30024,"href":"https:\/\/weol.lu\/de\/wp-json\/wp\/v2\/pages\/29344\/revisions\/30024"}],"wp:attachment":[{"href":"https:\/\/weol.lu\/de\/wp-json\/wp\/v2\/media?parent=29344"}],"curies":[{"name":"wp","href":"https:\/\/api.w.org\/{rel}","templated":true}]}}