{"id":18738,"date":"2016-12-29T13:02:55","date_gmt":"2016-12-29T13:02:55","guid":{"rendered":"https:\/\/weol.lu\/?page_id=18738\/"},"modified":"2017-07-29T16:35:41","modified_gmt":"2017-07-29T16:35:41","slug":"contacts","status":"publish","type":"page","link":"https:\/\/weol.lu\/fr\/contacts\/","title":{"rendered":"Contacts"},"content":{"rendered":"<div class=\"wpb-content-wrapper\"><p>[vc_row][vc_column][vc_empty_space height=\u00a0\u00bb30&Prime;][vc_column_text]Vous recherchez un bien \u00e0 vendre ou \u00e0 louer au Luxembourg, Weol S\u00e0rl rend la recherche plus facile. Utilisez notre fonction unique de cartographie de g\u00e9olocalisation pour trouver votre bien immobilier et contacter nous directement. Nous vous aiderons \u00e0 trouver votre bien de r\u00eave en quelques secondes. Nous offrons \u00e0 nos clients une richesse de connaissances sur tous les aspects de l&rsquo;achat ou de la vente. Est-ce pour aider \u00e0 la recherche, discuter de nouveaux projets immobiliers au Luxembourg ou \u00e0 vous aider \u00e0 vendre votre propri\u00e9t\u00e9, nous pouvons vous accompagner. N&rsquo;h\u00e9sitez pas \u00e0 nous contacter pour toute question![\/vc_column_text][\/vc_column][\/vc_row][vc_row full_width=\u00a0\u00bbstretch_row\u00a0\u00bb video_bg=\u00a0\u00bbyes\u00a0\u00bb video_bg_url=\u00a0\u00bbhttps:\/\/www.youtube.com\/watch?v=myI8RohTxgA\u00a0\u00bb css=\u00a0\u00bb.vc_custom_1485991006001{margin-bottom: 40px !important;}\u00a0\u00bb][vc_column width=\u00a0\u00bb1\/6&Prime; offset=\u00a0\u00bbvc_hidden-sm vc_hidden-xs\u00a0\u00bb][\/vc_column][vc_column width=\u00a0\u00bb2\/3&Prime;]<div class=\"ult-spacer spacer-69d82206c148d\" data-id=\"69d82206c148d\" data-height=\"10\" data-height-mobile=\"10\" data-height-tab=\"10\" data-height-tab-portrait=\"\" data-height-mobile-landscape=\"\" style=\"clear:both;display:block;\"><\/div><div class=\"ult-animation  ult-animate-viewport  ult-no-mobile  ult_createlink\" data-animate=\"fadeInDown\" data-animation-delay=\"0\" data-animation-duration=\"0.5\" data-animation-iteration=\"1\" style=\"opacity:0;\" data-opacity_start_effect=\"\"><div id=\"ultimate-heading-730269d82206c1525\" class=\"uvc-heading ult-adjust-bottom-margin ultimate-heading-730269d82206c1525 uvc-3807 \" data-hspacer=\"no_spacer\"  data-halign=\"center\" style=\"text-align:center\"><div class=\"uvc-heading-spacer no_spacer\" style=\"top\"><\/div><div class=\"uvc-main-heading ult-responsive\"  data-ultimate-target='.uvc-heading.ultimate-heading-730269d82206c1525 h2'  data-responsive-json-new='{\"font-size\":\"desktop:36px;\",\"line-height\":\"\"}' ><h2 style=\"font-family:&#039;Open Sans&#039;;font-weight:500;color:#ffffff;margin-bottom:0px;\">Nos agents<\/h2><\/div><\/div><\/div><div class=\"ult-animation  ult-animate-viewport  ult-no-mobile  ult_createlink\" data-animate=\"fadeInDown\" data-animation-delay=\"0.5\" data-animation-duration=\"0.5\" data-animation-iteration=\"1\" style=\"opacity:0;\" data-opacity_start_effect=\"\"><div id=\"ultimate-heading-680269d82206c1580\" class=\"uvc-heading ult-adjust-bottom-margin ultimate-heading-680269d82206c1580 uvc-3340 \" data-hspacer=\"no_spacer\"  data-halign=\"center\" style=\"text-align:center\"><div class=\"uvc-heading-spacer no_spacer\" style=\"top\"><\/div><div class=\"uvc-sub-heading ult-responsive\"  data-ultimate-target='.uvc-heading.ultimate-heading-680269d82206c1580 .uvc-sub-heading '  data-responsive-json-new='{\"font-size\":\"desktop:17px;\",\"line-height\":\"\"}'  style=\"font-family:&#039;Open Sans&#039;;font-weight:normal;\"><\/p>\n<p style=\"text-align: left;\"><span style=\"color: #ffffff;\">Que ce sois pour aider \u00e0 la recherche de votre maison de r\u00eave, discuter de nouveaux projets immobiliers au Luxembourg ou vous aider \u00e0 vendre votre propri\u00e9t\u00e9, nous aimerions avoir l&rsquo;occasion de vous aider. N&rsquo;h\u00e9sitez pas \u00e0 nous contacter pour toute question!<\/span><\/p>\n<p><\/div><\/div><\/div><div class=\"article_container bottom-estate_agent nobutton \" >\n<div class=\" ccvagnet col-md-6 listing_wrapper\">         \n    <div class=\"agent_unit\" data-link=\"https:\/\/weol.lu\/fr\/agents\/nuno-oliveira-directeur-dagence\/\">\n        <div class=\"agent-unit-img-wrapper\">\n                  \n            \n            \n         \n            <img decoding=\"async\" width=\"278\" height=\"316\" src=\"https:\/\/weol.lu\/wp-content\/uploads\/2014\/05\/Nuno.jpg\" class=\"lazyload img-responsive wp-post-image\" alt=\"\" srcset=\"https:\/\/weol.lu\/wp-content\/uploads\/2014\/05\/Nuno.jpg 278w, https:\/\/weol.lu\/wp-content\/uploads\/2014\/05\/Nuno-264x300.jpg 264w\" sizes=\"(max-width: 278px) 100vw, 278px\" \/>        <\/div>    \n            \n\n        <h4> <a href=\"https:\/\/weol.lu\/fr\/agents\/nuno-oliveira-directeur-dagence\/\">Nuno Oliveira<\/a><\/h4>\n        <div class=\"agent_position\">PT | EN | FR<\/div><div class=\"agent_card_content\">C\u2019est parce que pour nous chaque client est diff\u00e9rent, que nous vous proposons un service  <a href=\"https:\/\/weol.lu\/fr\/agents\/nuno-oliveira-directeur-dagence\/\" class=\"unit_more_x\">...<\/a><\/div>\n     \n       \n        <div class=\"agent_unit_social agent_list\">\n        \n               \n               <div class=\"wpestate_agent_unit_social\"><\/div><div class=\"agent_unit_phone\"><a href=\"tel:+352 43 67 67\" rel=\"noopener\" ><i class=\"fas fa-phone\"><\/i><\/a><\/div><div class=\"agent_unit_email\"><a href=\"mailto:info@weol.lu\" rel=\"noopener\" ><i class=\"fas fa-envelope\"><\/i><\/a><\/div>           \n        <\/div>\n    <\/div>\n<\/div>   \n<!-- <\/div>    -->\n<div class=\" ccvagnet col-md-6 listing_wrapper\">         \n    <div class=\"agent_unit\" data-link=\"https:\/\/weol.lu\/fr\/agents\/brigitte-weirich-directrice-dagence\/\">\n        <div class=\"agent-unit-img-wrapper\">\n                  \n            \n            \n         \n            <img decoding=\"async\" width=\"278\" height=\"316\" src=\"https:\/\/weol.lu\/wp-content\/uploads\/2014\/05\/Brigitte.jpg\" class=\"lazyload img-responsive wp-post-image\" alt=\"\" srcset=\"https:\/\/weol.lu\/wp-content\/uploads\/2014\/05\/Brigitte.jpg 278w, https:\/\/weol.lu\/wp-content\/uploads\/2014\/05\/Brigitte-264x300.jpg 264w\" sizes=\"(max-width: 278px) 100vw, 278px\" \/>        <\/div>    \n            \n\n        <h4> <a href=\"https:\/\/weol.lu\/fr\/agents\/brigitte-weirich-directrice-dagence\/\">Brigitte Weirich<\/a><\/h4>\n        <div class=\"agent_position\">FR | LU | DE<\/div><div class=\"agent_card_content\">C\u2019est parce que pour nous chaque client est diff\u00e9rent, que nous vous proposons un service  <a href=\"https:\/\/weol.lu\/fr\/agents\/brigitte-weirich-directrice-dagence\/\" class=\"unit_more_x\">...<\/a><\/div>\n     \n       \n        <div class=\"agent_unit_social agent_list\">\n        \n               \n               <div class=\"wpestate_agent_unit_social\"><\/div><div class=\"agent_unit_phone\"><a href=\"tel:+352 43 67 67\" rel=\"noopener\" ><i class=\"fas fa-phone\"><\/i><\/a><\/div><div class=\"agent_unit_email\"><a href=\"mailto:info@weol.lu\" rel=\"noopener\" ><i class=\"fas fa-envelope\"><\/i><\/a><\/div>           \n        <\/div>\n    <\/div>\n<\/div>   \n<!-- <\/div>    --><\/div>[\/vc_column][vc_column width=\u00a0\u00bb1\/6&Prime; offset=\u00a0\u00bbvc_hidden-sm vc_hidden-xs\u00a0\u00bb][\/vc_column][\/vc_row]<\/p>\n<\/div>","protected":false},"excerpt":{"rendered":"<p>[vc_row][vc_column][vc_empty_space height=\u00a0\u00bb30&Prime;][vc_column_text]Vous recherchez un bien \u00e0 vendre ou \u00e0 louer au Luxembourg, Weol S\u00e0rl rend la recherche plus facile. Utilisez notre fonction unique de cartographie de g\u00e9olocalisation pour trouver votre bien immobilier et contacter nous directement. Nous vous aiderons \u00e0 trouver votre bien de r\u00eave en quelques secondes. Nous offrons \u00e0 nos clients une richesse de connaissances sur tous les aspects de l&rsquo;achat ou &#8230;<\/p>\n","protected":false},"author":1,"featured_media":0,"parent":0,"menu_order":0,"comment_status":"open","ping_status":"closed","template":"contact_page.php","meta":{"footnotes":""},"yoast_head":"<!-- This site is optimized with the Yoast SEO plugin v22.5 - https:\/\/yoast.com\/wordpress\/plugins\/seo\/ -->\n<title>Contacts - Weol Immobili\u00e8re<\/title>\n<meta name=\"robots\" content=\"index, follow, max-snippet:-1, max-image-preview:large, max-video-preview:-1\" \/>\n<link rel=\"canonical\" href=\"https:\/\/weol.lu\/fr\/contacts\/\" \/>\n<meta property=\"og:locale\" content=\"fr_FR\" \/>\n<meta property=\"og:type\" content=\"article\" \/>\n<meta property=\"og:title\" content=\"Contacts\" \/>\n<meta property=\"og:description\" content=\"Vous voulez vendre et \u00eates stress\u00e9, comment choisir la bonne agence? Comment faire \u00e0 ne pas rester sur votre bien et qu&#039;il ne se vende pas? Tant de questions se posent... Contactez-nous, nous estimons v\u00f4tre bien et vous accompagnons le long du chemin.\" \/>\n<meta property=\"og:url\" content=\"https:\/\/weol.lu\/fr\/contacts\/\" \/>\n<meta property=\"og:site_name\" content=\"Weol Immobili\u00e8re\" \/>\n<meta property=\"article:modified_time\" content=\"2017-07-29T16:35:41+00:00\" \/>\n<meta property=\"og:image\" content=\"https:\/\/weol.lu\/wp-content\/uploads\/2015\/02\/logo-weol-face.png\" \/>\n\t<meta property=\"og:image:width\" content=\"1200\" \/>\n\t<meta property=\"og:image:height\" content=\"630\" \/>\n\t<meta property=\"og:image:type\" content=\"image\/png\" \/>\n<meta name=\"twitter:card\" content=\"summary_large_image\" \/>\n<meta name=\"twitter:label1\" content=\"Dur\u00e9e de lecture estim\u00e9e\" \/>\n\t<meta name=\"twitter:data1\" content=\"2 minutes\" \/>\n<script type=\"application\/ld+json\" class=\"yoast-schema-graph\">{\"@context\":\"https:\/\/schema.org\",\"@graph\":[{\"@type\":\"WebPage\",\"@id\":\"https:\/\/weol.lu\/fr\/contacts\/\",\"url\":\"https:\/\/weol.lu\/fr\/contacts\/\",\"name\":\"Contacts - Weol Immobili\u00e8re\",\"isPartOf\":{\"@id\":\"https:\/\/weol.lu\/fr\/#website\"},\"datePublished\":\"2016-12-29T13:02:55+00:00\",\"dateModified\":\"2017-07-29T16:35:41+00:00\",\"inLanguage\":\"fr-FR\",\"potentialAction\":[{\"@type\":\"ReadAction\",\"target\":[\"https:\/\/weol.lu\/fr\/contacts\/\"]}]},{\"@type\":\"WebSite\",\"@id\":\"https:\/\/weol.lu\/fr\/#website\",\"url\":\"https:\/\/weol.lu\/fr\/\",\"name\":\"Weol Immobili\u00e8re\",\"description\":\"Immobili\u00e8re Agence\",\"potentialAction\":[{\"@type\":\"SearchAction\",\"target\":{\"@type\":\"EntryPoint\",\"urlTemplate\":\"https:\/\/weol.lu\/fr\/?s={search_term_string}\"},\"query-input\":\"required name=search_term_string\"}],\"inLanguage\":\"fr-FR\"}]}<\/script>\n<!-- \/ Yoast SEO plugin. -->","yoast_head_json":{"title":"Contacts - Weol Immobili\u00e8re","robots":{"index":"index","follow":"follow","max-snippet":"max-snippet:-1","max-image-preview":"max-image-preview:large","max-video-preview":"max-video-preview:-1"},"canonical":"https:\/\/weol.lu\/fr\/contacts\/","og_locale":"fr_FR","og_type":"article","og_title":"Contacts","og_description":"Vous voulez vendre et \u00eates stress\u00e9, comment choisir la bonne agence? Comment faire \u00e0 ne pas rester sur votre bien et qu'il ne se vende pas? Tant de questions se posent... Contactez-nous, nous estimons v\u00f4tre bien et vous accompagnons le long du chemin.","og_url":"https:\/\/weol.lu\/fr\/contacts\/","og_site_name":"Weol Immobili\u00e8re","article_modified_time":"2017-07-29T16:35:41+00:00","og_image":[{"width":"1200","height":"630","url":"https:\/\/weol.lu\/wp-content\/uploads\/2015\/02\/logo-weol-face.png","type":"image\/png"}],"twitter_card":"summary_large_image","twitter_misc":{"Dur\u00e9e de lecture estim\u00e9e":"2 minutes"},"schema":{"@context":"https:\/\/schema.org","@graph":[{"@type":"WebPage","@id":"https:\/\/weol.lu\/fr\/contacts\/","url":"https:\/\/weol.lu\/fr\/contacts\/","name":"Contacts - Weol Immobili\u00e8re","isPartOf":{"@id":"https:\/\/weol.lu\/fr\/#website"},"datePublished":"2016-12-29T13:02:55+00:00","dateModified":"2017-07-29T16:35:41+00:00","inLanguage":"fr-FR","potentialAction":[{"@type":"ReadAction","target":["https:\/\/weol.lu\/fr\/contacts\/"]}]},{"@type":"WebSite","@id":"https:\/\/weol.lu\/fr\/#website","url":"https:\/\/weol.lu\/fr\/","name":"Weol Immobili\u00e8re","description":"Immobili\u00e8re Agence","potentialAction":[{"@type":"SearchAction","target":{"@type":"EntryPoint","urlTemplate":"https:\/\/weol.lu\/fr\/?s={search_term_string}"},"query-input":"required name=search_term_string"}],"inLanguage":"fr-FR"}]}},"_links":{"self":[{"href":"https:\/\/weol.lu\/fr\/wp-json\/wp\/v2\/pages\/18738"}],"collection":[{"href":"https:\/\/weol.lu\/fr\/wp-json\/wp\/v2\/pages"}],"about":[{"href":"https:\/\/weol.lu\/fr\/wp-json\/wp\/v2\/types\/page"}],"author":[{"embeddable":true,"href":"https:\/\/weol.lu\/fr\/wp-json\/wp\/v2\/users\/1"}],"replies":[{"embeddable":true,"href":"https:\/\/weol.lu\/fr\/wp-json\/wp\/v2\/comments?post=18738"}],"version-history":[{"count":0,"href":"https:\/\/weol.lu\/fr\/wp-json\/wp\/v2\/pages\/18738\/revisions"}],"wp:attachment":[{"href":"https:\/\/weol.lu\/fr\/wp-json\/wp\/v2\/media?parent=18738"}],"curies":[{"name":"wp","href":"https:\/\/api.w.org\/{rel}","templated":true}]}}