{"id":22658,"date":"2019-06-20T19:52:19","date_gmt":"2019-06-20T19:52:19","guid":{"rendered":"https:\/\/weol.lu\/politique-de-confidentialite\/"},"modified":"2019-06-20T20:03:38","modified_gmt":"2019-06-20T20:03:38","slug":"politique-de-confidentialite","status":"publish","type":"page","link":"https:\/\/weol.lu\/fr\/politique-de-confidentialite\/","title":{"rendered":"Politique de confidentialit\u00e9"},"content":{"rendered":"<p>Ce site est exploit\u00e9 par WEOL Immobili\u00e8re (ci-apr\u00e8s \u00ab\u00a0WEOL\u00a0\u00bb ou \u00ab\u00a0nous\u00a0\u00bb). Cette politique de confidentialit\u00e9 d\u00e9crit la mani\u00e8re dont nous recueillons et traitons vos donn\u00e9es personnelles.<\/p>\n<p>WEOL s&rsquo;engage \u00e0 prot\u00e9ger les donn\u00e9es personnelles de ses clients et des utilisateurs du site Web en faisant \u00e9tablir cette politique de confidentialit\u00e9 afin de faire conna\u00eetre son engagement et son respect des r\u00e8gles en mati\u00e8re de confidentialit\u00e9 et de protection des donn\u00e9es. Donn\u00e9es personnelles que nous collectons et traitons conform\u00e9ment au r\u00e8glement g\u00e9n\u00e9ral sur la protection des donn\u00e9es (RGPD).<\/p>\n<ol>\n<li><strong>Vos donn\u00e9es personnelles<\/strong><\/li>\n<\/ol>\n<p style=\"padding-left: 40px;\">Lors de votre visite sur ce site, nous collecterons automatiquement les informations personnelles suivantes vous concernant :<\/p>\n<p>&nbsp;<\/p>\n<ul>\n<li style=\"list-style-type: none;\">\n<ul>\n<li>des informations sur les pages que vous visitez sur ce site;<\/li>\n<li>date et heure de votre visite,<\/li>\n<li>adresse IP,<\/li>\n<li>navigateur Web,<\/li>\n<li>le site (URL) que vous avez visit\u00e9 avant d&rsquo;acc\u00e9der \u00e0 ce site et<\/li>\n<li>certains cookies (voir section 2.1 ci-dessous).<\/li>\n<\/ul>\n<\/li>\n<\/ul>\n<p style=\"padding-left: 40px;\">De plus, nous collecterons toutes les informations que vous nous transmettez en utilisant les formulaires de contact disponibles sur ce site.<\/p>\n<p style=\"padding-left: 40px;\">Nous obtenons \u00e9galement des donn\u00e9es personnelles de clients fournis, les donn\u00e9es personnelles que nous traitons dans ce contexte sont:<\/p>\n<ul>\n<li style=\"list-style-type: none;\">\n<ul>\n<li>nom;<\/li>\n<li>adresse;<\/li>\n<li>num\u00e9ro de t\u00e9l\u00e9phone;<\/li>\n<li>adresse e-mail;<\/li>\n<li>des rassemblements et des informations associ\u00e9s \u00e0 la<\/li>\n<li>donn\u00e9es relatives \u00e0 des transactions immobili\u00e8res individuelles.<\/li>\n<\/ul>\n<\/li>\n<\/ul>\n<p style=\"padding-left: 40px;\">Dans le cas o\u00f9 nous vous demanderions de fournir des donn\u00e9es personnelles, vous ne serez pas oblig\u00e9 de le faire, mais si vous ne le faites pas, vous ne pourrez pas utiliser toutes les fonctionnalit\u00e9s de notre site ni utiliser nos services immobiliers en g\u00e9n\u00e9ral.<\/p>\n<p>&nbsp;<\/p>\n<ol start=\"2\">\n<li><strong>Cookies, Google Analytics, Facebook<\/strong><\/li>\n<\/ol>\n<p style=\"padding-left: 40px;\">2.1. Cookies<br \/>\nCe site utilise des cookies. Un cookie est un petit fichier qui peut \u00eatre stock\u00e9 sur votre ordinateur lorsque vous visitez un site Web.Les cookies sont g\u00e9n\u00e9ralement utilis\u00e9s pour fournir aux visiteurs du site des fonctionnalit\u00e9s suppl\u00e9mentaires sur le site. Ils peuvent, par exemple, \u00eatre cr\u00e9\u00e9s pour suivre votre visite et faciliter la navigation sur votre site, vous aider \u00e0 rester o\u00f9 vous \u00eates et \/ ou m\u00e9moriser vos pr\u00e9f\u00e9rences et param\u00e8tres lors de votre prochaine visite sur le site.<\/p>\n<p style=\"padding-left: 40px;\">Les cookies ne peuvent acc\u00e9der, lire ou modifier aucune autre donn\u00e9e sur votre ordinateur. La plupart des cookies utilis\u00e9s sur ce site sont des cookies de session. Ils sont automatiquement supprim\u00e9s lorsque vous quittez le site.<\/p>\n<p style=\"padding-left: 40px;\">Il y a encore des cookies persistants, ils restent sur votre ordinateur jusqu&rsquo;\u00e0 ce que vous les supprimiez dans votre navigateur. Nous utilisons des cookies persistants pour vous reconna\u00eetre lors de votre prochaine visite sur ce site.<\/p>\n<p style=\"padding-left: 40px;\">Si vous souhaitez contr\u00f4ler les cookies install\u00e9s sur votre ordinateur, vous pouvez modifier les param\u00e8tres de votre navigateur pour que celui-ci vous avertisse lorsqu&rsquo;un site tente d&rsquo;installer un cookie ou qu&rsquo;il bloque d\u00e9finitivement les cookies. Vous pouvez \u00e9galement supprimer les cookies d\u00e9j\u00e0 install\u00e9s sur votre ordinateur. Reportez-vous \u00e0 la fonction \u00ab\u00a0Aide\u00a0\u00bb de votre navigateur pour plus d&rsquo;informations sur la proc\u00e9dure \u00e0 suivre.<\/p>\n<p style=\"padding-left: 40px;\">Veuillez toutefois noter que la d\u00e9sactivation des cookies peut affecter votre exp\u00e9rience en ligne et \/ ou vous emp\u00eacher de tirer pleinement parti de notre site.<\/p>\n<p style=\"padding-left: 40px;\">Pour plus d&rsquo;informations sur l&rsquo;utilisation des cookies et sur la mani\u00e8re de les bloquer, visitez allaboutcookies.org, youronlinechoices.eu (Europe). Si vous avez des questions ou des commentaires sur notre utilisation des cookies, veuillez nous contacter \u00e0 info@weol.lu.<\/p>\n<p style=\"padding-left: 40px;\">2.2. Google Analytics<br \/>\nCe site utilise Google Analytics, un service d&rsquo;analyse du trafic Internet fourni par Google, Inc., 1600 Amphitheatre Parkway Mountain View, CA 94043, USA (\u00ab\u00a0Google\u00a0\u00bb). Google Analytics utilise des cookies pour nous aider \u00e0 analyser votre utilisation de ce site.<\/p>\n<p style=\"padding-left: 40px;\">Des informations suppl\u00e9mentaires sur les conditions d&rsquo;utilisation et la confidentialit\u00e9 des donn\u00e9es sont disponibles dans les conditions d&rsquo;utilisation de Google Analytics <a href=\"https:\/\/www.google.com\/analytics\/terms\/fr.html\">https:\/\/www.google.com\/analytics\/terms\/fr.html<\/a> ou dans les r\u00e8gles de confidentialit\u00e9 de Google. Analytics <a href=\"https:\/\/support.google.com\/analytics\/answer\/6004245?hl=fr\">https:\/\/support.google.com\/analytics\/answer\/6004245?hl=fr<\/a>. Veuillez noter que sur ce site, Google Analytics est compl\u00e9t\u00e9 par \u00ab\u00a0GAT. AnonymizeIp ();\u00a0\u00bb pour garantir la collecte anonyme d&rsquo;adresses IP (masquage IP).<\/p>\n<p style=\"padding-left: 40px;\">2.3. Plugins Facebook (comme Button)<br \/>\nNos pages int\u00e8grent des plugins de r\u00e9seaux sociaux Facebook exploit\u00e9s par Facebook Inc., 1601 Willow Road, Menlo Park, Californie, 94025, \u00c9tats-Unis. Les plugins Facebook sont caract\u00e9ris\u00e9s par le logo Facebook ou le \u00ab\u00a0Like-Button\u00a0\u00bb (\u00ab\u00a0J&rsquo;aime\u00a0\u00bb) sur notre site.<\/p>\n<p style=\"padding-left: 40px;\">Vous pouvez trouver un aper\u00e7u des plugins Facebook ici : <a href=\"http:\/\/Developers.Facebook.com\/docs\/plugins\/\">http:\/\/Developers.Facebook.com\/docs\/plugins\/<\/a><\/p>\n<p style=\"padding-left: 40px;\">Pour plus d&rsquo;informations, veuillez consulter la d\u00e9claration de confidentialit\u00e9 de Facebook <a href=\"https:\/\/www.facebook.com\/privacy\/explanation\">https:\/\/www.facebook.com\/privacy\/explanation<\/a><\/p>\n<p style=\"padding-left: 40px;\">Si vous ne souhaitez pas que Facebook associe votre visite \u00e0 notre site \u00e0 votre compte Facebook, veuillez-vous d\u00e9connecter de votre compte Facebook avant de visiter notre site.<\/p>\n<p>&nbsp;<\/p>\n<ol start=\"3\">\n<li><strong>Objectifs pour lesquels nous utilisons vos donn\u00e9es<\/strong><\/li>\n<\/ol>\n<p style=\"padding-left: 40px;\">Nous utilisons vos donn\u00e9es personnelles pour vous rendre disponible sur ce site en tant qu&rsquo;utilisateur, pour g\u00e9n\u00e9rer des statistiques d&rsquo;utilisation, pour am\u00e9liorer et d\u00e9velopper ce site, pour vous fournir des services de m\u00e9diation immobili\u00e8re, pour r\u00e9pondre aux demandes et messages de votre part, pour vous envoyer des informations. Notre lettre d\u2019information si vous vous y abonnez, pour vous contacter au sujet des biens susceptibles de vous int\u00e9resser et pour analyser vos donn\u00e9es sous forme agr\u00e9g\u00e9e afin d\u2019analyser notre activit\u00e9.<\/p>\n<p>&nbsp;<\/p>\n<ol start=\"4\">\n<li><strong> Base l\u00e9gale du traitement<\/strong><\/li>\n<\/ol>\n<p style=\"padding-left: 40px;\">Le fondement juridique du traitement de vos donn\u00e9es sera notre int\u00e9r\u00eat l\u00e9gitime actuel (conform\u00e9ment \u00e0 l&rsquo;article 6, paragraphe 1, point f), du r\u00e8glement g\u00e9n\u00e9ral de l&rsquo;UE sur la protection des donn\u00e9es, intitul\u00e9 \u00ab\u00a0RGPD\u00a0\u00bb). Votre consentement vous sera demand\u00e9 et vous pourrez retirer votre consentement \u00e0 tout moment. Toutefois, cela n\u2019affecte pas la l\u00e9galit\u00e9 du traitement de vos donn\u00e9es sur la base d\u2019un consentement pr\u00e9alable \u00e0 votre retrait.<\/p>\n<p>&nbsp;<\/p>\n<ol start=\"5\">\n<li><strong> Divulgations et transferts de donn\u00e9es<\/strong><strong><br \/>\n<\/strong><\/li>\n<\/ol>\n<p style=\"padding-left: 40px;\">Les donn\u00e9es personnelles de nos utilisateurs ne seront pas transmises \u00e0 des tiers sauf si:<\/p>\n<ul>\n<li style=\"list-style-type: none;\">\n<ul>\n<li>WEOL a votre autorisation expresse ;<\/li>\n<li>Ces entit\u00e9s promeuvent, par contrat, la fourniture des services fournis par WEOL \u00e0 nos utilisateurs ;<\/li>\n<li>Comme requis par la loi;<\/li>\n<li>De mani\u00e8re strictement n\u00e9cessaire pour assurer le respect de nos conditions d&rsquo;utilisation, droits ou propri\u00e9t\u00e9;<\/li>\n<\/ul>\n<\/li>\n<\/ul>\n<p>&nbsp;<\/p>\n<ol start=\"6\">\n<li><strong> P\u00e9riodes de r\u00e9tention<br \/>\n<\/strong><\/li>\n<\/ol>\n<p style=\"padding-left: 40px;\">Nous conserverons vos donn\u00e9es que nous recueillons automatiquement lorsque vous visitez ce site pendant au maximum six mois. Si vous vous \u00eates inscrit \u00e0 notre newsletter, nous conserverons votre adresse e-mail jusqu&rsquo;\u00e0 ce que nous l&rsquo;annulions. Si vous vous \u00eates inscrit sur notre site Web, nous conserverons vos donn\u00e9es tant que votre compte existe et par la suite que s&rsquo;il existe une obligation l\u00e9gale de conserver vos donn\u00e9es.<\/p>\n<p>&nbsp;<\/p>\n<ol start=\"7\">\n<li><strong> Vos droits<\/strong><\/li>\n<\/ol>\n<p style=\"padding-left: 40px;\">Le Client, en tant que d\u00e9tenteur des donn\u00e9es, a le droit d&rsquo;acc\u00e9der \u00e0 toutes ses donn\u00e9es. Il a \u00e9galement le droit d\u2019exiger sa limitation, sa rectification, son opposition ou son effacement dans les limites l\u00e9gales.<\/p>\n<p style=\"padding-left: 40px;\">Le client, en tant que d\u00e9tenteur des donn\u00e9es, a \u00e9galement le droit de retirer \u00e0 tout moment son consentement au traitement des donn\u00e9es. Ce changement de consentement ne compromet pas la l\u00e9galit\u00e9 du traitement appliqu\u00e9 sur la base du consentement donn\u00e9 pr\u00e9c\u00e9demment.<\/p>\n<p style=\"padding-left: 40px;\">Lorsque cela s&rsquo;av\u00e8re techniquement r\u00e9alisable, le Client peut demander la transf\u00e9rabilit\u00e9 de ses donn\u00e9es \u00e0 un autre responsable du traitement. Celles-ci ne seront conserv\u00e9es que pour l&rsquo;exercice ou la d\u00e9fense des r\u00e9clamations. \u00c0 cette fin \u00e9galement (effets uniques de la d\u00e9claration, de l\u2019exercice ou de la d\u00e9fense d\u2019un droit dans une proc\u00e9dure judiciaire), des donn\u00e9es peuvent \u00eatre conserv\u00e9es lors de l\u2019exercice de certains des droits identifi\u00e9s ci-dessus.<\/p>\n<p style=\"padding-left: 40px;\">Si vous souhaitez exercer ces droits ou pour toute autre question suppl\u00e9mentaire relative \u00e0 la protection des donn\u00e9es et \u00e0 son traitement, vous devez contacter par \u00e9crit la personne responsable par l\u2019interm\u00e9diaire du contact ci-dessous. Une preuve de l\u2019identit\u00e9 de la personne concern\u00e9e vous sera toujours demand\u00e9e. De plus, si vous estimez \u00e0 tout moment que vos droits n\u2019ont pas \u00e9t\u00e9 d\u00fbment pris en compte, vous pouvez d\u00e9poser une plainte aupr\u00e8s de la Commission nationale de la protection des donn\u00e9es.<\/p>\n<p style=\"padding-left: 40px;\">De plus amples informations sont disponibles sur le site web de la Commission : <a href=\"https:\/\/www.cnpd.lu\/\">https:\/\/www.cnpd.lu\/<\/a><\/p>\n<p>&nbsp;<\/p>\n<ol start=\"8\">\n<li><strong>Contactez-nous<\/strong><strong><br \/>\n<\/strong><\/li>\n<\/ol>\n<p style=\"padding-left: 40px;\">Si vous avez des questions ou souhaitez des \u00e9claircissements sur le traitement de vos donn\u00e9es, vous pouvez nous contacter \u00e0 <a href=\"mailto:info@weol.lu\">info@weol.lu<\/a><\/p>\n<p>&nbsp;<\/p>\n<p style=\"padding-left: 40px;\">Merci d&rsquo;avoir lu notre politique de confidentialit\u00e9.<\/p>\n","protected":false},"excerpt":{"rendered":"<p>Ce site est exploit\u00e9 par WEOL Immobili\u00e8re (ci-apr\u00e8s \u00ab\u00a0WEOL\u00a0\u00bb ou \u00ab\u00a0nous\u00a0\u00bb). Cette politique de confidentialit\u00e9 d\u00e9crit la mani\u00e8re dont nous recueillons et traitons vos donn\u00e9es personnelles. WEOL s&rsquo;engage \u00e0 prot\u00e9ger les donn\u00e9es personnelles de ses clients et des utilisateurs du site Web en faisant \u00e9tablir cette politique de confidentialit\u00e9 afin de faire conna\u00eetre son engagement et son respect des r\u00e8gles en mati\u00e8re de confidentialit\u00e9 &#8230;<\/p>\n","protected":false},"author":1,"featured_media":0,"parent":0,"menu_order":0,"comment_status":"closed","ping_status":"closed","template":"","meta":{"footnotes":""},"yoast_head":"<!-- This site is optimized with the Yoast SEO plugin v22.5 - https:\/\/yoast.com\/wordpress\/plugins\/seo\/ -->\n<title>Politique de confidentialit\u00e9 - Weol Immobili\u00e8re<\/title>\n<meta name=\"robots\" content=\"index, follow, max-snippet:-1, max-image-preview:large, max-video-preview:-1\" \/>\n<link rel=\"canonical\" href=\"https:\/\/weol.lu\/fr\/politique-de-confidentialite\/\" \/>\n<meta property=\"og:locale\" content=\"fr_FR\" \/>\n<meta property=\"og:type\" content=\"article\" \/>\n<meta property=\"og:title\" content=\"Politique de confidentialit\u00e9 - Weol Immobili\u00e8re\" \/>\n<meta property=\"og:description\" content=\"Ce site est exploit\u00e9 par WEOL Immobili\u00e8re (ci-apr\u00e8s \u00ab\u00a0WEOL\u00a0\u00bb ou \u00ab\u00a0nous\u00a0\u00bb). Cette politique de confidentialit\u00e9 d\u00e9crit la mani\u00e8re dont nous recueillons et traitons vos donn\u00e9es personnelles. WEOL s&rsquo;engage \u00e0 prot\u00e9ger les donn\u00e9es personnelles de ses clients et des utilisateurs du site Web en faisant \u00e9tablir cette politique de confidentialit\u00e9 afin de faire conna\u00eetre son engagement et son respect des r\u00e8gles en mati\u00e8re de confidentialit\u00e9 ...\" \/>\n<meta property=\"og:url\" content=\"https:\/\/weol.lu\/fr\/politique-de-confidentialite\/\" \/>\n<meta property=\"og:site_name\" content=\"Weol Immobili\u00e8re\" \/>\n<meta property=\"article:modified_time\" content=\"2019-06-20T20:03:38+00:00\" \/>\n<meta property=\"og:image\" content=\"https:\/\/weol.lu\/wp-content\/uploads\/2021\/05\/logo-weol-1.png\" \/>\n\t<meta property=\"og:image:width\" content=\"432\" \/>\n\t<meta property=\"og:image:height\" content=\"270\" \/>\n\t<meta property=\"og:image:type\" content=\"image\/png\" \/>\n<meta name=\"twitter:card\" content=\"summary_large_image\" \/>\n<meta name=\"twitter:label1\" content=\"Dur\u00e9e de lecture estim\u00e9e\" \/>\n\t<meta name=\"twitter:data1\" content=\"7 minutes\" \/>\n<script type=\"application\/ld+json\" class=\"yoast-schema-graph\">{\"@context\":\"https:\/\/schema.org\",\"@graph\":[{\"@type\":\"WebPage\",\"@id\":\"https:\/\/weol.lu\/fr\/politique-de-confidentialite\/\",\"url\":\"https:\/\/weol.lu\/fr\/politique-de-confidentialite\/\",\"name\":\"Politique de confidentialit\u00e9 - Weol Immobili\u00e8re\",\"isPartOf\":{\"@id\":\"https:\/\/weol.lu\/fr\/#website\"},\"datePublished\":\"2019-06-20T19:52:19+00:00\",\"dateModified\":\"2019-06-20T20:03:38+00:00\",\"inLanguage\":\"fr-FR\",\"potentialAction\":[{\"@type\":\"ReadAction\",\"target\":[\"https:\/\/weol.lu\/fr\/politique-de-confidentialite\/\"]}]},{\"@type\":\"WebSite\",\"@id\":\"https:\/\/weol.lu\/fr\/#website\",\"url\":\"https:\/\/weol.lu\/fr\/\",\"name\":\"Weol Immobili\u00e8re\",\"description\":\"Immobili\u00e8re Agence\",\"potentialAction\":[{\"@type\":\"SearchAction\",\"target\":{\"@type\":\"EntryPoint\",\"urlTemplate\":\"https:\/\/weol.lu\/fr\/?s={search_term_string}\"},\"query-input\":\"required name=search_term_string\"}],\"inLanguage\":\"fr-FR\"}]}<\/script>\n<!-- \/ Yoast SEO plugin. -->","yoast_head_json":{"title":"Politique de confidentialit\u00e9 - Weol Immobili\u00e8re","robots":{"index":"index","follow":"follow","max-snippet":"max-snippet:-1","max-image-preview":"max-image-preview:large","max-video-preview":"max-video-preview:-1"},"canonical":"https:\/\/weol.lu\/fr\/politique-de-confidentialite\/","og_locale":"fr_FR","og_type":"article","og_title":"Politique de confidentialit\u00e9 - Weol Immobili\u00e8re","og_description":"Ce site est exploit\u00e9 par WEOL Immobili\u00e8re (ci-apr\u00e8s \u00ab\u00a0WEOL\u00a0\u00bb ou \u00ab\u00a0nous\u00a0\u00bb). Cette politique de confidentialit\u00e9 d\u00e9crit la mani\u00e8re dont nous recueillons et traitons vos donn\u00e9es personnelles. WEOL s&rsquo;engage \u00e0 prot\u00e9ger les donn\u00e9es personnelles de ses clients et des utilisateurs du site Web en faisant \u00e9tablir cette politique de confidentialit\u00e9 afin de faire conna\u00eetre son engagement et son respect des r\u00e8gles en mati\u00e8re de confidentialit\u00e9 ...","og_url":"https:\/\/weol.lu\/fr\/politique-de-confidentialite\/","og_site_name":"Weol Immobili\u00e8re","article_modified_time":"2019-06-20T20:03:38+00:00","og_image":[{"width":432,"height":270,"url":"https:\/\/weol.lu\/wp-content\/uploads\/2021\/05\/logo-weol-1.png","type":"image\/png"}],"twitter_card":"summary_large_image","twitter_misc":{"Dur\u00e9e de lecture estim\u00e9e":"7 minutes"},"schema":{"@context":"https:\/\/schema.org","@graph":[{"@type":"WebPage","@id":"https:\/\/weol.lu\/fr\/politique-de-confidentialite\/","url":"https:\/\/weol.lu\/fr\/politique-de-confidentialite\/","name":"Politique de confidentialit\u00e9 - Weol Immobili\u00e8re","isPartOf":{"@id":"https:\/\/weol.lu\/fr\/#website"},"datePublished":"2019-06-20T19:52:19+00:00","dateModified":"2019-06-20T20:03:38+00:00","inLanguage":"fr-FR","potentialAction":[{"@type":"ReadAction","target":["https:\/\/weol.lu\/fr\/politique-de-confidentialite\/"]}]},{"@type":"WebSite","@id":"https:\/\/weol.lu\/fr\/#website","url":"https:\/\/weol.lu\/fr\/","name":"Weol Immobili\u00e8re","description":"Immobili\u00e8re Agence","potentialAction":[{"@type":"SearchAction","target":{"@type":"EntryPoint","urlTemplate":"https:\/\/weol.lu\/fr\/?s={search_term_string}"},"query-input":"required name=search_term_string"}],"inLanguage":"fr-FR"}]}},"_links":{"self":[{"href":"https:\/\/weol.lu\/fr\/wp-json\/wp\/v2\/pages\/22658"}],"collection":[{"href":"https:\/\/weol.lu\/fr\/wp-json\/wp\/v2\/pages"}],"about":[{"href":"https:\/\/weol.lu\/fr\/wp-json\/wp\/v2\/types\/page"}],"author":[{"embeddable":true,"href":"https:\/\/weol.lu\/fr\/wp-json\/wp\/v2\/users\/1"}],"replies":[{"embeddable":true,"href":"https:\/\/weol.lu\/fr\/wp-json\/wp\/v2\/comments?post=22658"}],"version-history":[{"count":0,"href":"https:\/\/weol.lu\/fr\/wp-json\/wp\/v2\/pages\/22658\/revisions"}],"wp:attachment":[{"href":"https:\/\/weol.lu\/fr\/wp-json\/wp\/v2\/media?parent=22658"}],"curies":[{"name":"wp","href":"https:\/\/api.w.org\/{rel}","templated":true}]}}