{"id":22672,"date":"2019-06-21T10:34:48","date_gmt":"2019-06-21T10:34:48","guid":{"rendered":"https:\/\/weol.lu\/politique-de-cookies\/"},"modified":"2019-06-21T10:35:51","modified_gmt":"2019-06-21T10:35:51","slug":"politique-de-cookies","status":"publish","type":"page","link":"https:\/\/weol.lu\/fr\/politique-de-cookies\/","title":{"rendered":"Politique de cookies"},"content":{"rendered":"<p>Les cookies sont utilis\u00e9s pour am\u00e9liorer notre service. Certains des cookies sont essentiels pour garantir les fonctionnalit\u00e9s fournies, tandis que d&rsquo;autres sont destin\u00e9s \u00e0 am\u00e9liorer les performances et l&rsquo;exp\u00e9rience de l&rsquo;utilisateur.<\/p>\n<p>&nbsp;<\/p>\n<p>Les cookies essentiels sont destin\u00e9s \u00e0:<\/p>\n<ul>\n<li>M\u00e9moriser vos recherches sur le site<\/li>\n<\/ul>\n<p>&nbsp;<\/p>\n<p>Les cookies fonctionnels sont destin\u00e9s \u00e0:<\/p>\n<ul>\n<li>M\u00e9moriser les informations de votre compte<\/li>\n<li>S&rsquo;assurer que votre connexion est s\u00e9curis\u00e9e<\/li>\n<li>Assurez que le site Web est constamment affich\u00e9<\/li>\n<li>Support par chat<\/li>\n<\/ul>\n<p>&nbsp;<\/p>\n<p>Les cookies de performance sont destin\u00e9s \u00e0:<\/p>\n<ul>\n<li>Am\u00e9liorer les performances du site Web en r\u00e9duisant le nombre de chargement de pages que vous visitez.<\/li>\n<li>Am\u00e9liorer l&rsquo;exp\u00e9rience utilisateur<\/li>\n<\/ul>\n<p>&nbsp;<\/p>\n<p>Les cookies de ciblage sont destin\u00e9s \u00e0:<\/p>\n<ul>\n<li>Permettre de partager et de profiter des r\u00e9seaux sociaux<\/li>\n<li>Envoyer des informations \u00e0 d&rsquo;autres sites Web pour personnaliser la publicit\u00e9 affich\u00e9e<\/li>\n<\/ul>\n<p>&nbsp;<\/p>\n<p>Exemples d&rsquo;utilisation de cookies:<\/p>\n<p>&nbsp;<\/p>\n<p>Les cookies sont utilis\u00e9s pour am\u00e9liorer le service qui vous est fourni, tels que:<\/p>\n<ul>\n<li>Permettre l&rsquo;utilisation de certains services tels que le paiement, ce qui ne serait pas possible sans les cookies<\/li>\n<li>Autoriser un service \u00e0 reconna\u00eetre votre appareil afin de ne pas avoir \u00e0 fournir constamment les m\u00eames donn\u00e9es<\/li>\n<li>Reconnaitre que vous avez d\u00e9j\u00e0 fourni un nom d&rsquo;utilisateur et un mot de passe lorsque vous \u00eates connect\u00e9 \u00e0 la zone client afin de ne pas avoir \u00e0 le faire \u00e0 chaque fois que vous entrez dans une page.<\/li>\n<li>Compter le nombre de personnes utilisant un service, assurant ainsi une utilisation rapide<\/li>\n<li>Analyser les donn\u00e9es pour nous faire savoir comment vous utilisez les services afin que nous puissions les am\u00e9liorer<\/li>\n<\/ul>\n<p>&nbsp;<\/p>\n<p>Si vous n&rsquo;autorisez pas l&rsquo;utilisation de cookies sur ce site, certaines pages ne fonctionneront pas comme pr\u00e9vu. Si vous souhaitez supprimer les cookies d\u00e9j\u00e0 pr\u00e9sents sur votre ordinateur, reportez-vous \u00e0 la section \u00ab\u00a0Aide\u00a0\u00bb de votre navigateur Internet.<\/p>\n<p>&nbsp;<\/p>\n<p>Vous pouvez \u00e9galement trouver plus d&rsquo;informations sur les cookies sur http:\/\/www.aboutcookies.org (anglais) ou voir la section \u00ab\u00a0Aide\u00a0\u00bb de votre navigateur Internet.<\/p>\n","protected":false},"excerpt":{"rendered":"<p>Les cookies sont utilis\u00e9s pour am\u00e9liorer notre service. Certains des cookies sont essentiels pour garantir les fonctionnalit\u00e9s fournies, tandis que d&rsquo;autres sont destin\u00e9s \u00e0 am\u00e9liorer les performances et l&rsquo;exp\u00e9rience de l&rsquo;utilisateur. &nbsp; Les cookies essentiels sont destin\u00e9s \u00e0: M\u00e9moriser vos recherches sur le site &nbsp; Les cookies fonctionnels sont destin\u00e9s \u00e0: M\u00e9moriser les informations de votre compte S&rsquo;assurer que votre connexion est s\u00e9curis\u00e9e Assurez &#8230;<\/p>\n","protected":false},"author":1,"featured_media":0,"parent":0,"menu_order":0,"comment_status":"closed","ping_status":"closed","template":"","meta":{"footnotes":""},"yoast_head":"<!-- This site is optimized with the Yoast SEO plugin v22.5 - https:\/\/yoast.com\/wordpress\/plugins\/seo\/ -->\n<title>Politique de cookies - Weol Immobili\u00e8re<\/title>\n<meta name=\"robots\" content=\"index, follow, max-snippet:-1, max-image-preview:large, max-video-preview:-1\" \/>\n<link rel=\"canonical\" href=\"https:\/\/weol.lu\/fr\/politique-de-cookies\/\" \/>\n<meta property=\"og:locale\" content=\"fr_FR\" \/>\n<meta property=\"og:type\" content=\"article\" \/>\n<meta property=\"og:title\" content=\"Politique de cookies - Weol Immobili\u00e8re\" \/>\n<meta property=\"og:description\" content=\"Les cookies sont utilis\u00e9s pour am\u00e9liorer notre service. Certains des cookies sont essentiels pour garantir les fonctionnalit\u00e9s fournies, tandis que d&rsquo;autres sont destin\u00e9s \u00e0 am\u00e9liorer les performances et l&rsquo;exp\u00e9rience de l&rsquo;utilisateur. &nbsp; Les cookies essentiels sont destin\u00e9s \u00e0: M\u00e9moriser vos recherches sur le site &nbsp; Les cookies fonctionnels sont destin\u00e9s \u00e0: M\u00e9moriser les informations de votre compte S&rsquo;assurer que votre connexion est s\u00e9curis\u00e9e Assurez ...\" \/>\n<meta property=\"og:url\" content=\"https:\/\/weol.lu\/fr\/politique-de-cookies\/\" \/>\n<meta property=\"og:site_name\" content=\"Weol Immobili\u00e8re\" \/>\n<meta property=\"article:modified_time\" content=\"2019-06-21T10:35:51+00:00\" \/>\n<meta property=\"og:image\" content=\"https:\/\/weol.lu\/wp-content\/uploads\/2021\/05\/logo-weol-1.png\" \/>\n\t<meta property=\"og:image:width\" content=\"432\" \/>\n\t<meta property=\"og:image:height\" content=\"270\" \/>\n\t<meta property=\"og:image:type\" content=\"image\/png\" \/>\n<meta name=\"twitter:card\" content=\"summary_large_image\" \/>\n<meta name=\"twitter:label1\" content=\"Dur\u00e9e de lecture estim\u00e9e\" \/>\n\t<meta name=\"twitter:data1\" content=\"2 minutes\" \/>\n<script type=\"application\/ld+json\" class=\"yoast-schema-graph\">{\"@context\":\"https:\/\/schema.org\",\"@graph\":[{\"@type\":\"WebPage\",\"@id\":\"https:\/\/weol.lu\/fr\/politique-de-cookies\/\",\"url\":\"https:\/\/weol.lu\/fr\/politique-de-cookies\/\",\"name\":\"Politique de cookies - Weol Immobili\u00e8re\",\"isPartOf\":{\"@id\":\"https:\/\/weol.lu\/fr\/#website\"},\"datePublished\":\"2019-06-21T10:34:48+00:00\",\"dateModified\":\"2019-06-21T10:35:51+00:00\",\"inLanguage\":\"fr-FR\",\"potentialAction\":[{\"@type\":\"ReadAction\",\"target\":[\"https:\/\/weol.lu\/fr\/politique-de-cookies\/\"]}]},{\"@type\":\"WebSite\",\"@id\":\"https:\/\/weol.lu\/fr\/#website\",\"url\":\"https:\/\/weol.lu\/fr\/\",\"name\":\"Weol Immobili\u00e8re\",\"description\":\"Immobili\u00e8re Agence\",\"potentialAction\":[{\"@type\":\"SearchAction\",\"target\":{\"@type\":\"EntryPoint\",\"urlTemplate\":\"https:\/\/weol.lu\/fr\/?s={search_term_string}\"},\"query-input\":\"required name=search_term_string\"}],\"inLanguage\":\"fr-FR\"}]}<\/script>\n<!-- \/ Yoast SEO plugin. -->","yoast_head_json":{"title":"Politique de cookies - Weol Immobili\u00e8re","robots":{"index":"index","follow":"follow","max-snippet":"max-snippet:-1","max-image-preview":"max-image-preview:large","max-video-preview":"max-video-preview:-1"},"canonical":"https:\/\/weol.lu\/fr\/politique-de-cookies\/","og_locale":"fr_FR","og_type":"article","og_title":"Politique de cookies - Weol Immobili\u00e8re","og_description":"Les cookies sont utilis\u00e9s pour am\u00e9liorer notre service. Certains des cookies sont essentiels pour garantir les fonctionnalit\u00e9s fournies, tandis que d&rsquo;autres sont destin\u00e9s \u00e0 am\u00e9liorer les performances et l&rsquo;exp\u00e9rience de l&rsquo;utilisateur. &nbsp; Les cookies essentiels sont destin\u00e9s \u00e0: M\u00e9moriser vos recherches sur le site &nbsp; Les cookies fonctionnels sont destin\u00e9s \u00e0: M\u00e9moriser les informations de votre compte S&rsquo;assurer que votre connexion est s\u00e9curis\u00e9e Assurez ...","og_url":"https:\/\/weol.lu\/fr\/politique-de-cookies\/","og_site_name":"Weol Immobili\u00e8re","article_modified_time":"2019-06-21T10:35:51+00:00","og_image":[{"width":432,"height":270,"url":"https:\/\/weol.lu\/wp-content\/uploads\/2021\/05\/logo-weol-1.png","type":"image\/png"}],"twitter_card":"summary_large_image","twitter_misc":{"Dur\u00e9e de lecture estim\u00e9e":"2 minutes"},"schema":{"@context":"https:\/\/schema.org","@graph":[{"@type":"WebPage","@id":"https:\/\/weol.lu\/fr\/politique-de-cookies\/","url":"https:\/\/weol.lu\/fr\/politique-de-cookies\/","name":"Politique de cookies - Weol Immobili\u00e8re","isPartOf":{"@id":"https:\/\/weol.lu\/fr\/#website"},"datePublished":"2019-06-21T10:34:48+00:00","dateModified":"2019-06-21T10:35:51+00:00","inLanguage":"fr-FR","potentialAction":[{"@type":"ReadAction","target":["https:\/\/weol.lu\/fr\/politique-de-cookies\/"]}]},{"@type":"WebSite","@id":"https:\/\/weol.lu\/fr\/#website","url":"https:\/\/weol.lu\/fr\/","name":"Weol Immobili\u00e8re","description":"Immobili\u00e8re Agence","potentialAction":[{"@type":"SearchAction","target":{"@type":"EntryPoint","urlTemplate":"https:\/\/weol.lu\/fr\/?s={search_term_string}"},"query-input":"required name=search_term_string"}],"inLanguage":"fr-FR"}]}},"_links":{"self":[{"href":"https:\/\/weol.lu\/fr\/wp-json\/wp\/v2\/pages\/22672"}],"collection":[{"href":"https:\/\/weol.lu\/fr\/wp-json\/wp\/v2\/pages"}],"about":[{"href":"https:\/\/weol.lu\/fr\/wp-json\/wp\/v2\/types\/page"}],"author":[{"embeddable":true,"href":"https:\/\/weol.lu\/fr\/wp-json\/wp\/v2\/users\/1"}],"replies":[{"embeddable":true,"href":"https:\/\/weol.lu\/fr\/wp-json\/wp\/v2\/comments?post=22672"}],"version-history":[{"count":0,"href":"https:\/\/weol.lu\/fr\/wp-json\/wp\/v2\/pages\/22672\/revisions"}],"wp:attachment":[{"href":"https:\/\/weol.lu\/fr\/wp-json\/wp\/v2\/media?parent=22672"}],"curies":[{"name":"wp","href":"https:\/\/api.w.org\/{rel}","templated":true}]}}