{"id":22687,"date":"2019-06-21T10:48:48","date_gmt":"2019-06-21T10:48:48","guid":{"rendered":"https:\/\/weol.lu\/?page_id=22687\/"},"modified":"2019-06-21T10:48:48","modified_gmt":"2019-06-21T10:48:48","slug":"termes-conditions","status":"publish","type":"page","link":"https:\/\/weol.lu\/fr\/termes-conditions\/","title":{"rendered":"Termes &#038; Conditions"},"content":{"rendered":"<p><strong>1. Introduction<\/strong><br \/>\nLes pr\u00e9sentes conditions r\u00e9gissent l&rsquo;acc\u00e8s et l&rsquo;utilisation du site Web www.weol.lu, soci\u00e9t\u00e9 \u00e9tablie au 34, Boulevard Charles Simonis, L-2539 Luxembourg-Cents (ci-apr\u00e8s \u00ab\u00a0Weol Immobili\u00e8re\u00a0\u00bb). Toute question juridique concernant le site Web peut \u00eatre consult\u00e9e dans les sections Politique de confidentialit\u00e9 et Politique des cookies, qui font partie int\u00e9grante des pr\u00e9sentes conditions.<\/p>\n<p>L&rsquo;utilisation de ce site Web par tout utilisateur sera r\u00e9gie par les pr\u00e9sentes conditions d&rsquo;utilisation, qui impliquent que son utilisation soit une acceptation de celles-ci par l&rsquo;utilisateur. Si vous refusez ces termes et conditions, vous devez cesser de les utiliser.<\/p>\n<p>Weol Immobili\u00e8re peut changer ou mettre \u00e0 jour, tout ou partie des pr\u00e9sentes conditions g\u00e9n\u00e9rales ainsi que la politique de confidentialit\u00e9. Toute modification ou mise \u00e0 jour de ces conditions g\u00e9n\u00e9rales, ainsi que de celles de la politique de confidentialit\u00e9, prendra effet d\u00e8s leur publication dans la section correspondante du site Web. Les utilisateurs sont invit\u00e9s \u00e0 consulter r\u00e9guli\u00e8rement les sections Termes et conditions, Politique de confidentialit\u00e9 et Politique de cookie afin de rechercher les versions les plus r\u00e9centes.<\/p>\n<p>L\u2019acc\u00e8s au site Web et son utilisation sont exclusivement r\u00e9serv\u00e9s \u00e0 un usage personnel et \u00e0 la vente de biens et services, au paiement des biens ou services demand\u00e9s, \u00e0 la vente de produits ou services consid\u00e9r\u00e9s d\u2019int\u00e9r\u00eat pour les utilisateurs du site Web, ou pour communiquer avec idem \u00e0 d\u2019autres fins (les \u00ab\u00a0Produits\u00a0\u00bb).<\/p>\n<p>Weol Immobili\u00e8re se r\u00e9serve le droit d&rsquo;\u00e9valuer, \u00e0 sa discr\u00e9tion, la conformit\u00e9 de ces termes et conditions par tout utilisateur. La violation des Conditions g\u00e9n\u00e9rales peut entra\u00eener le retrait de la licence accord\u00e9e par Weol Immobili\u00e8re en vertu de la pr\u00e9sente Clause 1 et l&rsquo;exercice de ses droits dans toute la mesure du possible conform\u00e9ment \u00e0 la loi.<\/p>\n<p>Les utilisateurs s&rsquo;engagent \u00e0 indemniser et \u00e0 tenir Weol Immobili\u00e8re, ses filiales et soci\u00e9t\u00e9s du groupe, ses repr\u00e9sentants l\u00e9gaux, partenaires et employ\u00e9s exempts de tout dommage, responsabilit\u00e9, r\u00e9clamation ou r\u00e9clamation, y compris des co\u00fbts et frais de repr\u00e9sentation, demand\u00e9es par des tiers en raison de l&rsquo;utilisation du site Web dans des termes non conformes aux pr\u00e9sentes conditions et \/ ou en raison de la violation des conditions \u00e9nonc\u00e9es dans les pr\u00e9sentes conditions et \/ ou r\u00e9sultant de la violation des d\u00e9clarations et garanties contenues dans les pr\u00e9sentes conditions.<\/p>\n<p>&nbsp;<\/p>\n<p><strong>2. Licence<\/strong><br \/>\nSans pr\u00e9judice des autres clauses des pr\u00e9sentes conditions g\u00e9n\u00e9rales, Weol Immobili\u00e8re autorise tout utilisateur \u00e0 utiliser ce site Web uniquement \u00e0 des fins personnelles ou informatives, comme indiqu\u00e9 dans les pr\u00e9sentes conditions g\u00e9n\u00e9rales. La licence d&rsquo;utilisation peut \u00eatre r\u00e9voqu\u00e9e par Weol Immobili\u00e8re \u00e0 sa discr\u00e9tion et \u00e0 tout moment.<\/p>\n<p>Conform\u00e9ment \u00e0 la loi et aux pr\u00e9sentes conditions, vous ne pouvez pas copier, utiliser, transf\u00e9rer, louer, conc\u00e9der en sous-licence, modifier, adapter, tenter de modifier ou de modifier le code source, proc\u00e9der au reverse engineering, \u00e0 la d\u00e9compilation ou au d\u00e9sassemblage, en tout ou en partie, le contenu du site Web. En acc\u00e9dant au site Web, vous reconnaissez et acceptez que le contenu du site Web peut \u00eatre incomplet, inexact, non mis \u00e0 jour ou peut ne pas r\u00e9pondre \u00e0 vos besoins et exigences.<\/p>\n<p>&nbsp;<\/p>\n<p><strong>3. Contenu et limitation de la responsabilit\u00e9 de Weol Immobili\u00e8re<\/strong><br \/>\nL&rsquo;acc\u00e8s au site Web et son utilisation, y compris l&rsquo;affichage de pages Web, sont des activit\u00e9s exerc\u00e9es par les utilisateurs.<\/p>\n<p>Les utilisateurs sont seuls responsables de l&rsquo;utilisation du site Web et de son contenu. Weol Immobili\u00e8re n&rsquo;est pas responsable de l&rsquo;utilisation (\u00e9ventuelle) du Site Web en violation des dispositions l\u00e9gales en vigueur.<\/p>\n<p>En particulier, les utilisateurs sont seuls responsables de la communication d&rsquo;informations ou d&rsquo;informations incorrectes, fausses ou provenant de tiers, sans leur consentement, ainsi que de leur mauvaise utilisation.<\/p>\n<p>Le contenu du site Web peut contenir des inexactitudes ou des badges. Weol Immobili\u00e8re n&rsquo;est en aucun cas responsable des inexactitudes ou des erreurs, des dommages (le cas \u00e9ch\u00e9ant) caus\u00e9s ou r\u00e9sultant de l&rsquo;utilisation des informations tir\u00e9es du site Web ou des sites par le biais des utilisateurs. L&rsquo;utilisateur est seul et exclusif responsable de l&rsquo;\u00e9valuation des informations et du contenu obtenus via le site Web.<\/p>\n<p>Le site Web ainsi que toutes les informations et le contenu publi\u00e9s sur celui-ci peuvent \u00eatre modifi\u00e9s par Weol Immobili\u00e8re \u00e0 tout moment, de temps \u00e0 autre et \/ ou sans pr\u00e9avis.<\/p>\n<p>Consid\u00e9rant que tout contenu susceptible d&rsquo;\u00eatre t\u00e9l\u00e9charg\u00e9 ou autrement obtenu r\u00e9sulte d&rsquo;une libre d\u00e9cision de l&rsquo;utilisateur et est effectu\u00e9 \u00e0 ses risques et p\u00e9rils, de tout dommage \u00e9ventuel aux ordinateurs ou de toute perte de donn\u00e9es r\u00e9sultant des op\u00e9rations de t\u00e9l\u00e9chargement de l&rsquo;utilisateur , sera la seule responsabilit\u00e9 de l&rsquo;utilisateur et ne peut en aucun cas \u00eatre imput\u00e9 \u00e0 Weol Immobili\u00e8re Weol Immobili\u00e8re n&rsquo;assume aucune responsabilit\u00e9 pour les \u00e9ventuels dommages r\u00e9sultant de l&rsquo;impossibilit\u00e9 d&rsquo;acc\u00e9der aux services fournis par le site Web, ni pour les donn\u00e9es \u00e9ventuelles caus\u00e9es par des virus, fichiers, erreurs, omissions, interruptions de service, annulations de contenus, probl\u00e8mes li\u00e9s \u00e0 Internet, aux fournisseurs de services ou li\u00e9s \u00e0 la connexion t\u00e9l\u00e9phonique et \/ ou t\u00e9l\u00e9matique, acc\u00e8s non autoris\u00e9, modification des donn\u00e9es, ou li\u00e9 \u00e0 l&rsquo;inexistence et \/ ou mauvais fonctionnement des appareils \u00e9lectroniques.<\/p>\n<p>L&rsquo;utilisateur est responsable du stockage et de l&rsquo;utilisation correcte de ses informations personnelles, ainsi que de tout dommage ou perte caus\u00e9 \u00e0 Weol Immobili\u00e8re ou \u00e0 des tiers, r\u00e9sultant d&rsquo;une mauvaise utilisation, d&rsquo;une perte ou d&rsquo;un vol d&rsquo;informations personnelles.<\/p>\n<p>Dans le cas d&rsquo;une inscription, l&rsquo;utilisateur est responsable du stockage et de l&rsquo;utilisation correcte de ses informations d&rsquo;identification, qui permettent d&rsquo;acc\u00e9der au domaine r\u00e9serv\u00e9 des services (le cas \u00e9ch\u00e9ant). Dans ce cas, vous serez responsable de la cr\u00e9ation de votre nom d&rsquo;utilisateur et de votre mot de passe. Il incombe \u00e9galement \u00e0 l&rsquo;utilisateur de fournir des informations sp\u00e9cifiques, qui doivent \u00eatre correctes et \u00e0 jour. L&rsquo;utilisateur ne pourra pas choisir un nom d&rsquo;utilisateur appartenant \u00e0 un tiers pour utiliser son identit\u00e9. L&rsquo;utilisateur ne peut, de la m\u00eame mani\u00e8re, utiliser le nom d&rsquo;utilisateur d&rsquo;un tiers sans son consentement explicite.<\/p>\n<p>L&rsquo;utilisateur doit garantir la confidentialit\u00e9 de son mot de passe et ne doit pas le partager avec des tiers.<\/p>\n<p>L&rsquo;utilisateur est enti\u00e8rement et exclusivement responsable de toute action entreprise via son compte utilisateur (le cas \u00e9ch\u00e9ant), directement ou par l&rsquo;interm\u00e9diaire de tiers autoris\u00e9s. Weol Immobili\u00e8re peut r\u00e9voquer la licence, \u00e0 sa discr\u00e9tion et \u00e0 tout moment, si elle est identifi\u00e9e comme ayant commis un acte abusif, frauduleux ou ill\u00e9gal.<\/p>\n<p>Weol Immobili\u00e8re a encourag\u00e9 l&rsquo;adoption de mesures techniques et organisationnelles appropri\u00e9es pour garantir la s\u00e9curit\u00e9 des services fournis via le site Web, pour assurer l&rsquo;int\u00e9grit\u00e9 des donn\u00e9es de trafic \u00e9lectronique li\u00e9es \u00e0 une utilisation ou \u00e0 une connaissance non autoris\u00e9es, ainsi que pour \u00e9viter les risques de la diffusion, la destruction ou la perte de donn\u00e9es et d&rsquo;informations confidentielles ou non confidentielles de ses utilisateurs, figurant sur le site Web, ou li\u00e9es \u00e0 un acc\u00e8s non autoris\u00e9 ou non applicable auxdites donn\u00e9es et informations \u00e0 caract\u00e8re personnel.<\/p>\n<p>Weol Immobili\u00e8re ne garantit pas et ne peut garantir que le site Web est exempt de virus ou de tout autre \u00e9l\u00e9ment susceptible de nuire \u00e0 la technologie.<\/p>\n<p>&nbsp;<\/p>\n<p><strong>4. Acc\u00e8s au site Web. Interruption et suspension.<\/strong><br \/>\nWeol Immobili\u00e8re s&rsquo;efforce de fournir un acc\u00e8s continu au site Web. Toutefois, l&rsquo;acc\u00e8s au site Web peut \u00eatre suspendu, limit\u00e9 ou interrompu \u00e0 tout moment, quelle qu&rsquo;en soit la raison. L&rsquo;acc\u00e8s au site Web peut \u00eatre limit\u00e9 de temps \u00e0 autre pour permettre la r\u00e9cup\u00e9ration, la maintenance ou l&rsquo;introduction de nouvelles fonctionnalit\u00e9s ou services. Weol Immobili\u00e8re mettra tout en \u0153uvre pour retrouver l&rsquo;acc\u00e8s dans les meilleurs d\u00e9lais. Weol Immobili\u00e8re se r\u00e9serve le droit de bloquer l&rsquo;acc\u00e8s \u00e0 tout mat\u00e9riel et \/ ou de retirer tout mat\u00e9riel pouvant, \u00e0 sa discr\u00e9tion, entra\u00eener une violation des pr\u00e9sentes conditions.<\/p>\n<p>Weol Immobili\u00e8re se r\u00e9serve le droit de r\u00e9silier les comptes utilisateur (le cas \u00e9ch\u00e9ant) enfreignant les pr\u00e9sentes conditions g\u00e9n\u00e9rales, y compris dans les cas o\u00f9 il est v\u00e9rifi\u00e9 que l&rsquo;utilisateur utilise des adresses IP proxy pour masquer l&rsquo;utilisation des comptes multiple, ou a l&rsquo;intention d&rsquo;\u00eatre identifi\u00e9 comme se trouvant dans un pays autre que le pays o\u00f9 il se trouve ou perturbe le fonctionnement du site Web par quelque moyen que ce soit.<\/p>\n<p>&nbsp;<\/p>\n<p><strong>5. Protection des donn\u00e9es personnelles<\/strong><br \/>\nIl est conseill\u00e9 aux utilisateurs de lire et d\u2019analyser la politique de confidentialit\u00e9, qui fait partie int\u00e9grante des pr\u00e9sentes conditions, afin de comprendre comment le site Web collecte et utilise les donn\u00e9es personnelles des utilisateurs et leurs finalit\u00e9s.<\/p>\n<p>&nbsp;<\/p>\n<p><strong>6. Droits de propri\u00e9t\u00e9 intellectuelle<\/strong><br \/>\nTous droits r\u00e9serv\u00e9s. Le site Web et tout son contenu, y compris, sans limitation, articles, opinions, autres textes, listes, manuels d&rsquo;utilisation, photographies, dessins, images, clips vid\u00e9o ou audio, ou textes marketing, ainsi que marques, logos, noms de domaine , ainsi que tout autre \u00e9l\u00e9ment susceptible de faire l\u2019objet de droits de propri\u00e9t\u00e9 (y compris les codes de source) et \/ ou d\u2019autres droits de propri\u00e9t\u00e9 intellectuelle (ci-apr\u00e8s d\u00e9nomm\u00e9 \u00ab\u00a0Mat\u00e9riel\u00a0\u00bb), sont la propri\u00e9t\u00e9 de Weol Immobili\u00e8re ou de tiers, et sont prot\u00e9g\u00e9s contre utilisation, copie ou divulgation non autoris\u00e9e par les lois nationales et les trait\u00e9s internationaux relatifs aux droits de propri\u00e9t\u00e9 intellectuelle. Aucune des dispositions des Conditions g\u00e9n\u00e9rales et \/ ou du contenu du site Web ne peut \u00eatre interpr\u00e9t\u00e9e comme conf\u00e9rant implicitement, acceptant ou par quelque moyen que ce soit sous licence, le droit d&rsquo;utiliser tout mat\u00e9riel par quelque moyen que ce soit sans le consentement \u00e9crit pr\u00e9alable de Weol Immobili\u00e8re ou du tiers propri\u00e9taire du Mat\u00e9riel ou des droits de propri\u00e9t\u00e9 intellectuelle publi\u00e9s sur le site Web. L&rsquo;utilisation, la copie, la reproduction, la modification, la publication, la mise \u00e0 jour, le t\u00e9l\u00e9chargement, l&rsquo;envoi par courrier \u00e9lectronique, la transmission, la distribution ou la duplication, ou tout autre acte abusif du Mat\u00e9riel non sp\u00e9cifiquement identifi\u00e9, mais de m\u00eame nature, sont interdits. En tant qu&rsquo;utilisateur du site Web, vous acceptez de ne pas utiliser le mat\u00e9riel \u00e0 des fins ill\u00e9gales et de ne pas violer les droits de Weol Immobili\u00e8re.<\/p>\n<p>Vous pouvez toutefois afficher et visuliser le contenu du site Web et \/ ou du Mat\u00e9riel sur l&rsquo;\u00e9cran d&rsquo;un ordinateur, d&rsquo;une tablette ou d&rsquo;un t\u00e9l\u00e9phone portable, stocker ce contenu sous forme \u00e9lectronique sur le disque (mais pas sur un serveur ou un dispositif de m\u00e9moire connect\u00e9 \u00e0 Internet). ou imprimez une copie de ce contenu pour votre usage personnel et non commercial, mais vous devez conserver toutes les informations relatives aux droits de propri\u00e9t\u00e9 intellectuelle.<\/p>\n<p>L&rsquo;acc\u00e8s au site Web ne donne \u00e0 l&rsquo;utilisateur aucun droit sur le contenu mis \u00e0 disposition par Weol Immobili\u00e8re.<\/p>\n<p>&nbsp;<\/p>\n<p><strong>7. Liens vers d&rsquo;autres sites Web<\/strong><br \/>\nSi le site Web contient des liens vers des sites Web tiers ou vers du contenu mis \u00e0 disposition par des tiers (\u00ab\u00a0Autres sites Web\u00a0\u00bb), Weol Immobili\u00e8re informe que les liens vers ces sites Web sont uniquement inclus \u00e0 des fins d&rsquo;information et de commodit\u00e9 de l&rsquo;utilisateur. Weol Immobili\u00e8re ne contr\u00f4le pas les autres sites Web et n&rsquo;est donc pas responsable de ces sites Web ni du contenu qu&rsquo;ils mettent \u00e0 disposition (y compris, sans limitation, la r\u00e9f\u00e9rence aux r\u00e9seaux sociaux) et ne peut \u00eatre tenue responsable des dommages ou pertes pouvant r\u00e9sulter de l&rsquo;utilisation des autres sites Web par l&rsquo;utilisateur, ainsi que le traitement de donn\u00e9es \u00e0 caract\u00e8re personnel lors des op\u00e9rations de navigation sur Internet. L&rsquo;acc\u00e8s \u00e0 tout autre site Web, par le biais d&rsquo;un lien existant sur le site Web de Weol Immobili\u00e8re, se fera aux risques et sous la responsabilit\u00e9 de l&rsquo;utilisateur.<\/p>\n<p>Vous devez donc porter une attention particuli\u00e8re lors de la connexion \u00e0 d&rsquo;autres sites Web par le biais de liens sur le site Web Weol Immobili\u00e8re et lire attentivement les conditions g\u00e9n\u00e9rales et les politiques de confidentialit\u00e9.<\/p>\n<p>&nbsp;<\/p>\n<p><strong>8. Repr\u00e9sentations de l&rsquo;utilisateur et garanties<\/strong><br \/>\nVous reconnaissez et d\u00e9clarez que :<br \/>\na. Vous avez lu et compris ces termes et conditions ;<br \/>\nb. Vous ne pourrez pas reproduire, dupliquer, copier, vendre, revendre ou exploiter de quelque mani\u00e8re que ce soit le site Web ou son contenu, ni vous abstenir d&rsquo;utiliser ou de reproduire les marques commerciales ou les droits de propri\u00e9t\u00e9 intellectuelle ou industrielle du site Web Weol Immobili\u00e8re ;<br \/>\nc. Il ne publiera ni n&rsquo;utilisera d&rsquo;informations fausses, diffamatoires ou diffamatoires ;<br \/>\nd. Vous vous abstiendrez d&rsquo;utiliser les services ou le site Web, directement ou indirectement, \u00e0 des fins contraires \u00e0 la loi ou incompatibles avec les principes \u00e9nonc\u00e9s dans les pr\u00e9sentes conditions d&rsquo;utilisation<br \/>\ne. Par-exemple Il ne diffusera pas de virus, logiciels espions, logiciels publicitaires, rootkit, backdoor ou de type Trojan, ni aucune autre menace informatique similaire ;<br \/>\nf. Vous n&rsquo;utiliserez pas de logiciel ou autre m\u00e9canisme automatique ou manuel pour copier ou acc\u00e9der au contr\u00f4le du site Web ou de son contenu.<\/p>\n<p>&nbsp;<\/p>\n<p><strong>9. Dispositions diverses<\/strong><br \/>\nLa nullit\u00e9 de toute disposition contenue dans les pr\u00e9sentes Conditions g\u00e9n\u00e9rales en sera supprim\u00e9e, les autres dispositions restant en vigueur.<\/p>\n<p>Le pr\u00e9sent contrat est r\u00e9gi par le droit luxembourgeois et doit \u00eatre interpr\u00e9t\u00e9 conform\u00e9ment au droit luxembourgeois conform\u00e9ment aux contrats conclus et sign\u00e9s dans ce pays. En l&rsquo;absence d&rsquo;un accord \u00e0 l&rsquo;amiable entre les parties, les conflits respectifs de toute nature relatif \u00e0 la formation, \u00e0 l&rsquo;ex\u00e9cution ou \u00e0 l&rsquo;interpr\u00e9tation du pr\u00e9sent Accord seront d\u00e9finitivement r\u00e9gl\u00e9s par les tribunaux judiciaires de Luxembourg avec renonciation expresse de tout autre.<\/p>\n<p>Vous pouvez contacter le Service client\u00e8le pour toute question relative aux Conditions g\u00e9n\u00e9rales ou pour toute question relative \u00e0 l&rsquo;utilisation du Site Web par lettre recommand\u00e9e avec accus\u00e9 de r\u00e9ception \u00e0 l&rsquo;adresse 34, Boulevard Charles Simonis, L-2539 Luxembourg Cents ou par e-mail \u00e0 info@weol.lu<\/p>\n","protected":false},"excerpt":{"rendered":"<p>1. Introduction Les pr\u00e9sentes conditions r\u00e9gissent l&rsquo;acc\u00e8s et l&rsquo;utilisation du site Web www.weol.lu, soci\u00e9t\u00e9 \u00e9tablie au 34, Boulevard Charles Simonis, L-2539 Luxembourg-Cents (ci-apr\u00e8s \u00ab\u00a0Weol Immobili\u00e8re\u00a0\u00bb). Toute question juridique concernant le site Web peut \u00eatre consult\u00e9e dans les sections Politique de confidentialit\u00e9 et Politique des cookies, qui font partie int\u00e9grante des pr\u00e9sentes conditions. L&rsquo;utilisation de ce site Web par tout utilisateur sera r\u00e9gie par les &#8230;<\/p>\n","protected":false},"author":1,"featured_media":0,"parent":0,"menu_order":0,"comment_status":"closed","ping_status":"closed","template":"","meta":{"footnotes":""},"yoast_head":"<!-- This site is optimized with the Yoast SEO plugin v22.5 - https:\/\/yoast.com\/wordpress\/plugins\/seo\/ -->\n<title>Termes &amp; Conditions - Weol Immobili\u00e8re<\/title>\n<meta name=\"robots\" content=\"index, follow, max-snippet:-1, max-image-preview:large, max-video-preview:-1\" \/>\n<link rel=\"canonical\" href=\"https:\/\/weol.lu\/fr\/termes-conditions\/\" \/>\n<meta property=\"og:locale\" content=\"fr_FR\" \/>\n<meta property=\"og:type\" content=\"article\" \/>\n<meta property=\"og:title\" content=\"Termes &amp; Conditions - Weol Immobili\u00e8re\" \/>\n<meta property=\"og:description\" content=\"1. Introduction Les pr\u00e9sentes conditions r\u00e9gissent l&rsquo;acc\u00e8s et l&rsquo;utilisation du site Web www.weol.lu, soci\u00e9t\u00e9 \u00e9tablie au 34, Boulevard Charles Simonis, L-2539 Luxembourg-Cents (ci-apr\u00e8s \u00ab\u00a0Weol Immobili\u00e8re\u00a0\u00bb). Toute question juridique concernant le site Web peut \u00eatre consult\u00e9e dans les sections Politique de confidentialit\u00e9 et Politique des cookies, qui font partie int\u00e9grante des pr\u00e9sentes conditions. L&rsquo;utilisation de ce site Web par tout utilisateur sera r\u00e9gie par les ...\" \/>\n<meta property=\"og:url\" content=\"https:\/\/weol.lu\/fr\/termes-conditions\/\" \/>\n<meta property=\"og:site_name\" content=\"Weol Immobili\u00e8re\" \/>\n<meta property=\"og:image\" content=\"https:\/\/weol.lu\/wp-content\/uploads\/2021\/05\/logo-weol-1.png\" \/>\n\t<meta property=\"og:image:width\" content=\"432\" \/>\n\t<meta property=\"og:image:height\" content=\"270\" \/>\n\t<meta property=\"og:image:type\" content=\"image\/png\" \/>\n<meta name=\"twitter:card\" content=\"summary_large_image\" \/>\n<meta name=\"twitter:label1\" content=\"Dur\u00e9e de lecture estim\u00e9e\" \/>\n\t<meta name=\"twitter:data1\" content=\"12 minutes\" \/>\n<script type=\"application\/ld+json\" class=\"yoast-schema-graph\">{\"@context\":\"https:\/\/schema.org\",\"@graph\":[{\"@type\":\"WebPage\",\"@id\":\"https:\/\/weol.lu\/fr\/termes-conditions\/\",\"url\":\"https:\/\/weol.lu\/fr\/termes-conditions\/\",\"name\":\"Termes & Conditions - Weol Immobili\u00e8re\",\"isPartOf\":{\"@id\":\"https:\/\/weol.lu\/fr\/#website\"},\"datePublished\":\"2019-06-21T10:48:48+00:00\",\"dateModified\":\"2019-06-21T10:48:48+00:00\",\"inLanguage\":\"fr-FR\",\"potentialAction\":[{\"@type\":\"ReadAction\",\"target\":[\"https:\/\/weol.lu\/fr\/termes-conditions\/\"]}]},{\"@type\":\"WebSite\",\"@id\":\"https:\/\/weol.lu\/fr\/#website\",\"url\":\"https:\/\/weol.lu\/fr\/\",\"name\":\"Weol Immobili\u00e8re\",\"description\":\"Immobili\u00e8re Agence\",\"potentialAction\":[{\"@type\":\"SearchAction\",\"target\":{\"@type\":\"EntryPoint\",\"urlTemplate\":\"https:\/\/weol.lu\/fr\/?s={search_term_string}\"},\"query-input\":\"required name=search_term_string\"}],\"inLanguage\":\"fr-FR\"}]}<\/script>\n<!-- \/ Yoast SEO plugin. -->","yoast_head_json":{"title":"Termes & Conditions - Weol Immobili\u00e8re","robots":{"index":"index","follow":"follow","max-snippet":"max-snippet:-1","max-image-preview":"max-image-preview:large","max-video-preview":"max-video-preview:-1"},"canonical":"https:\/\/weol.lu\/fr\/termes-conditions\/","og_locale":"fr_FR","og_type":"article","og_title":"Termes & Conditions - Weol Immobili\u00e8re","og_description":"1. Introduction Les pr\u00e9sentes conditions r\u00e9gissent l&rsquo;acc\u00e8s et l&rsquo;utilisation du site Web www.weol.lu, soci\u00e9t\u00e9 \u00e9tablie au 34, Boulevard Charles Simonis, L-2539 Luxembourg-Cents (ci-apr\u00e8s \u00ab\u00a0Weol Immobili\u00e8re\u00a0\u00bb). Toute question juridique concernant le site Web peut \u00eatre consult\u00e9e dans les sections Politique de confidentialit\u00e9 et Politique des cookies, qui font partie int\u00e9grante des pr\u00e9sentes conditions. L&rsquo;utilisation de ce site Web par tout utilisateur sera r\u00e9gie par les ...","og_url":"https:\/\/weol.lu\/fr\/termes-conditions\/","og_site_name":"Weol Immobili\u00e8re","og_image":[{"width":432,"height":270,"url":"https:\/\/weol.lu\/wp-content\/uploads\/2021\/05\/logo-weol-1.png","type":"image\/png"}],"twitter_card":"summary_large_image","twitter_misc":{"Dur\u00e9e de lecture estim\u00e9e":"12 minutes"},"schema":{"@context":"https:\/\/schema.org","@graph":[{"@type":"WebPage","@id":"https:\/\/weol.lu\/fr\/termes-conditions\/","url":"https:\/\/weol.lu\/fr\/termes-conditions\/","name":"Termes & Conditions - Weol Immobili\u00e8re","isPartOf":{"@id":"https:\/\/weol.lu\/fr\/#website"},"datePublished":"2019-06-21T10:48:48+00:00","dateModified":"2019-06-21T10:48:48+00:00","inLanguage":"fr-FR","potentialAction":[{"@type":"ReadAction","target":["https:\/\/weol.lu\/fr\/termes-conditions\/"]}]},{"@type":"WebSite","@id":"https:\/\/weol.lu\/fr\/#website","url":"https:\/\/weol.lu\/fr\/","name":"Weol Immobili\u00e8re","description":"Immobili\u00e8re Agence","potentialAction":[{"@type":"SearchAction","target":{"@type":"EntryPoint","urlTemplate":"https:\/\/weol.lu\/fr\/?s={search_term_string}"},"query-input":"required name=search_term_string"}],"inLanguage":"fr-FR"}]}},"_links":{"self":[{"href":"https:\/\/weol.lu\/fr\/wp-json\/wp\/v2\/pages\/22687"}],"collection":[{"href":"https:\/\/weol.lu\/fr\/wp-json\/wp\/v2\/pages"}],"about":[{"href":"https:\/\/weol.lu\/fr\/wp-json\/wp\/v2\/types\/page"}],"author":[{"embeddable":true,"href":"https:\/\/weol.lu\/fr\/wp-json\/wp\/v2\/users\/1"}],"replies":[{"embeddable":true,"href":"https:\/\/weol.lu\/fr\/wp-json\/wp\/v2\/comments?post=22687"}],"version-history":[{"count":0,"href":"https:\/\/weol.lu\/fr\/wp-json\/wp\/v2\/pages\/22687\/revisions"}],"wp:attachment":[{"href":"https:\/\/weol.lu\/fr\/wp-json\/wp\/v2\/media?parent=22687"}],"curies":[{"name":"wp","href":"https:\/\/api.w.org\/{rel}","templated":true}]}}