{"id":27039,"date":"2022-10-07T02:41:40","date_gmt":"2022-10-07T02:41:40","guid":{"rendered":"https:\/\/weol.lu\/simulateurs\/"},"modified":"2024-04-12T11:04:19","modified_gmt":"2024-04-12T11:04:19","slug":"simulateur","status":"publish","type":"page","link":"https:\/\/weol.lu\/fr\/simulateur\/","title":{"rendered":"Simulateur"},"content":{"rendered":"<div class=\"wpb-content-wrapper\"><p>[vc_row gap=\u00a0\u00bb10&Prime; el_class=\u00a0\u00bbimg-hover-zoom\u00a0\u00bb css=\u00a0\u00bb.vc_custom_1665108210490{margin-top: 30px !important;}\u00a0\u00bb][vc_column width=\u00a0\u00bb1\/4&Prime; css=\u00a0\u00bb.vc_custom_1665108226511{padding-bottom: 30px !important;}\u00a0\u00bb][vc_single_image image=\u00a0\u00bb27503&Prime; img_size=\u00a0\u00bbmedium\u00a0\u00bb alignment=\u00a0\u00bbcenter\u00a0\u00bb style=\u00a0\u00bbvc_box_rounded\u00a0\u00bb onclick=\u00a0\u00bbcustom_link\u00a0\u00bb link=\u00a0\u00bbhttps:\/\/weol.lu\/fr\/developpement-immobilier\/\u00a0\u00bb][vc_column_text css=\u00a0\u00bb.vc_custom_1667791879234{margin-top: 10px !important;margin-bottom: 0px !important;}\u00a0\u00bb]<\/p>\n<h4 style=\"text-align: center;\"><a href=\"https:\/\/weol.lu\/fr\/developpement-immobilier\/\">D\u00e9veloppement immobilier<\/a><\/h4>\n<p>[\/vc_column_text][\/vc_column][vc_column width=\u00a0\u00bb1\/4&Prime; css=\u00a0\u00bb.vc_custom_1665108239280{padding-bottom: 30px !important;}\u00a0\u00bb][vc_single_image image=\u00a0\u00bb26778&Prime; img_size=\u00a0\u00bbmedium\u00a0\u00bb alignment=\u00a0\u00bbcenter\u00a0\u00bb style=\u00a0\u00bbvc_box_rounded\u00a0\u00bb onclick=\u00a0\u00bbcustom_link\u00a0\u00bb css_animation=\u00a0\u00bbnone\u00a0\u00bb link=\u00a0\u00bbhttps:\/\/weol.lu\/fr\/simulateur-vente\u00a0\u00bb][vc_column_text css=\u00a0\u00bb.vc_custom_1667850695060{margin-top: 10px !important;margin-bottom: 0px !important;}\u00a0\u00bb]<\/p>\n<h4 style=\"text-align: center;\"><a href=\"https:\/\/weol.lu\/fr\/simulateur-vente\/\">Simulateur vente<\/a><\/h4>\n<p>[\/vc_column_text][\/vc_column][vc_column width=\u00a0\u00bb1\/4&Prime; css=\u00a0\u00bb.vc_custom_1665108248421{padding-bottom: 30px !important;}\u00a0\u00bb][vc_single_image image=\u00a0\u00bb27529&Prime; img_size=\u00a0\u00bbmedium\u00a0\u00bb alignment=\u00a0\u00bbcenter\u00a0\u00bb style=\u00a0\u00bbvc_box_rounded\u00a0\u00bb onclick=\u00a0\u00bbcustom_link\u00a0\u00bb link=\u00a0\u00bbhttps:\/\/weol.lu\/fr\/simulateur-location\/\u00a0\u00bb][vc_column_text css=\u00a0\u00bb.vc_custom_1667872183571{margin-top: 10px !important;margin-bottom: 0px !important;}\u00a0\u00bb]<\/p>\n<h4 style=\"text-align: center;\"><a href=\"https:\/\/weol.lu\/fr\/simulateur-location\/\">Simulateur location<\/a><\/h4>\n<p>[\/vc_column_text][\/vc_column][vc_column width=\u00a0\u00bb1\/4&Prime; css=\u00a0\u00bb.vc_custom_1665108258630{padding-bottom: 30px !important;}\u00a0\u00bb][vc_single_image image=\u00a0\u00bb26747&Prime; img_size=\u00a0\u00bbmedium\u00a0\u00bb alignment=\u00a0\u00bbcenter\u00a0\u00bb style=\u00a0\u00bbvc_box_rounded\u00a0\u00bb onclick=\u00a0\u00bbcustom_link\u00a0\u00bb link=\u00a0\u00bbhttps:\/\/weol.lu\/fr\/plus-value\/\u00a0\u00bb][vc_column_text css=\u00a0\u00bb.vc_custom_1665449797841{margin-top: 10px !important;margin-bottom: 0px !important;}\u00a0\u00bb]<\/p>\n<h4 style=\"text-align: center;\"><a href=\"https:\/\/weol.lu\/fr\/plus-value\/\">Plus Value<\/a><\/h4>\n<p>[\/vc_column_text][\/vc_column][\/vc_row][vc_row gap=\u00a0\u00bb10&Prime; css=\u00a0\u00bb.vc_custom_1668530163781{padding-top: 15px !important;padding-bottom: 15px !important;}\u00a0\u00bb el_class=\u00a0\u00bbimg-hover-zoom\u00a0\u00bb][vc_column width=\u00a0\u00bb1\/4&Prime; css=\u00a0\u00bb.vc_custom_1665108315539{padding-bottom: 30px !important;}\u00a0\u00bb][vc_single_image image=\u00a0\u00bb26762&Prime; img_size=\u00a0\u00bbmedium\u00a0\u00bb alignment=\u00a0\u00bbcenter\u00a0\u00bb style=\u00a0\u00bbvc_box_rounded\u00a0\u00bb onclick=\u00a0\u00bbcustom_link\u00a0\u00bb link=\u00a0\u00bbhttps:\/\/weol.lu\/fr\/frais-de-succession-lors-dune-donation-classique\/\u00a0\u00bb][vc_column_text css=\u00a0\u00bb.vc_custom_1665449976917{margin-top: 10px !important;margin-bottom: 0px !important;}\u00a0\u00bb]<\/p>\n<h4 style=\"text-align: center;\"><a href=\"https:\/\/weol.lu\/fr\/frais-de-succession-lors-dune-donation-classique\/\">Frais de succession lors d\u2019une donation classique<\/a><\/h4>\n<p>[\/vc_column_text][\/vc_column][vc_column width=\u00a0\u00bb1\/4&Prime; css=\u00a0\u00bb.vc_custom_1665108323374{padding-bottom: 30px !important;}\u00a0\u00bb][vc_single_image image=\u00a0\u00bb26767&Prime; img_size=\u00a0\u00bbmedium\u00a0\u00bb alignment=\u00a0\u00bbcenter\u00a0\u00bb style=\u00a0\u00bbvc_box_rounded\u00a0\u00bb onclick=\u00a0\u00bbcustom_link\u00a0\u00bb link=\u00a0\u00bbhttps:\/\/weol.lu\/fr\/frais-de-succession-lors-dune-donation-en-usufruit\/\u00a0\u00bb][vc_column_text css=\u00a0\u00bb.vc_custom_1665450024104{margin-top: 10px !important;margin-bottom: 0px !important;}\u00a0\u00bb]<\/p>\n<h4 style=\"text-align: center;\"><a href=\"https:\/\/weol.lu\/fr\/frais-de-succession-lors-dune-donation-en-usufruit\/\">Frais de Succession lors d\u2019une donation en usufruit<\/a><\/h4>\n<p>[\/vc_column_text][\/vc_column][vc_column width=\u00a0\u00bb1\/4&Prime; css=\u00a0\u00bb.vc_custom_1665108331022{padding-bottom: 30px !important;}\u00a0\u00bb][vc_single_image image=\u00a0\u00bb26772&Prime; img_size=\u00a0\u00bbmedium\u00a0\u00bb alignment=\u00a0\u00bbcenter\u00a0\u00bb style=\u00a0\u00bbvc_box_rounded\u00a0\u00bb onclick=\u00a0\u00bbcustom_link\u00a0\u00bb link=\u00a0\u00bbhttps:\/\/weol.lu\/fr\/frais-de-succession-lors-dune-donation-en-nue-propriete\/\u00a0\u00bb][vc_column_text css=\u00a0\u00bb.vc_custom_1665450067983{margin-top: 10px !important;margin-bottom: 0px !important;}\u00a0\u00bb]<\/p>\n<h4 style=\"text-align: center;\"><a href=\"https:\/\/weol.lu\/fr\/frais-de-succession-lors-dune-donation-en-nue-propriete\/\">Frais de Succession lors d\u2019une donation en nue-propri\u00e9t\u00e9<\/a><\/h4>\n<p>[\/vc_column_text][\/vc_column][vc_column width=\u00a0\u00bb1\/4&Prime; css=\u00a0\u00bb.vc_custom_1665108339521{padding-bottom: 30px !important;}\u00a0\u00bb][vc_single_image image=\u00a0\u00bb26757&Prime; img_size=\u00a0\u00bbmedium\u00a0\u00bb alignment=\u00a0\u00bbcenter\u00a0\u00bb style=\u00a0\u00bbvc_box_rounded\u00a0\u00bb onclick=\u00a0\u00bbcustom_link\u00a0\u00bb link=\u00a0\u00bbhttps:\/\/weol.lu\/fr\/frais-de-succession-lors-dun-heritage\/\u00a0\u00bb][vc_column_text css=\u00a0\u00bb.vc_custom_1665449902352{margin-top: 10px !important;margin-bottom: 0px !important;}\u00a0\u00bb]<\/p>\n<h4 style=\"text-align: center;\"><a href=\"https:\/\/weol.lu\/fr\/frais-de-succession-lors-dun-heritage\/\">Frais de succession lors d\u2019un h\u00e9ritage<\/a><\/h4>\n<p>[\/vc_column_text][\/vc_column][\/vc_row][vc_row gap=\u00a0\u00bb10&Prime; css=\u00a0\u00bb.vc_custom_1668530220301{padding-bottom: 30px !important;}\u00a0\u00bb el_class=\u00a0\u00bbimg-hover-zoom\u00a0\u00bb][vc_column width=\u00a0\u00bb1\/4&Prime; css=\u00a0\u00bb.vc_custom_1665108315539{padding-bottom: 30px !important;}\u00a0\u00bb][vc_single_image image=\u00a0\u00bb26742&Prime; img_size=\u00a0\u00bbmedium\u00a0\u00bb alignment=\u00a0\u00bbcenter\u00a0\u00bb style=\u00a0\u00bbvc_box_rounded\u00a0\u00bb onclick=\u00a0\u00bbcustom_link\u00a0\u00bb link=\u00a0\u00bbhttps:\/\/weol.lu\/fr\/frais-dacquisition\/\u00a0\u00bb][vc_column_text css=\u00a0\u00bb.vc_custom_1665449744807{margin-top: 10px !important;margin-bottom: 0px !important;}\u00a0\u00bb]<\/p>\n<h4 style=\"text-align: center;\"><a href=\"https:\/\/weol.lu\/fr\/frais-dacquisition\/\">Frais d\u2019acquisition<\/a><\/h4>\n<p>[\/vc_column_text][\/vc_column][vc_column width=\u00a0\u00bb1\/4&Prime; css=\u00a0\u00bb.vc_custom_1665108323374{padding-bottom: 30px !important;}\u00a0\u00bb][vc_single_image image=\u00a0\u00bb27498&Prime; img_size=\u00a0\u00bbmedium\u00a0\u00bb alignment=\u00a0\u00bbcenter\u00a0\u00bb style=\u00a0\u00bbvc_box_rounded\u00a0\u00bb onclick=\u00a0\u00bbcustom_link\u00a0\u00bb link=\u00a0\u00bbhttps:\/\/weol.lu\/fr\/capacite-demprunt\/\u00a0\u00bb][vc_column_text css=\u00a0\u00bb.vc_custom_1668390338830{margin-top: 10px !important;margin-bottom: 0px !important;}\u00a0\u00bb]<\/p>\n<h4 style=\"text-align: center;\"><a href=\"https:\/\/weol.lu\/fr\/capacite-demprunt\/\">Capacit\u00e9 d\u2019emprunt<\/a><\/h4>\n<p>[\/vc_column_text][\/vc_column][vc_column width=\u00a0\u00bb1\/4&Prime; css=\u00a0\u00bb.vc_custom_1665108331022{padding-bottom: 30px !important;}\u00a0\u00bb][vc_single_image image=\u00a0\u00bb26867&Prime; img_size=\u00a0\u00bbmedium\u00a0\u00bb alignment=\u00a0\u00bbcenter\u00a0\u00bb style=\u00a0\u00bbvc_box_rounded\u00a0\u00bb onclick=\u00a0\u00bbcustom_link\u00a0\u00bb link=\u00a0\u00bbhttps:\/\/weol.lu\/fr\/solde-restant-du-fr\/\u00a0\u00bb][vc_column_text css=\u00a0\u00bb.vc_custom_1665449851587{margin-top: 10px !important;margin-bottom: 0px !important;}\u00a0\u00bb]<\/p>\n<h4 style=\"text-align: center;\"><a href=\"https:\/\/weol.lu\/fr\/solde-restant-du-fr\/\">Solde restant d\u00fb<\/a><\/h4>\n<p>[\/vc_column_text][\/vc_column][vc_column width=\u00a0\u00bb1\/4&Prime; css=\u00a0\u00bb.vc_custom_1665108339521{padding-bottom: 30px !important;}\u00a0\u00bb][vc_single_image image=\u00a0\u00bb29600&Prime; img_size=\u00a0\u00bbmedium\u00a0\u00bb alignment=\u00a0\u00bbcenter\u00a0\u00bb style=\u00a0\u00bbvc_box_rounded\u00a0\u00bb onclick=\u00a0\u00bbcustom_link\u00a0\u00bb link=\u00a0\u00bbhttps:\/\/weol.lu\/fr\/expertise-emprunt-immobilier\/\u00a0\u00bb][vc_column_text css=\u00a0\u00bb.vc_custom_1712319126318{margin-top: 10px !important;margin-bottom: 0px !important;}\u00a0\u00bb]<\/p>\n<h4 style=\"text-align: center;\"><a href=\"https:\/\/weol.lu\/fr\/expertise-emprunt-immobilier\/\">Expertise emprunt immobilier<\/a><\/h4>\n<p>[\/vc_column_text][\/vc_column][\/vc_row][vc_row css=\u00a0\u00bb.vc_custom_1668530074904{margin-top: 20px !important;}\u00a0\u00bb][vc_column][vc_separator][vc_column_text]<\/p>\n<h1 class=\"entry-title\" style=\"text-align: left; font-family: 'Open Sans',sans-serif; margin-bottom: 35px;\">Services digitaux et innovants<\/h1>\n<p>[\/vc_column_text][vc_basic_grid post_type=\u00a0\u00bbpost\u00a0\u00bb max_items=\u00a0\u00bb2&Prime; element_width=\u00a0\u00bb6&Prime; item=\u00a0\u00bbmasonryGrid_Default\u00a0\u00bb grid_id=\u00a0\u00bbvc_gid:1712919848511-a470b711-4e70-1&Prime; el_class=\u00a0\u00bbresize-image\u00a0\u00bb][\/vc_column][\/vc_row]<\/p>\n<\/div>","protected":false},"excerpt":{"rendered":"<p>[vc_row gap=\u00a0\u00bb10&Prime; el_class=\u00a0\u00bbimg-hover-zoom\u00a0\u00bb css=\u00a0\u00bb.vc_custom_1665108210490{margin-top: 30px !important;}\u00a0\u00bb][vc_column width=\u00a0\u00bb1\/4&Prime; css=\u00a0\u00bb.vc_custom_1665108226511{padding-bottom: 30px !important;}\u00a0\u00bb][vc_single_image image=\u00a0\u00bb27503&Prime; img_size=\u00a0\u00bbmedium\u00a0\u00bb alignment=\u00a0\u00bbcenter\u00a0\u00bb style=\u00a0\u00bbvc_box_rounded\u00a0\u00bb onclick=\u00a0\u00bbcustom_link\u00a0\u00bb link=\u00a0\u00bbhttps:\/\/weol.lu\/fr\/developpement-immobilier\/\u00a0\u00bb][vc_column_text css=\u00a0\u00bb.vc_custom_1667791879234{margin-top: 10px !important;margin-bottom: 0px !important;}\u00a0\u00bb] D\u00e9veloppement immobilier [\/vc_column_text][\/vc_column][vc_column width=\u00a0\u00bb1\/4&Prime; css=\u00a0\u00bb.vc_custom_1665108239280{padding-bottom: 30px !important;}\u00a0\u00bb][vc_single_image image=\u00a0\u00bb26778&Prime; img_size=\u00a0\u00bbmedium\u00a0\u00bb alignment=\u00a0\u00bbcenter\u00a0\u00bb style=\u00a0\u00bbvc_box_rounded\u00a0\u00bb onclick=\u00a0\u00bbcustom_link\u00a0\u00bb css_animation=\u00a0\u00bbnone\u00a0\u00bb link=\u00a0\u00bbhttps:\/\/weol.lu\/fr\/simulateur-vente\u00a0\u00bb][vc_column_text css=\u00a0\u00bb.vc_custom_1667850695060{margin-top: 10px !important;margin-bottom: 0px !important;}\u00a0\u00bb] Simulateur vente [\/vc_column_text][\/vc_column][vc_column width=\u00a0\u00bb1\/4&Prime; css=\u00a0\u00bb.vc_custom_1665108248421{padding-bottom: 30px !important;}\u00a0\u00bb][vc_single_image image=\u00a0\u00bb27529&Prime; img_size=\u00a0\u00bbmedium\u00a0\u00bb alignment=\u00a0\u00bbcenter\u00a0\u00bb style=\u00a0\u00bbvc_box_rounded\u00a0\u00bb onclick=\u00a0\u00bbcustom_link\u00a0\u00bb link=\u00a0\u00bbhttps:\/\/weol.lu\/fr\/simulateur-location\/\u00a0\u00bb][vc_column_text css=\u00a0\u00bb.vc_custom_1667872183571{margin-top: 10px !important;margin-bottom: 0px !important;}\u00a0\u00bb] Simulateur location [\/vc_column_text][\/vc_column][vc_column width=\u00a0\u00bb1\/4&Prime; css=\u00a0\u00bb.vc_custom_1665108258630{padding-bottom: 30px &#8230;<\/p>\n","protected":false},"author":1,"featured_media":0,"parent":0,"menu_order":0,"comment_status":"closed","ping_status":"closed","template":"","meta":{"footnotes":""},"yoast_head":"<!-- This site is optimized with the Yoast SEO plugin v22.5 - https:\/\/yoast.com\/wordpress\/plugins\/seo\/ -->\n<title>Simulateur - Weol Immobili\u00e8re<\/title>\n<meta name=\"description\" content=\"Technologie de pointe sous forme de simulateurs num\u00e9riques avanc\u00e9s pour vous aider dans tous vos projets immobiliers.\" \/>\n<meta name=\"robots\" content=\"index, follow, max-snippet:-1, max-image-preview:large, max-video-preview:-1\" \/>\n<link rel=\"canonical\" href=\"https:\/\/weol.lu\/fr\/simulateur\/\" \/>\n<meta property=\"og:locale\" content=\"fr_FR\" \/>\n<meta property=\"og:type\" content=\"article\" \/>\n<meta property=\"og:title\" content=\"Simulateur - Weol Immobili\u00e8re\" \/>\n<meta property=\"og:description\" content=\"Technologie de pointe sous forme de simulateurs num\u00e9riques avanc\u00e9s pour vous aider dans tous vos projets immobiliers.\" \/>\n<meta property=\"og:url\" content=\"https:\/\/weol.lu\/fr\/simulateur\/\" \/>\n<meta property=\"og:site_name\" content=\"Weol Immobili\u00e8re\" \/>\n<meta property=\"article:modified_time\" content=\"2024-04-12T11:04:19+00:00\" \/>\n<meta property=\"og:image\" content=\"https:\/\/weol.lu\/wp-content\/uploads\/2021\/05\/logo-weol-1.png\" \/>\n\t<meta property=\"og:image:width\" content=\"432\" \/>\n\t<meta property=\"og:image:height\" content=\"270\" \/>\n\t<meta property=\"og:image:type\" content=\"image\/png\" \/>\n<meta name=\"twitter:card\" content=\"summary_large_image\" \/>\n<meta name=\"twitter:label1\" content=\"Dur\u00e9e de lecture estim\u00e9e\" \/>\n\t<meta name=\"twitter:data1\" content=\"2 minutes\" \/>\n<script type=\"application\/ld+json\" class=\"yoast-schema-graph\">{\"@context\":\"https:\/\/schema.org\",\"@graph\":[{\"@type\":\"WebPage\",\"@id\":\"https:\/\/weol.lu\/fr\/simulateur\/\",\"url\":\"https:\/\/weol.lu\/fr\/simulateur\/\",\"name\":\"Simulateur - Weol Immobili\u00e8re\",\"isPartOf\":{\"@id\":\"https:\/\/weol.lu\/fr\/#website\"},\"datePublished\":\"2022-10-07T02:41:40+00:00\",\"dateModified\":\"2024-04-12T11:04:19+00:00\",\"description\":\"Technologie de pointe sous forme de simulateurs num\u00e9riques avanc\u00e9s pour vous aider dans tous vos projets immobiliers.\",\"inLanguage\":\"fr-FR\",\"potentialAction\":[{\"@type\":\"ReadAction\",\"target\":[\"https:\/\/weol.lu\/fr\/simulateur\/\"]}]},{\"@type\":\"WebSite\",\"@id\":\"https:\/\/weol.lu\/fr\/#website\",\"url\":\"https:\/\/weol.lu\/fr\/\",\"name\":\"Weol Immobili\u00e8re\",\"description\":\"Immobili\u00e8re Agence\",\"potentialAction\":[{\"@type\":\"SearchAction\",\"target\":{\"@type\":\"EntryPoint\",\"urlTemplate\":\"https:\/\/weol.lu\/fr\/?s={search_term_string}\"},\"query-input\":\"required name=search_term_string\"}],\"inLanguage\":\"fr-FR\"}]}<\/script>\n<!-- \/ Yoast SEO plugin. -->","yoast_head_json":{"title":"Simulateur - Weol Immobili\u00e8re","description":"Technologie de pointe sous forme de simulateurs num\u00e9riques avanc\u00e9s pour vous aider dans tous vos projets immobiliers.","robots":{"index":"index","follow":"follow","max-snippet":"max-snippet:-1","max-image-preview":"max-image-preview:large","max-video-preview":"max-video-preview:-1"},"canonical":"https:\/\/weol.lu\/fr\/simulateur\/","og_locale":"fr_FR","og_type":"article","og_title":"Simulateur - Weol Immobili\u00e8re","og_description":"Technologie de pointe sous forme de simulateurs num\u00e9riques avanc\u00e9s pour vous aider dans tous vos projets immobiliers.","og_url":"https:\/\/weol.lu\/fr\/simulateur\/","og_site_name":"Weol Immobili\u00e8re","article_modified_time":"2024-04-12T11:04:19+00:00","og_image":[{"width":432,"height":270,"url":"https:\/\/weol.lu\/wp-content\/uploads\/2021\/05\/logo-weol-1.png","type":"image\/png"}],"twitter_card":"summary_large_image","twitter_misc":{"Dur\u00e9e de lecture estim\u00e9e":"2 minutes"},"schema":{"@context":"https:\/\/schema.org","@graph":[{"@type":"WebPage","@id":"https:\/\/weol.lu\/fr\/simulateur\/","url":"https:\/\/weol.lu\/fr\/simulateur\/","name":"Simulateur - Weol Immobili\u00e8re","isPartOf":{"@id":"https:\/\/weol.lu\/fr\/#website"},"datePublished":"2022-10-07T02:41:40+00:00","dateModified":"2024-04-12T11:04:19+00:00","description":"Technologie de pointe sous forme de simulateurs num\u00e9riques avanc\u00e9s pour vous aider dans tous vos projets immobiliers.","inLanguage":"fr-FR","potentialAction":[{"@type":"ReadAction","target":["https:\/\/weol.lu\/fr\/simulateur\/"]}]},{"@type":"WebSite","@id":"https:\/\/weol.lu\/fr\/#website","url":"https:\/\/weol.lu\/fr\/","name":"Weol Immobili\u00e8re","description":"Immobili\u00e8re Agence","potentialAction":[{"@type":"SearchAction","target":{"@type":"EntryPoint","urlTemplate":"https:\/\/weol.lu\/fr\/?s={search_term_string}"},"query-input":"required name=search_term_string"}],"inLanguage":"fr-FR"}]}},"_links":{"self":[{"href":"https:\/\/weol.lu\/fr\/wp-json\/wp\/v2\/pages\/27039"}],"collection":[{"href":"https:\/\/weol.lu\/fr\/wp-json\/wp\/v2\/pages"}],"about":[{"href":"https:\/\/weol.lu\/fr\/wp-json\/wp\/v2\/types\/page"}],"author":[{"embeddable":true,"href":"https:\/\/weol.lu\/fr\/wp-json\/wp\/v2\/users\/1"}],"replies":[{"embeddable":true,"href":"https:\/\/weol.lu\/fr\/wp-json\/wp\/v2\/comments?post=27039"}],"version-history":[{"count":1,"href":"https:\/\/weol.lu\/fr\/wp-json\/wp\/v2\/pages\/27039\/revisions"}],"predecessor-version":[{"id":29875,"href":"https:\/\/weol.lu\/fr\/wp-json\/wp\/v2\/pages\/27039\/revisions\/29875"}],"wp:attachment":[{"href":"https:\/\/weol.lu\/fr\/wp-json\/wp\/v2\/media?parent=27039"}],"curies":[{"name":"wp","href":"https:\/\/api.w.org\/{rel}","templated":true}]}}