{"id":29213,"date":"2024-02-09T18:55:33","date_gmt":"2024-02-09T18:55:33","guid":{"rendered":"https:\/\/weol.lu\/evolution-des-prix-de-vente-et-des-locations-au-luxembourg-un-apercu-detaille-par-commune-et-quartier\/"},"modified":"2024-02-28T10:15:16","modified_gmt":"2024-02-28T10:15:16","slug":"evolution-des-prix-de-vente-et-des-locations-au-luxembourg-un-apercu-detaille-par-commune-et-quartier","status":"publish","type":"page","link":"https:\/\/weol.lu\/fr\/evolution-des-prix-de-vente-et-des-locations-au-luxembourg-un-apercu-detaille-par-commune-et-quartier\/","title":{"rendered":"\u00c9volution des prix de vente et des locations au Luxembourg : Un aper\u00e7u d\u00e9taill\u00e9 par commune et quartier"},"content":{"rendered":"<div class=\"wpb-content-wrapper\"><p>[vc_row css=\u00a0\u00bb.vc_custom_1707484069024{margin-bottom: 20px !important;}\u00a0\u00bb][vc_column]<div id=\"ultimate-heading-840669d7d9ef0948c\" class=\"uvc-heading ult-adjust-bottom-margin ultimate-heading-840669d7d9ef0948c uvc-2473 \" data-hspacer=\"no_spacer\"  data-halign=\"left\" style=\"text-align:left\"><div class=\"uvc-heading-spacer no_spacer\" style=\"top\"><\/div><div class=\"uvc-main-heading ult-responsive\"  data-ultimate-target='.uvc-heading.ultimate-heading-840669d7d9ef0948c h1'  data-responsive-json-new='{\"font-size\":\"\",\"line-height\":\"\"}' ><h1 style=\"font-weight:normal;\">\u00c9volution des prix de vente et des locations au Luxembourg : Un aper\u00e7u d\u00e9taill\u00e9 par commune et quartier<\/h1><\/div><\/div>[vc_column_text css=\u00a0\u00bb.vc_custom_1707484093334{margin-top: 20px !important;}\u00a0\u00bb]Bienvenue sur notre page d\u00e9di\u00e9e \u00e0 \u00ab\u00a0Prix de Vente et Locations au Luxembourg\u00a0\u00bb. Ici, vous trouverez des informations \u00e0 jour et d\u00e9taill\u00e9es sur les tendances des prix de vente et des loyers dans diff\u00e9rentes communes et quartiers du Luxembourg. Que vous soyez futur propri\u00e9taire, investisseur ou locataire, ces graphiques vous offriront des perspectives pr\u00e9cieuses pour vos d\u00e9cisions immobili\u00e8res.[\/vc_column_text][\/vc_column][\/vc_row][vc_row css=\u00a0\u00bb.vc_custom_1707506931022{padding-bottom: 40px !important;}\u00a0\u00bb][vc_column width=\u00a0\u00bb1\/3&Prime; css=\u00a0\u00bb.vc_custom_1707481951130{margin-top: 0px !important;margin-right: 0px !important;margin-bottom: 0px !important;margin-left: 0px !important;}\u00a0\u00bb][vc_row_inner el_class=\u00a0\u00bbtamanho\u00a0\u00bb][vc_column_inner][vc_single_image image=\u00a0\u00bb29057&Prime; img_size=\u00a0\u00bbfull\u00a0\u00bb alignment=\u00a0\u00bbcenter\u00a0\u00bb onclick=\u00a0\u00bbcustom_link\u00a0\u00bb link=\u00a0\u00bbhttps:\/\/weol.lu\/fr\/prix-enregistres\/\u00a0\u00bb][vc_column_text css=\u00a0\u00bb.vc_custom_1707489637491{margin-top: 0px !important;margin-bottom: 0px !important;}\u00a0\u00bb]<\/p>\n<h4 style=\"text-align: center;\"><a href=\"https:\/\/weol.lu\/fr\/prix-enregistres\/\">Prix Enregistr\u00e9s<\/a><\/h4>\n<p style=\"text-align: justify;\">D\u00e9couvrez comment les prix de vente ont \u00e9volu\u00e9 au fil du temps, offrant une perspective historique sur les tendances du march\u00e9 immobilier luxembourgeois.<\/p>\n<p>[\/vc_column_text][\/vc_column_inner][\/vc_row_inner]<div class=\" vc_custom_1709115282412 ult_buttons ubtn-ctn-center \"><a class=\"ubtn-link ult-adjust-bottom-margin ubtn-center ubtn-custom \" href=\"https:\/\/weol.lu\/fr\/prix-enregistres\/\" title=\"Prix enregistr\u00e9s\" ><button type=\"button\" id=\"ubtn-4991\"  class=\"ubtn ult-adjust-bottom-margin ult-responsive ubtn-custom ubtn-fade-bg  none  ubtn-shd  ubtn-center  shd-bottom tooltip-69d7d9ef094be\"  data-hover=\"\" data-border-color=\"\" data-bg=\"#e3111e\" data-hover-bg=\"\" data-border-hover=\"\" data-shadow-hover=\"0 3px #e3111e;\" data-shadow-click=\"none\" data-shadow=\"0 3px #e3111e;\" data-shd-shadow=\"3\"  data-ultimate-target='#ubtn-4991'  data-responsive-json-new='{\"font-size\":\"desktop:13px;\",\"line-height\":\"\"}'  style=\"font-weight:normal;width:120px;min-height:0px;padding:15px 24px;border:none;box-shadow: 0 3px #e3111e;background: #e3111e;color: #ffffff;\"><span class=\"ubtn-hover\" style=\"background-color:\"><\/span><span class=\"ubtn-data ubtn-text \" >Voir plus<\/span><\/button><\/a><\/div>[\/vc_column][vc_column width=\u00a0\u00bb1\/3&Prime;][vc_row_inner el_class=\u00a0\u00bbtamanho\u00a0\u00bb][vc_column_inner][vc_single_image image=\u00a0\u00bb29057&Prime; img_size=\u00a0\u00bbfull\u00a0\u00bb alignment=\u00a0\u00bbcenter\u00a0\u00bb onclick=\u00a0\u00bbcustom_link\u00a0\u00bb link=\u00a0\u00bbhttps:\/\/weol.lu\/fr\/prix-annonces\/\u00a0\u00bb][vc_column_text css=\u00a0\u00bb.vc_custom_1707489658659{margin-top: 10px !important;margin-bottom: 0px !important;}\u00a0\u00bb]<\/p>\n<h4 style=\"text-align: center;\"><a href=\"https:\/\/weol.lu\/fr\/prix-annonces\/\">Prix Annonc\u00e9s<\/a><\/h4>\n<p style=\"text-align: justify;\">Comparez les prix annonc\u00e9s aux prix de vente r\u00e9els pour comprendre l&rsquo;\u00e9cart entre les attentes des vendeurs et les transactions finales.<\/p>\n<p>[\/vc_column_text][\/vc_column_inner][\/vc_row_inner]<div class=\" vc_custom_1709115296165 ult_buttons ubtn-ctn-center \"><a class=\"ubtn-link ult-adjust-bottom-margin ubtn-center ubtn-custom \" href=\"https:\/\/weol.lu\/fr\/prix-annonces\/\" title=\"Prix annonc\u00e9s\" ><button type=\"button\" id=\"ubtn-9058\"  class=\"ubtn ult-adjust-bottom-margin ult-responsive ubtn-custom ubtn-fade-bg  none  ubtn-shd  ubtn-center  shd-bottom tooltip-69d7d9ef09518\"  data-hover=\"\" data-border-color=\"\" data-bg=\"#e3111e\" data-hover-bg=\"\" data-border-hover=\"\" data-shadow-hover=\"0 3px #e3111e;\" data-shadow-click=\"none\" data-shadow=\"0 3px #e3111e;\" data-shd-shadow=\"3\"  data-ultimate-target='#ubtn-9058'  data-responsive-json-new='{\"font-size\":\"desktop:13px;\",\"line-height\":\"\"}'  style=\"font-weight:normal;width:120px;min-height:0px;padding:15px 24px;border:none;box-shadow: 0 3px #e3111e;background: #e3111e;color: #ffffff;\"><span class=\"ubtn-hover\" style=\"background-color:\"><\/span><span class=\"ubtn-data ubtn-text \" >Voir plus<\/span><\/button><\/a><\/div>[\/vc_column][vc_column width=\u00a0\u00bb1\/3&Prime;][vc_row_inner el_class=\u00a0\u00bbtamanho\u00a0\u00bb][vc_column_inner][vc_single_image image=\u00a0\u00bb29057&Prime; img_size=\u00a0\u00bbfull\u00a0\u00bb alignment=\u00a0\u00bbcenter\u00a0\u00bb onclick=\u00a0\u00bbcustom_link\u00a0\u00bb link=\u00a0\u00bbhttps:\/\/weol.lu\/fr\/loyers-annonces\/\u00a0\u00bb][vc_column_text css=\u00a0\u00bb.vc_custom_1707489669769{margin-top: 10px !important;margin-bottom: 0px !important;}\u00a0\u00bb]<\/p>\n<h4 style=\"text-align: center;\"><a href=\"https:\/\/weol.lu\/fr\/loyers-annonces\/\">Locations Annonc\u00e9es<\/a><\/h4>\n<p style=\"text-align: justify;\">\u00c9volution des Loyer Annonc\u00e9s : Les loyers sont un indicateur cl\u00e9 du march\u00e9 immobilier, particuli\u00e8rement pour les investisseurs et les locataires. Explorez comment les loyers ont \u00e9volu\u00e9 au Luxembourg, avec un focus particulier sur les variations par quartier.<\/p>\n<p>[\/vc_column_text][\/vc_column_inner][\/vc_row_inner]<div class=\" vc_custom_1709115312644 ult_buttons ubtn-ctn-center \"><a class=\"ubtn-link ult-adjust-bottom-margin ubtn-center ubtn-custom \" href=\"https:\/\/weol.lu\/fr\/loyers-annonces\/\" title=\"Loyers annonc\u00e9s\" ><button type=\"button\" id=\"ubtn-3571\"  class=\"ubtn ult-adjust-bottom-margin ult-responsive ubtn-custom ubtn-fade-bg  none  ubtn-shd  ubtn-center  shd-bottom tooltip-69d7d9ef0953f\"  data-hover=\"\" data-border-color=\"\" data-bg=\"#e3111e\" data-hover-bg=\"\" data-border-hover=\"\" data-shadow-hover=\"0 3px #e3111e;\" data-shadow-click=\"none\" data-shadow=\"0 3px #e3111e;\" data-shd-shadow=\"3\"  data-ultimate-target='#ubtn-3571'  data-responsive-json-new='{\"font-size\":\"desktop:13px;\",\"line-height\":\"\"}'  style=\"font-weight:normal;width:120px;min-height:0px;padding:15px 24px;border:none;box-shadow: 0 3px #e3111e;background: #e3111e;color: #ffffff;\"><span class=\"ubtn-hover\" style=\"background-color:\"><\/span><span class=\"ubtn-data ubtn-text \" >Voir plus<\/span><\/button><\/a><\/div>[\/vc_column][\/vc_row][vc_row full_width=\u00a0\u00bbstretch_row\u00a0\u00bb content_placement=\u00a0\u00bbtop\u00a0\u00bb parallax=\u00a0\u00bbcontent-moving\u00a0\u00bb parallax_image=\u00a0\u00bb29272&Prime; parallax_speed_bg=\u00a0\u00bb2.5&Prime; css=\u00a0\u00bb.vc_custom_1708625096872{padding-top: 110px !important;padding-bottom: 140px !important;background-position: center;background-repeat: no-repeat !important;background-size: contain !important;}\u00a0\u00bb][vc_column]<div id=\"ultimate-heading-332169d7d9ef09560\" class=\"uvc-heading ult-adjust-bottom-margin ultimate-heading-332169d7d9ef09560 uvc-9114 \" data-hspacer=\"no_spacer\"  data-halign=\"center\" style=\"text-align:center\"><div class=\"uvc-heading-spacer no_spacer\" style=\"top\"><\/div><div class=\"uvc-main-heading ult-responsive\"  data-ultimate-target='.uvc-heading.ultimate-heading-332169d7d9ef09560 h3'  data-responsive-json-new='{\"font-size\":\"\",\"line-height\":\"\"}' ><h3 style=\"font-weight:normal;color:#ffffff;\">Notre analyse de l'\u00e9volution des prix de vente et des loyers au Luxembourg vise \u00e0 vous fournir des donn\u00e9es fiables et une compr\u00e9hension approfondie du march\u00e9. Que votre objectif soit d'acheter votre premi\u00e8re maison, d'investir dans l'immobilier ou simplement de rester inform\u00e9, Weol Immobili\u00e8re est l\u00e0 pour vous soutenir \u00e0 chaque \u00e9tape.<\/h3><\/div><\/div>[\/vc_column][\/vc_row][vc_row full_width=\u00a0\u00bbstretch_row\u00a0\u00bb css=\u00a0\u00bb.vc_custom_1707507006715{padding-top: 50px !important;padding-bottom: 50px !important;}\u00a0\u00bb][vc_column][vc_raw_html]PGg0PlByw6p0IMOgIGZyYW5jaGlyIGxhIHByb2NoYWluZSDDqXRhcGU\/PC9oND4NCkNvbnRhY3Rlei1ub3VzIHBvdXIgdW5lIGNvbnN1bHRhdGlvbiBwZXJzb25uYWxpc8OpZSBvdSBwb3VyIHBsdXMgZCdpbmZvcm1hdGlvbnMgc3VyIGxlcyB0ZW5kYW5jZXMgZHUgbWFyY2jDqSBpbW1vYmlsaWVyIGx1eGVtYm91cmdlb2lzLjxicj48YnI+DQpbY29udGFjdC1mb3JtLTcgaWQ9IjIyNzA0IiB0aXRsZT0iQ29udGFjdG8gKEZSKSJdDQo=[\/vc_raw_html][\/vc_column][\/vc_row]<\/p>\n<\/div>","protected":false},"excerpt":{"rendered":"<p>[vc_row css=\u00a0\u00bb.vc_custom_1707484069024{margin-bottom: 20px !important;}\u00a0\u00bb][vc_column][vc_column_text css=\u00a0\u00bb.vc_custom_1707484093334{margin-top: 20px !important;}\u00a0\u00bb]Bienvenue sur notre page d\u00e9di\u00e9e \u00e0 \u00ab\u00a0Prix de Vente et Locations au Luxembourg\u00a0\u00bb. Ici, vous trouverez des informations \u00e0 jour et d\u00e9taill\u00e9es sur les tendances des prix de vente et des loyers dans diff\u00e9rentes communes et quartiers du Luxembourg. Que vous soyez futur propri\u00e9taire, investisseur ou locataire, ces graphiques vous offriront des perspectives pr\u00e9cieuses pour vos d\u00e9cisions immobili\u00e8res.[\/vc_column_text][\/vc_column][\/vc_row][vc_row &#8230;<\/p>\n","protected":false},"author":1,"featured_media":0,"parent":0,"menu_order":0,"comment_status":"closed","ping_status":"closed","template":"","meta":{"footnotes":""},"yoast_head":"<!-- This site is optimized with the Yoast SEO plugin v22.5 - https:\/\/yoast.com\/wordpress\/plugins\/seo\/ -->\n<title>\u00c9volution des prix de vente et des locations au Luxembourg : Un aper\u00e7u d\u00e9taill\u00e9 par commune et quartier - Weol Immobili\u00e8re<\/title>\n<meta name=\"robots\" content=\"index, follow, max-snippet:-1, max-image-preview:large, max-video-preview:-1\" \/>\n<link rel=\"canonical\" href=\"https:\/\/weol.lu\/fr\/evolution-des-prix-de-vente-et-des-locations-au-luxembourg-un-apercu-detaille-par-commune-et-quartier\/\" \/>\n<meta property=\"og:locale\" content=\"fr_FR\" \/>\n<meta property=\"og:type\" content=\"article\" \/>\n<meta property=\"og:title\" content=\"\u00c9volution des prix de vente et des locations au Luxembourg : Un aper\u00e7u d\u00e9taill\u00e9 par commune et quartier - Weol Immobili\u00e8re\" \/>\n<meta property=\"og:description\" content=\"[vc_row css=\u00a0\u00bb.vc_custom_1707484069024{margin-bottom: 20px !important;}\u00a0\u00bb][vc_column][vc_column_text css=\u00a0\u00bb.vc_custom_1707484093334{margin-top: 20px !important;}\u00a0\u00bb]Bienvenue sur notre page d\u00e9di\u00e9e \u00e0 \u00ab\u00a0Prix de Vente et Locations au Luxembourg\u00a0\u00bb. Ici, vous trouverez des informations \u00e0 jour et d\u00e9taill\u00e9es sur les tendances des prix de vente et des loyers dans diff\u00e9rentes communes et quartiers du Luxembourg. Que vous soyez futur propri\u00e9taire, investisseur ou locataire, ces graphiques vous offriront des perspectives pr\u00e9cieuses pour vos d\u00e9cisions immobili\u00e8res.[\/vc_column_text][\/vc_column][\/vc_row][vc_row ...\" \/>\n<meta property=\"og:url\" content=\"https:\/\/weol.lu\/fr\/evolution-des-prix-de-vente-et-des-locations-au-luxembourg-un-apercu-detaille-par-commune-et-quartier\/\" \/>\n<meta property=\"og:site_name\" content=\"Weol Immobili\u00e8re\" \/>\n<meta property=\"article:modified_time\" content=\"2024-02-28T10:15:16+00:00\" \/>\n<meta property=\"og:image\" content=\"https:\/\/weol.lu\/wp-content\/uploads\/2021\/05\/logo-weol-1.png\" \/>\n\t<meta property=\"og:image:width\" content=\"432\" \/>\n\t<meta property=\"og:image:height\" content=\"270\" \/>\n\t<meta property=\"og:image:type\" content=\"image\/png\" \/>\n<meta name=\"twitter:card\" content=\"summary_large_image\" \/>\n<meta name=\"twitter:label1\" content=\"Dur\u00e9e de lecture estim\u00e9e\" \/>\n\t<meta name=\"twitter:data1\" content=\"2 minutes\" \/>\n<script type=\"application\/ld+json\" class=\"yoast-schema-graph\">{\"@context\":\"https:\/\/schema.org\",\"@graph\":[{\"@type\":\"WebPage\",\"@id\":\"https:\/\/weol.lu\/fr\/evolution-des-prix-de-vente-et-des-locations-au-luxembourg-un-apercu-detaille-par-commune-et-quartier\/\",\"url\":\"https:\/\/weol.lu\/fr\/evolution-des-prix-de-vente-et-des-locations-au-luxembourg-un-apercu-detaille-par-commune-et-quartier\/\",\"name\":\"\u00c9volution des prix de vente et des locations au Luxembourg : Un aper\u00e7u d\u00e9taill\u00e9 par commune et quartier - Weol Immobili\u00e8re\",\"isPartOf\":{\"@id\":\"https:\/\/weol.lu\/fr\/#website\"},\"datePublished\":\"2024-02-09T18:55:33+00:00\",\"dateModified\":\"2024-02-28T10:15:16+00:00\",\"inLanguage\":\"fr-FR\",\"potentialAction\":[{\"@type\":\"ReadAction\",\"target\":[\"https:\/\/weol.lu\/fr\/evolution-des-prix-de-vente-et-des-locations-au-luxembourg-un-apercu-detaille-par-commune-et-quartier\/\"]}]},{\"@type\":\"WebSite\",\"@id\":\"https:\/\/weol.lu\/fr\/#website\",\"url\":\"https:\/\/weol.lu\/fr\/\",\"name\":\"Weol Immobili\u00e8re\",\"description\":\"Immobili\u00e8re Agence\",\"potentialAction\":[{\"@type\":\"SearchAction\",\"target\":{\"@type\":\"EntryPoint\",\"urlTemplate\":\"https:\/\/weol.lu\/fr\/?s={search_term_string}\"},\"query-input\":\"required name=search_term_string\"}],\"inLanguage\":\"fr-FR\"}]}<\/script>\n<!-- \/ Yoast SEO plugin. -->","yoast_head_json":{"title":"\u00c9volution des prix de vente et des locations au Luxembourg : Un aper\u00e7u d\u00e9taill\u00e9 par commune et quartier - Weol Immobili\u00e8re","robots":{"index":"index","follow":"follow","max-snippet":"max-snippet:-1","max-image-preview":"max-image-preview:large","max-video-preview":"max-video-preview:-1"},"canonical":"https:\/\/weol.lu\/fr\/evolution-des-prix-de-vente-et-des-locations-au-luxembourg-un-apercu-detaille-par-commune-et-quartier\/","og_locale":"fr_FR","og_type":"article","og_title":"\u00c9volution des prix de vente et des locations au Luxembourg : Un aper\u00e7u d\u00e9taill\u00e9 par commune et quartier - Weol Immobili\u00e8re","og_description":"[vc_row css=\u00a0\u00bb.vc_custom_1707484069024{margin-bottom: 20px !important;}\u00a0\u00bb][vc_column][vc_column_text css=\u00a0\u00bb.vc_custom_1707484093334{margin-top: 20px !important;}\u00a0\u00bb]Bienvenue sur notre page d\u00e9di\u00e9e \u00e0 \u00ab\u00a0Prix de Vente et Locations au Luxembourg\u00a0\u00bb. Ici, vous trouverez des informations \u00e0 jour et d\u00e9taill\u00e9es sur les tendances des prix de vente et des loyers dans diff\u00e9rentes communes et quartiers du Luxembourg. Que vous soyez futur propri\u00e9taire, investisseur ou locataire, ces graphiques vous offriront des perspectives pr\u00e9cieuses pour vos d\u00e9cisions immobili\u00e8res.[\/vc_column_text][\/vc_column][\/vc_row][vc_row ...","og_url":"https:\/\/weol.lu\/fr\/evolution-des-prix-de-vente-et-des-locations-au-luxembourg-un-apercu-detaille-par-commune-et-quartier\/","og_site_name":"Weol Immobili\u00e8re","article_modified_time":"2024-02-28T10:15:16+00:00","og_image":[{"width":432,"height":270,"url":"https:\/\/weol.lu\/wp-content\/uploads\/2021\/05\/logo-weol-1.png","type":"image\/png"}],"twitter_card":"summary_large_image","twitter_misc":{"Dur\u00e9e de lecture estim\u00e9e":"2 minutes"},"schema":{"@context":"https:\/\/schema.org","@graph":[{"@type":"WebPage","@id":"https:\/\/weol.lu\/fr\/evolution-des-prix-de-vente-et-des-locations-au-luxembourg-un-apercu-detaille-par-commune-et-quartier\/","url":"https:\/\/weol.lu\/fr\/evolution-des-prix-de-vente-et-des-locations-au-luxembourg-un-apercu-detaille-par-commune-et-quartier\/","name":"\u00c9volution des prix de vente et des locations au Luxembourg : Un aper\u00e7u d\u00e9taill\u00e9 par commune et quartier - Weol Immobili\u00e8re","isPartOf":{"@id":"https:\/\/weol.lu\/fr\/#website"},"datePublished":"2024-02-09T18:55:33+00:00","dateModified":"2024-02-28T10:15:16+00:00","inLanguage":"fr-FR","potentialAction":[{"@type":"ReadAction","target":["https:\/\/weol.lu\/fr\/evolution-des-prix-de-vente-et-des-locations-au-luxembourg-un-apercu-detaille-par-commune-et-quartier\/"]}]},{"@type":"WebSite","@id":"https:\/\/weol.lu\/fr\/#website","url":"https:\/\/weol.lu\/fr\/","name":"Weol Immobili\u00e8re","description":"Immobili\u00e8re Agence","potentialAction":[{"@type":"SearchAction","target":{"@type":"EntryPoint","urlTemplate":"https:\/\/weol.lu\/fr\/?s={search_term_string}"},"query-input":"required name=search_term_string"}],"inLanguage":"fr-FR"}]}},"_links":{"self":[{"href":"https:\/\/weol.lu\/fr\/wp-json\/wp\/v2\/pages\/29213"}],"collection":[{"href":"https:\/\/weol.lu\/fr\/wp-json\/wp\/v2\/pages"}],"about":[{"href":"https:\/\/weol.lu\/fr\/wp-json\/wp\/v2\/types\/page"}],"author":[{"embeddable":true,"href":"https:\/\/weol.lu\/fr\/wp-json\/wp\/v2\/users\/1"}],"replies":[{"embeddable":true,"href":"https:\/\/weol.lu\/fr\/wp-json\/wp\/v2\/comments?post=29213"}],"version-history":[{"count":0,"href":"https:\/\/weol.lu\/fr\/wp-json\/wp\/v2\/pages\/29213\/revisions"}],"wp:attachment":[{"href":"https:\/\/weol.lu\/fr\/wp-json\/wp\/v2\/media?parent=29213"}],"curies":[{"name":"wp","href":"https:\/\/api.w.org\/{rel}","templated":true}]}}