{"id":29243,"date":"2024-02-19T08:59:34","date_gmt":"2024-02-19T08:59:34","guid":{"rendered":"https:\/\/weol.lu\/home-new-fr\/"},"modified":"2024-04-10T01:00:06","modified_gmt":"2024-04-10T01:00:06","slug":"home-new-fr","status":"publish","type":"page","link":"https:\/\/weol.lu\/fr\/","title":{"rendered":"ACCUEIL"},"content":{"rendered":"<div class=\"wpb-content-wrapper\"><p>[vc_row full_width=\u00a0\u00bbstretch_row\u00a0\u00bb content_placement=\u00a0\u00bbmiddle\u00a0\u00bb css=\u00a0\u00bb.vc_custom_1707329927439{padding-top: 50px !important;padding-bottom: 40px !important;}\u00a0\u00bb][vc_column css=\u00a0\u00bb.vc_custom_1704360851136{margin-top: 0px !important;margin-bottom: 0px !important;padding-top: 0px !important;padding-bottom: 0px !important;}\u00a0\u00bb][vc_column_text]<\/p>\n<h1 class=\"entry-title\" style=\"margin-bottom: 20px; text-align: center;\">Explorez le c\u0153ur du march\u00e9 immobilier luxembourgeois avec notre carte interactive GEO.<\/h1>\n<p>[\/vc_column_text][vc_column_text]<\/p>\n<p style=\"text-align: center;\">Visualisez en temps r\u00e9el l&rsquo;\u00e9volution des opportunit\u00e9s \u00e0 Luxembourg-Ville et dans ses quartiers dynamiques. D\u00e9couvrez facilement la variation en pourcentage des prix immobiliers \u00e0 travers tout le Luxembourg et trouvez l&#8217;emplacement id\u00e9al pour votre prochain investissement.<\/p>\n<p>[\/vc_column_text]<div class=\"ult-spacer spacer-69d84b76545fe\" data-id=\"69d84b76545fe\" data-height=\"10\" data-height-mobile=\"10\" data-height-tab=\"10\" data-height-tab-portrait=\"\" data-height-mobile-landscape=\"\" style=\"clear:both;display:block;\"><\/div>[vc_raw_html]JTNDZmlndXJlJTIwY2xhc3MlM0QlMjJoaWdoY2hhcnRzLWZpZ3VyZSUyMiUzRSUwQSUyMCUyMCUyMCUyMCUyMCUyMCUzQ2RpdiUyMHN0eWxlJTNEJTIyZGlzcGxheSUzQSUyMGlubGluZSUyMiUzRSUwQSUyMCUyMCUyMCUyMCUyMCUyMCUyMCUyMCUzQ3NlbGVjdCUyMGlkJTNEJTIyc2hlZXRzR3JvdXBzJTIyJTNFJTNDJTJGc2VsZWN0JTNFJTBBJTIwJTIwJTIwJTIwJTIwJTIwJTIwJTIwJTNDc2VsZWN0JTIwaWQlM0QlMjJzaGVldHMlMjIlMjBzdHlsZSUzRCUyMm1hcmdpbi1sZWZ0JTNBJTIwM3B4JTIyJTIwZGF0YS1tYXB0eXBlJTNEJTIyJTIyJTNFJTNDJTJGc2VsZWN0JTNFJTBBJTIwJTIwJTIwJTIwJTIwJTIwJTNDJTJGZGl2JTNFJTBBJTIwJTIwJTIwJTIwJTIwJTIwJTNDc2VsZWN0JTIwaWQlM0QlMjJ5ZWFyc19mciUyMiUyMHN0eWxlJTNEJTIybWFyZ2luLXRvcCUzQSUyMDVweCUyMiUzRSUzQyUyRnNlbGVjdCUzRSUwQSUyMCUyMCUyMCUyMCUyMCUyMCUzQ2RpdiUyMGlkJTNEJTIybWFwQ29udGFpbmVyX2ZyJTIyJTNFJTNDJTJGZGl2JTNFJTBBJTIwJTIwJTIwJTIwJTIwJTIwJTNDZGl2JTIwaWQlM0QlMjJxdWFydGVyQ29udGFpbmVyX2ZyJTIyJTNFJTNDJTJGZGl2JTNFJTBBJTIwJTIwJTIwJTIwJTIwJTIwJTNDZGl2JTIwaWQlM0QlMjJuYXRpb25hbEF2ZXJhZ2VDb250YWluZXJfZnIlMjIlM0UlM0MlMkZkaXYlM0UlMEElMjAlMjAlMjAlMjAlM0MlMkZmaWd1cmUlM0UlMEElMjAlMjAlM0NzY3JpcHQlM0UlMEElMjAlMjAlMjAlMjBkeW5hbWljRmlsdGVyc01ha2VyJTI4JTBBJTIwJTIwJTIwJTIwJTIwJTIwJTIybWFwQ29udGFpbmVyX2ZyJTIyJTJDJTBBJTIwJTIwJTIwJTIwJTIwJTIwJTIycXVhcnRlckNvbnRhaW5lcl9mciUyMiUyQyUwQSUyMCUyMCUyMCUyMCUyMCUyMCUyMm5hdGlvbmFsQXZlcmFnZUNvbnRhaW5lcl9mciUyMiUyQyUwQSUyMCUyMCUyMCUyMCUyMCUyMCUyMnllYXJzX2ZyJTIyJTJDJTBBJTIwJTIwJTIwJTIwJTIwJTIwJTIyRmlsdGVyJTIwb25lJTIwJTI4RlIlMjklMjIlMkMlMEElMjAlMjAlMjAlMjAlMjAlMjAlMjJGaWx0ZXIlMjB0d28lMjAlMjhGUiUyOSUyMiUyQyUwQSUyMCUyMCUyMCUyMCUyMCUyMCUyMkNvbW11bmUlMjAlMjhGUiUyOSUyMiUyQyUwQSUyMCUyMCUyMCUyMCUyMCUyMCUyMk1veWVubmUlMjIlMEElMjAlMjAlMjAlMjAlMjklM0IlMEElMjAlMjAlM0MlMkZzY3JpcHQlM0U=[\/vc_raw_html][\/vc_column][\/vc_row][vc_row full_width=\u00a0\u00bbstretch_row\u00a0\u00bb content_placement=\u00a0\u00bbmiddle\u00a0\u00bb css=\u00a0\u00bb.vc_custom_1707333044340{padding-top: 50px !important;padding-bottom: 50px !important;background-color: #fbf8f8 !important;}\u00a0\u00bb][vc_column width=\u00a0\u00bb1\/2&Prime; css=\u00a0\u00bb.vc_custom_1704362712473{padding-top: 30px !important;}\u00a0\u00bb][vc_column_text]<\/p>\n<h1 class=\"entry-title\" style=\"margin-bottom: 35px; text-align: center;\">Comprenez les tendances des prix immobiliers au Luxembourg avec nos graphiques d\u00e9taill\u00e9s.<\/h1>\n<h3 style=\"text-align: center;\">Analysez avec pr\u00e9cision l&rsquo;\u00e9volution des prix ici.<\/h3>\n<p>[\/vc_column_text]<div class=\" ult_buttons ubtn-ctn-center \"><a class=\"ubtn-link ult-adjust-bottom-margin ubtn-center ubtn-custom \" href=\"https:\/\/weol.lu\/fr\/evolution-des-prix-de-vente-et-des-locations-au-luxembourg-un-apercu-detaille-par-commune-et-quartier\/\" title=\"Voir les Graphiques\" ><button type=\"button\" id=\"ubtn-7327\"  class=\"ubtn ult-adjust-bottom-margin ult-responsive ubtn-custom ubtn-fade-bg  none  ubtn-shd  ubtn-center  shd-bottom tooltip-69d84b7654628\"  data-hover=\"#ffffff\" data-border-color=\"\" data-bg=\"#e3111e\" data-hover-bg=\"#e3111e\" data-border-hover=\"\" data-shadow-hover=\"0 3px #e3111e;\" data-shadow-click=\"none\" data-shadow=\"0 3px #e3111e;\" data-shd-shadow=\"3\"  data-ultimate-target='#ubtn-7327'  data-responsive-json-new='{\"font-size\":\"desktop:13px;\",\"line-height\":\"\"}'  style=\"font-weight:normal;width:192px;min-height:0px;padding:15px 24px;border:none;box-shadow: 0 3px #e3111e;background: #e3111e;color: #ffffff;\"><span class=\"ubtn-hover\" style=\"background-color:#e3111e\"><\/span><span class=\"ubtn-data ubtn-text \" >Voir les Graphiques<\/span><\/button><\/a><\/div>[\/vc_column][vc_column width=\u00a0\u00bb1\/2&Prime;][vc_single_image image=\u00a0\u00bb29057&Prime; img_size=\u00a0\u00bbfull\u00a0\u00bb][\/vc_column][\/vc_row][vc_row full_width=\u00a0\u00bbstretch_row\u00a0\u00bb content_placement=\u00a0\u00bbmiddle\u00a0\u00bb parallax=\u00a0\u00bbcontent-moving\u00a0\u00bb parallax_image=\u00a0\u00bb29052&Prime; css=\u00a0\u00bb.vc_custom_1706812486003{padding-top: 150px !important;padding-bottom: 150px !important;}\u00a0\u00bb][vc_column]<div id=\"ultimate-heading-857769d84b765468e\" class=\"uvc-heading ult-adjust-bottom-margin ultimate-heading-857769d84b765468e uvc-7825 \" data-hspacer=\"no_spacer\"  data-halign=\"center\" style=\"text-align:center\"><div class=\"uvc-heading-spacer no_spacer\" style=\"top\"><\/div><div class=\"uvc-main-heading ult-responsive\"  data-ultimate-target='.uvc-heading.ultimate-heading-857769d84b765468e h2'  data-responsive-json-new='{\"font-size\":\"desktop:22px;\",\"line-height\":\"\"}' ><h2 style=\"font-weight:normal;color:#ffffff;margin-bottom:0px;\">Bienvenue chez Weol Immobili\u00e8re, votre partenaire de confiance pour l&#039;achat et la vente de maisons et d&#039;appartements au Luxembourg.<\/h2><\/div><div class=\"uvc-sub-heading ult-responsive\"  data-ultimate-target='.uvc-heading.ultimate-heading-857769d84b765468e .uvc-sub-heading '  data-responsive-json-new='{\"font-size\":\"desktop:32px;\",\"line-height\":\"\"}'  style=\"font-weight:bold;color:#ffffff;\">D\u00e9couvrez votre future maison avec Weol Immobili\u00e8re.<\/div><\/div><div class=\"ult-spacer spacer-69d84b76546aa\" data-id=\"69d84b76546aa\" data-height=\"20\" data-height-mobile=\"20\" data-height-tab=\"20\" data-height-tab-portrait=\"\" data-height-mobile-landscape=\"\" style=\"clear:both;display:block;\"><\/div><div class=\" ult_buttons ubtn-ctn-center \"><a class=\"ubtn-link ult-adjust-bottom-margin ubtn-center ubtn-custom \" href=\"https:\/\/weol.lu\/fr\/ventes\/\" title=\"Voir les Propri\u00e9t\u00e9s\" ><button type=\"button\" id=\"ubtn-5325\"  class=\"ubtn ult-adjust-bottom-margin ult-responsive ubtn-custom ubtn-fade-bg  none  ubtn-shd  ubtn-center  shd-bottom tooltip-69d84b76546c1\"  data-hover=\"#ffffff\" data-border-color=\"\" data-bg=\"#e3111e\" data-hover-bg=\"#e3111e\" data-border-hover=\"\" data-shadow-hover=\"0 3px #e3111e;\" data-shadow-click=\"none\" data-shadow=\"0 3px #e3111e;\" data-shd-shadow=\"3\"  data-ultimate-target='#ubtn-5325'  data-responsive-json-new='{\"font-size\":\"desktop:13px;\",\"line-height\":\"\"}'  style=\"font-weight:normal;width:192px;min-height:0px;padding:15px 24px;border:none;box-shadow: 0 3px #e3111e;background: #e3111e;color: #ffffff;\"><span class=\"ubtn-hover\" style=\"background-color:#e3111e\"><\/span><span class=\"ubtn-data ubtn-text \" >Voir les Propri\u00e9t\u00e9s<\/span><\/button><\/a><\/div>[\/vc_column][\/vc_row][vc_row full_width=\u00a0\u00bbstretch_row\u00a0\u00bb equal_height=\u00a0\u00bbyes\u00a0\u00bb content_placement=\u00a0\u00bbmiddle\u00a0\u00bb css=\u00a0\u00bb.vc_custom_1706800606641{padding-top: 50px !important;padding-bottom: 50px !important;}\u00a0\u00bb][vc_column width=\u00a0\u00bb1\/2&Prime;]<div id=\"ultimate-heading-289469d84b76546e4\" class=\"uvc-heading ult-adjust-bottom-margin ultimate-heading-289469d84b76546e4 uvc-9711 \" data-hspacer=\"no_spacer\"  data-halign=\"center\" style=\"text-align:center\"><div class=\"uvc-heading-spacer no_spacer\" style=\"top\"><\/div><div class=\"uvc-main-heading ult-responsive\"  data-ultimate-target='.uvc-heading.ultimate-heading-289469d84b76546e4 h2'  data-responsive-json-new='{\"font-size\":\"desktop:22px;\",\"line-height\":\"\"}' ><h2 style=\"font-weight:normal;margin-bottom:0px;\">Rencontrez notre \u00e9quipe d&#039;experts pour des conseils personnalis\u00e9s sur votre projet immobilier.<\/h2><\/div><\/div><div class=\"ult-spacer spacer-69d84b76546f6\" data-id=\"69d84b76546f6\" data-height=\"20\" data-height-mobile=\"20\" data-height-tab=\"20\" data-height-tab-portrait=\"\" data-height-mobile-landscape=\"\" style=\"clear:both;display:block;\"><\/div><div id=\"ultimate-heading-328769d84b7654706\" class=\"uvc-heading ult-adjust-bottom-margin ultimate-heading-328769d84b7654706 uvc-8842 \" data-hspacer=\"no_spacer\"  data-halign=\"center\" style=\"text-align:center\"><div class=\"uvc-heading-spacer no_spacer\" style=\"top\"><\/div><div class=\"uvc-main-heading ult-responsive\"  data-ultimate-target='.uvc-heading.ultimate-heading-328769d84b7654706 h2'  data-responsive-json-new='{\"font-size\":\"desktop:32px;\",\"line-height\":\"\"}' ><h2 style=\"font-weight:bold;margin-bottom:0px;\">Contactez nos experts d\u00e8s maintenant.<\/h2><\/div><\/div><div class=\"ult-spacer spacer-69d84b7654717\" data-id=\"69d84b7654717\" data-height=\"20\" data-height-mobile=\"20\" data-height-tab=\"20\" data-height-tab-portrait=\"\" data-height-mobile-landscape=\"\" style=\"clear:both;display:block;\"><\/div><div class=\" ult_buttons ubtn-ctn-center \"><a class=\"ubtn-link ult-adjust-bottom-margin ubtn-center ubtn-custom \" href=\"https:\/\/weol.lu\/fr\/contacts\/\" title=\"contacts\" ><button type=\"button\" id=\"ubtn-1524\"  class=\"ubtn ult-adjust-bottom-margin ult-responsive ubtn-custom ubtn-fade-bg  none  ubtn-shd  ubtn-center  shd-bottom tooltip-69d84b765472f\"  data-hover=\"#ffffff\" data-border-color=\"\" data-bg=\"#e3111e\" data-hover-bg=\"#e3111e\" data-border-hover=\"\" data-shadow-hover=\"0 3px #e3111e;\" data-shadow-click=\"none\" data-shadow=\"0 3px #e3111e;\" data-shd-shadow=\"3\"  data-ultimate-target='#ubtn-1524'  data-responsive-json-new='{\"font-size\":\"desktop:13px;\",\"line-height\":\"\"}'  style=\"font-weight:normal;width:192px;min-height:0px;padding:15px 24px;border:none;box-shadow: 0 3px #e3111e;background: #e3111e;color: #ffffff;\"><span class=\"ubtn-hover\" style=\"background-color:#e3111e\"><\/span><span class=\"ubtn-data ubtn-text \" >Contacts<\/span><\/button><\/a><\/div>[\/vc_column][vc_column width=\u00a0\u00bb1\/2&Prime;]<div class=\"article_container bottom-estate_agent nobutton \" ><div class=\" ccvagnet col-md-6 listing_wrapper\"> <div class=\"agent_unit\" data-link=\"https:\/\/weol.lu\/fr\/agents\/nuno-oliveira-directeur-dagence\/\"> <div class=\"agent-unit-img-wrapper\"> <img decoding=\"async\" width=\"278\" height=\"316\" src=\"https:\/\/weol.lu\/wp-content\/uploads\/2014\/05\/Nuno.jpg\" class=\"lazyload img-responsive wp-post-image\" alt=\"\" srcset=\"https:\/\/weol.lu\/wp-content\/uploads\/2014\/05\/Nuno.jpg 278w, https:\/\/weol.lu\/wp-content\/uploads\/2014\/05\/Nuno-264x300.jpg 264w\" sizes=\"(max-width: 278px) 100vw, 278px\" \/> <\/div> <h4> <a href=\"https:\/\/weol.lu\/fr\/agents\/nuno-oliveira-directeur-dagence\/\">Nuno Oliveira<\/a><\/h4> <div class=\"agent_position\">PT | EN | FR<\/div><div class=\"agent_card_content\">C\u2019est parce que pour nous chaque client est diff\u00e9rent, que nous vous proposons un service <a href=\"https:\/\/weol.lu\/fr\/agents\/nuno-oliveira-directeur-dagence\/\" class=\"unit_more_x\">...<\/a><\/div> <div class=\"agent_unit_social agent_list\"> <div class=\"wpestate_agent_unit_social\"><\/div><div class=\"agent_unit_phone\"><a href=\"tel:+352 43 67 67\" rel=\"noopener\" ><i class=\"fas fa-phone\"><\/i><\/a><\/div><div class=\"agent_unit_email\"><a href=\"mailto:info@weol.lu\" rel=\"noopener\" ><i class=\"fas fa-envelope\"><\/i><\/a><\/div> <\/div> <\/div><\/div> <div class=\" ccvagnet col-md-6 listing_wrapper\"> <div class=\"agent_unit\" data-link=\"https:\/\/weol.lu\/fr\/agents\/brigitte-weirich-directrice-dagence\/\"> <div class=\"agent-unit-img-wrapper\"> <img decoding=\"async\" width=\"278\" height=\"316\" src=\"https:\/\/weol.lu\/wp-content\/uploads\/2014\/05\/Brigitte.jpg\" class=\"lazyload img-responsive wp-post-image\" alt=\"\" srcset=\"https:\/\/weol.lu\/wp-content\/uploads\/2014\/05\/Brigitte.jpg 278w, https:\/\/weol.lu\/wp-content\/uploads\/2014\/05\/Brigitte-264x300.jpg 264w\" sizes=\"(max-width: 278px) 100vw, 278px\" \/> <\/div> <h4> <a href=\"https:\/\/weol.lu\/fr\/agents\/brigitte-weirich-directrice-dagence\/\">Brigitte Weirich<\/a><\/h4> <div class=\"agent_position\">FR | LU | DE<\/div><div class=\"agent_card_content\">C\u2019est parce que pour nous chaque client est diff\u00e9rent, que nous vous proposons un service <a href=\"https:\/\/weol.lu\/fr\/agents\/brigitte-weirich-directrice-dagence\/\" class=\"unit_more_x\">...<\/a><\/div> <div class=\"agent_unit_social agent_list\"> <div class=\"wpestate_agent_unit_social\"><\/div><div class=\"agent_unit_phone\"><a href=\"tel:+352 43 67 67\" rel=\"noopener\" ><i class=\"fas fa-phone\"><\/i><\/a><\/div><div class=\"agent_unit_email\"><a href=\"mailto:info@weol.lu\" rel=\"noopener\" ><i class=\"fas fa-envelope\"><\/i><\/a><\/div> <\/div> <\/div><\/div> <\/div>[\/vc_column][\/vc_row][vc_row full_width=\u00a0\u00bbstretch_row\u00a0\u00bb gap=\u00a0\u00bb20&Prime; equal_height=\u00a0\u00bbyes\u00a0\u00bb content_placement=\u00a0\u00bbmiddle\u00a0\u00bb parallax=\u00a0\u00bbcontent-moving\u00a0\u00bb css=\u00a0\u00bb.vc_custom_1706800646654{padding-top: 50px !important;padding-bottom: 50px !important;background-color: #dfdfdf !important;}\u00a0\u00bb][vc_column width=\u00a0\u00bb2\/3&Prime;]<div id=\"ultimate-heading-349269d84b765492e\" class=\"uvc-heading ult-adjust-bottom-margin ultimate-heading-349269d84b765492e uvc-9161 \" data-hspacer=\"no_spacer\"  data-halign=\"center\" style=\"text-align:center\"><div class=\"uvc-heading-spacer no_spacer\" style=\"top\"><\/div><div class=\"uvc-main-heading ult-responsive\"  data-ultimate-target='.uvc-heading.ultimate-heading-349269d84b765492e h2'  data-responsive-json-new='{\"font-size\":\"desktop:22px;\",\"line-height\":\"\"}' ><h2 style=\"font-weight:normal;margin-bottom:0px;\">Pr\u00e9parez votre avenir avec nos simulateurs immobiliers.<\/h2><\/div><div class=\"uvc-sub-heading ult-responsive\"  data-ultimate-target='.uvc-heading.ultimate-heading-349269d84b765492e .uvc-sub-heading '  data-responsive-json-new='{\"font-size\":\"desktop:32px;\",\"line-height\":\"\"}'  style=\"font-weight:bold;\">Estimez votre investissement avec nos simulateurs immobiliers.<\/div><\/div><div class=\"ult-spacer spacer-69d84b7654944\" data-id=\"69d84b7654944\" data-height=\"20\" data-height-mobile=\"20\" data-height-tab=\"20\" data-height-tab-portrait=\"\" data-height-mobile-landscape=\"\" style=\"clear:both;display:block;\"><\/div><div class=\" ult_buttons ubtn-ctn-center \"><a class=\"ubtn-link ult-adjust-bottom-margin ubtn-center ubtn-custom \" href=\"https:\/\/weol.lu\/fr\/simulateur\/\" title=\"Simulateurs\" ><button type=\"button\" id=\"ubtn-7957\"  class=\"ubtn ult-adjust-bottom-margin ult-responsive ubtn-custom ubtn-fade-bg  none  ubtn-shd  ubtn-center  shd-bottom tooltip-69d84b7654957\"  data-hover=\"#ffffff\" data-border-color=\"\" data-bg=\"#e3111e\" data-hover-bg=\"#e3111e\" data-border-hover=\"\" data-shadow-hover=\"0 3px #e3111e;\" data-shadow-click=\"none\" data-shadow=\"0 3px #e3111e;\" data-shd-shadow=\"3\"  data-ultimate-target='#ubtn-7957'  data-responsive-json-new='{\"font-size\":\"desktop:13px;\",\"line-height\":\"\"}'  style=\"font-weight:normal;width:192px;min-height:0px;padding:15px 24px;border:none;box-shadow: 0 3px #e3111e;background: #e3111e;color: #ffffff;\"><span class=\"ubtn-hover\" style=\"background-color:#e3111e\"><\/span><span class=\"ubtn-data ubtn-text \" >Simulateurs<\/span><\/button><\/a><\/div>[\/vc_column][vc_column width=\u00a0\u00bb1\/3&Prime;][vc_single_image image=\u00a0\u00bb28927&Prime; img_size=\u00a0\u00bbfull\u00a0\u00bb][\/vc_column][\/vc_row][vc_row full_width=\u00a0\u00bbstretch_row\u00a0\u00bb gap=\u00a0\u00bb20&Prime; equal_height=\u00a0\u00bbyes\u00a0\u00bb rtl_reverse=\u00a0\u00bbyes\u00a0\u00bb content_placement=\u00a0\u00bbmiddle\u00a0\u00bb parallax=\u00a0\u00bbcontent-moving\u00a0\u00bb css=\u00a0\u00bb.vc_custom_1707330926964{padding-top: 60px !important;padding-bottom: 40px !important;}\u00a0\u00bb][vc_column width=\u00a0\u00bb1\/2&Prime;][vc_single_image image=\u00a0\u00bb27078&Prime; img_size=\u00a0\u00bbfull\u00a0\u00bb][\/vc_column][vc_column width=\u00a0\u00bb1\/2&Prime;]<div id=\"ultimate-heading-549869d84b7654978\" class=\"uvc-heading ult-adjust-bottom-margin ultimate-heading-549869d84b7654978 uvc-7197 \" data-hspacer=\"no_spacer\"  data-halign=\"center\" style=\"text-align:center\"><div class=\"uvc-heading-spacer no_spacer\" style=\"top\"><\/div><div class=\"uvc-main-heading ult-responsive\"  data-ultimate-target='.uvc-heading.ultimate-heading-549869d84b7654978 h2'  data-responsive-json-new='{\"font-size\":\"desktop:22px;\",\"line-height\":\"\"}' ><h2 style=\"font-weight:normal;margin-bottom:0px;\">Planifiez votre visite en ligne maintenant avec notre service exclusif et innovant de r\u00e9servation en ligne.<\/h2><\/div><div class=\"uvc-sub-heading ult-responsive\"  data-ultimate-target='.uvc-heading.ultimate-heading-549869d84b7654978 .uvc-sub-heading '  data-responsive-json-new='{\"font-size\":\"desktop:32px;\",\"line-height\":\"\"}'  style=\"font-weight:bold;\">Planifiez Votre Visite Maintenant.<\/div><\/div><div class=\"ult-spacer spacer-69d84b7654989\" data-id=\"69d84b7654989\" data-height=\"20\" data-height-mobile=\"20\" data-height-tab=\"20\" data-height-tab-portrait=\"\" data-height-mobile-landscape=\"\" style=\"clear:both;display:block;\"><\/div><div class=\" ult_buttons ubtn-ctn-center \"><a class=\"ubtn-link ult-adjust-bottom-margin ubtn-center ubtn-custom \" href=\"https:\/\/book.timify.com\/services?accountId=5e130e35fefddd11d774a9e3&hideCloseButton=true\" title=\"Agendar\" target=\"_blank\" rel=\"noopener\" ><button type=\"button\" id=\"ubtn-9614\"  class=\"ubtn ult-adjust-bottom-margin ult-responsive ubtn-custom ubtn-fade-bg  none  ubtn-shd  ubtn-center  shd-bottom tooltip-69d84b765499b\"  data-hover=\"#ffffff\" data-border-color=\"\" data-bg=\"#e3111e\" data-hover-bg=\"#e3111e\" data-border-hover=\"\" data-shadow-hover=\"0 3px #e3111e;\" data-shadow-click=\"none\" data-shadow=\"0 3px #e3111e;\" data-shd-shadow=\"3\"  data-ultimate-target='#ubtn-9614'  data-responsive-json-new='{\"font-size\":\"desktop:13px;\",\"line-height\":\"\"}'  style=\"font-weight:normal;width:192px;min-height:0px;padding:15px 24px;border:none;box-shadow: 0 3px #e3111e;background: #e3111e;color: #ffffff;\"><span class=\"ubtn-hover\" style=\"background-color:#e3111e\"><\/span><span class=\"ubtn-data ubtn-text \" >Planifier une Visite<\/span><\/button><\/a><\/div>[\/vc_column][\/vc_row]<\/p>\n<\/div>","protected":false},"excerpt":{"rendered":"<p>[vc_row full_width=\u00a0\u00bbstretch_row\u00a0\u00bb content_placement=\u00a0\u00bbmiddle\u00a0\u00bb css=\u00a0\u00bb.vc_custom_1707329927439{padding-top: 50px !important;padding-bottom: 40px !important;}\u00a0\u00bb][vc_column css=\u00a0\u00bb.vc_custom_1704360851136{margin-top: 0px !important;margin-bottom: 0px !important;padding-top: 0px !important;padding-bottom: 0px !important;}\u00a0\u00bb][vc_column_text] Explorez le c\u0153ur du march\u00e9 immobilier luxembourgeois avec notre carte interactive GEO. [\/vc_column_text][vc_column_text] Visualisez en temps r\u00e9el l&rsquo;\u00e9volution des opportunit\u00e9s \u00e0 Luxembourg-Ville et dans ses quartiers dynamiques. D\u00e9couvrez facilement la variation en pourcentage des prix immobiliers \u00e0 travers tout le Luxembourg et trouvez l&#8217;emplacement id\u00e9al pour votre &#8230;<\/p>\n","protected":false},"author":1,"featured_media":0,"parent":0,"menu_order":0,"comment_status":"closed","ping_status":"closed","template":"","meta":{"footnotes":""},"yoast_head":"<!-- This site is optimized with the Yoast SEO plugin v22.5 - https:\/\/yoast.com\/wordpress\/plugins\/seo\/ -->\n<title>ACCUEIL - Weol Immobili\u00e8re<\/title>\n<meta name=\"robots\" content=\"index, follow, max-snippet:-1, max-image-preview:large, max-video-preview:-1\" \/>\n<link rel=\"canonical\" href=\"https:\/\/weol.lu\/fr\/\" \/>\n<meta property=\"og:locale\" content=\"fr_FR\" \/>\n<meta property=\"og:type\" content=\"article\" \/>\n<meta property=\"og:title\" content=\"ACCUEIL - Weol Immobili\u00e8re\" \/>\n<meta property=\"og:description\" content=\"[vc_row full_width=\u00a0\u00bbstretch_row\u00a0\u00bb content_placement=\u00a0\u00bbmiddle\u00a0\u00bb css=\u00a0\u00bb.vc_custom_1707329927439{padding-top: 50px !important;padding-bottom: 40px !important;}\u00a0\u00bb][vc_column css=\u00a0\u00bb.vc_custom_1704360851136{margin-top: 0px !important;margin-bottom: 0px !important;padding-top: 0px !important;padding-bottom: 0px !important;}\u00a0\u00bb][vc_column_text] Explorez le c\u0153ur du march\u00e9 immobilier luxembourgeois avec notre carte interactive GEO. [\/vc_column_text][vc_column_text] Visualisez en temps r\u00e9el l&rsquo;\u00e9volution des opportunit\u00e9s \u00e0 Luxembourg-Ville et dans ses quartiers dynamiques. D\u00e9couvrez facilement la variation en pourcentage des prix immobiliers \u00e0 travers tout le Luxembourg et trouvez l&#8217;emplacement id\u00e9al pour votre ...\" \/>\n<meta property=\"og:url\" content=\"https:\/\/weol.lu\/fr\/\" \/>\n<meta property=\"og:site_name\" content=\"Weol Immobili\u00e8re\" \/>\n<meta property=\"article:modified_time\" content=\"2024-04-10T01:00:06+00:00\" \/>\n<meta property=\"og:image\" content=\"https:\/\/weol.lu\/wp-content\/uploads\/2021\/05\/logo-weol-1.png\" \/>\n\t<meta property=\"og:image:width\" content=\"432\" \/>\n\t<meta property=\"og:image:height\" content=\"270\" \/>\n\t<meta property=\"og:image:type\" content=\"image\/png\" \/>\n<meta name=\"twitter:card\" content=\"summary_large_image\" \/>\n<meta name=\"twitter:label1\" content=\"Dur\u00e9e de lecture estim\u00e9e\" \/>\n\t<meta name=\"twitter:data1\" content=\"2 minutes\" \/>\n<script type=\"application\/ld+json\" class=\"yoast-schema-graph\">{\"@context\":\"https:\/\/schema.org\",\"@graph\":[{\"@type\":\"WebPage\",\"@id\":\"https:\/\/weol.lu\/fr\/\",\"url\":\"https:\/\/weol.lu\/fr\/\",\"name\":\"ACCUEIL - Weol Immobili\u00e8re\",\"isPartOf\":{\"@id\":\"https:\/\/weol.lu\/fr\/#website\"},\"datePublished\":\"2024-02-19T08:59:34+00:00\",\"dateModified\":\"2024-04-10T01:00:06+00:00\",\"inLanguage\":\"fr-FR\",\"potentialAction\":[{\"@type\":\"ReadAction\",\"target\":[\"https:\/\/weol.lu\/fr\/\"]}]},{\"@type\":\"WebSite\",\"@id\":\"https:\/\/weol.lu\/fr\/#website\",\"url\":\"https:\/\/weol.lu\/fr\/\",\"name\":\"Weol Immobili\u00e8re\",\"description\":\"Immobili\u00e8re Agence\",\"potentialAction\":[{\"@type\":\"SearchAction\",\"target\":{\"@type\":\"EntryPoint\",\"urlTemplate\":\"https:\/\/weol.lu\/fr\/?s={search_term_string}\"},\"query-input\":\"required name=search_term_string\"}],\"inLanguage\":\"fr-FR\"}]}<\/script>\n<!-- \/ Yoast SEO plugin. -->","yoast_head_json":{"title":"ACCUEIL - Weol Immobili\u00e8re","robots":{"index":"index","follow":"follow","max-snippet":"max-snippet:-1","max-image-preview":"max-image-preview:large","max-video-preview":"max-video-preview:-1"},"canonical":"https:\/\/weol.lu\/fr\/","og_locale":"fr_FR","og_type":"article","og_title":"ACCUEIL - Weol Immobili\u00e8re","og_description":"[vc_row full_width=\u00a0\u00bbstretch_row\u00a0\u00bb content_placement=\u00a0\u00bbmiddle\u00a0\u00bb css=\u00a0\u00bb.vc_custom_1707329927439{padding-top: 50px !important;padding-bottom: 40px !important;}\u00a0\u00bb][vc_column css=\u00a0\u00bb.vc_custom_1704360851136{margin-top: 0px !important;margin-bottom: 0px !important;padding-top: 0px !important;padding-bottom: 0px !important;}\u00a0\u00bb][vc_column_text] Explorez le c\u0153ur du march\u00e9 immobilier luxembourgeois avec notre carte interactive GEO. [\/vc_column_text][vc_column_text] Visualisez en temps r\u00e9el l&rsquo;\u00e9volution des opportunit\u00e9s \u00e0 Luxembourg-Ville et dans ses quartiers dynamiques. D\u00e9couvrez facilement la variation en pourcentage des prix immobiliers \u00e0 travers tout le Luxembourg et trouvez l&#8217;emplacement id\u00e9al pour votre ...","og_url":"https:\/\/weol.lu\/fr\/","og_site_name":"Weol Immobili\u00e8re","article_modified_time":"2024-04-10T01:00:06+00:00","og_image":[{"width":432,"height":270,"url":"https:\/\/weol.lu\/wp-content\/uploads\/2021\/05\/logo-weol-1.png","type":"image\/png"}],"twitter_card":"summary_large_image","twitter_misc":{"Dur\u00e9e de lecture estim\u00e9e":"2 minutes"},"schema":{"@context":"https:\/\/schema.org","@graph":[{"@type":"WebPage","@id":"https:\/\/weol.lu\/fr\/","url":"https:\/\/weol.lu\/fr\/","name":"ACCUEIL - Weol Immobili\u00e8re","isPartOf":{"@id":"https:\/\/weol.lu\/fr\/#website"},"datePublished":"2024-02-19T08:59:34+00:00","dateModified":"2024-04-10T01:00:06+00:00","inLanguage":"fr-FR","potentialAction":[{"@type":"ReadAction","target":["https:\/\/weol.lu\/fr\/"]}]},{"@type":"WebSite","@id":"https:\/\/weol.lu\/fr\/#website","url":"https:\/\/weol.lu\/fr\/","name":"Weol Immobili\u00e8re","description":"Immobili\u00e8re Agence","potentialAction":[{"@type":"SearchAction","target":{"@type":"EntryPoint","urlTemplate":"https:\/\/weol.lu\/fr\/?s={search_term_string}"},"query-input":"required name=search_term_string"}],"inLanguage":"fr-FR"}]}},"_links":{"self":[{"href":"https:\/\/weol.lu\/fr\/wp-json\/wp\/v2\/pages\/29243"}],"collection":[{"href":"https:\/\/weol.lu\/fr\/wp-json\/wp\/v2\/pages"}],"about":[{"href":"https:\/\/weol.lu\/fr\/wp-json\/wp\/v2\/types\/page"}],"author":[{"embeddable":true,"href":"https:\/\/weol.lu\/fr\/wp-json\/wp\/v2\/users\/1"}],"replies":[{"embeddable":true,"href":"https:\/\/weol.lu\/fr\/wp-json\/wp\/v2\/comments?post=29243"}],"version-history":[{"count":2,"href":"https:\/\/weol.lu\/fr\/wp-json\/wp\/v2\/pages\/29243\/revisions"}],"predecessor-version":[{"id":29658,"href":"https:\/\/weol.lu\/fr\/wp-json\/wp\/v2\/pages\/29243\/revisions\/29658"}],"wp:attachment":[{"href":"https:\/\/weol.lu\/fr\/wp-json\/wp\/v2\/media?parent=29243"}],"curies":[{"name":"wp","href":"https:\/\/api.w.org\/{rel}","templated":true}]}}