{"id":29345,"date":"2024-02-27T17:20:58","date_gmt":"2024-02-27T17:20:58","guid":{"rendered":"https:\/\/weol.lu\/realisations-immobilieres\/"},"modified":"2024-04-22T12:51:49","modified_gmt":"2024-04-22T12:51:49","slug":"realisations-immobilieres","status":"publish","type":"page","link":"https:\/\/weol.lu\/fr\/realisations-immobilieres\/","title":{"rendered":"R\u00e9alisations immobili\u00e8res"},"content":{"rendered":"<div class=\"wpb-content-wrapper\"><p>[vc_row][vc_column][vc_column_text]Bienvenue dans l&rsquo;<strong>espace des succ\u00e8s<\/strong> de Weol Immobili\u00e8re, une <strong>vitrine<\/strong> de notre expertise dans le march\u00e9 immobilier luxembourgeois. Chaque <strong>transaction conclue<\/strong> par notre agence est le fruit d&rsquo;une <strong>strat\u00e9gie personnalis\u00e9e<\/strong> et d&rsquo;une <strong>compr\u00e9hension approfondie<\/strong> des aspirations de nos clients, refl\u00e9tant notre capacit\u00e9 \u00e0 transformer les <strong>visions en r\u00e9alit\u00e9<\/strong>.<\/p>\n<p>Explorez notre s\u00e9lection de <strong>propri\u00e9t\u00e9s vendues<\/strong>, des <strong>villas aux appartements modernes<\/strong>, chacune t\u00e9moignant de notre <strong>engagement ind\u00e9fectible<\/strong> \u00e0 concr\u00e9tiser les <strong>r\u00eaves immobiliers<\/strong>. Ces <strong>r\u00e9alisations<\/strong> soulignent notre <strong>passion pour l&rsquo;immobilier<\/strong> et notre <strong>d\u00e9vouement \u00e0 fournir un service d&rsquo;excellence<\/strong>, distinguant Weol Immobili\u00e8re comme votre <strong>partenaire de confiance<\/strong> dans la <strong>vente et l&rsquo;achat de biens immobiliers<\/strong>.<\/p>\n<p>Si vous envisagez de <strong>vendre votre propri\u00e9t\u00e9 au Luxembourg<\/strong>, invitez-nous \u00e0 discuter de comment notre <strong>approche sur mesure<\/strong> peut mener \u00e0 votre <strong>succ\u00e8s<\/strong>. Chez Weol Immobili\u00e8re, nous ne nous contentons pas de <strong>vendre des biens<\/strong> ; nous <strong>r\u00e9alisons des r\u00eaves<\/strong>, une propri\u00e9t\u00e9 \u00e0 la fois. <strong>Contactez-nous d\u00e8s aujourd&rsquo;hui<\/strong> pour \u00e9crire ensemble votre <strong>success story immobili\u00e8re<\/strong>.[\/vc_column_text][\/vc_column][\/vc_row]<\/p>\n<\/div>","protected":false},"excerpt":{"rendered":"<p>[vc_row][vc_column][vc_column_text]Bienvenue dans l&rsquo;espace des succ\u00e8s de Weol Immobili\u00e8re, une vitrine de notre expertise dans le march\u00e9 immobilier luxembourgeois. Chaque transaction conclue par notre agence est le fruit d&rsquo;une strat\u00e9gie personnalis\u00e9e et d&rsquo;une compr\u00e9hension approfondie des aspirations de nos clients, refl\u00e9tant notre capacit\u00e9 \u00e0 transformer les visions en r\u00e9alit\u00e9. Explorez notre s\u00e9lection de propri\u00e9t\u00e9s vendues, des villas aux appartements modernes, chacune t\u00e9moignant de notre engagement &#8230;<\/p>\n","protected":false},"author":1,"featured_media":0,"parent":0,"menu_order":0,"comment_status":"closed","ping_status":"closed","template":"property_list.php","meta":{"footnotes":""},"yoast_head":"<!-- This site is optimized with the Yoast SEO plugin v22.5 - https:\/\/yoast.com\/wordpress\/plugins\/seo\/ -->\n<title>R\u00e9alisations immobili\u00e8res - Weol Immobili\u00e8re<\/title>\n<meta name=\"robots\" content=\"index, follow, max-snippet:-1, max-image-preview:large, max-video-preview:-1\" \/>\n<link rel=\"canonical\" href=\"https:\/\/weol.lu\/fr\/realisations-immobilieres\/\" \/>\n<meta property=\"og:locale\" content=\"fr_FR\" \/>\n<meta property=\"og:type\" content=\"article\" \/>\n<meta property=\"og:title\" content=\"R\u00e9alisations immobili\u00e8res - Weol Immobili\u00e8re\" \/>\n<meta property=\"og:description\" content=\"[vc_row][vc_column][vc_column_text]Bienvenue dans l&rsquo;espace des succ\u00e8s de Weol Immobili\u00e8re, une vitrine de notre expertise dans le march\u00e9 immobilier luxembourgeois. Chaque transaction conclue par notre agence est le fruit d&rsquo;une strat\u00e9gie personnalis\u00e9e et d&rsquo;une compr\u00e9hension approfondie des aspirations de nos clients, refl\u00e9tant notre capacit\u00e9 \u00e0 transformer les visions en r\u00e9alit\u00e9. Explorez notre s\u00e9lection de propri\u00e9t\u00e9s vendues, des villas aux appartements modernes, chacune t\u00e9moignant de notre engagement ...\" \/>\n<meta property=\"og:url\" content=\"https:\/\/weol.lu\/fr\/realisations-immobilieres\/\" \/>\n<meta property=\"og:site_name\" content=\"Weol Immobili\u00e8re\" \/>\n<meta property=\"article:modified_time\" content=\"2024-04-22T12:51:49+00:00\" \/>\n<meta property=\"og:image\" content=\"https:\/\/weol.lu\/wp-content\/uploads\/2021\/05\/logo-weol-1.png\" \/>\n\t<meta property=\"og:image:width\" content=\"432\" \/>\n\t<meta property=\"og:image:height\" content=\"270\" \/>\n\t<meta property=\"og:image:type\" content=\"image\/png\" \/>\n<meta name=\"twitter:card\" content=\"summary_large_image\" \/>\n<meta name=\"twitter:label1\" content=\"Dur\u00e9e de lecture estim\u00e9e\" \/>\n\t<meta name=\"twitter:data1\" content=\"1 minute\" \/>\n<script type=\"application\/ld+json\" class=\"yoast-schema-graph\">{\"@context\":\"https:\/\/schema.org\",\"@graph\":[{\"@type\":\"WebPage\",\"@id\":\"https:\/\/weol.lu\/fr\/realisations-immobilieres\/\",\"url\":\"https:\/\/weol.lu\/fr\/realisations-immobilieres\/\",\"name\":\"R\u00e9alisations immobili\u00e8res - Weol Immobili\u00e8re\",\"isPartOf\":{\"@id\":\"https:\/\/weol.lu\/fr\/#website\"},\"datePublished\":\"2024-02-27T17:20:58+00:00\",\"dateModified\":\"2024-04-22T12:51:49+00:00\",\"inLanguage\":\"fr-FR\",\"potentialAction\":[{\"@type\":\"ReadAction\",\"target\":[\"https:\/\/weol.lu\/fr\/realisations-immobilieres\/\"]}]},{\"@type\":\"WebSite\",\"@id\":\"https:\/\/weol.lu\/fr\/#website\",\"url\":\"https:\/\/weol.lu\/fr\/\",\"name\":\"Weol Immobili\u00e8re\",\"description\":\"Immobili\u00e8re Agence\",\"potentialAction\":[{\"@type\":\"SearchAction\",\"target\":{\"@type\":\"EntryPoint\",\"urlTemplate\":\"https:\/\/weol.lu\/fr\/?s={search_term_string}\"},\"query-input\":\"required name=search_term_string\"}],\"inLanguage\":\"fr-FR\"}]}<\/script>\n<!-- \/ Yoast SEO plugin. -->","yoast_head_json":{"title":"R\u00e9alisations immobili\u00e8res - Weol Immobili\u00e8re","robots":{"index":"index","follow":"follow","max-snippet":"max-snippet:-1","max-image-preview":"max-image-preview:large","max-video-preview":"max-video-preview:-1"},"canonical":"https:\/\/weol.lu\/fr\/realisations-immobilieres\/","og_locale":"fr_FR","og_type":"article","og_title":"R\u00e9alisations immobili\u00e8res - Weol Immobili\u00e8re","og_description":"[vc_row][vc_column][vc_column_text]Bienvenue dans l&rsquo;espace des succ\u00e8s de Weol Immobili\u00e8re, une vitrine de notre expertise dans le march\u00e9 immobilier luxembourgeois. Chaque transaction conclue par notre agence est le fruit d&rsquo;une strat\u00e9gie personnalis\u00e9e et d&rsquo;une compr\u00e9hension approfondie des aspirations de nos clients, refl\u00e9tant notre capacit\u00e9 \u00e0 transformer les visions en r\u00e9alit\u00e9. Explorez notre s\u00e9lection de propri\u00e9t\u00e9s vendues, des villas aux appartements modernes, chacune t\u00e9moignant de notre engagement ...","og_url":"https:\/\/weol.lu\/fr\/realisations-immobilieres\/","og_site_name":"Weol Immobili\u00e8re","article_modified_time":"2024-04-22T12:51:49+00:00","og_image":[{"width":432,"height":270,"url":"https:\/\/weol.lu\/wp-content\/uploads\/2021\/05\/logo-weol-1.png","type":"image\/png"}],"twitter_card":"summary_large_image","twitter_misc":{"Dur\u00e9e de lecture estim\u00e9e":"1 minute"},"schema":{"@context":"https:\/\/schema.org","@graph":[{"@type":"WebPage","@id":"https:\/\/weol.lu\/fr\/realisations-immobilieres\/","url":"https:\/\/weol.lu\/fr\/realisations-immobilieres\/","name":"R\u00e9alisations immobili\u00e8res - Weol Immobili\u00e8re","isPartOf":{"@id":"https:\/\/weol.lu\/fr\/#website"},"datePublished":"2024-02-27T17:20:58+00:00","dateModified":"2024-04-22T12:51:49+00:00","inLanguage":"fr-FR","potentialAction":[{"@type":"ReadAction","target":["https:\/\/weol.lu\/fr\/realisations-immobilieres\/"]}]},{"@type":"WebSite","@id":"https:\/\/weol.lu\/fr\/#website","url":"https:\/\/weol.lu\/fr\/","name":"Weol Immobili\u00e8re","description":"Immobili\u00e8re Agence","potentialAction":[{"@type":"SearchAction","target":{"@type":"EntryPoint","urlTemplate":"https:\/\/weol.lu\/fr\/?s={search_term_string}"},"query-input":"required name=search_term_string"}],"inLanguage":"fr-FR"}]}},"_links":{"self":[{"href":"https:\/\/weol.lu\/fr\/wp-json\/wp\/v2\/pages\/29345"}],"collection":[{"href":"https:\/\/weol.lu\/fr\/wp-json\/wp\/v2\/pages"}],"about":[{"href":"https:\/\/weol.lu\/fr\/wp-json\/wp\/v2\/types\/page"}],"author":[{"embeddable":true,"href":"https:\/\/weol.lu\/fr\/wp-json\/wp\/v2\/users\/1"}],"replies":[{"embeddable":true,"href":"https:\/\/weol.lu\/fr\/wp-json\/wp\/v2\/comments?post=29345"}],"version-history":[{"count":5,"href":"https:\/\/weol.lu\/fr\/wp-json\/wp\/v2\/pages\/29345\/revisions"}],"predecessor-version":[{"id":30019,"href":"https:\/\/weol.lu\/fr\/wp-json\/wp\/v2\/pages\/29345\/revisions\/30019"}],"wp:attachment":[{"href":"https:\/\/weol.lu\/fr\/wp-json\/wp\/v2\/media?parent=29345"}],"curies":[{"name":"wp","href":"https:\/\/api.w.org\/{rel}","templated":true}]}}