{"id":22648,"date":"2019-06-20T19:12:32","date_gmt":"2019-06-20T19:12:32","guid":{"rendered":"https:\/\/weol.lu\/?page_id=22648\/"},"modified":"2019-06-20T20:01:51","modified_gmt":"2019-06-20T20:01:51","slug":"politica-de-privacidade","status":"publish","type":"page","link":"https:\/\/weol.lu\/pt-pt\/politica-de-privacidade\/","title":{"rendered":"Pol\u00edtica de privacidade"},"content":{"rendered":"<p>Este site \u00e9 operado por WEOL Imobili\u00e1ria (doravante &#8220;WEOL\u201d ou &#8220;n\u00f3s&#8221;). Esta pol\u00edtica de privacidade descreve como n\u00f3s recolhemos e processamos seus dados pessoais.<\/p>\n<p>WEOL est\u00e1 empenhada em proteger os dados pessoais dos seus clientes e utilizadores do website, tendo para o efeito elaborado a presente Pol\u00edtica de Privacidade com o objetivo de dar a conhecer o seu compromisso e respeito para com as regras relativas \u00e0 privacidade e \u00e0 prote\u00e7\u00e3o de dados pessoais que recolhemos e tratamos em respeito com o Regulamento Geral de Prote\u00e7\u00e3o de Dados (RGPD).<\/p>\n<p>&nbsp;<\/p>\n<ol>\n<li><strong>Os seus dados pessoais<\/strong><\/li>\n<\/ol>\n<p style=\"padding-left: 40px;\">Durante a sua visita a este site, recolheremos automaticamente os seguintes dados pessoais sobre si:<\/p>\n<ul>\n<li style=\"list-style-type: none;\">\n<ul>\n<li>informa\u00e7\u00f5es sobre as p\u00e1ginas que visita neste site;<\/li>\n<li>data e hora da sua visita,<\/li>\n<li>endere\u00e7o IP,<\/li>\n<li>navegador da Web,<\/li>\n<li>o site (URL) que visitou antes de aceder a este site e<\/li>\n<li>alguns cookies (veja a se\u00e7\u00e3o 2.1 abaixo).<\/li>\n<\/ul>\n<\/li>\n<\/ul>\n<p style=\"padding-left: 40px;\">Al\u00e9m disso n\u00f3s recolheremos toda a informa\u00e7\u00e3o que nos submeter ao usar os formul\u00e1rios de contato dispon\u00edveis neste site.<\/p>\n<p style=\"padding-left: 40px;\">Obtemos tamb\u00e9m dados pessoais de clientes fornecidos, os dados pessoais que processamos neste contexto s\u00e3o:<\/p>\n<ul>\n<li style=\"list-style-type: none;\">\n<ul>\n<li>nome;<\/li>\n<li>endere\u00e7o;<\/li>\n<li>n\u00famero de telefone;<\/li>\n<li>endere\u00e7o de e-mail;<\/li>\n<li>angaria\u00e7\u00f5es e informa\u00e7\u00f5es associadas \u00e0 angaria\u00e7\u00e3o e<\/li>\n<li>dados relativos a transa\u00e7\u00f5es imobili\u00e1rias individuais.<\/li>\n<\/ul>\n<\/li>\n<\/ul>\n<p style=\"padding-left: 40px;\">Nos casos em que lhe pedimos para fornecer quaisquer dados pessoais, n\u00e3o h\u00e1 nenhuma obriga\u00e7\u00e3o em faz\u00ea-lo, mas se n\u00e3o o fizer, n\u00e3o ser\u00e1 capaz de usar todas as fun\u00e7\u00f5es do nosso site ou fazer uso de nossos servi\u00e7os de media\u00e7\u00e3o imobili\u00e1ria em geral.<\/p>\n<p>&nbsp;<\/p>\n<ol start=\"2\">\n<li><strong>Cookies, Google Analytics, Facebook<\/strong><\/li>\n<\/ol>\n<p style=\"padding-left: 40px;\">2.1. Cookies<br \/>\nEste site usa os chamados cookies. Um cookie \u00e9 um pequeno arquivo que pode ser guardado no seu computador quando voc\u00ea visita um site.\u00a0Os cookies s\u00e3o geralmente usados para fornecer aos visitantes do site funcionalidades adicionais dentro do site. Eles podem, por exemplo, ser criados para manter o controle da sua visita e apoiar a sua navega\u00e7\u00e3o no site, ajud\u00e1-lo a continuar onde ficou e\/ou lembrar suas prefer\u00eancias e configura\u00e7\u00f5es quando visitar o site novamente.<\/p>\n<p style=\"padding-left: 40px;\">Os cookies n\u00e3o podem aceder, ler ou modificar quaisquer outros dados no seu computador.<br \/>\nA maioria dos cookies usados neste site s\u00e3o os chamados cookies de sess\u00e3o. S\u00e3o apagados automaticamente quando sair do Web site.<\/p>\n<p style=\"padding-left: 40px;\">Existem ainda os cookies persistentes, estes permanecem no seu computador at\u00e9 que os apague no seu browser. N\u00f3s usamos cookies persistentes para o reconhecer quando visitar este site da pr\u00f3xima vez.<\/p>\n<p style=\"padding-left: 40px;\">Se quiser controlar os cookies instalados no seu computador, poder\u00e1 modificar as configura\u00e7\u00f5es do seu navegador para que ele o notifique quando um site tentar instalar um cookie ou poder\u00e1 bloquear os cookies definitivamente. Tamb\u00e9m poder\u00e1 excluir cookies que j\u00e1 foram instalados no seu computador. Consulte a fun\u00e7\u00e3o &#8216; Ajuda &#8216; no seu browser para obter mais informa\u00e7\u00f5es sobre como executar estes passos.<\/p>\n<p style=\"padding-left: 40px;\">Por favor, note que, no entanto, ao desativar os cookies pode afetar a sua experi\u00eancia online e\/ou impedi-lo de tirar pleno partido do nosso site.<\/p>\n<p style=\"padding-left: 40px;\">Para mais informa\u00e7\u00e3o sobre a utiliza\u00e7\u00e3o de cookies e sobre como os bloquear, visite allaboutcookies.org, youronlinechoices.eu (Europa). Se tiver quest\u00f5es ou coment\u00e1rios sobre a nossa utiliza\u00e7\u00e3o de cookies, contacte-nos atrav\u00e9s do e-mail <a href=\"mailto:info@weol.lu\">info@weol.lu<\/a><\/p>\n<p style=\"padding-left: 40px;\">2.2. Google Analytics<br \/>\nEste site usa o Google Analytics, um servi\u00e7o de an\u00e1lise tr\u00e1fego de Internet fornecido pela Google, Inc., 1600 Anfiteatro Parkway Mountain View, CA 94043, EUA (&#8220;Google&#8221;). O Google Analytics usa cookies para nos ajudar a analisar como voc\u00ea usa este site.<\/p>\n<p style=\"padding-left: 40px;\">Informa\u00e7\u00f5es adicionais sobre os termos e condi\u00e7\u00f5es de uso e privacidade dos dados podem ser encontradas nos termos de servi\u00e7o do Google Analytics <a href=\"https:\/\/www.google.com\/analytics\/terms\/pt.html\">https:\/\/www.google.com\/analytics\/terms\/pt.html<\/a> ou na Pol\u00edtica Geral da Privacidade do Google Analytics <a href=\"https:\/\/support.google.com\/analytics\/answer\/6004245?hl=pt\">https:\/\/support.google.com\/analytics\/answer\/6004245?hl=pt<\/a>. Por favor, note que neste site, o Google Analytics \u00e9 complementado por &#8220;GAT. anonymizeIp (); &#8221; para garantir a recolha an\u00f4nima de endere\u00e7os IP (mascara de IP).<\/p>\n<p style=\"padding-left: 40px;\">2.3. Facebook plugins (like-Button)<br \/>\nAs nossas p\u00e1ginas integram plugins da rede social Facebook operado por Facebook Inc., 1601 Willow Road, Menlo Park, Calif\u00f3rnia, 94025, EUA. Os plugins do Facebook s\u00e3o caracterizados pelo logotipo do Facebook ou o &#8220;Like-Button&#8221; (&#8220;Like&#8221;) no nosso site.<\/p>\n<p style=\"padding-left: 40px;\">Voc\u00ea pode encontrar uma vis\u00e3o geral do Facebook-plugins aqui: <a href=\"http:\/\/Developers.Facebook.com\/docs\/plugins\/\">http:\/\/Developers.Facebook.com\/docs\/plugins\/<\/a><\/p>\n<p style=\"padding-left: 40px;\">Para mais informa\u00e7\u00f5es, por favor, consulte a declara\u00e7\u00e3o de privacidade do Facebook <a href=\"https:\/\/www.facebook.com\/privacy\/explanation\">https:\/\/www.facebook.com\/privacy\/explanation<\/a><\/p>\n<p style=\"padding-left: 40px;\">Se n\u00e3o desejar que o Facebook possa associar a sua visita ao nosso site com a sua conta no Facebook, por favor, saia da sua conta no Facebook antes de visitar o nosso site.<\/p>\n<p>&nbsp;<\/p>\n<ol start=\"3\">\n<li><strong>Fins para os quais utilizamos os seus dados<\/strong><\/li>\n<\/ol>\n<p style=\"padding-left: 40px;\">N\u00f3s usamos os seus dados pessoais para lhe disponibilizar este Web site como utilizador, para gerar estat\u00edsticas do uso, para melhorar e desenvolver este Web site, para lhe fornecer servi\u00e7os de media\u00e7\u00e3o de bens imobili\u00e1rios, para responder a pedidos e mensagens suas, para lhe enviar a nossa newsletter se voc\u00ea a tiver subscrito, para o contatar sobre as propriedades que podem interessar-lhe, e para analisar os seus dados de forma agregada com o objetivo de analisar o nosso neg\u00f3cio.<\/p>\n<p>&nbsp;<\/p>\n<ol start=\"4\">\n<li><strong>Base Jur\u00eddica para o Tratamento<\/strong><\/li>\n<\/ol>\n<p style=\"padding-left: 40px;\"><strong><br \/>\n<\/strong>A base jur\u00eddica para o tratamento dos seus dados ser\u00e1 o nosso interesse leg\u00edtimo vigente (nos termos do n. \u00ba 1, al\u00ednea f, do artigo 6. \u00ba do Regulamento Geral de Prote\u00e7\u00e3o de Dados da UE, &#8220;RGPD&#8221;). Para essa recolha ser\u00e1 pedido o seu consentimento, poder\u00e1 retirar o seu consentimento a qualquer momento. No entanto, isso n\u00e3o afeta a legalidade do processamento de seus dados com base no consentimento antes de sua retirada.<\/p>\n<p>&nbsp;<\/p>\n<ol start=\"5\">\n<li><strong>Divulga\u00e7\u00f5es e Transfer\u00eancias de dados<\/strong><\/li>\n<\/ol>\n<p style=\"padding-left: 40px;\">Os dados pessoais dos nossos utilizadores n\u00e3o ser\u00e3o transferidos a terceiros, salvo se:<\/p>\n<ul>\n<li style=\"list-style-type: none;\">\n<ul>\n<li>WEOL tiver a sua autoriza\u00e7\u00e3o expressa;<\/li>\n<li>Estas entidades promoverem, ao abrigo de um contrato, o fornecimento dos servi\u00e7os disponibilizados pela WEOL aos nossos utilizadores;<\/li>\n<li>Tal for exigido nos termos da lei;<\/li>\n<li>Tal for estritamente necess\u00e1rio para assegurar o cumprimento dos nossos termos de utiliza\u00e7\u00e3o, direitos ou titularidade.<\/li>\n<\/ul>\n<\/li>\n<\/ul>\n<p>&nbsp;<\/p>\n<ol start=\"6\">\n<li><strong>Per\u00edodos de reten\u00e7\u00e3o<\/strong><\/li>\n<\/ol>\n<p style=\"padding-left: 40px;\">N\u00f3s iremos conservar os seus dados que recolhemos automaticamente quando visita este Web site pelo tempo m\u00e1ximo de seis meses. Se subscreveu a nossa newsletter, vamos manter o seu endere\u00e7o de e-mail at\u00e9 proceder ao cancelamento da nossa newsletter. Caso se tenha registado no nosso Web site, n\u00f3s iremos conservar os seus dados enquanto a sua conta existir e depois disso somente se houver alguma obriga\u00e7\u00e3o legal para reter seus dados.<\/p>\n<p>&nbsp;<\/p>\n<ol start=\"7\">\n<li><strong>Os seus Direitos\u00a0<\/strong><\/li>\n<\/ol>\n<p style=\"padding-left: 40px;\">O Cliente, sendo titular dos dados, tem o direito de aceder a todos os seus dados. Tem ainda, o direito de exigir a sua limita\u00e7\u00e3o, retifica\u00e7\u00e3o, oposi\u00e7\u00e3o ou apagamento nos limites legalmente impostos.<\/p>\n<p style=\"padding-left: 40px;\">O Cliente, enquanto titular dos dados, tem, tamb\u00e9m, o direito de retirar o seu consentimento para o tratamento dos dados em qualquer momento. Esta altera\u00e7\u00e3o do consentimento n\u00e3o compromete a licitude do tratamento efetuado com base no consentimento anteriormente dado.<\/p>\n<p style=\"padding-left: 40px;\">Quando se manifesta tecnicamente vi\u00e1vel, o Cliente pode solicitar a portabilidade dos seus dados para outro respons\u00e1vel de tratamento, sendo que os mesmos ser\u00e3o conservados apenas para o exerc\u00edcio ou defesa de reclama\u00e7\u00f5es. Tamb\u00e9m com este prop\u00f3sito (efeitos \u00fanicos de declara\u00e7\u00e3o, exerc\u00edcio ou defesa de um direito num processo judicial), os dados poder\u00e3o ser conservados quando exercidos alguns dos direitos acima identificados.<\/p>\n<p style=\"padding-left: 40px;\">Na eventualidade de querer exercer estes direitos ou para qualquer outra quest\u00e3o adicional respeitante \u00e0 prote\u00e7\u00e3o de dados e seu tratamento, dever\u00e1 contactar por escrito o respons\u00e1vel atrav\u00e9s do contacto abaixo indicado. Ser-lhe-\u00e1 sempre solicitado um comprovativo da identidade do titular dos dados. Adicionalmente, e se em algum momento considerar que os seus direitos n\u00e3o foram devidamente acautelados, poder\u00e1 apresentar uma reclama\u00e7\u00e3o junto da Comiss\u00e3o Nacional de Prote\u00e7\u00e3o de Dados.<\/p>\n<p style=\"padding-left: 40px;\">Poder\u00e1 encontrar informa\u00e7\u00e3o complementar consultando o site da referida Comiss\u00e3o <a href=\"https:\/\/www.cnpd.lu\/\">https:\/\/www.cnpd.lu\/<\/a>.<\/p>\n<p>&nbsp;<\/p>\n<ol start=\"8\">\n<li><strong>Contacte-nos<\/strong><\/li>\n<\/ol>\n<p style=\"padding-left: 40px;\">Caso tenha alguma d\u00favida ou pretenda algum esclarecimento adicional sobre o tratamento dos seus dados pode contatar-nos pelo email <a href=\"mailto:info@weol.lu\">info@weol.lu<\/a><\/p>\n<p>&nbsp;<\/p>\n<p style=\"padding-left: 40px;\">Obrigado por ler a nossa Pol\u00edtica de Privacidade.<\/p>\n","protected":false},"excerpt":{"rendered":"<p>Este site \u00e9 operado por WEOL Imobili\u00e1ria (doravante &#8220;WEOL\u201d ou &#8220;n\u00f3s&#8221;). Esta pol\u00edtica de privacidade descreve como n\u00f3s recolhemos e processamos seus dados pessoais. WEOL est\u00e1 empenhada em proteger os dados pessoais dos seus clientes e utilizadores do website, tendo para o efeito elaborado a presente Pol\u00edtica de Privacidade com o objetivo de dar a conhecer o seu compromisso e respeito para com as &#8230;<\/p>\n","protected":false},"author":1,"featured_media":0,"parent":0,"menu_order":0,"comment_status":"closed","ping_status":"closed","template":"","meta":{"footnotes":""},"yoast_head":"<!-- This site is optimized with the Yoast SEO plugin v22.5 - https:\/\/yoast.com\/wordpress\/plugins\/seo\/ -->\n<title>Pol\u00edtica de privacidade - Weol Immobili\u00e8re<\/title>\n<meta name=\"robots\" content=\"index, follow, max-snippet:-1, max-image-preview:large, max-video-preview:-1\" \/>\n<link rel=\"canonical\" href=\"https:\/\/weol.lu\/pt-pt\/politica-de-privacidade\/\" \/>\n<meta property=\"og:locale\" content=\"pt_PT\" \/>\n<meta property=\"og:type\" content=\"article\" \/>\n<meta property=\"og:title\" content=\"Pol\u00edtica de privacidade - Weol Immobili\u00e8re\" \/>\n<meta property=\"og:description\" content=\"Este site \u00e9 operado por WEOL Imobili\u00e1ria (doravante &#8220;WEOL\u201d ou &#8220;n\u00f3s&#8221;). Esta pol\u00edtica de privacidade descreve como n\u00f3s recolhemos e processamos seus dados pessoais. WEOL est\u00e1 empenhada em proteger os dados pessoais dos seus clientes e utilizadores do website, tendo para o efeito elaborado a presente Pol\u00edtica de Privacidade com o objetivo de dar a conhecer o seu compromisso e respeito para com as ...\" \/>\n<meta property=\"og:url\" content=\"https:\/\/weol.lu\/pt-pt\/politica-de-privacidade\/\" \/>\n<meta property=\"og:site_name\" content=\"Weol Immobili\u00e8re\" \/>\n<meta property=\"article:modified_time\" content=\"2019-06-20T20:01:51+00:00\" \/>\n<meta property=\"og:image\" content=\"https:\/\/weol.lu\/wp-content\/uploads\/2021\/05\/logo-weol-1.png\" \/>\n\t<meta property=\"og:image:width\" content=\"432\" \/>\n\t<meta property=\"og:image:height\" content=\"270\" \/>\n\t<meta property=\"og:image:type\" content=\"image\/png\" \/>\n<meta name=\"twitter:card\" content=\"summary_large_image\" \/>\n<meta name=\"twitter:label1\" content=\"Tempo estimado de leitura\" \/>\n\t<meta name=\"twitter:data1\" content=\"7 minutes\" \/>\n<script type=\"application\/ld+json\" class=\"yoast-schema-graph\">{\"@context\":\"https:\/\/schema.org\",\"@graph\":[{\"@type\":\"WebPage\",\"@id\":\"https:\/\/weol.lu\/pt-pt\/politica-de-privacidade\/\",\"url\":\"https:\/\/weol.lu\/pt-pt\/politica-de-privacidade\/\",\"name\":\"Pol\u00edtica de privacidade - Weol Immobili\u00e8re\",\"isPartOf\":{\"@id\":\"https:\/\/weol.lu\/pt-pt\/#website\"},\"datePublished\":\"2019-06-20T19:12:32+00:00\",\"dateModified\":\"2019-06-20T20:01:51+00:00\",\"inLanguage\":\"pt-PT\",\"potentialAction\":[{\"@type\":\"ReadAction\",\"target\":[\"https:\/\/weol.lu\/pt-pt\/politica-de-privacidade\/\"]}]},{\"@type\":\"WebSite\",\"@id\":\"https:\/\/weol.lu\/pt-pt\/#website\",\"url\":\"https:\/\/weol.lu\/pt-pt\/\",\"name\":\"Weol Immobili\u00e8re\",\"description\":\"Immobili\u00e8re Agence\",\"potentialAction\":[{\"@type\":\"SearchAction\",\"target\":{\"@type\":\"EntryPoint\",\"urlTemplate\":\"https:\/\/weol.lu\/pt-pt\/?s={search_term_string}\"},\"query-input\":\"required name=search_term_string\"}],\"inLanguage\":\"pt-PT\"}]}<\/script>\n<!-- \/ Yoast SEO plugin. -->","yoast_head_json":{"title":"Pol\u00edtica de privacidade - Weol Immobili\u00e8re","robots":{"index":"index","follow":"follow","max-snippet":"max-snippet:-1","max-image-preview":"max-image-preview:large","max-video-preview":"max-video-preview:-1"},"canonical":"https:\/\/weol.lu\/pt-pt\/politica-de-privacidade\/","og_locale":"pt_PT","og_type":"article","og_title":"Pol\u00edtica de privacidade - Weol Immobili\u00e8re","og_description":"Este site \u00e9 operado por WEOL Imobili\u00e1ria (doravante &#8220;WEOL\u201d ou &#8220;n\u00f3s&#8221;). Esta pol\u00edtica de privacidade descreve como n\u00f3s recolhemos e processamos seus dados pessoais. WEOL est\u00e1 empenhada em proteger os dados pessoais dos seus clientes e utilizadores do website, tendo para o efeito elaborado a presente Pol\u00edtica de Privacidade com o objetivo de dar a conhecer o seu compromisso e respeito para com as ...","og_url":"https:\/\/weol.lu\/pt-pt\/politica-de-privacidade\/","og_site_name":"Weol Immobili\u00e8re","article_modified_time":"2019-06-20T20:01:51+00:00","og_image":[{"width":432,"height":270,"url":"https:\/\/weol.lu\/wp-content\/uploads\/2021\/05\/logo-weol-1.png","type":"image\/png"}],"twitter_card":"summary_large_image","twitter_misc":{"Tempo estimado de leitura":"7 minutes"},"schema":{"@context":"https:\/\/schema.org","@graph":[{"@type":"WebPage","@id":"https:\/\/weol.lu\/pt-pt\/politica-de-privacidade\/","url":"https:\/\/weol.lu\/pt-pt\/politica-de-privacidade\/","name":"Pol\u00edtica de privacidade - Weol Immobili\u00e8re","isPartOf":{"@id":"https:\/\/weol.lu\/pt-pt\/#website"},"datePublished":"2019-06-20T19:12:32+00:00","dateModified":"2019-06-20T20:01:51+00:00","inLanguage":"pt-PT","potentialAction":[{"@type":"ReadAction","target":["https:\/\/weol.lu\/pt-pt\/politica-de-privacidade\/"]}]},{"@type":"WebSite","@id":"https:\/\/weol.lu\/pt-pt\/#website","url":"https:\/\/weol.lu\/pt-pt\/","name":"Weol Immobili\u00e8re","description":"Immobili\u00e8re Agence","potentialAction":[{"@type":"SearchAction","target":{"@type":"EntryPoint","urlTemplate":"https:\/\/weol.lu\/pt-pt\/?s={search_term_string}"},"query-input":"required name=search_term_string"}],"inLanguage":"pt-PT"}]}},"_links":{"self":[{"href":"https:\/\/weol.lu\/pt-pt\/wp-json\/wp\/v2\/pages\/22648"}],"collection":[{"href":"https:\/\/weol.lu\/pt-pt\/wp-json\/wp\/v2\/pages"}],"about":[{"href":"https:\/\/weol.lu\/pt-pt\/wp-json\/wp\/v2\/types\/page"}],"author":[{"embeddable":true,"href":"https:\/\/weol.lu\/pt-pt\/wp-json\/wp\/v2\/users\/1"}],"replies":[{"embeddable":true,"href":"https:\/\/weol.lu\/pt-pt\/wp-json\/wp\/v2\/comments?post=22648"}],"version-history":[{"count":0,"href":"https:\/\/weol.lu\/pt-pt\/wp-json\/wp\/v2\/pages\/22648\/revisions"}],"wp:attachment":[{"href":"https:\/\/weol.lu\/pt-pt\/wp-json\/wp\/v2\/media?parent=22648"}],"curies":[{"name":"wp","href":"https:\/\/api.w.org\/{rel}","templated":true}]}}