{"id":22678,"date":"2019-06-21T10:38:34","date_gmt":"2019-06-21T10:38:34","guid":{"rendered":"https:\/\/weol.lu\/?page_id=22678\/"},"modified":"2019-06-21T10:38:34","modified_gmt":"2019-06-21T10:38:34","slug":"politica-de-cookies","status":"publish","type":"page","link":"https:\/\/weol.lu\/pt-pt\/politica-de-cookies\/","title":{"rendered":"Pol\u00edtica de cookies"},"content":{"rendered":"<p>Os cookies s\u00e3o utilizados para melhorar o nosso servi\u00e7o. Alguns dos cookies s\u00e3o essenciais para garantir as funcionalidades disponibilizadas, enquanto outros s\u00e3o destinados a melhorar o desempenho e a experi\u00eancia do utilizador.<\/p>\n<p>&nbsp;<\/p>\n<p>Os cookies essenciais destinam-se a:<\/p>\n<ul>\n<li>Lembrar as suas pesquisas no site<\/li>\n<\/ul>\n<p>&nbsp;<\/p>\n<p>Os cookies funcionais destinam-se a:<\/p>\n<ul>\n<li>Lembrar os dados da sua conta<\/li>\n<li>Garantir que a sua liga\u00e7\u00e3o \u00e9 segura<\/li>\n<li>Garantir que o s\u00edtio web \u00e9 mostrado de forma consistente<\/li>\n<li>Oferecer suporte atrav\u00e9s de chat<\/li>\n<\/ul>\n<p>&nbsp;<\/p>\n<p>As cookies de desempenho destinam-se a:<\/p>\n<ul>\n<li>Melhorar o desempenho do s\u00edtio web reduzindo o n\u00famero de loads das p\u00e1ginas que visita<\/li>\n<li>Melhorar a experi\u00eancia do utilizador<\/li>\n<\/ul>\n<p>&nbsp;<\/p>\n<p>As cookies de segmenta\u00e7\u00e3o destinam-se a:<\/p>\n<ul>\n<li>Permitir que partilhe e goste nas redes sociais<\/li>\n<li>Enviar informa\u00e7\u00e3o a outros s\u00edtios web para personalizar a publicidade mostrada<\/li>\n<\/ul>\n<p>&nbsp;<\/p>\n<p>Exemplos de utiliza\u00e7\u00e3o de cookies:<\/p>\n<p>&nbsp;<\/p>\n<p>Os cookies s\u00e3o utilizados para melhorar o servi\u00e7o que lhe \u00e9 prestado, como por exemplo:<\/p>\n<ul>\n<li>Possibilitar a utiliza\u00e7\u00e3o de alguns servi\u00e7os como o pagamento, que n\u00e3o seria poss\u00edvel sem os cookies<\/li>\n<li>Permitir que um servi\u00e7o reconhe\u00e7a o seu dispositivo para que n\u00e3o tenha de fornecer constantemente os mesmos dados<\/li>\n<li>Reconhecer que j\u00e1 forneceu um nome de utilizador e palavra-passe quando ligado \u00e0 \u00e1rea de cliente para que n\u00e3o tenha de o fazer sempre que consulta uma p\u00e1gina<\/li>\n<li>Contabilizar quantas pessoas est\u00e3o a utilizar um servi\u00e7o, permitindo assim garantir que a utiliza\u00e7\u00e3o \u00e9 r\u00e1pida<\/li>\n<li>Analisar dados que nos permita saber como utiliza os servi\u00e7os para que os possamos melhorar<\/li>\n<\/ul>\n<p>&nbsp;<\/p>\n<p>Se n\u00e3o permitir que este site utilize cookies, algumas p\u00e1ginas e n\u00e3o v\u00e3o funcionar como esperado.\u00a0Se deseja apagar os cookies que j\u00e1 se encontram no seu computador, consulte a sec\u00e7\u00e3o de &#8220;Ajuda&#8221; do seu navegador de internet.<\/p>\n<p>&nbsp;<\/p>\n<p>Poder\u00e1 ainda saber mais informa\u00e7\u00f5es sobre cookies no site http:\/\/www.aboutcookies.org (Ingl\u00eas) ou consulte a sec\u00e7\u00e3o &#8220;Ajuda&#8221; do seu navegador de internet.<\/p>\n","protected":false},"excerpt":{"rendered":"<p>Os cookies s\u00e3o utilizados para melhorar o nosso servi\u00e7o. Alguns dos cookies s\u00e3o essenciais para garantir as funcionalidades disponibilizadas, enquanto outros s\u00e3o destinados a melhorar o desempenho e a experi\u00eancia do utilizador. &nbsp; Os cookies essenciais destinam-se a: Lembrar as suas pesquisas no site &nbsp; Os cookies funcionais destinam-se a: Lembrar os dados da sua conta Garantir que a sua liga\u00e7\u00e3o \u00e9 segura Garantir &#8230;<\/p>\n","protected":false},"author":1,"featured_media":0,"parent":0,"menu_order":0,"comment_status":"closed","ping_status":"closed","template":"","meta":{"footnotes":""},"yoast_head":"<!-- This site is optimized with the Yoast SEO plugin v22.5 - https:\/\/yoast.com\/wordpress\/plugins\/seo\/ -->\n<title>Pol\u00edtica de cookies - Weol Immobili\u00e8re<\/title>\n<meta name=\"robots\" content=\"index, follow, max-snippet:-1, max-image-preview:large, max-video-preview:-1\" \/>\n<link rel=\"canonical\" href=\"https:\/\/weol.lu\/pt-pt\/politica-de-cookies\/\" \/>\n<meta property=\"og:locale\" content=\"pt_PT\" \/>\n<meta property=\"og:type\" content=\"article\" \/>\n<meta property=\"og:title\" content=\"Pol\u00edtica de cookies - Weol Immobili\u00e8re\" \/>\n<meta property=\"og:description\" content=\"Os cookies s\u00e3o utilizados para melhorar o nosso servi\u00e7o. Alguns dos cookies s\u00e3o essenciais para garantir as funcionalidades disponibilizadas, enquanto outros s\u00e3o destinados a melhorar o desempenho e a experi\u00eancia do utilizador. &nbsp; Os cookies essenciais destinam-se a: Lembrar as suas pesquisas no site &nbsp; Os cookies funcionais destinam-se a: Lembrar os dados da sua conta Garantir que a sua liga\u00e7\u00e3o \u00e9 segura Garantir ...\" \/>\n<meta property=\"og:url\" content=\"https:\/\/weol.lu\/pt-pt\/politica-de-cookies\/\" \/>\n<meta property=\"og:site_name\" content=\"Weol Immobili\u00e8re\" \/>\n<meta property=\"og:image\" content=\"https:\/\/weol.lu\/wp-content\/uploads\/2021\/05\/logo-weol-1.png\" \/>\n\t<meta property=\"og:image:width\" content=\"432\" \/>\n\t<meta property=\"og:image:height\" content=\"270\" \/>\n\t<meta property=\"og:image:type\" content=\"image\/png\" \/>\n<meta name=\"twitter:card\" content=\"summary_large_image\" \/>\n<meta name=\"twitter:label1\" content=\"Tempo estimado de leitura\" \/>\n\t<meta name=\"twitter:data1\" content=\"2 minutes\" \/>\n<script type=\"application\/ld+json\" class=\"yoast-schema-graph\">{\"@context\":\"https:\/\/schema.org\",\"@graph\":[{\"@type\":\"WebPage\",\"@id\":\"https:\/\/weol.lu\/pt-pt\/politica-de-cookies\/\",\"url\":\"https:\/\/weol.lu\/pt-pt\/politica-de-cookies\/\",\"name\":\"Pol\u00edtica de cookies - Weol Immobili\u00e8re\",\"isPartOf\":{\"@id\":\"https:\/\/weol.lu\/pt-pt\/#website\"},\"datePublished\":\"2019-06-21T10:38:34+00:00\",\"dateModified\":\"2019-06-21T10:38:34+00:00\",\"inLanguage\":\"pt-PT\",\"potentialAction\":[{\"@type\":\"ReadAction\",\"target\":[\"https:\/\/weol.lu\/pt-pt\/politica-de-cookies\/\"]}]},{\"@type\":\"WebSite\",\"@id\":\"https:\/\/weol.lu\/pt-pt\/#website\",\"url\":\"https:\/\/weol.lu\/pt-pt\/\",\"name\":\"Weol Immobili\u00e8re\",\"description\":\"Immobili\u00e8re Agence\",\"potentialAction\":[{\"@type\":\"SearchAction\",\"target\":{\"@type\":\"EntryPoint\",\"urlTemplate\":\"https:\/\/weol.lu\/pt-pt\/?s={search_term_string}\"},\"query-input\":\"required name=search_term_string\"}],\"inLanguage\":\"pt-PT\"}]}<\/script>\n<!-- \/ Yoast SEO plugin. -->","yoast_head_json":{"title":"Pol\u00edtica de cookies - Weol Immobili\u00e8re","robots":{"index":"index","follow":"follow","max-snippet":"max-snippet:-1","max-image-preview":"max-image-preview:large","max-video-preview":"max-video-preview:-1"},"canonical":"https:\/\/weol.lu\/pt-pt\/politica-de-cookies\/","og_locale":"pt_PT","og_type":"article","og_title":"Pol\u00edtica de cookies - Weol Immobili\u00e8re","og_description":"Os cookies s\u00e3o utilizados para melhorar o nosso servi\u00e7o. Alguns dos cookies s\u00e3o essenciais para garantir as funcionalidades disponibilizadas, enquanto outros s\u00e3o destinados a melhorar o desempenho e a experi\u00eancia do utilizador. &nbsp; Os cookies essenciais destinam-se a: Lembrar as suas pesquisas no site &nbsp; Os cookies funcionais destinam-se a: Lembrar os dados da sua conta Garantir que a sua liga\u00e7\u00e3o \u00e9 segura Garantir ...","og_url":"https:\/\/weol.lu\/pt-pt\/politica-de-cookies\/","og_site_name":"Weol Immobili\u00e8re","og_image":[{"width":432,"height":270,"url":"https:\/\/weol.lu\/wp-content\/uploads\/2021\/05\/logo-weol-1.png","type":"image\/png"}],"twitter_card":"summary_large_image","twitter_misc":{"Tempo estimado de leitura":"2 minutes"},"schema":{"@context":"https:\/\/schema.org","@graph":[{"@type":"WebPage","@id":"https:\/\/weol.lu\/pt-pt\/politica-de-cookies\/","url":"https:\/\/weol.lu\/pt-pt\/politica-de-cookies\/","name":"Pol\u00edtica de cookies - Weol Immobili\u00e8re","isPartOf":{"@id":"https:\/\/weol.lu\/pt-pt\/#website"},"datePublished":"2019-06-21T10:38:34+00:00","dateModified":"2019-06-21T10:38:34+00:00","inLanguage":"pt-PT","potentialAction":[{"@type":"ReadAction","target":["https:\/\/weol.lu\/pt-pt\/politica-de-cookies\/"]}]},{"@type":"WebSite","@id":"https:\/\/weol.lu\/pt-pt\/#website","url":"https:\/\/weol.lu\/pt-pt\/","name":"Weol Immobili\u00e8re","description":"Immobili\u00e8re Agence","potentialAction":[{"@type":"SearchAction","target":{"@type":"EntryPoint","urlTemplate":"https:\/\/weol.lu\/pt-pt\/?s={search_term_string}"},"query-input":"required name=search_term_string"}],"inLanguage":"pt-PT"}]}},"_links":{"self":[{"href":"https:\/\/weol.lu\/pt-pt\/wp-json\/wp\/v2\/pages\/22678"}],"collection":[{"href":"https:\/\/weol.lu\/pt-pt\/wp-json\/wp\/v2\/pages"}],"about":[{"href":"https:\/\/weol.lu\/pt-pt\/wp-json\/wp\/v2\/types\/page"}],"author":[{"embeddable":true,"href":"https:\/\/weol.lu\/pt-pt\/wp-json\/wp\/v2\/users\/1"}],"replies":[{"embeddable":true,"href":"https:\/\/weol.lu\/pt-pt\/wp-json\/wp\/v2\/comments?post=22678"}],"version-history":[{"count":0,"href":"https:\/\/weol.lu\/pt-pt\/wp-json\/wp\/v2\/pages\/22678\/revisions"}],"wp:attachment":[{"href":"https:\/\/weol.lu\/pt-pt\/wp-json\/wp\/v2\/media?parent=22678"}],"curies":[{"name":"wp","href":"https:\/\/api.w.org\/{rel}","templated":true}]}}