{"id":22685,"date":"2019-06-21T10:46:49","date_gmt":"2019-06-21T10:46:49","guid":{"rendered":"https:\/\/weol.lu\/?page_id=22685\/"},"modified":"2019-06-21T10:47:05","modified_gmt":"2019-06-21T10:47:05","slug":"termos-e-condicoes","status":"publish","type":"page","link":"https:\/\/weol.lu\/pt-pt\/termos-e-condicoes\/","title":{"rendered":"Termos e condi\u00e7\u00f5es"},"content":{"rendered":"<p><strong>1. Introdu\u00e7\u00e3o<\/strong><br \/>\nOs presentes Termos e Condi\u00e7\u00f5es regulam o acesso e utiliza\u00e7\u00e3o do Website www.weol.lu, sociedade com sede em 34, Boulevard Charles Simonis L-2539 Luxembourg-Cents (doravante &#8220;Weol Immobili\u00e8re&#8221;). Quaisquer quest\u00f5es legais referentes ao Website poder\u00e3o ser consultadas nas sec\u00e7\u00f5es Pol\u00edtica de Privacidade e Pol\u00edtica de Cookies, as quais constituem parte integrante dos presentes Termos e Condi\u00e7\u00f5es.<\/p>\n<p>A utiliza\u00e7\u00e3o deste Website por qualquer utilizador ser\u00e1 regulada pelos seguintes Termos e Condi\u00e7\u00f5es, implicando a sua utiliza\u00e7\u00e3o uma aceita\u00e7\u00e3o dos mesmos pelo utilizador. Caso o utilizador rejeite os presentes Termos e Condi\u00e7\u00f5es, deve cessar a utiliza\u00e7\u00e3o do mesmo.<\/p>\n<p>Weol Immobili\u00e8re poder\u00e1 alterar ou atualizar, no todo ou em parte, os presentes Termos e Condi\u00e7\u00f5es, bem como a Pol\u00edtica de Privacidade. Quaisquer altera\u00e7\u00f5es ou atualiza\u00e7\u00f5es dos presentes Termos e Condi\u00e7\u00f5es, bem como os da Pol\u00edtica de Privacidade, entrar\u00e3o em vigor logo que publicados na respetiva sec\u00e7\u00e3o do Website. Os utilizadores s\u00e3o aconselhados a consultar regularmente as sec\u00e7\u00f5es dos Termos e Condi\u00e7\u00f5es, da Pol\u00edtica de Privacidade e da Pol\u00edtica de Cookies para verificarem as vers\u00f5es mais atualizadas.<\/p>\n<p>O acesso e a utiliza\u00e7\u00e3o do Website s\u00e3o disponibilizados exclusivamente para utiliza\u00e7\u00e3o pessoal e para a venda de bens e servi\u00e7os, ao pagamento dos bens ou servi\u00e7os solicitados, \u00e0 venda de produtos ou servi\u00e7os considerados de interesse para os utilizadores do Website, ou para comunicar com os mesmos para outros fins (os &#8220;Produtos&#8221;).<\/p>\n<p>A Weol Immobili\u00e8re reserva-se no direito de avaliar discricionariamente o cumprimento dos presentes Termos e Condi\u00e7\u00f5es por parte de qualquer utilizador. A viola\u00e7\u00e3o dos Termos e Condi\u00e7\u00f5es poder\u00e1 implicar a retirada da licen\u00e7a de utiliza\u00e7\u00e3o concedida pela Weol Immobili\u00e8re, nos termos da presente Cl\u00e1usula 1 e, bem assim, exercer os seus direitos na m\u00e1xima extens\u00e3o poss\u00edvel permitida por lei.<\/p>\n<p>Os utilizadores comprometem-se a indemnizar e a exonerar a Weol Immobili\u00e8re, as suas subsidi\u00e1rias e empresas do grupo, bem como legais representantes, parceiros e trabalhadores, de quaisquer danos, responsabilidades, reclama\u00e7\u00f5es ou pedidos de compensa\u00e7\u00e3o, incluindo despesas e custos de representa\u00e7\u00e3o, peticionadas por terceiros em consequ\u00eancia da utiliza\u00e7\u00e3o do Website em termos desconformes com os presentes Termos e Condi\u00e7\u00f5es, e\/ou em virtude da viola\u00e7\u00e3o das condi\u00e7\u00f5es previstas nos mesmos, e\/ou resultantes de incumprimento das representa\u00e7\u00f5es e garantias constantes dos presentes Termos e Condi\u00e7\u00f5es.<\/p>\n<p>&nbsp;<\/p>\n<p><strong>2. Licen\u00e7a<\/strong><br \/>\nSem preju\u00edzo do constante nas demais cl\u00e1usulas dos presentes Termos e Condi\u00e7\u00f5es, a Weol Immobili\u00e8re autoriza qualquer utilizador a utilizar este Website apenas para fins pessoais ou informativos, conforme previsto nos presentes Termos e Condi\u00e7\u00f5es. A licen\u00e7a de utiliza\u00e7\u00e3o poder\u00e1 ser revogada pela Weol Immobili\u00e8re discricionariamente e em qualquer momento.<\/p>\n<p>Nos termos da lei e dos presentes Termos e Condi\u00e7\u00f5es, o utilizador n\u00e3o poder\u00e1 copiar, utilizar, transferir, alugar, sublicen\u00e7a, alterar, adaptar, tentar modificar ou alterar o c\u00f3digo fonte, efetuar opera\u00e7\u00f5es de engenharia reversa, descompilar ou desmontar, no todo ou em parte, o conte\u00fado do Website. Ao aceder ao Website, o utilizador reconhece e aceita que o conte\u00fado do mesmo poder\u00e1 estar incompleto, impreciso, n\u00e3o atualizado, ou que poder\u00e1 n\u00e3o satisfazer as suas necessidades e requisitos.<\/p>\n<p>&nbsp;<\/p>\n<p><strong>3. Conte\u00fado e Limita\u00e7\u00e3o de Responsabilidade da Weol Immobili\u00e8re<\/strong><br \/>\nO acesso e utiliza\u00e7\u00e3o do Website, incluindo a exibi\u00e7\u00e3o de p\u00e1ginas web, constituem atividades executadas pelos utilizadores.<\/p>\n<p>Os utilizadores s\u00e3o os \u00fanicos e exclusivos respons\u00e1veis pela utiliza\u00e7\u00e3o do Website e dos seus conte\u00fados. A Weol Immobili\u00e8re n\u00e3o \u00e9 respons\u00e1vel, nem assume responsabilidades pela utiliza\u00e7\u00e3o (se existente) do Website desconforme \u00e0s disposi\u00e7\u00f5es legais em vigor.<\/p>\n<p>Em concreto, os utilizadores s\u00e3o os \u00fanicos respons\u00e1veis pela comunica\u00e7\u00e3o de informa\u00e7\u00e3o ou dados incorretos, falsos, ou de terceiros, sem o seu consentimento, bem como pela utiliza\u00e7\u00e3o incorreta dos mesmos.<\/p>\n<p>Os conte\u00fados do Website podem conter incorre\u00e7\u00f5es ou gralhas. A Weol Immobili\u00e8re n\u00e3o \u00e9 respons\u00e1vel, nem poder\u00e1 ser responsabilizada, por qualquer meio ou modo, pelas incorre\u00e7\u00f5es e erros, danos (se existentes) causados ou resultantes da utiliza\u00e7\u00e3o de informa\u00e7\u00e3o derivada do Website, ou atrav\u00e9s do Website, por parte dos utilizadores. O utilizador \u00e9 o \u00fanico e exclusivo respons\u00e1vel pela avalia\u00e7\u00e3o da informa\u00e7\u00e3o e conte\u00fados obtidos atrav\u00e9s do Website.<\/p>\n<p>O Website e toda a informa\u00e7\u00e3o e conte\u00fados publicados no mesmo podem ser alterados pela Weol Immobili\u00e8re a qualquer momento, periodicamente e\/ou sem aviso pr\u00e9vio.<\/p>\n<p>Considerando que quaisquer conte\u00fados que venham a ser descarregados ou por outro meio obtidos, resultam de decis\u00e3o livre do utilizador e s\u00e3o efetuados por sua conta e risco, qualquer dano (caso exista) aos computadores ou perda de dados resultantes de opera\u00e7\u00f5es de descarregamento efetuada pelo utilizador, ser\u00e1 da exclusiva responsabilidade do utilizador e n\u00e3o poder\u00e1 ser imputada \u00e0 Weol Immobili\u00e8re A Weol Immobili\u00e8re n\u00e3o assume qualquer responsabilidade por danos (caso existam) resultantes da impossibilidade de acesso aos servi\u00e7os disponibilizados atrav\u00e9s do Website ou por dados (caso existam) causados por v\u00edrus, ficheiros danificados, erros, omiss\u00f5es, interrup\u00e7\u00f5es do servi\u00e7o, cancelamento de conte\u00fados, quest\u00f5es relacionadas com a Internet, prestadores de servi\u00e7os ou com a liga\u00e7\u00e3o telef\u00f3nica e\/ou telem\u00e1tica, acessos n\u00e3o autorizados, altera\u00e7\u00f5es de dados, ou relacionados com a inexist\u00eancia e\/ou deficiente funcionamento de dispositivos eletr\u00f3nicos do utilizador.<\/p>\n<p>O utilizador \u00e9 respons\u00e1vel pelo armazenamento e correta utiliza\u00e7\u00e3o da sua informa\u00e7\u00e3o pessoal, bem como respons\u00e1vel por qualquer dano ou preju\u00edzo causado \u00e0 Weol Immobili\u00e8re ou a terceiras partes, resultante da utiliza\u00e7\u00e3o incorreta, perda ou furto da informa\u00e7\u00e3o pessoal.<\/p>\n<p>Nos casos de registo, o utilizador \u00e9 respons\u00e1vel pelo armazenamento e correta utiliza\u00e7\u00e3o das suas credenciais, as quais permitem o acesso \u00e0 \u00e1rea reservada dos servi\u00e7os (caso existam). Nessas circunst\u00e2ncias, o utilizador ser\u00e1 respons\u00e1vel por criar o seu nome de utilizador e password. O utilizador ser\u00e1 ainda respons\u00e1vel pela presta\u00e7\u00e3o de informa\u00e7\u00e3o espec\u00edfica, a qual dever\u00e1 ser correta e atualizada. O utilizador n\u00e3o poder\u00e1 escolher um nome de utilizador pertencente a terceiro com o intuito de utilizar a sua identidade. O utilizador n\u00e3o poder\u00e1, do mesmo modo, utilizar o nome de utilizador de um terceiro sem o seu consentimento expresso.<\/p>\n<p>O utilizador dever\u00e1 garantir a confidencialidade da sua password e n\u00e3o dever\u00e1 partilhar a mesma com terceiros.<\/p>\n<p>O utilizador \u00e9 inteira e exclusivamente respons\u00e1vel por quaisquer a\u00e7\u00f5es efetuadas atrav\u00e9s da sua conta de utilizador (caso exista), diretamente ou mediante terceiros autorizados pelo utilizador. A Weol Immobili\u00e8re poder\u00e1 revogar a licen\u00e7a, discricionariamente e a qualquer momento, caso seja identificada a pr\u00e1tica de qualquer ato abusivo, fraudulento ou ilegal.<\/p>\n<p>A Weol Immobili\u00e8re promoveu a ado\u00e7\u00e3o de medidas t\u00e9cnicas e organizacionais adequadas a salvaguardar a seguran\u00e7a dos servi\u00e7os por si prestados atrav\u00e9s do Website, assegurar a integridade dos dados de tr\u00e1fego eletr\u00f3nico relacionados com as formas de utiliza\u00e7\u00e3o ou conhecimento n\u00e3o autorizadas, bem como para evitar riscos de dissemina\u00e7\u00e3o, destrui\u00e7\u00e3o ou perda de dados e informa\u00e7\u00e3o confidencial ou n\u00e3o confidencial dos seus utilizadores, constantes do Website, ou relacionados com o acesso \u2013 n\u00e3o autorizado ou em incumprimento das disposi\u00e7\u00f5es legais aplic\u00e1veis \u2013 aos referidos dados pessoais e informa\u00e7\u00e3o.<\/p>\n<p>A Weol Immobili\u00e8re n\u00e3o garante, nem poder\u00e1 garantir que o Website esteja livre de v\u00edrus ou de qualquer outro elemento que possa afetar negativamente a tecnologia.<\/p>\n<p>&nbsp;<\/p>\n<p><strong>4. Acesso ao Website. Interrup\u00e7\u00e3o e Suspens\u00e3o.<\/strong><br \/>\nA Weol Immobili\u00e8re envida os seus melhores esfor\u00e7os para disponibilizar o acesso cont\u00ednuo ao Website, contudo, o acesso ao Website poder\u00e1 ser suspenso, limitado ou interrompido a qualquer momento independentemente do motivo. O acesso ao Website poder\u00e1 ser limitado ocasionalmente para permitir a recupera\u00e7\u00e3o, manuten\u00e7\u00e3o ou introdu\u00e7\u00e3o de novas funcionalidades ou servi\u00e7os. A Weol Immobili\u00e8re envidar\u00e1 os melhores esfor\u00e7os para recuperar o acesso com a maior brevidade poss\u00edvel. A Weol Immobili\u00e8re reserva-se no direito de bloquear o acesso a qualquer material e\/ou remover qual material que possa, no seu entendimento discricion\u00e1rio, provocar a viola\u00e7\u00e3o dos presentes Termos e Condi\u00e7\u00f5es.<\/p>\n<p>A Weol Immobili\u00e8re reserva-se no direito de encerrar as contas de utilizadores (caso existam) que violem os presentes Termos e Condi\u00e7\u00f5es, incluindo nas situa\u00e7\u00f5es em que seja verificado que o utilizador se encontra utilizar proxy IP addresses no intuito de esconder a utiliza\u00e7\u00e3o de contas m\u00faltiplas, ou pretenda ser identificado como estando num pa\u00eds distinto do qual efetivamente se encontra, ou cause perturba\u00e7\u00f5es ao funcionamento do Website por qualquer meio.<\/p>\n<p>&nbsp;<\/p>\n<p><strong>5. Prote\u00e7\u00e3o de Dados Pessoais<\/strong><br \/>\nOs utilizadores s\u00e3o aconselhados a ler e a analisar a Pol\u00edtica de Privacidade, a qual constitui parte integrante dos presentes Termos e Condi\u00e7\u00f5es, para compreender como o Website recolhe e utiliza os dados pessoais dos utilizadores e quais as respetivas finalidades.<\/p>\n<p>&nbsp;<\/p>\n<p><strong>6. Direitos de Propriedade Intelectual<\/strong><br \/>\nTodos os direitos s\u00e3o reservados. O Website e todos os seus conte\u00fados, incluindo sem limitar, artigos, opini\u00f5es, outros textos, listas, manuais de utiliza\u00e7\u00e3o, fotografias, desenhos, imagens, clips v\u00eddeos ou \u00e1udio, ou textos de marketing, bem como marcas, log\u00f3tipos, nomes de dom\u00ednio, e quaisquer outros elementos que possam ser abrangidos por direitos de propriedade (incluindo os c\u00f3digos fonte) e\/ou outras modalidades de direitos de propriedade intelectual (doravante &#8220;Material&#8221;), s\u00e3o propriedade da Weol Immobili\u00e8re ou de terceiros, e est\u00e3o protegidos contra a utiliza\u00e7\u00e3o, a c\u00f3pia ou a divulga\u00e7\u00e3o n\u00e3o autorizada pelas leis nacionais e tratados internacionais relativos aos Direitos de Propriedade Intelectual. Nenhuma das disposi\u00e7\u00f5es dos Termos e Condi\u00e7\u00f5es e\/ou dos conte\u00fados constantes do Website poder\u00e3o ser interpretados como implicitamente conferindo, aceitando ou por qualquer meio licenciado o direito de utiliza\u00e7\u00e3o de qualquer Material por qualquer meio, sem o pr\u00e9vio consentimento escrito da Weol Immobili\u00e8re ou do terceiro propriet\u00e1rio do Material ou dos direitos de propriedade intelectual publicados no Website. A utiliza\u00e7\u00e3o, c\u00f3pia, reprodu\u00e7\u00e3o, altera\u00e7\u00e3o, republica\u00e7\u00e3o, atualiza\u00e7\u00e3o, descarregamento, envio por e-mail, transmiss\u00e3o, distribui\u00e7\u00e3o ou duplica\u00e7\u00e3o, ou qualquer outro ato abusivo do Material n\u00e3o especificamente identificado, mas de id\u00eantica natureza, s\u00e3o proibidos. Na sua qualidade de utilizador do Website, o utilizador compromete-se a n\u00e3o utilizar o Material para fins ilegais e a n\u00e3o violar os direitos da Weol Immobili\u00e8re.<\/p>\n<p>O utilizador poder\u00e1, contudo, visualizar e exibir o conte\u00fado do Website e\/ou o Material no ecr\u00e3 de um computador, tablet ou telem\u00f3vel, armazenar tal conte\u00fado em formato eletr\u00f3nico no disco (mas n\u00e3o num servidor nem num dispositivo de mem\u00f3ria conectado \u00e0 Internet) ou imprimir uma c\u00f3pia de tais conte\u00fados para sua utiliza\u00e7\u00e3o pessoal e n\u00e3o comercial, devendo contudo manter todas as informa\u00e7\u00f5es relacionadas com os direitos de propriedade intelectual.<\/p>\n<p>O acesso ao Website n\u00e3o confere ao utilizador qualquer direito sobre os conte\u00fados disponibilizados pela Weol Immobili\u00e8re.<\/p>\n<p>&nbsp;<\/p>\n<p><strong>7. Links para outros Websites<\/strong><br \/>\nCaso o Website disponibilize liga\u00e7\u00f5es (&#8220;Links&#8221;) para websites de terceiros ou para conte\u00fados disponibilizados por terceiros (&#8220;Outros Websites&#8221;), a Weol Immobili\u00e8re pelo presente informa que as liga\u00e7\u00f5es a tais Outros websites s\u00e3o inclu\u00eddas apenas para fins exclusivamente informativos e para conveni\u00eancia do utilizador. A Weol Immobili\u00e8re n\u00e3o controla os Outros Websites e, por isso, n\u00e3o se responsabiliza por tais Outros Websites ou pelos conte\u00fados que estes disponibilizem (incluindo sem limitar, a refer\u00eancia a redes sociais) e n\u00e3o se responsabiliza por quaisquer danos ou preju\u00edzos que possam resultar da utiliza\u00e7\u00e3o dos Outros Websites pelo utilizador, bem como quanto ao tratamento de dados pessoais durante as opera\u00e7\u00f5es de navega\u00e7\u00e3o na Internet. O acesso a qualquer Outro Website, mediante uma liga\u00e7\u00e3o existente no Website da Weol Immobili\u00e8re, ser\u00e1 efetuado por exclusiva responsabilidade e risco do utilizador.<\/p>\n<p>O utilizador dever\u00e1, assim, prestar particular aten\u00e7\u00e3o quando se conecte a Outros Websites atrav\u00e9s de liga\u00e7\u00f5es existentes no Website da Weol Immobili\u00e8re e ler com aten\u00e7\u00e3o os respetivos termos e condi\u00e7\u00f5es e pol\u00edticas de privacidade.<\/p>\n<p>&nbsp;<\/p>\n<p><strong>8. Representa\u00e7\u00f5es e Garantias do Utilizador<\/strong><br \/>\nO utilizador reconhece e declara que:<br \/>\na. Leu e compreendeu os presentes Termos e Condi\u00e7\u00f5es;<br \/>\nb. Se abster\u00e1 de reproduzir, duplicar, copiar, vender, revender, ou por qualquer meio explorar comercialmente o Website ou os seus conte\u00fados, ou parte dos mesmos, bem como se abster\u00e1 de utilizar ou reproduzir as marcas ou quaisquer direitos de propriedade intelectual ou industrial da Weol Immobili\u00e8re;<br \/>\nc. N\u00e3o publicar\u00e1 ou utilizar\u00e1 informa\u00e7\u00e3o falsa, injuriosa ou difamat\u00f3ria;<br \/>\nd. Se abster\u00e1 de utilizar, direta ou indiretamente, os servi\u00e7os ou o Website para fins contr\u00e1rios \u00e0 lei ou desconforme aos princ\u00edpios constantes dos presentes Termos e Condi\u00e7\u00f5es;<br \/>\ne. N\u00e3o propagar\u00e1 v\u00edrus, spyware, adware, rootkit, backdoor ou v\u00edrus Trojan ou outras amea\u00e7as inform\u00e1ticas similares;<br \/>\nf. N\u00e3o utilizar\u00e1 software ou outros mecanismos autom\u00e1ticos ou manuais para copiar ou aceder ao controlo do Website ou do seu conte\u00fado.<\/p>\n<p>&nbsp;<\/p>\n<p><strong>9. Disposi\u00e7\u00f5es Diversas<\/strong><br \/>\nA nulidade de alguma das disposi\u00e7\u00f5es constantes nos presentes Termos e Condi\u00e7\u00f5es ter-se-\u00e1 por suprimida destes, permanecendo as restantes disposi\u00e7\u00f5es do mesmo integralmente em vigor e produzindo os seus efeitos.<\/p>\n<p>O presente contrato reger-se-\u00e1 pelo direito Luxemburgu\u00eas e ser\u00e1 interpretado de acordo com a lei Luxemburguesa, em conformidade com os contratos celebrados e executados neste pa\u00eds. Na falta de acordo amig\u00e1vel entre as partes, os respetivos conflitos e disputas de qualquer natureza relativos \u00e0 forma\u00e7\u00e3o, execu\u00e7\u00e3o ou interpreta\u00e7\u00e3o do presente Contrato, ser\u00e3o resolvidos definitivamente pelos Tribunais Judiciais do Luxemburgo, com expressa ren\u00fancia a quaisquer outros.<\/p>\n<p>O utilizador poder\u00e1 contactar o Servi\u00e7o de Cliente para qualquer quest\u00e3o relacionada com os Termos e Condi\u00e7\u00f5es ou para qualquer quest\u00e3o relacionada com a utiliza\u00e7\u00e3o do Website, atrav\u00e9s de carta registada com aviso de recep\u00e7\u00e3o para a morada 34, Boulevard Charles Simonis L-2539 Luxembourg-Cents ou atrav\u00e9s de e-mail para info@weol.lu<\/p>\n","protected":false},"excerpt":{"rendered":"<p>1. Introdu\u00e7\u00e3o Os presentes Termos e Condi\u00e7\u00f5es regulam o acesso e utiliza\u00e7\u00e3o do Website www.weol.lu, sociedade com sede em 34, Boulevard Charles Simonis L-2539 Luxembourg-Cents (doravante &#8220;Weol Immobili\u00e8re&#8221;). Quaisquer quest\u00f5es legais referentes ao Website poder\u00e3o ser consultadas nas sec\u00e7\u00f5es Pol\u00edtica de Privacidade e Pol\u00edtica de Cookies, as quais constituem parte integrante dos presentes Termos e Condi\u00e7\u00f5es. A utiliza\u00e7\u00e3o deste Website por qualquer utilizador ser\u00e1 &#8230;<\/p>\n","protected":false},"author":1,"featured_media":0,"parent":0,"menu_order":0,"comment_status":"closed","ping_status":"closed","template":"","meta":{"footnotes":""},"yoast_head":"<!-- This site is optimized with the Yoast SEO plugin v22.5 - https:\/\/yoast.com\/wordpress\/plugins\/seo\/ -->\n<title>Termos e condi\u00e7\u00f5es - Weol Immobili\u00e8re<\/title>\n<meta name=\"robots\" content=\"index, follow, max-snippet:-1, max-image-preview:large, max-video-preview:-1\" \/>\n<link rel=\"canonical\" href=\"https:\/\/weol.lu\/pt-pt\/termos-e-condicoes\/\" \/>\n<meta property=\"og:locale\" content=\"pt_PT\" \/>\n<meta property=\"og:type\" content=\"article\" \/>\n<meta property=\"og:title\" content=\"Termos e condi\u00e7\u00f5es - Weol Immobili\u00e8re\" \/>\n<meta property=\"og:description\" content=\"1. Introdu\u00e7\u00e3o Os presentes Termos e Condi\u00e7\u00f5es regulam o acesso e utiliza\u00e7\u00e3o do Website www.weol.lu, sociedade com sede em 34, Boulevard Charles Simonis L-2539 Luxembourg-Cents (doravante &#8220;Weol Immobili\u00e8re&#8221;). Quaisquer quest\u00f5es legais referentes ao Website poder\u00e3o ser consultadas nas sec\u00e7\u00f5es Pol\u00edtica de Privacidade e Pol\u00edtica de Cookies, as quais constituem parte integrante dos presentes Termos e Condi\u00e7\u00f5es. A utiliza\u00e7\u00e3o deste Website por qualquer utilizador ser\u00e1 ...\" \/>\n<meta property=\"og:url\" content=\"https:\/\/weol.lu\/pt-pt\/termos-e-condicoes\/\" \/>\n<meta property=\"og:site_name\" content=\"Weol Immobili\u00e8re\" \/>\n<meta property=\"article:modified_time\" content=\"2019-06-21T10:47:05+00:00\" \/>\n<meta property=\"og:image\" content=\"https:\/\/weol.lu\/wp-content\/uploads\/2021\/05\/logo-weol-1.png\" \/>\n\t<meta property=\"og:image:width\" content=\"432\" \/>\n\t<meta property=\"og:image:height\" content=\"270\" \/>\n\t<meta property=\"og:image:type\" content=\"image\/png\" \/>\n<meta name=\"twitter:card\" content=\"summary_large_image\" \/>\n<meta name=\"twitter:label1\" content=\"Tempo estimado de leitura\" \/>\n\t<meta name=\"twitter:data1\" content=\"12 minutes\" \/>\n<script type=\"application\/ld+json\" class=\"yoast-schema-graph\">{\"@context\":\"https:\/\/schema.org\",\"@graph\":[{\"@type\":\"WebPage\",\"@id\":\"https:\/\/weol.lu\/pt-pt\/termos-e-condicoes\/\",\"url\":\"https:\/\/weol.lu\/pt-pt\/termos-e-condicoes\/\",\"name\":\"Termos e condi\u00e7\u00f5es - Weol Immobili\u00e8re\",\"isPartOf\":{\"@id\":\"https:\/\/weol.lu\/pt-pt\/#website\"},\"datePublished\":\"2019-06-21T10:46:49+00:00\",\"dateModified\":\"2019-06-21T10:47:05+00:00\",\"inLanguage\":\"pt-PT\",\"potentialAction\":[{\"@type\":\"ReadAction\",\"target\":[\"https:\/\/weol.lu\/pt-pt\/termos-e-condicoes\/\"]}]},{\"@type\":\"WebSite\",\"@id\":\"https:\/\/weol.lu\/pt-pt\/#website\",\"url\":\"https:\/\/weol.lu\/pt-pt\/\",\"name\":\"Weol Immobili\u00e8re\",\"description\":\"Immobili\u00e8re Agence\",\"potentialAction\":[{\"@type\":\"SearchAction\",\"target\":{\"@type\":\"EntryPoint\",\"urlTemplate\":\"https:\/\/weol.lu\/pt-pt\/?s={search_term_string}\"},\"query-input\":\"required name=search_term_string\"}],\"inLanguage\":\"pt-PT\"}]}<\/script>\n<!-- \/ Yoast SEO plugin. -->","yoast_head_json":{"title":"Termos e condi\u00e7\u00f5es - Weol Immobili\u00e8re","robots":{"index":"index","follow":"follow","max-snippet":"max-snippet:-1","max-image-preview":"max-image-preview:large","max-video-preview":"max-video-preview:-1"},"canonical":"https:\/\/weol.lu\/pt-pt\/termos-e-condicoes\/","og_locale":"pt_PT","og_type":"article","og_title":"Termos e condi\u00e7\u00f5es - Weol Immobili\u00e8re","og_description":"1. Introdu\u00e7\u00e3o Os presentes Termos e Condi\u00e7\u00f5es regulam o acesso e utiliza\u00e7\u00e3o do Website www.weol.lu, sociedade com sede em 34, Boulevard Charles Simonis L-2539 Luxembourg-Cents (doravante &#8220;Weol Immobili\u00e8re&#8221;). Quaisquer quest\u00f5es legais referentes ao Website poder\u00e3o ser consultadas nas sec\u00e7\u00f5es Pol\u00edtica de Privacidade e Pol\u00edtica de Cookies, as quais constituem parte integrante dos presentes Termos e Condi\u00e7\u00f5es. A utiliza\u00e7\u00e3o deste Website por qualquer utilizador ser\u00e1 ...","og_url":"https:\/\/weol.lu\/pt-pt\/termos-e-condicoes\/","og_site_name":"Weol Immobili\u00e8re","article_modified_time":"2019-06-21T10:47:05+00:00","og_image":[{"width":432,"height":270,"url":"https:\/\/weol.lu\/wp-content\/uploads\/2021\/05\/logo-weol-1.png","type":"image\/png"}],"twitter_card":"summary_large_image","twitter_misc":{"Tempo estimado de leitura":"12 minutes"},"schema":{"@context":"https:\/\/schema.org","@graph":[{"@type":"WebPage","@id":"https:\/\/weol.lu\/pt-pt\/termos-e-condicoes\/","url":"https:\/\/weol.lu\/pt-pt\/termos-e-condicoes\/","name":"Termos e condi\u00e7\u00f5es - Weol Immobili\u00e8re","isPartOf":{"@id":"https:\/\/weol.lu\/pt-pt\/#website"},"datePublished":"2019-06-21T10:46:49+00:00","dateModified":"2019-06-21T10:47:05+00:00","inLanguage":"pt-PT","potentialAction":[{"@type":"ReadAction","target":["https:\/\/weol.lu\/pt-pt\/termos-e-condicoes\/"]}]},{"@type":"WebSite","@id":"https:\/\/weol.lu\/pt-pt\/#website","url":"https:\/\/weol.lu\/pt-pt\/","name":"Weol Immobili\u00e8re","description":"Immobili\u00e8re Agence","potentialAction":[{"@type":"SearchAction","target":{"@type":"EntryPoint","urlTemplate":"https:\/\/weol.lu\/pt-pt\/?s={search_term_string}"},"query-input":"required name=search_term_string"}],"inLanguage":"pt-PT"}]}},"_links":{"self":[{"href":"https:\/\/weol.lu\/pt-pt\/wp-json\/wp\/v2\/pages\/22685"}],"collection":[{"href":"https:\/\/weol.lu\/pt-pt\/wp-json\/wp\/v2\/pages"}],"about":[{"href":"https:\/\/weol.lu\/pt-pt\/wp-json\/wp\/v2\/types\/page"}],"author":[{"embeddable":true,"href":"https:\/\/weol.lu\/pt-pt\/wp-json\/wp\/v2\/users\/1"}],"replies":[{"embeddable":true,"href":"https:\/\/weol.lu\/pt-pt\/wp-json\/wp\/v2\/comments?post=22685"}],"version-history":[{"count":0,"href":"https:\/\/weol.lu\/pt-pt\/wp-json\/wp\/v2\/pages\/22685\/revisions"}],"wp:attachment":[{"href":"https:\/\/weol.lu\/pt-pt\/wp-json\/wp\/v2\/media?parent=22685"}],"curies":[{"name":"wp","href":"https:\/\/api.w.org\/{rel}","templated":true}]}}