{"id":26237,"date":"2022-05-11T23:30:14","date_gmt":"2022-05-11T23:30:14","guid":{"rendered":"https:\/\/weol.lu\/?page_id=26237"},"modified":"2024-04-12T11:00:26","modified_gmt":"2024-04-12T11:00:26","slug":"simuladores","status":"publish","type":"page","link":"https:\/\/weol.lu\/pt-pt\/simuladores\/","title":{"rendered":"Simuladores"},"content":{"rendered":"<div class=\"wpb-content-wrapper\"><p>[vc_row gap=&#8221;10&#8243; el_class=&#8221;img-hover-zoom&#8221; css=&#8221;.vc_custom_1665108210490{margin-top: 30px !important;}&#8221;][vc_column width=&#8221;1\/4&#8243; css=&#8221;.vc_custom_1665108226511{padding-bottom: 30px !important;}&#8221;][vc_single_image image=&#8221;27500&#8243; img_size=&#8221;medium&#8221; alignment=&#8221;center&#8221; style=&#8221;vc_box_rounded&#8221; onclick=&#8221;custom_link&#8221; link=&#8221;https:\/\/weol.lu\/pt-pt\/desenvolvimento-imobiliario\/&#8221;][vc_column_text css=&#8221;.vc_custom_1667527513455{margin-top: 10px !important;margin-bottom: 0px !important;}&#8221;]<\/p>\n<h4 style=\"text-align: center;\"><a href=\"https:\/\/weol.lu\/pt-pt\/desenvolvimento-imobiliario\/\">Desenvolvimento imobili\u00e1rio<\/a><\/h4>\n<p>[\/vc_column_text][\/vc_column][vc_column width=&#8221;1\/4&#8243; css=&#8221;.vc_custom_1665108239280{padding-bottom: 30px !important;}&#8221;][vc_single_image image=&#8221;26778&#8243; img_size=&#8221;medium&#8221; alignment=&#8221;center&#8221; style=&#8221;vc_box_rounded&#8221; onclick=&#8221;custom_link&#8221; css_animation=&#8221;none&#8221; link=&#8221;https:\/\/weol.lu\/pt-pt\/simulador-venda\/&#8221;][vc_column_text css=&#8221;.vc_custom_1667917828520{margin-top: 10px !important;margin-bottom: 0px !important;}&#8221;]<\/p>\n<h4 style=\"text-align: center;\"><a href=\"https:\/\/weol.lu\/pt-pt\/simulador-venda\/\">Simulador venda<\/a><\/h4>\n<p>[\/vc_column_text][\/vc_column][vc_column width=&#8221;1\/4&#8243; css=&#8221;.vc_custom_1665108248421{padding-bottom: 30px !important;}&#8221;][vc_single_image image=&#8221;27526&#8243; img_size=&#8221;medium&#8221; alignment=&#8221;center&#8221; style=&#8221;vc_box_rounded&#8221; onclick=&#8221;custom_link&#8221; link=&#8221;https:\/\/weol.lu\/pt-pt\/simulador-aluguer\/&#8221;][vc_column_text css=&#8221;.vc_custom_1667871843968{margin-top: 10px !important;margin-bottom: 0px !important;}&#8221;]<\/p>\n<h4 style=\"text-align: center;\"><a href=\"https:\/\/weol.lu\/pt-pt\/simulador-aluguer\/\">Simulador aluguer<\/a><\/h4>\n<p>[\/vc_column_text][\/vc_column][vc_column width=&#8221;1\/4&#8243; css=&#8221;.vc_custom_1665108258630{padding-bottom: 30px !important;}&#8221;][vc_single_image image=&#8221;26747&#8243; img_size=&#8221;medium&#8221; alignment=&#8221;center&#8221; style=&#8221;vc_box_rounded&#8221; onclick=&#8221;custom_link&#8221; link=&#8221;https:\/\/weol.lu\/pt-pt\/ganho-de-capital\/&#8221;][vc_column_text css=&#8221;.vc_custom_1665446990541{margin-top: 10px !important;margin-bottom: 0px !important;}&#8221;]<\/p>\n<h4 style=\"text-align: center;\"><a href=\"https:\/\/weol.lu\/pt-pt\/ganho-de-capital\/\">Ganho de capital<\/a><\/h4>\n<p>[\/vc_column_text][\/vc_column][\/vc_row][vc_row gap=&#8221;10&#8243; css=&#8221;.vc_custom_1665108166852{padding-top: 15px !important;padding-bottom: 30px !important;}&#8221; el_class=&#8221;img-hover-zoom&#8221;][vc_column width=&#8221;1\/4&#8243; css=&#8221;.vc_custom_1665108315539{padding-bottom: 30px !important;}&#8221;][vc_single_image image=&#8221;26762&#8243; img_size=&#8221;medium&#8221; alignment=&#8221;center&#8221; style=&#8221;vc_box_rounded&#8221; onclick=&#8221;custom_link&#8221; link=&#8221;https:\/\/weol.lu\/pt-pt\/impostos-de-uma-doacao-classica\/&#8221;][vc_column_text css=&#8221;.vc_custom_1667587298790{margin-top: 10px !important;margin-bottom: 0px !important;}&#8221;]<\/p>\n<h4 style=\"text-align: center;\"><a href=\"https:\/\/weol.lu\/pt-pt\/impostos-de-uma-doacao-classica\/\">Impostos de uma doa\u00e7\u00e3o cl\u00e1ssica<\/a><\/h4>\n<p>[\/vc_column_text][\/vc_column][vc_column width=&#8221;1\/4&#8243; css=&#8221;.vc_custom_1665108323374{padding-bottom: 30px !important;}&#8221;][vc_single_image image=&#8221;26767&#8243; img_size=&#8221;medium&#8221; alignment=&#8221;center&#8221; style=&#8221;vc_box_rounded&#8221; onclick=&#8221;custom_link&#8221; link=&#8221;https:\/\/weol.lu\/pt-pt\/impostos-de-uma-doacao-em-usufruto\/&#8221;][vc_column_text css=&#8221;.vc_custom_1667587038405{margin-top: 10px !important;margin-bottom: 0px !important;}&#8221;]<\/p>\n<h4 style=\"text-align: center;\"><a href=\"https:\/\/weol.lu\/pt-pt\/impostos-de-uma-doacao-em-usufruto\/\">Impostos de uma doa\u00e7\u00e3o em usufruto<\/a><\/h4>\n<p>[\/vc_column_text][\/vc_column][vc_column width=&#8221;1\/4&#8243; css=&#8221;.vc_custom_1665108331022{padding-bottom: 30px !important;}&#8221;][vc_single_image image=&#8221;26772&#8243; img_size=&#8221;medium&#8221; alignment=&#8221;center&#8221; style=&#8221;vc_box_rounded&#8221; onclick=&#8221;custom_link&#8221; link=&#8221;https:\/\/weol.lu\/pt-pt\/impostos-de-uma-doacao-em-nua-propriedade\/&#8221;][vc_column_text css=&#8221;.vc_custom_1666717852393{margin-top: 10px !important;margin-bottom: 0px !important;}&#8221;]<\/p>\n<h4 style=\"text-align: center;\"><a href=\"https:\/\/weol.lu\/pt-pt\/impostos-de-uma-doacao-em-nua-propriedade\/\">Impostos de uma doa\u00e7\u00e3o em nua propriedade<\/a><\/h4>\n<p>[\/vc_column_text][\/vc_column][vc_column width=&#8221;1\/4&#8243; css=&#8221;.vc_custom_1665108339521{padding-bottom: 30px !important;}&#8221;][vc_single_image image=&#8221;26757&#8243; img_size=&#8221;medium&#8221; alignment=&#8221;center&#8221; style=&#8221;vc_box_rounded&#8221; onclick=&#8221;custom_link&#8221; link=&#8221;https:\/\/weol.lu\/pt-pt\/impostos-de-heranca\/&#8221;][vc_column_text css=&#8221;.vc_custom_1667587595892{margin-top: 10px !important;margin-bottom: 0px !important;}&#8221;]<\/p>\n<h4 style=\"text-align: center;\"><a href=\"https:\/\/weol.lu\/pt-pt\/impostos-de-heranca\/\">Impostos de heran\u00e7a<\/a><\/h4>\n<p>[\/vc_column_text][\/vc_column][\/vc_row][vc_row gap=&#8221;10&#8243; css=&#8221;.vc_custom_1665108166852{padding-top: 15px !important;padding-bottom: 30px !important;}&#8221; el_class=&#8221;img-hover-zoom&#8221;][vc_column width=&#8221;1\/4&#8243; css=&#8221;.vc_custom_1665108315539{padding-bottom: 30px !important;}&#8221;][vc_single_image image=&#8221;26742&#8243; img_size=&#8221;medium&#8221; alignment=&#8221;center&#8221; style=&#8221;vc_box_rounded&#8221; onclick=&#8221;custom_link&#8221; link=&#8221;https:\/\/weol.lu\/pt-pt\/custos-de-aquisicao\/&#8221;][vc_column_text css=&#8221;.vc_custom_1665446962832{margin-top: 10px !important;margin-bottom: 0px !important;}&#8221;]<\/p>\n<h4 style=\"text-align: center;\"><a href=\"https:\/\/weol.lu\/pt-pt\/custos-de-aquisicao\/\">Custos de aquisi\u00e7\u00e3o<\/a><\/h4>\n<p>[\/vc_column_text][\/vc_column][vc_column width=&#8221;1\/4&#8243; css=&#8221;.vc_custom_1665108323374{padding-bottom: 30px !important;}&#8221;][vc_single_image image=&#8221;27495&#8243; img_size=&#8221;medium&#8221; alignment=&#8221;center&#8221; style=&#8221;vc_box_rounded&#8221; onclick=&#8221;custom_link&#8221; link=&#8221;https:\/\/weol.lu\/pt-pt\/capacidade-de-emprestimo\/&#8221;][vc_column_text css=&#8221;.vc_custom_1668390156953{margin-top: 10px !important;margin-bottom: 0px !important;}&#8221;]<\/p>\n<h4 style=\"text-align: center;\"><a href=\"https:\/\/weol.lu\/pt-pt\/capacidade-de-emprestimo\/\">Capacidade de empr\u00e9stimo<\/a><\/h4>\n<p>[\/vc_column_text][\/vc_column][vc_column width=&#8221;1\/4&#8243; css=&#8221;.vc_custom_1665108331022{padding-bottom: 30px !important;}&#8221;][vc_single_image image=&#8221;26867&#8243; img_size=&#8221;medium&#8221; alignment=&#8221;center&#8221; style=&#8221;vc_box_rounded&#8221; onclick=&#8221;custom_link&#8221; link=&#8221;https:\/\/weol.lu\/pt-pt\/Saldo-devedor-restante\/&#8221;][vc_column_text css=&#8221;.vc_custom_1665447017850{margin-top: 10px !important;margin-bottom: 0px !important;}&#8221;]<\/p>\n<h4 style=\"text-align: center;\"><a href=\"https:\/\/weol.lu\/pt-pt\/saldo-devedor-restante\/\">Saldo devedor restante<\/a><\/h4>\n<p>[\/vc_column_text][\/vc_column][vc_column width=&#8221;1\/4&#8243; css=&#8221;.vc_custom_1665108339521{padding-bottom: 30px !important;}&#8221;][vc_single_image image=&#8221;29597&#8243; img_size=&#8221;medium&#8221; alignment=&#8221;center&#8221; style=&#8221;vc_box_rounded&#8221; onclick=&#8221;custom_link&#8221; link=&#8221;https:\/\/weol.lu\/pt-pt\/analise-de-credito-imobiliario\/&#8221;][vc_column_text css=&#8221;.vc_custom_1712318485539{margin-top: 10px !important;margin-bottom: 0px !important;}&#8221;]<\/p>\n<h4 style=\"text-align: center;\"><a href=\"https:\/\/weol.lu\/pt-pt\/analise-de-credito-imobiliario\/\">An\u00e1lise de Cr\u00e9dito Imobili\u00e1rio<\/a><\/h4>\n<p>[\/vc_column_text][\/vc_column][\/vc_row][vc_row css=&#8221;.vc_custom_1668530074904{margin-top: 20px !important;}&#8221;][vc_column][vc_separator][vc_column_text]<\/p>\n<p>&nbsp;<\/p>\n<h1 class=\"entry-title\" style=\"text-align: left; font-family: 'Open Sans',sans-serif; margin-bottom: 35px;\">Servi\u00e7os digitais e inovadores<\/h1>\n<p>[\/vc_column_text][vc_basic_grid post_type=&#8221;post&#8221; max_items=&#8221;2&#8243; element_width=&#8221;6&#8243; item=&#8221;masonryGrid_Default&#8221; grid_id=&#8221;vc_gid:1712919563920-16955351-c92d-8&#8243; el_class=&#8221;resize-image&#8221;][\/vc_column][\/vc_row]<\/p>\n<\/div>","protected":false},"excerpt":{"rendered":"<p>[vc_row gap=&#8221;10&#8243; el_class=&#8221;img-hover-zoom&#8221; css=&#8221;.vc_custom_1665108210490{margin-top: 30px !important;}&#8221;][vc_column width=&#8221;1\/4&#8243; css=&#8221;.vc_custom_1665108226511{padding-bottom: 30px !important;}&#8221;][vc_single_image image=&#8221;27500&#8243; img_size=&#8221;medium&#8221; alignment=&#8221;center&#8221; style=&#8221;vc_box_rounded&#8221; onclick=&#8221;custom_link&#8221; link=&#8221;https:\/\/weol.lu\/pt-pt\/desenvolvimento-imobiliario\/&#8221;][vc_column_text css=&#8221;.vc_custom_1667527513455{margin-top: 10px !important;margin-bottom: 0px !important;}&#8221;] Desenvolvimento imobili\u00e1rio [\/vc_column_text][\/vc_column][vc_column width=&#8221;1\/4&#8243; css=&#8221;.vc_custom_1665108239280{padding-bottom: 30px !important;}&#8221;][vc_single_image image=&#8221;26778&#8243; img_size=&#8221;medium&#8221; alignment=&#8221;center&#8221; style=&#8221;vc_box_rounded&#8221; onclick=&#8221;custom_link&#8221; css_animation=&#8221;none&#8221; link=&#8221;https:\/\/weol.lu\/pt-pt\/simulador-venda\/&#8221;][vc_column_text css=&#8221;.vc_custom_1667917828520{margin-top: 10px !important;margin-bottom: 0px !important;}&#8221;] Simulador venda [\/vc_column_text][\/vc_column][vc_column width=&#8221;1\/4&#8243; css=&#8221;.vc_custom_1665108248421{padding-bottom: 30px !important;}&#8221;][vc_single_image image=&#8221;27526&#8243; img_size=&#8221;medium&#8221; alignment=&#8221;center&#8221; style=&#8221;vc_box_rounded&#8221; onclick=&#8221;custom_link&#8221; link=&#8221;https:\/\/weol.lu\/pt-pt\/simulador-aluguer\/&#8221;][vc_column_text css=&#8221;.vc_custom_1667871843968{margin-top: 10px !important;margin-bottom: 0px !important;}&#8221;] Simulador aluguer [\/vc_column_text][\/vc_column][vc_column width=&#8221;1\/4&#8243; css=&#8221;.vc_custom_1665108258630{padding-bottom: 30px &#8230;<\/p>\n","protected":false},"author":1,"featured_media":0,"parent":0,"menu_order":0,"comment_status":"closed","ping_status":"closed","template":"","meta":{"footnotes":""},"yoast_head":"<!-- This site is optimized with the Yoast SEO plugin v22.5 - https:\/\/yoast.com\/wordpress\/plugins\/seo\/ -->\n<title>Simuladores - Weol Immobili\u00e8re<\/title>\n<meta name=\"description\" content=\"Tecnologia de ponta em forma de simuladores digitais avan\u00e7ados para o ajudar em todos os seus projetos imobili\u00e1rios.\" \/>\n<meta name=\"robots\" content=\"index, follow, max-snippet:-1, max-image-preview:large, max-video-preview:-1\" \/>\n<link rel=\"canonical\" href=\"https:\/\/weol.lu\/pt-pt\/simuladores\/\" \/>\n<meta property=\"og:locale\" content=\"pt_PT\" \/>\n<meta property=\"og:type\" content=\"article\" \/>\n<meta property=\"og:title\" content=\"Simuladores - Weol Immobili\u00e8re\" \/>\n<meta property=\"og:description\" content=\"Tecnologia de ponta em forma de simuladores digitais avan\u00e7ados para o ajudar em todos os seus projetos imobili\u00e1rios.\" \/>\n<meta property=\"og:url\" content=\"https:\/\/weol.lu\/pt-pt\/simuladores\/\" \/>\n<meta property=\"og:site_name\" content=\"Weol Immobili\u00e8re\" \/>\n<meta property=\"article:modified_time\" content=\"2024-04-12T11:00:26+00:00\" \/>\n<meta property=\"og:image\" content=\"https:\/\/weol.lu\/wp-content\/uploads\/2021\/05\/logo-weol-1.png\" \/>\n\t<meta property=\"og:image:width\" content=\"432\" \/>\n\t<meta property=\"og:image:height\" content=\"270\" \/>\n\t<meta property=\"og:image:type\" content=\"image\/png\" \/>\n<meta name=\"twitter:card\" content=\"summary_large_image\" \/>\n<meta name=\"twitter:label1\" content=\"Tempo estimado de leitura\" \/>\n\t<meta name=\"twitter:data1\" content=\"4 minutes\" \/>\n<script type=\"application\/ld+json\" class=\"yoast-schema-graph\">{\"@context\":\"https:\/\/schema.org\",\"@graph\":[{\"@type\":\"WebPage\",\"@id\":\"https:\/\/weol.lu\/pt-pt\/simuladores\/\",\"url\":\"https:\/\/weol.lu\/pt-pt\/simuladores\/\",\"name\":\"Simuladores - Weol Immobili\u00e8re\",\"isPartOf\":{\"@id\":\"https:\/\/weol.lu\/pt-pt\/#website\"},\"datePublished\":\"2022-05-11T23:30:14+00:00\",\"dateModified\":\"2024-04-12T11:00:26+00:00\",\"description\":\"Tecnologia de ponta em forma de simuladores digitais avan\u00e7ados para o ajudar em todos os seus projetos imobili\u00e1rios.\",\"inLanguage\":\"pt-PT\",\"potentialAction\":[{\"@type\":\"ReadAction\",\"target\":[\"https:\/\/weol.lu\/pt-pt\/simuladores\/\"]}]},{\"@type\":\"WebSite\",\"@id\":\"https:\/\/weol.lu\/pt-pt\/#website\",\"url\":\"https:\/\/weol.lu\/pt-pt\/\",\"name\":\"Weol Immobili\u00e8re\",\"description\":\"Immobili\u00e8re Agence\",\"potentialAction\":[{\"@type\":\"SearchAction\",\"target\":{\"@type\":\"EntryPoint\",\"urlTemplate\":\"https:\/\/weol.lu\/pt-pt\/?s={search_term_string}\"},\"query-input\":\"required name=search_term_string\"}],\"inLanguage\":\"pt-PT\"}]}<\/script>\n<!-- \/ Yoast SEO plugin. -->","yoast_head_json":{"title":"Simuladores - Weol Immobili\u00e8re","description":"Tecnologia de ponta em forma de simuladores digitais avan\u00e7ados para o ajudar em todos os seus projetos imobili\u00e1rios.","robots":{"index":"index","follow":"follow","max-snippet":"max-snippet:-1","max-image-preview":"max-image-preview:large","max-video-preview":"max-video-preview:-1"},"canonical":"https:\/\/weol.lu\/pt-pt\/simuladores\/","og_locale":"pt_PT","og_type":"article","og_title":"Simuladores - Weol Immobili\u00e8re","og_description":"Tecnologia de ponta em forma de simuladores digitais avan\u00e7ados para o ajudar em todos os seus projetos imobili\u00e1rios.","og_url":"https:\/\/weol.lu\/pt-pt\/simuladores\/","og_site_name":"Weol Immobili\u00e8re","article_modified_time":"2024-04-12T11:00:26+00:00","og_image":[{"width":432,"height":270,"url":"https:\/\/weol.lu\/wp-content\/uploads\/2021\/05\/logo-weol-1.png","type":"image\/png"}],"twitter_card":"summary_large_image","twitter_misc":{"Tempo estimado de leitura":"4 minutes"},"schema":{"@context":"https:\/\/schema.org","@graph":[{"@type":"WebPage","@id":"https:\/\/weol.lu\/pt-pt\/simuladores\/","url":"https:\/\/weol.lu\/pt-pt\/simuladores\/","name":"Simuladores - Weol Immobili\u00e8re","isPartOf":{"@id":"https:\/\/weol.lu\/pt-pt\/#website"},"datePublished":"2022-05-11T23:30:14+00:00","dateModified":"2024-04-12T11:00:26+00:00","description":"Tecnologia de ponta em forma de simuladores digitais avan\u00e7ados para o ajudar em todos os seus projetos imobili\u00e1rios.","inLanguage":"pt-PT","potentialAction":[{"@type":"ReadAction","target":["https:\/\/weol.lu\/pt-pt\/simuladores\/"]}]},{"@type":"WebSite","@id":"https:\/\/weol.lu\/pt-pt\/#website","url":"https:\/\/weol.lu\/pt-pt\/","name":"Weol Immobili\u00e8re","description":"Immobili\u00e8re Agence","potentialAction":[{"@type":"SearchAction","target":{"@type":"EntryPoint","urlTemplate":"https:\/\/weol.lu\/pt-pt\/?s={search_term_string}"},"query-input":"required name=search_term_string"}],"inLanguage":"pt-PT"}]}},"_links":{"self":[{"href":"https:\/\/weol.lu\/pt-pt\/wp-json\/wp\/v2\/pages\/26237"}],"collection":[{"href":"https:\/\/weol.lu\/pt-pt\/wp-json\/wp\/v2\/pages"}],"about":[{"href":"https:\/\/weol.lu\/pt-pt\/wp-json\/wp\/v2\/types\/page"}],"author":[{"embeddable":true,"href":"https:\/\/weol.lu\/pt-pt\/wp-json\/wp\/v2\/users\/1"}],"replies":[{"embeddable":true,"href":"https:\/\/weol.lu\/pt-pt\/wp-json\/wp\/v2\/comments?post=26237"}],"version-history":[{"count":2,"href":"https:\/\/weol.lu\/pt-pt\/wp-json\/wp\/v2\/pages\/26237\/revisions"}],"predecessor-version":[{"id":29872,"href":"https:\/\/weol.lu\/pt-pt\/wp-json\/wp\/v2\/pages\/26237\/revisions\/29872"}],"wp:attachment":[{"href":"https:\/\/weol.lu\/pt-pt\/wp-json\/wp\/v2\/media?parent=26237"}],"curies":[{"name":"wp","href":"https:\/\/api.w.org\/{rel}","templated":true}]}}