{"id":28195,"date":"2023-02-03T13:23:06","date_gmt":"2023-02-03T13:23:06","guid":{"rendered":"https:\/\/weol.lu\/?page_id=28195"},"modified":"2024-02-27T12:42:00","modified_gmt":"2024-02-27T12:42:00","slug":"precos-registrados","status":"publish","type":"page","link":"https:\/\/weol.lu\/pt-pt\/precos-registrados\/","title":{"rendered":"Pre\u00e7os Registrados"},"content":{"rendered":"<p><script src=\"https:\/\/weol.lu\/wp-content\/themes\/wpresidence-child\/js\/index.js\"><\/script>\n<link rel=\"stylesheet\" href=\"https:\/\/weol.lu\/wp-content\/themes\/wpresidence-child\/js\/table.css\" \/>\nExplore as diferen\u00e7as de pre\u00e7os de venda entre as comunas, ajudando voc\u00ea a identificar as \u00e1reas com o melhor potencial de investimento ou resid\u00eancia.<br \/>\n<style>.top {margin-top:30px}\n.field1 {background-color: #E3111E;\n    border-radius: 5px;\n    padding-left: 20px!important;\n    padding-right: 20px!important;\n    padding-top: 20px!important;\n}\n#fbuilder .fields>label {color:#ffffff;}\n@media screen and (min-width: 740px), print {\n.cp_cff_13 #fbuilder .small {width: 150px!important;}\n}\n\n@media screen and (max-width: 739px), print {\n\t.field1 {padding-bottom:20px!important;padding-top:0px!important;}\n}\n\n#fieldname9_1 .fields {margin-top: -5px !important;}\n\n.fields label {float: left;\n    line-height: 40px;}<\/style>\t<pre style=\"display:none !important;\"><script type=\"text\/javascript\">\r\n\t function doValidate_1(form, validation_only)\r\n\t {\r\n\t\tvalidation_only = validation_only || false;\r\n        window['cff_enabling_form' ] = function(_form){\r\n            if(!(_form instanceof $dexQuery)) _form = $dexQuery(_form);\r\n            _form.validate().settings.ignore = '.ignore,.ignorepb';\r\n            _form.removeData('being-submitted');\r\n            _form.find('.submitbtn-disabled').removeClass('submitbtn-disabled');\r\n            _form.find('.cff-processing-form').remove();\r\n        };\r\n        window['cff_disabling_form'] = function(_form){\r\n            if(!(_form instanceof $dexQuery)) _form = $dexQuery(_form);\r\n            if(cff_form_disabled(_form)) return;\r\n            _form.find('.pbSubmit').addClass('submitbtn-disabled');\r\n            _form.data('being-submitted',1);\r\n            var d = document.createElement('div');\r\n            $dexQuery(d).addClass('cff-processing-form').appendTo(_form.find('#fbuilder'));\r\n        };\r\n        window['cff_form_disabled' ] = function(_form){\r\n            if(!(_form instanceof $dexQuery)) _form = $dexQuery(_form);\r\n            return ('undefined' != typeof _form.data('being-submitted'));\r\n        };\r\n\t\tvar form_identifier =  '_1';\r\n\t\tif(typeof cpcff_validation_rules == 'undefined') cpcff_validation_rules = {};\r\n\t\tif(typeof cpcff_validation_rules[form_identifier] == 'undefined') cpcff_validation_rules[form_identifier] = {};\r\n\t\tvar $dexQuery = (fbuilderjQuery) ? fbuilderjQuery : jQuery.noConflict(),\r\n\t\t\t_form = $dexQuery(\"#cp_calculatedfieldsf_pform\"+form_identifier),\r\n\t\t\tform_disabled = function(){cff_form_disabled(_form);},\r\n\t\t\tdisabling_form = function(){cff_disabling_form(_form);},\r\n\t\t\tenabling_form = function(){cff_enabling_form(_form);};\r\n\t\tif(form_disabled()) return false;\r\n\t\t_form.validate().settings.ignore = '.ignore';\r\n\t\tvar\tcpefb_error = !_form.validate().checkForm();\r\n\t\tvar\tvalidation_rules = cpcff_validation_rules[form_identifier],\r\n\t\t\tprocessing_form = function()\r\n\t\t\t{\r\n                \t\t\t\tfor(var rule in validation_rules)\r\n\t\t\t\t{\r\n\t\t\t\t\tif(!validation_rules[rule]) {\r\n\t\t\t\t\t\t$dexQuery(form).trigger('cff-form-validation', false);\r\n\t\t\t\t\t\treturn;\r\n\t\t\t\t\t}\r\n\t\t\t\t}\r\n\r\n\t\t\t\tif ( validation_only ) {\r\n\t\t\t\t\t$dexQuery(form).trigger('cff-form-validation', true);\r\n\t\t\t\t\treturn;\r\n\t\t\t\t}\r\n\t\t\t\t_form.find(\"[name$='_date'][type='hidden']\").each(function(){\r\n\t\t\t\t\tvar v  \t = $dexQuery(this).val(),\r\n\t\t\t\t\t\tname = $dexQuery(this).attr( 'name' ).replace('_date', ''),\r\n\t\t\t\t\t\te \t = $dexQuery(\"[name='\"+name+\"']\");\r\n\t\t\t\t\t\tif( e.length && ! $dexQuery(\"[id='\"+name+\"_datepicker_container']\").length ){ e.val( String( e.val().replace( v, '' ) ).trim() ); }\r\n\t\t\t\t});\r\n\t\t\t\t_form.find(\"select option[vt]\").each(function(){\r\n                    var e = $dexQuery(this);\r\n                    e.attr('cff-val-bk', e.val()).val(e.attr(\"vt\"));\r\n\t\t\t\t});\r\n\t\t\t\t_form.find(\"input[vt]\").each(function(){\r\n                    var e = $dexQuery(this);\r\n                    e.attr('cff-val-bk', e.val()).val(e.attr(\"vt\"));\r\n\t\t\t\t});\r\n\t\t\t\t_form.find('.cpcff-recordset,.cff-exclude :input,[id^=\"form_structure_\"]')\r\n\t\t\t\t.add(_form.find( '.ignore' )).attr('cff-disabled', 1).prop('disabled', true);\r\n\t\t\t\tdisabling_form();\r\n\t\t\t\tif ( _form.attr( 'target' ) != undefined && NOT( IN( _form.attr( 'target' ).toLowerCase(), [ '_blank', '_self', '_top', '' ] ) ) ) {\r\n\t\t\t\t\t$dexQuery('[name=\"'+_form.prop( 'target' )+'\"]').one('load', function(){\r\n\t\t\t\t\t\t_form.find('[cff-val-bk]').each(function(){\r\n\t\t\t\t\t\t\tvar e = $dexQuery(this);\r\n\t\t\t\t\t\t\te.val(e.attr('cff-val-bk')).removeAttr('cff-val-bk');\r\n\t\t\t\t\t\t});\r\n\t\t\t\t\t\t_form.find('[cff-disabled]').prop('disabled', false).removeAttr('cff-disabled');\r\n\t\t\t\t\t\tif(!\/^(\\s*|_self|_top|_parent)$\/i.test(_form.prop('target'))) {\r\n\t\t\t\t\t\t\tenabling_form();\r\n\t\t\t\t\t\t}\r\n\t\t\t\t\t\t$dexQuery(document).trigger('cff-form-submitted', _form);\r\n\t\t\t\t\t});\r\n\t\t\t\t}\r\n                _form[ 0 ].submit();\r\n\t\t\t};\r\n\t\t_form.find('[name=\"cp_ref_page\"]').val(document.location.href);\r\n\t\tvalidation_rules['fields_validation_error'] = (cpefb_error==0);\r\n        \/* 1: Do not submit if the equations are being evaluated *\/\r\n        validation_rules['no_pending'] = (!(form_identifier in $dexQuery.fbuilder.calculator.processing_queue) || !$dexQuery.fbuilder.calculator.processing_queue[form_identifier]) && !$dexQuery.fbuilder.calculator.thereIsPending(form_identifier);\r\n\t\tif(!validation_rules['no_pending'])\r\n\t\t{\r\n\t\t\t$dexQuery(document).on('equationsQueueEmpty', function(evt, formId){\r\n\t\t\t\tif(formId == form_identifier)\r\n\t\t\t\t{\r\n\t\t\t\t\t$dexQuery(document).off('equationsQueueEmpty');\r\n\t\t\t\t\tvalidation_rules['no_pending']  = true;\r\n\t\t\t\t\tprocessing_form();\r\n\t\t\t\t}\r\n\t\t\t});\r\n\t\t}\r\n\t\t\/* End :1 *\/\r\n\t\tif (validation_rules['fields_validation_error'])\r\n\t\t{\r\n\t\t\t\t\tprocessing_form();\r\n\t\t\t\t}\r\n\t\telse\r\n\t\t{\r\n            _form.valid();\r\n            var page = $dexQuery('.cpefb_error:not(.message):not(.ignore):eq(0)').closest('.pbreak').attr('page')*1;\r\n            gotopage(page, _form);\r\n\t\t\t$dexQuery(form).trigger('cff-form-validation', false);\r\n\t\t\tenabling_form();\r\n\t\t}\r\n\t\treturn false;\r\n\t}\r\n\t<\/script><\/pre>\r\n\t<form name=\"cp_calculatedfieldsf_pform_1\" id=\"cp_calculatedfieldsf_pform_1\" action=\"https:\/\/weol.lu\/pt-pt\/precos-registrados\/\" method=\"post\" enctype=\"multipart\/form-data\" onsubmit=\"return doValidate_1(this);\" class=\"cff-form \"  dir=\"ltr\">\r\n\t\t\t<input type=\"hidden\" name=\"cp_calculatedfieldsf_pform_psequence\" value=\"_1\" \/><input type=\"hidden\" name=\"cp_calculatedfieldsf_pform_process\" value=\"1\" \/><input type=\"hidden\" name=\"cp_calculatedfieldsf_id\" value=\"126\" \/><input type=\"hidden\" name=\"cp_ref_page\" value=\"https:\/\/weol.lu\/pt-pt\" \/><pre style=\"display:none !important;\"><script type=\"text\/javascript\">form_structure_1=[[{\"form_identifier\":\"\",\"name\":\"fieldname1\",\"fieldlayout\":\"default\",\"shortlabel\":\"\",\"index\":0,\"ftype\":\"fdropdown\",\"userhelp\":\"\",\"audiotutorial\":\"\",\"userhelpTooltip\":false,\"tooltipIcon\":false,\"csslayout\":\"field1\",\"title\":\"Fa\\u00e7a uma escolha\",\"size\":\"small\",\"required\":true,\"exclude\":false,\"toSubmit\":\"text\",\"merge\":0,\"choiceSelected\":\"\",\"select2\":false,\"multiple\":false,\"first_choice\":false,\"first_choice_text\":\"\",\"vChoices\":1,\"showDep\":true,\"choices\":[\"Antigo\",\"VEFA (novo)\"],\"optgroup\":[false,false],\"choicesVal\":[\"Antigo\",\"VEFA (novo)\"],\"choicesDep\":[[\"fieldname2\"],[\"fieldname3\"]],\"fBuild\":{},\"parent\":\"\"},{\"form_identifier\":\"\",\"name\":\"fieldname2\",\"fieldlayout\":\"default\",\"shortlabel\":\"\",\"index\":1,\"ftype\":\"fhtml\",\"userhelp\":\"\",\"audiotutorial\":\"\",\"userhelpTooltip\":false,\"tooltipIcon\":false,\"csslayout\":\"top\",\"_developerNotes\":\"\",\"fcontent\":\"\\u003Cfigure class=\\u0022highcharts-figure\\u0022\\u003E\\n\\u003Cselect id=\\u0022filterA_1_pt\\u0022\\u003E\\u003C\\\/select\\u003E\\n\\u003Cdiv id=\\u0022container_euro_1_pt\\u0022\\u003E\\u003C\\\/div\\u003E\\n\\u003Ctable\\u003E\\n\\u003Cthead id=\\u0022table_header_euro_1_pt\\u0022\\u003E\\u003C\\\/thead\\u003E\\n\\u003Ctbody id=\\u0022table_body_euro_1_pt\\u0022\\u003E\\u003C\\\/tbody\\u003E\\n\\u003C\\\/table\\u003E\\n\\u003Cdiv id=\\u0022container_%_1_pt\\u0022 style=\\u0022margin-top: 11%\\u0022\\u003E\\u003C\\\/div\\u003E\\n\\u003Ctable\\u003E\\n\\u003Cthead id=\\u0022table_header_%_1_pt\\u0022\\u003E\\u003C\\\/thead\\u003E\\n\\u003Ctbody id=\\u0022table_body_%_1_pt\\u0022\\u003E\\u003C\\\/tbody\\u003E\\n\\u003C\\\/table\\u003E\\n\\u003C\\\/figure\\u003E\\n\\u003Cscript\\u003E\\n    drawGraphics(\\n      \\u0022Title from Graphic (PT)\\u0022,\\n      \\u0022M\\u00e9dia\\u0022,\\n      \\u0022Comuna (PT)\\u0022,\\n      1,\\n      \\u0022container_euro_1_pt\\u0022,\\n      \\u0022container_%_1_pt\\u0022,\\n      \\u0022filterA_1_pt\\u0022,\\n      \\u0022table_header_euro_1_pt\\u0022,\\n      \\u0022table_body_euro_1_pt\\u0022,\\n      \\u0022table_header_%_1_pt\\u0022,\\n      \\u0022table_body_%_1_pt\\u0022\\n    );\\n\\u003C\\\/script\\u003E\",\"fBuild\":{},\"parent\":\"\"},{\"form_identifier\":\"\",\"name\":\"fieldname3\",\"fieldlayout\":\"default\",\"shortlabel\":\"\",\"index\":2,\"ftype\":\"fhtml\",\"userhelp\":\"\",\"audiotutorial\":\"\",\"userhelpTooltip\":false,\"tooltipIcon\":false,\"csslayout\":\"top\",\"_developerNotes\":\"\",\"fcontent\":\"\\u003Cfigure class=\\u0022highcharts-figure\\u0022\\u003E\\n\\u003Cselect id=\\u0022filterA_2_pt\\u0022\\u003E\\u003C\\\/select\\u003E\\n\\u003Cdiv id=\\u0022container_euro_2_pt\\u0022\\u003E\\u003C\\\/div\\u003E\\n\\u003Ctable\\u003E\\n\\u003Cthead id=\\u0022table_header_euro_2_pt\\u0022\\u003E\\u003C\\\/thead\\u003E\\n\\u003Ctbody id=\\u0022table_body_euro_2_pt\\u0022\\u003E\\u003C\\\/tbody\\u003E\\n\\u003C\\\/table\\u003E\\n\\u003Cdiv id=\\u0022container_%_2_pt\\u0022 style=\\u0022margin-top: 11%\\u0022\\u003E\\u003C\\\/div\\u003E\\n\\u003Ctable\\u003E\\n\\u003Cthead id=\\u0022table_header_%_2_pt\\u0022\\u003E\\u003C\\\/thead\\u003E\\n\\u003Ctbody id=\\u0022table_body_%_2_pt\\u0022\\u003E\\u003C\\\/tbody\\u003E\\n\\u003C\\\/table\\u003E\\n\\u003C\\\/figure\\u003E\\n\\u003Cscript\\u003E\\n    drawGraphics(\\n      \\u0022Title from Graphic (PT)\\u0022,\\n      \\u0022M\\u00e9dia\\u0022,\\n      \\u0022Comuna (PT)\\u0022,\\n      2,\\n      \\u0022container_euro_2_pt\\u0022,\\n      \\u0022container_%_2_pt\\u0022,\\n      \\u0022filterA_2_pt\\u0022,\\n      \\u0022table_header_euro_2_pt\\u0022,\\n      \\u0022table_body_euro_2_pt\\u0022,\\n      \\u0022table_header_%_2_pt\\u0022,\\n      \\u0022table_body_%_2_pt\\u0022\\n    );\\n\\u003C\\\/script\\u003E\",\"fBuild\":{},\"parent\":\"\"}],{\"0\":{\"title\":\"\",\"description\":\"\",\"formlayout\":\"top_aligned\",\"formtemplate\":\"cp_cff_13\",\"request_cost\":\"fieldname1\",\"evalequations\":1,\"evalequationsevent\":2,\"loading_animation\":0,\"autocomplete\":1,\"persistence\":0,\"animate_form\":0,\"customstyles\":\".top {margin-top:30px}\\n.field1 {background-color: #E3111E;\\n    border-radius: 5px;\\n    padding-left: 20px!important;\\n    padding-right: 20px!important;\\n    padding-top: 20px!important;\\n}\\n#fbuilder .fields\\u003Elabel {color:#ffffff;}\\n@media screen and (min-width: 740px), print {\\n.cp_cff_13 #fbuilder .small {width: 150px!important;}\\n}\\n\\n@media screen and (max-width: 739px), print {\\n\\t.field1 {padding-bottom:20px!important;padding-top:0px!important;}\\n}\\n\\n#fieldname9_1 .fields {margin-top: -5px !important;}\\n\\n.fields label {float: left;\\n    line-height: 40px;}\",\"titletag\":\"H2\",\"textalign\":\"default\",\"headertextcolor\":\"\",\"evalequations_delay\":0,\"direction\":\"ltr\",\"animation_effect\":\"fade\"},\"formid\":\"cp_calculatedfieldsf_pform_1\",\"setCache\":false,\"cache\":false}];<\/script><\/pre>\r\n\t\t<div id=\"fbuilder\">\r\n\t\t\t\t\t\t<div id=\"fbuilder_1\">\r\n\t\t\t\t<div id=\"formheader_1\"><\/div>\r\n\t\t\t\t<div id=\"fieldlist_1\"><\/div>\r\n                <div class=\"clearer\"><\/div>\r\n\t\t\t<\/div>\r\n\t\t\t<div id=\"cpcaptchalayer_1\" class=\"cpcaptchalayer\" style=\"display:none;\">\r\n\t\t\t            \t\t\t<div class=\"fields\" id=\"field-c0\" style=\"display:none\">\r\n\t\t\t\t<label>Payment options<\/label>\r\n\t\t\t\t<div class=\"dfield\">\r\n\t\t\t\t <div><input type=\"radio\" name=\"bccf_payment_option_paypal\" vt=\"1\" value=\"1\" checked> Pay with PayPal.<\/div>\t\t\t\t <!--addons-payment-options-->\r\n    \t\t\t \t\t\t\t<\/div>\r\n\t\t\t\t<div class=\"clearer\"><\/div>\r\n\t\t\t<\/div>\r\n\t\t\t<!--addons-payment-fields-->\r\n\t\t\t\t\t\t<!--add-ons-->\r\n\t\t\t<\/div>\r\n\t\t\t\t\t\t<div class=\"clearer\"><\/div>\r\n\t\t<\/div>\r\n\t<p style=\"display:none\"><textarea name=\"nao-aos-boots\" cols=\"100%\" rows=\"10\"><\/textarea><label  for=\"nao-aos-boots\">If you are a human, do not fill in this field.<\/label><\/p>\t<\/form>\r\n<\/p>\n","protected":false},"excerpt":{"rendered":"<p>Explore as diferen\u00e7as de pre\u00e7os de venda entre as comunas, ajudando voc\u00ea a identificar as \u00e1reas com o melhor potencial de investimento ou resid\u00eancia.<\/p>\n","protected":false},"author":1,"featured_media":0,"parent":0,"menu_order":0,"comment_status":"closed","ping_status":"closed","template":"","meta":{"footnotes":""},"yoast_head":"<!-- This site is optimized with the Yoast SEO plugin v22.5 - https:\/\/yoast.com\/wordpress\/plugins\/seo\/ -->\n<title>Pre\u00e7os Registrados - Weol Immobili\u00e8re<\/title>\n<meta name=\"robots\" content=\"index, follow, max-snippet:-1, max-image-preview:large, max-video-preview:-1\" \/>\n<link rel=\"canonical\" href=\"https:\/\/weol.lu\/pt-pt\/precos-registrados\/\" \/>\n<meta property=\"og:locale\" content=\"pt_PT\" \/>\n<meta property=\"og:type\" content=\"article\" \/>\n<meta property=\"og:title\" content=\"Pre\u00e7os Registrados - Weol Immobili\u00e8re\" \/>\n<meta property=\"og:description\" content=\"Explore as diferen\u00e7as de pre\u00e7os de venda entre as comunas, ajudando voc\u00ea a identificar as \u00e1reas com o melhor potencial de investimento ou resid\u00eancia.\" \/>\n<meta property=\"og:url\" content=\"https:\/\/weol.lu\/pt-pt\/precos-registrados\/\" \/>\n<meta property=\"og:site_name\" content=\"Weol Immobili\u00e8re\" \/>\n<meta property=\"article:modified_time\" content=\"2024-02-27T12:42:00+00:00\" \/>\n<meta property=\"og:image\" content=\"https:\/\/weol.lu\/wp-content\/uploads\/2021\/05\/logo-weol-1.png\" \/>\n\t<meta property=\"og:image:width\" content=\"432\" \/>\n\t<meta property=\"og:image:height\" content=\"270\" \/>\n\t<meta property=\"og:image:type\" content=\"image\/png\" \/>\n<meta name=\"twitter:card\" content=\"summary_large_image\" \/>\n<script type=\"application\/ld+json\" class=\"yoast-schema-graph\">{\"@context\":\"https:\/\/schema.org\",\"@graph\":[{\"@type\":\"WebPage\",\"@id\":\"https:\/\/weol.lu\/pt-pt\/precos-registrados\/\",\"url\":\"https:\/\/weol.lu\/pt-pt\/precos-registrados\/\",\"name\":\"Pre\u00e7os Registrados - Weol Immobili\u00e8re\",\"isPartOf\":{\"@id\":\"https:\/\/weol.lu\/pt-pt\/#website\"},\"datePublished\":\"2023-02-03T13:23:06+00:00\",\"dateModified\":\"2024-02-27T12:42:00+00:00\",\"inLanguage\":\"pt-PT\",\"potentialAction\":[{\"@type\":\"ReadAction\",\"target\":[\"https:\/\/weol.lu\/pt-pt\/precos-registrados\/\"]}]},{\"@type\":\"WebSite\",\"@id\":\"https:\/\/weol.lu\/pt-pt\/#website\",\"url\":\"https:\/\/weol.lu\/pt-pt\/\",\"name\":\"Weol Immobili\u00e8re\",\"description\":\"Immobili\u00e8re Agence\",\"potentialAction\":[{\"@type\":\"SearchAction\",\"target\":{\"@type\":\"EntryPoint\",\"urlTemplate\":\"https:\/\/weol.lu\/pt-pt\/?s={search_term_string}\"},\"query-input\":\"required name=search_term_string\"}],\"inLanguage\":\"pt-PT\"}]}<\/script>\n<!-- \/ Yoast SEO plugin. -->","yoast_head_json":{"title":"Pre\u00e7os Registrados - Weol Immobili\u00e8re","robots":{"index":"index","follow":"follow","max-snippet":"max-snippet:-1","max-image-preview":"max-image-preview:large","max-video-preview":"max-video-preview:-1"},"canonical":"https:\/\/weol.lu\/pt-pt\/precos-registrados\/","og_locale":"pt_PT","og_type":"article","og_title":"Pre\u00e7os Registrados - Weol Immobili\u00e8re","og_description":"Explore as diferen\u00e7as de pre\u00e7os de venda entre as comunas, ajudando voc\u00ea a identificar as \u00e1reas com o melhor potencial de investimento ou resid\u00eancia.","og_url":"https:\/\/weol.lu\/pt-pt\/precos-registrados\/","og_site_name":"Weol Immobili\u00e8re","article_modified_time":"2024-02-27T12:42:00+00:00","og_image":[{"width":432,"height":270,"url":"https:\/\/weol.lu\/wp-content\/uploads\/2021\/05\/logo-weol-1.png","type":"image\/png"}],"twitter_card":"summary_large_image","schema":{"@context":"https:\/\/schema.org","@graph":[{"@type":"WebPage","@id":"https:\/\/weol.lu\/pt-pt\/precos-registrados\/","url":"https:\/\/weol.lu\/pt-pt\/precos-registrados\/","name":"Pre\u00e7os Registrados - Weol Immobili\u00e8re","isPartOf":{"@id":"https:\/\/weol.lu\/pt-pt\/#website"},"datePublished":"2023-02-03T13:23:06+00:00","dateModified":"2024-02-27T12:42:00+00:00","inLanguage":"pt-PT","potentialAction":[{"@type":"ReadAction","target":["https:\/\/weol.lu\/pt-pt\/precos-registrados\/"]}]},{"@type":"WebSite","@id":"https:\/\/weol.lu\/pt-pt\/#website","url":"https:\/\/weol.lu\/pt-pt\/","name":"Weol Immobili\u00e8re","description":"Immobili\u00e8re Agence","potentialAction":[{"@type":"SearchAction","target":{"@type":"EntryPoint","urlTemplate":"https:\/\/weol.lu\/pt-pt\/?s={search_term_string}"},"query-input":"required name=search_term_string"}],"inLanguage":"pt-PT"}]}},"_links":{"self":[{"href":"https:\/\/weol.lu\/pt-pt\/wp-json\/wp\/v2\/pages\/28195"}],"collection":[{"href":"https:\/\/weol.lu\/pt-pt\/wp-json\/wp\/v2\/pages"}],"about":[{"href":"https:\/\/weol.lu\/pt-pt\/wp-json\/wp\/v2\/types\/page"}],"author":[{"embeddable":true,"href":"https:\/\/weol.lu\/pt-pt\/wp-json\/wp\/v2\/users\/1"}],"replies":[{"embeddable":true,"href":"https:\/\/weol.lu\/pt-pt\/wp-json\/wp\/v2\/comments?post=28195"}],"version-history":[{"count":0,"href":"https:\/\/weol.lu\/pt-pt\/wp-json\/wp\/v2\/pages\/28195\/revisions"}],"wp:attachment":[{"href":"https:\/\/weol.lu\/pt-pt\/wp-json\/wp\/v2\/media?parent=28195"}],"curies":[{"name":"wp","href":"https:\/\/api.w.org\/{rel}","templated":true}]}}