{"id":28840,"date":"2023-12-26T11:19:57","date_gmt":"2023-12-26T11:19:57","guid":{"rendered":"https:\/\/weol.lu\/?page_id=28840"},"modified":"2024-04-10T00:28:04","modified_gmt":"2024-04-10T00:28:04","slug":"home-new","status":"publish","type":"page","link":"https:\/\/weol.lu\/pt-pt\/","title":{"rendered":"Home"},"content":{"rendered":"<div class=\"wpb-content-wrapper\"><p>[vc_row full_width=&#8221;stretch_row&#8221; content_placement=&#8221;middle&#8221; css=&#8221;.vc_custom_1712708881103{padding-top: 50px !important;padding-bottom: 40px !important;background-color: #ffffff !important;}&#8221;][vc_column css=&#8221;.vc_custom_1704360851136{margin-top: 0px !important;margin-bottom: 0px !important;padding-top: 0px !important;padding-bottom: 0px !important;}&#8221;][vc_column_text]<\/p>\n<h1 class=\"entry-title\" style=\"margin-bottom: 20px; text-align: center;\">Explore o cora\u00e7\u00e3o do mercado imobili\u00e1rio luxemburgu\u00eas com o nosso mapa interativo GEO.<\/h1>\n<p>[\/vc_column_text][vc_column_text]<\/p>\n<p style=\"text-align: center;\">Visualize em tempo real a evolu\u00e7\u00e3o das oportunidades em Luxemburgo-Cidade e nos seus bairros din\u00e2micos. Descubra facilmente a varia\u00e7\u00e3o percentual dos pre\u00e7os imobili\u00e1rios em todo o Luxemburgo e encontre o local ideal para o seu pr\u00f3ximo investimento.<\/p>\n<p>[\/vc_column_text]<div class=\"ult-spacer spacer-69ebb48cb4aae\" data-id=\"69ebb48cb4aae\" data-height=\"10\" data-height-mobile=\"10\" data-height-tab=\"10\" data-height-tab-portrait=\"\" data-height-mobile-landscape=\"\" style=\"clear:both;display:block;\"><\/div>[vc_raw_html]JTNDZmlndXJlJTIwY2xhc3MlM0QlMjJoaWdoY2hhcnRzLWZpZ3VyZSUyMiUzRSUwQSUzQ2RpdiUyMHN0eWxlJTNEJTIyZGlzcGxheSUzQSUyMGlubGluZSUyMiUzRSUwQSUzQ3NlbGVjdCUyMGlkJTNEJTIyc2hlZXRzR3JvdXBzJTIyJTNFJTNDJTJGc2VsZWN0JTNFJTBBJTNDc2VsZWN0JTIwaWQlM0QlMjJzaGVldHMlMjIlMjBzdHlsZSUzRCUyMm1hcmdpbi1sZWZ0JTNBJTIwM3B4JTIyJTIwZGF0YS1tYXB0eXBlJTNEJTIyJTIyJTNFJTNDJTJGc2VsZWN0JTNFJTBBJTNDJTJGZGl2JTNFJTBBJTNDc2VsZWN0JTIwaWQlM0QlMjJ5ZWFyc19wdCUyMiUyMHN0eWxlJTNEJTIybWFyZ2luLXRvcCUzQSUyMDVweCUyMiUzRSUzQyUyRnNlbGVjdCUzRSUwQSUzQ2RpdiUyMGlkJTNEJTIybWFwQ29udGFpbmVyX3B0JTIyJTNFJTNDJTJGZGl2JTNFJTBBJTNDZGl2JTIwaWQlM0QlMjJxdWFydGVyQ29udGFpbmVyX3B0JTIyJTNFJTNDJTJGZGl2JTNFJTBBJTNDZGl2JTIwaWQlM0QlMjJuYXRpb25hbEF2ZXJhZ2VDb250YWluZXJfcHQlMjIlM0UlM0MlMkZkaXYlM0UlMEElM0MlMkZmaWd1cmUlM0UlMEElM0NzY3JpcHQlM0UlMEElMjAlMjAlMjAlMjBkeW5hbWljRmlsdGVyc01ha2VyJTI4JTBBJTIwJTIwJTIwJTIwJTIwJTIwJTIybWFwQ29udGFpbmVyX3B0JTIyJTJDJTBBJTIwJTIwJTIwJTIwJTIwJTIwJTIycXVhcnRlckNvbnRhaW5lcl9wdCUyMiUyQyUwQSUyMCUyMCUyMCUyMCUyMCUyMCUyMm5hdGlvbmFsQXZlcmFnZUNvbnRhaW5lcl9wdCUyMiUyQyUwQSUyMCUyMCUyMCUyMCUyMCUyMCUyMnllYXJzX3B0JTIyJTJDJTBBJTIwJTIwJTIwJTIwJTIwJTIwJTIyRmlsdGVyJTIwb25lJTIwJTI4UFQlMjklMjIlMkMlMEElMjAlMjAlMjAlMjAlMjAlMjAlMjJGaWx0ZXIlMjB0d28lMjAlMjhQVCUyOSUyMiUyQyUwQSUyMCUyMCUyMCUyMCUyMCUyMCUyMkNvbXVuYSUyMCUyOFBUJTI5JTIyJTJDJTBBJTIwJTIwJTIwJTIwJTIwJTIwJTIyTSVDMyVBOWRpYSUyMiUwQSUyMCUyMCUyMCUyMCUyOSUzQiUwQSUzQyUyRnNjcmlwdCUzRQ==[\/vc_raw_html][\/vc_column][\/vc_row][vc_row full_width=&#8221;stretch_row&#8221; content_placement=&#8221;middle&#8221; css=&#8221;.vc_custom_1707333044340{padding-top: 50px !important;padding-bottom: 50px !important;background-color: #fbf8f8 !important;}&#8221;][vc_column width=&#8221;1\/2&#8243; css=&#8221;.vc_custom_1704362712473{padding-top: 30px !important;}&#8221;][vc_column_text]<\/p>\n<h1 class=\"entry-title\" style=\"margin-bottom: 35px; text-align: center;\">Compreenda as tend\u00eancias dos pre\u00e7os imobili\u00e1rios em Luxemburgo com os nossos gr\u00e1ficos detalhados.<\/h1>\n<h3 style=\"text-align: center;\">Analise com precis\u00e3o a evolu\u00e7\u00e3o dos pre\u00e7os aqui.<\/h3>\n<p>[\/vc_column_text]<div class=\" ult_buttons ubtn-ctn-center \"><a class=\"ubtn-link ult-adjust-bottom-margin ubtn-center ubtn-custom \" href=\"https:\/\/weol.lu\/pt-pt\/evolucao-preco-de-venda-alugueres-luxemburgo\/\" title=\"Ver Gr\u00e1ficos\" ><button type=\"button\" id=\"ubtn-7845\"  class=\"ubtn ult-adjust-bottom-margin ult-responsive ubtn-custom ubtn-fade-bg  none  ubtn-shd  ubtn-center  shd-bottom tooltip-69ebb48cb4ad7\"  data-hover=\"#ffffff\" data-border-color=\"\" data-bg=\"#e3111e\" data-hover-bg=\"#e3111e\" data-border-hover=\"\" data-shadow-hover=\"0 3px #e3111e;\" data-shadow-click=\"none\" data-shadow=\"0 3px #e3111e;\" data-shd-shadow=\"3\"  data-ultimate-target='#ubtn-7845'  data-responsive-json-new='{\"font-size\":\"desktop:13px;\",\"line-height\":\"\"}'  style=\"font-weight:normal;width:192px;min-height:0px;padding:15px 24px;border:none;box-shadow: 0 3px #e3111e;background: #e3111e;color: #ffffff;\"><span class=\"ubtn-hover\" style=\"background-color:#e3111e\"><\/span><span class=\"ubtn-data ubtn-text \" >Ver Gr\u00e1ficos<\/span><\/button><\/a><\/div>[\/vc_column][vc_column width=&#8221;1\/2&#8243;][vc_single_image image=&#8221;29057&#8243; img_size=&#8221;full&#8221;][\/vc_column][\/vc_row][vc_row full_width=&#8221;stretch_row&#8221; content_placement=&#8221;middle&#8221; parallax=&#8221;content-moving&#8221; parallax_image=&#8221;29052&#8243; css=&#8221;.vc_custom_1706812486003{padding-top: 150px !important;padding-bottom: 150px !important;}&#8221;][vc_column]<div id=\"ultimate-heading-312869ebb48cb4b3c\" class=\"uvc-heading ult-adjust-bottom-margin ultimate-heading-312869ebb48cb4b3c uvc-1637 \" data-hspacer=\"no_spacer\"  data-halign=\"center\" style=\"text-align:center\"><div class=\"uvc-heading-spacer no_spacer\" style=\"top\"><\/div><div class=\"uvc-main-heading ult-responsive\"  data-ultimate-target='.uvc-heading.ultimate-heading-312869ebb48cb4b3c h2'  data-responsive-json-new='{\"font-size\":\"desktop:22px;\",\"line-height\":\"\"}' ><h2 style=\"font-weight:normal;color:#ffffff;margin-bottom:0px;\">Bem-vindo \u00e0 Weol Imobili\u00e1ria, o seu parceiro de confian\u00e7a para a compra e venda de casas e apartamentos em Luxemburgo.<\/h2><\/div><div class=\"uvc-sub-heading ult-responsive\"  data-ultimate-target='.uvc-heading.ultimate-heading-312869ebb48cb4b3c .uvc-sub-heading '  data-responsive-json-new='{\"font-size\":\"desktop:32px;\",\"line-height\":\"\"}'  style=\"font-weight:bold;color:#ffffff;\">Descubra a sua futura casa com a Weol Imobili\u00e1ria.<\/div><\/div><div class=\"ult-spacer spacer-69ebb48cb4b56\" data-id=\"69ebb48cb4b56\" data-height=\"20\" data-height-mobile=\"20\" data-height-tab=\"20\" data-height-tab-portrait=\"\" data-height-mobile-landscape=\"\" style=\"clear:both;display:block;\"><\/div><div class=\" ult_buttons ubtn-ctn-center \"><a class=\"ubtn-link ult-adjust-bottom-margin ubtn-center ubtn-custom \" href=\"https:\/\/weol.lu\/pt-pt\/propriedades\/\" ><button type=\"button\" id=\"ubtn-4484\"  class=\"ubtn ult-adjust-bottom-margin ult-responsive ubtn-custom ubtn-fade-bg  none  ubtn-shd  ubtn-center  shd-bottom tooltip-69ebb48cb4b6b\"  data-hover=\"#ffffff\" data-border-color=\"\" data-bg=\"#e3111e\" data-hover-bg=\"#e3111e\" data-border-hover=\"\" data-shadow-hover=\"0 3px #e3111e;\" data-shadow-click=\"none\" data-shadow=\"0 3px #e3111e;\" data-shd-shadow=\"3\"  data-ultimate-target='#ubtn-4484'  data-responsive-json-new='{\"font-size\":\"desktop:13px;\",\"line-height\":\"\"}'  style=\"font-weight:normal;width:192px;min-height:0px;padding:15px 24px;border:none;box-shadow: 0 3px #e3111e;background: #e3111e;color: #ffffff;\"><span class=\"ubtn-hover\" style=\"background-color:#e3111e\"><\/span><span class=\"ubtn-data ubtn-text \" >Ver Propriedades<\/span><\/button><\/a><\/div>[\/vc_column][\/vc_row][vc_row full_width=&#8221;stretch_row&#8221; equal_height=&#8221;yes&#8221; content_placement=&#8221;middle&#8221; css=&#8221;.vc_custom_1706800606641{padding-top: 50px !important;padding-bottom: 50px !important;}&#8221;][vc_column width=&#8221;1\/2&#8243;]<div id=\"ultimate-heading-71169ebb48cb4b8c\" class=\"uvc-heading ult-adjust-bottom-margin ultimate-heading-71169ebb48cb4b8c uvc-5710 \" data-hspacer=\"no_spacer\"  data-halign=\"center\" style=\"text-align:center\"><div class=\"uvc-heading-spacer no_spacer\" style=\"top\"><\/div><div class=\"uvc-main-heading ult-responsive\"  data-ultimate-target='.uvc-heading.ultimate-heading-71169ebb48cb4b8c h2'  data-responsive-json-new='{\"font-size\":\"desktop:22px;\",\"line-height\":\"\"}' ><h2 style=\"font-weight:normal;margin-bottom:0px;\">Encontre a nossa equipa de especialistas para aconselhamento personalizado sobre o seu projeto imobili\u00e1rio.<\/h2><\/div><\/div><div class=\"ult-spacer spacer-69ebb48cb4b9d\" data-id=\"69ebb48cb4b9d\" data-height=\"20\" data-height-mobile=\"20\" data-height-tab=\"20\" data-height-tab-portrait=\"\" data-height-mobile-landscape=\"\" style=\"clear:both;display:block;\"><\/div><div id=\"ultimate-heading-795369ebb48cb4bad\" class=\"uvc-heading ult-adjust-bottom-margin ultimate-heading-795369ebb48cb4bad uvc-3984 \" data-hspacer=\"no_spacer\"  data-halign=\"center\" style=\"text-align:center\"><div class=\"uvc-heading-spacer no_spacer\" style=\"top\"><\/div><div class=\"uvc-main-heading ult-responsive\"  data-ultimate-target='.uvc-heading.ultimate-heading-795369ebb48cb4bad h2'  data-responsive-json-new='{\"font-size\":\"desktop:32px;\",\"line-height\":\"\"}' ><h2 style=\"font-weight:bold;margin-bottom:0px;\">Contacte os nossos especialistas agora mesmo.<\/h2><\/div><\/div><div class=\"ult-spacer spacer-69ebb48cb4bbd\" data-id=\"69ebb48cb4bbd\" data-height=\"20\" data-height-mobile=\"20\" data-height-tab=\"20\" data-height-tab-portrait=\"\" data-height-mobile-landscape=\"\" style=\"clear:both;display:block;\"><\/div><div class=\" ult_buttons ubtn-ctn-center \"><a class=\"ubtn-link ult-adjust-bottom-margin ubtn-center ubtn-custom \" href=\"https:\/\/weol.lu\/pt-pt\/contatos\/\" title=\"Contactos\" ><button type=\"button\" id=\"ubtn-7433\"  class=\"ubtn ult-adjust-bottom-margin ult-responsive ubtn-custom ubtn-fade-bg  none  ubtn-shd  ubtn-center  shd-bottom tooltip-69ebb48cb4bce\"  data-hover=\"#ffffff\" data-border-color=\"\" data-bg=\"#e3111e\" data-hover-bg=\"#e3111e\" data-border-hover=\"\" data-shadow-hover=\"0 3px #e3111e;\" data-shadow-click=\"none\" data-shadow=\"0 3px #e3111e;\" data-shd-shadow=\"3\"  data-ultimate-target='#ubtn-7433'  data-responsive-json-new='{\"font-size\":\"desktop:13px;\",\"line-height\":\"\"}'  style=\"font-weight:normal;width:192px;min-height:0px;padding:15px 24px;border:none;box-shadow: 0 3px #e3111e;background: #e3111e;color: #ffffff;\"><span class=\"ubtn-hover\" style=\"background-color:#e3111e\"><\/span><span class=\"ubtn-data ubtn-text \" >Contactos<\/span><\/button><\/a><\/div>[\/vc_column][vc_column width=&#8221;1\/2&#8243;]<div class=\"article_container bottom-estate_agent nobutton \" ><div class=\" ccvagnet col-md-6 listing_wrapper\"> <div class=\"agent_unit\" data-link=\"https:\/\/weol.lu\/pt-pt\/agents\/nuno-oliveira-diretor-da-agencia\/\"> <div class=\"agent-unit-img-wrapper\"> <img decoding=\"async\" width=\"278\" height=\"316\" src=\"https:\/\/weol.lu\/wp-content\/uploads\/2014\/05\/Nuno.jpg\" class=\"lazyload img-responsive wp-post-image\" alt=\"\" srcset=\"https:\/\/weol.lu\/wp-content\/uploads\/2014\/05\/Nuno.jpg 278w, https:\/\/weol.lu\/wp-content\/uploads\/2014\/05\/Nuno-264x300.jpg 264w\" sizes=\"(max-width: 278px) 100vw, 278px\" \/> <\/div> <h4> <a href=\"https:\/\/weol.lu\/pt-pt\/agents\/nuno-oliveira-diretor-da-agencia\/\">Nuno Oliveira<\/a><\/h4> <div class=\"agent_position\">PT | EN | FR<\/div><div class=\"agent_card_content\">Porque para n\u00f3s cada cliente \u00e9 diferente, n\u00f3s oferecemos um servi\u00e7o sob medida para cada u <a href=\"https:\/\/weol.lu\/pt-pt\/agents\/nuno-oliveira-diretor-da-agencia\/\" class=\"unit_more_x\">...<\/a><\/div> <div class=\"agent_unit_social agent_list\"> <div class=\"wpestate_agent_unit_social\"><\/div><div class=\"agent_unit_phone\"><a href=\"tel:+352 43 67 67\" rel=\"noopener\" ><i class=\"fas fa-phone\"><\/i><\/a><\/div><div class=\"agent_unit_email\"><a href=\"mailto:info@weol.lu\" rel=\"noopener\" ><i class=\"fas fa-envelope\"><\/i><\/a><\/div> <\/div> <\/div><\/div> <div class=\" ccvagnet col-md-6 listing_wrapper\"> <div class=\"agent_unit\" data-link=\"https:\/\/weol.lu\/pt-pt\/agents\/brigitte-weirich-diretor-da-agencia\/\"> <div class=\"agent-unit-img-wrapper\"> <img decoding=\"async\" width=\"278\" height=\"316\" src=\"https:\/\/weol.lu\/wp-content\/uploads\/2014\/05\/Brigitte.jpg\" class=\"lazyload img-responsive wp-post-image\" alt=\"\" srcset=\"https:\/\/weol.lu\/wp-content\/uploads\/2014\/05\/Brigitte.jpg 278w, https:\/\/weol.lu\/wp-content\/uploads\/2014\/05\/Brigitte-264x300.jpg 264w\" sizes=\"(max-width: 278px) 100vw, 278px\" \/> <\/div> <h4> <a href=\"https:\/\/weol.lu\/pt-pt\/agents\/brigitte-weirich-diretor-da-agencia\/\">Brigitte Weirich<\/a><\/h4> <div class=\"agent_position\">FR | LU | DE<\/div><div class=\"agent_card_content\">Porque para n\u00f3s cada cliente \u00e9 diferente, n\u00f3s oferecemos um servi\u00e7o sob medida para cada u <a href=\"https:\/\/weol.lu\/pt-pt\/agents\/brigitte-weirich-diretor-da-agencia\/\" class=\"unit_more_x\">...<\/a><\/div> <div class=\"agent_unit_social agent_list\"> <div class=\"wpestate_agent_unit_social\"><\/div><div class=\"agent_unit_phone\"><a href=\"tel:+352 43 67 67\" rel=\"noopener\" ><i class=\"fas fa-phone\"><\/i><\/a><\/div><div class=\"agent_unit_email\"><a href=\"mailto:info@weol.lu\" rel=\"noopener\" ><i class=\"fas fa-envelope\"><\/i><\/a><\/div> <\/div> <\/div><\/div> <\/div>[\/vc_column][\/vc_row][vc_row full_width=&#8221;stretch_row&#8221; gap=&#8221;20&#8243; equal_height=&#8221;yes&#8221; content_placement=&#8221;middle&#8221; parallax=&#8221;content-moving&#8221; css=&#8221;.vc_custom_1706800646654{padding-top: 50px !important;padding-bottom: 50px !important;background-color: #dfdfdf !important;}&#8221;][vc_column width=&#8221;2\/3&#8243;]<div id=\"ultimate-heading-82569ebb48cb4dfd\" class=\"uvc-heading ult-adjust-bottom-margin ultimate-heading-82569ebb48cb4dfd uvc-928 \" data-hspacer=\"no_spacer\"  data-halign=\"center\" style=\"text-align:center\"><div class=\"uvc-heading-spacer no_spacer\" style=\"top\"><\/div><div class=\"uvc-main-heading ult-responsive\"  data-ultimate-target='.uvc-heading.ultimate-heading-82569ebb48cb4dfd h2'  data-responsive-json-new='{\"font-size\":\"desktop:22px;\",\"line-height\":\"\"}' ><h2 style=\"font-weight:normal;margin-bottom:0px;\">Prepare o seu futuro com os nossos simuladores imobili\u00e1rios.<\/h2><\/div><div class=\"uvc-sub-heading ult-responsive\"  data-ultimate-target='.uvc-heading.ultimate-heading-82569ebb48cb4dfd .uvc-sub-heading '  data-responsive-json-new='{\"font-size\":\"desktop:32px;\",\"line-height\":\"\"}'  style=\"font-weight:bold;\">Estime o seu investimento com os nossos simuladores imobili\u00e1rios.<\/div><\/div><div class=\"ult-spacer spacer-69ebb48cb4e11\" data-id=\"69ebb48cb4e11\" data-height=\"20\" data-height-mobile=\"20\" data-height-tab=\"20\" data-height-tab-portrait=\"\" data-height-mobile-landscape=\"\" style=\"clear:both;display:block;\"><\/div><div class=\" ult_buttons ubtn-ctn-center \"><a class=\"ubtn-link ult-adjust-bottom-margin ubtn-center ubtn-custom \" href=\"https:\/\/weol.lu\/pt-pt\/simuladores\/\" title=\"Contactos\" ><button type=\"button\" id=\"ubtn-2414\"  class=\"ubtn ult-adjust-bottom-margin ult-responsive ubtn-custom ubtn-fade-bg  none  ubtn-shd  ubtn-center  shd-bottom tooltip-69ebb48cb4e27\"  data-hover=\"#ffffff\" data-border-color=\"\" data-bg=\"#e3111e\" data-hover-bg=\"#e3111e\" data-border-hover=\"\" data-shadow-hover=\"0 3px #e3111e;\" data-shadow-click=\"none\" data-shadow=\"0 3px #e3111e;\" data-shd-shadow=\"3\"  data-ultimate-target='#ubtn-2414'  data-responsive-json-new='{\"font-size\":\"desktop:13px;\",\"line-height\":\"\"}'  style=\"font-weight:normal;width:192px;min-height:0px;padding:15px 24px;border:none;box-shadow: 0 3px #e3111e;background: #e3111e;color: #ffffff;\"><span class=\"ubtn-hover\" style=\"background-color:#e3111e\"><\/span><span class=\"ubtn-data ubtn-text \" >Simuladores<\/span><\/button><\/a><\/div>[\/vc_column][vc_column width=&#8221;1\/3&#8243;][vc_single_image image=&#8221;28927&#8243; img_size=&#8221;full&#8221;][\/vc_column][\/vc_row][vc_row full_width=&#8221;stretch_row&#8221; gap=&#8221;20&#8243; equal_height=&#8221;yes&#8221; rtl_reverse=&#8221;yes&#8221; content_placement=&#8221;middle&#8221; parallax=&#8221;content-moving&#8221; css=&#8221;.vc_custom_1707330926964{padding-top: 60px !important;padding-bottom: 40px !important;}&#8221;][vc_column width=&#8221;1\/2&#8243;][vc_single_image image=&#8221;27078&#8243; img_size=&#8221;full&#8221;][\/vc_column][vc_column width=&#8221;1\/2&#8243;]<div id=\"ultimate-heading-158869ebb48cb4e48\" class=\"uvc-heading ult-adjust-bottom-margin ultimate-heading-158869ebb48cb4e48 uvc-3356 \" data-hspacer=\"no_spacer\"  data-halign=\"center\" style=\"text-align:center\"><div class=\"uvc-heading-spacer no_spacer\" style=\"top\"><\/div><div class=\"uvc-main-heading ult-responsive\"  data-ultimate-target='.uvc-heading.ultimate-heading-158869ebb48cb4e48 h2'  data-responsive-json-new='{\"font-size\":\"desktop:22px;\",\"line-height\":\"\"}' ><h2 style=\"font-weight:normal;margin-bottom:0px;\">Agende a sua visita online agora com o nosso servi\u00e7o exclusivo e inovador de reserva online.<\/h2><\/div><div class=\"uvc-sub-heading ult-responsive\"  data-ultimate-target='.uvc-heading.ultimate-heading-158869ebb48cb4e48 .uvc-sub-heading '  data-responsive-json-new='{\"font-size\":\"desktop:32px;\",\"line-height\":\"\"}'  style=\"font-weight:bold;\">Agende a Sua Visita Agora.<\/div><\/div><div class=\"ult-spacer spacer-69ebb48cb4e58\" data-id=\"69ebb48cb4e58\" data-height=\"20\" data-height-mobile=\"20\" data-height-tab=\"20\" data-height-tab-portrait=\"\" data-height-mobile-landscape=\"\" style=\"clear:both;display:block;\"><\/div><div class=\" ult_buttons ubtn-ctn-center \"><a class=\"ubtn-link ult-adjust-bottom-margin ubtn-center ubtn-custom \" href=\"https:\/\/book.timify.com\/services?accountId=5e130e35fefddd11d774a9e3&hideCloseButton=true\" title=\"Agendar\" target=\"_blank\" rel=\"noopener\" ><button type=\"button\" id=\"ubtn-7330\"  class=\"ubtn ult-adjust-bottom-margin ult-responsive ubtn-custom ubtn-fade-bg  none  ubtn-shd  ubtn-center  shd-bottom tooltip-69ebb48cb4e68\"  data-hover=\"#ffffff\" data-border-color=\"\" data-bg=\"#e3111e\" data-hover-bg=\"#e3111e\" data-border-hover=\"\" data-shadow-hover=\"0 3px #e3111e;\" data-shadow-click=\"none\" data-shadow=\"0 3px #e3111e;\" data-shd-shadow=\"3\"  data-ultimate-target='#ubtn-7330'  data-responsive-json-new='{\"font-size\":\"desktop:13px;\",\"line-height\":\"\"}'  style=\"font-weight:normal;width:192px;min-height:0px;padding:15px 24px;border:none;box-shadow: 0 3px #e3111e;background: #e3111e;color: #ffffff;\"><span class=\"ubtn-hover\" style=\"background-color:#e3111e\"><\/span><span class=\"ubtn-data ubtn-text \" >Agendar Visita<\/span><\/button><\/a><\/div>[\/vc_column][\/vc_row]<\/p>\n<\/div>","protected":false},"excerpt":{"rendered":"<p>[vc_row full_width=&#8221;stretch_row&#8221; content_placement=&#8221;middle&#8221; css=&#8221;.vc_custom_1712708881103{padding-top: 50px !important;padding-bottom: 40px !important;background-color: #ffffff !important;}&#8221;][vc_column css=&#8221;.vc_custom_1704360851136{margin-top: 0px !important;margin-bottom: 0px !important;padding-top: 0px !important;padding-bottom: 0px !important;}&#8221;][vc_column_text] Explore o cora\u00e7\u00e3o do mercado imobili\u00e1rio luxemburgu\u00eas com o nosso mapa interativo GEO. [\/vc_column_text][vc_column_text] Visualize em tempo real a evolu\u00e7\u00e3o das oportunidades em Luxemburgo-Cidade e nos seus bairros din\u00e2micos. Descubra facilmente a varia\u00e7\u00e3o percentual dos pre\u00e7os imobili\u00e1rios em todo o Luxemburgo e encontre o local &#8230;<\/p>\n","protected":false},"author":1,"featured_media":0,"parent":0,"menu_order":0,"comment_status":"closed","ping_status":"closed","template":"","meta":{"footnotes":""},"yoast_head":"<!-- This site is optimized with the Yoast SEO plugin v22.5 - https:\/\/yoast.com\/wordpress\/plugins\/seo\/ -->\n<title>Imobili\u00e1rias Luxemburgo - Venda e Aluguer de Casas - Weol Immobili\u00e8re<\/title>\n<meta name=\"description\" content=\"Venda e Aluguer de Casas, Andares, Terrenos, Armaz\u00e9ns e Escrit\u00f3rios em Luxemburgo. Imobili\u00e1rias Luxemburgo. Podemos ajud\u00e1-lo a encontrar o que procura!\" \/>\n<meta name=\"robots\" content=\"index, follow, max-snippet:-1, max-image-preview:large, max-video-preview:-1\" \/>\n<link rel=\"canonical\" href=\"https:\/\/weol.lu\/pt-pt\/\" \/>\n<meta property=\"og:locale\" content=\"pt_PT\" \/>\n<meta property=\"og:type\" content=\"article\" \/>\n<meta property=\"og:title\" content=\"Imobili\u00e1rias Luxemburgo - Venda e Aluguer de Casas - Weol Immobili\u00e8re\" \/>\n<meta property=\"og:description\" content=\"Venda e Aluguer de Casas, Andares, Terrenos, Armaz\u00e9ns e Escrit\u00f3rios em Luxemburgo. Imobili\u00e1rias Luxemburgo. Podemos ajud\u00e1-lo a encontrar o que procura!\" \/>\n<meta property=\"og:url\" content=\"https:\/\/weol.lu\/pt-pt\/\" \/>\n<meta property=\"og:site_name\" content=\"Weol Immobili\u00e8re\" \/>\n<meta property=\"article:modified_time\" content=\"2024-04-10T00:28:04+00:00\" \/>\n<meta property=\"og:image\" content=\"https:\/\/weol.lu\/wp-content\/uploads\/2021\/05\/logo-weol-1.png\" \/>\n\t<meta property=\"og:image:width\" content=\"432\" \/>\n\t<meta property=\"og:image:height\" content=\"270\" \/>\n\t<meta property=\"og:image:type\" content=\"image\/png\" \/>\n<meta name=\"twitter:card\" content=\"summary_large_image\" \/>\n<meta name=\"twitter:label1\" content=\"Tempo estimado de leitura\" \/>\n\t<meta name=\"twitter:data1\" content=\"3 minutes\" \/>\n<script type=\"application\/ld+json\" class=\"yoast-schema-graph\">{\"@context\":\"https:\/\/schema.org\",\"@graph\":[{\"@type\":\"WebPage\",\"@id\":\"https:\/\/weol.lu\/pt-pt\/\",\"url\":\"https:\/\/weol.lu\/pt-pt\/\",\"name\":\"Imobili\u00e1rias Luxemburgo - Venda e Aluguer de Casas - Weol Immobili\u00e8re\",\"isPartOf\":{\"@id\":\"https:\/\/weol.lu\/pt-pt\/#website\"},\"datePublished\":\"2023-12-26T11:19:57+00:00\",\"dateModified\":\"2024-04-10T00:28:04+00:00\",\"description\":\"Venda e Aluguer de Casas, Andares, Terrenos, Armaz\u00e9ns e Escrit\u00f3rios em Luxemburgo. Imobili\u00e1rias Luxemburgo. Podemos ajud\u00e1-lo a encontrar o que procura!\",\"inLanguage\":\"pt-PT\",\"potentialAction\":[{\"@type\":\"ReadAction\",\"target\":[\"https:\/\/weol.lu\/pt-pt\/\"]}]},{\"@type\":\"WebSite\",\"@id\":\"https:\/\/weol.lu\/pt-pt\/#website\",\"url\":\"https:\/\/weol.lu\/pt-pt\/\",\"name\":\"Weol Immobili\u00e8re\",\"description\":\"Immobili\u00e8re Agence\",\"potentialAction\":[{\"@type\":\"SearchAction\",\"target\":{\"@type\":\"EntryPoint\",\"urlTemplate\":\"https:\/\/weol.lu\/pt-pt\/?s={search_term_string}\"},\"query-input\":\"required name=search_term_string\"}],\"inLanguage\":\"pt-PT\"}]}<\/script>\n<!-- \/ Yoast SEO plugin. -->","yoast_head_json":{"title":"Imobili\u00e1rias Luxemburgo - Venda e Aluguer de Casas - Weol Immobili\u00e8re","description":"Venda e Aluguer de Casas, Andares, Terrenos, Armaz\u00e9ns e Escrit\u00f3rios em Luxemburgo. Imobili\u00e1rias Luxemburgo. Podemos ajud\u00e1-lo a encontrar o que procura!","robots":{"index":"index","follow":"follow","max-snippet":"max-snippet:-1","max-image-preview":"max-image-preview:large","max-video-preview":"max-video-preview:-1"},"canonical":"https:\/\/weol.lu\/pt-pt\/","og_locale":"pt_PT","og_type":"article","og_title":"Imobili\u00e1rias Luxemburgo - Venda e Aluguer de Casas - Weol Immobili\u00e8re","og_description":"Venda e Aluguer de Casas, Andares, Terrenos, Armaz\u00e9ns e Escrit\u00f3rios em Luxemburgo. Imobili\u00e1rias Luxemburgo. Podemos ajud\u00e1-lo a encontrar o que procura!","og_url":"https:\/\/weol.lu\/pt-pt\/","og_site_name":"Weol Immobili\u00e8re","article_modified_time":"2024-04-10T00:28:04+00:00","og_image":[{"width":432,"height":270,"url":"https:\/\/weol.lu\/wp-content\/uploads\/2021\/05\/logo-weol-1.png","type":"image\/png"}],"twitter_card":"summary_large_image","twitter_misc":{"Tempo estimado de leitura":"3 minutes"},"schema":{"@context":"https:\/\/schema.org","@graph":[{"@type":"WebPage","@id":"https:\/\/weol.lu\/pt-pt\/","url":"https:\/\/weol.lu\/pt-pt\/","name":"Imobili\u00e1rias Luxemburgo - Venda e Aluguer de Casas - Weol Immobili\u00e8re","isPartOf":{"@id":"https:\/\/weol.lu\/pt-pt\/#website"},"datePublished":"2023-12-26T11:19:57+00:00","dateModified":"2024-04-10T00:28:04+00:00","description":"Venda e Aluguer de Casas, Andares, Terrenos, Armaz\u00e9ns e Escrit\u00f3rios em Luxemburgo. Imobili\u00e1rias Luxemburgo. Podemos ajud\u00e1-lo a encontrar o que procura!","inLanguage":"pt-PT","potentialAction":[{"@type":"ReadAction","target":["https:\/\/weol.lu\/pt-pt\/"]}]},{"@type":"WebSite","@id":"https:\/\/weol.lu\/pt-pt\/#website","url":"https:\/\/weol.lu\/pt-pt\/","name":"Weol Immobili\u00e8re","description":"Immobili\u00e8re Agence","potentialAction":[{"@type":"SearchAction","target":{"@type":"EntryPoint","urlTemplate":"https:\/\/weol.lu\/pt-pt\/?s={search_term_string}"},"query-input":"required name=search_term_string"}],"inLanguage":"pt-PT"}]}},"_links":{"self":[{"href":"https:\/\/weol.lu\/pt-pt\/wp-json\/wp\/v2\/pages\/28840"}],"collection":[{"href":"https:\/\/weol.lu\/pt-pt\/wp-json\/wp\/v2\/pages"}],"about":[{"href":"https:\/\/weol.lu\/pt-pt\/wp-json\/wp\/v2\/types\/page"}],"author":[{"embeddable":true,"href":"https:\/\/weol.lu\/pt-pt\/wp-json\/wp\/v2\/users\/1"}],"replies":[{"embeddable":true,"href":"https:\/\/weol.lu\/pt-pt\/wp-json\/wp\/v2\/comments?post=28840"}],"version-history":[{"count":1,"href":"https:\/\/weol.lu\/pt-pt\/wp-json\/wp\/v2\/pages\/28840\/revisions"}],"predecessor-version":[{"id":29647,"href":"https:\/\/weol.lu\/pt-pt\/wp-json\/wp\/v2\/pages\/28840\/revisions\/29647"}],"wp:attachment":[{"href":"https:\/\/weol.lu\/pt-pt\/wp-json\/wp\/v2\/media?parent=28840"}],"curies":[{"name":"wp","href":"https:\/\/api.w.org\/{rel}","templated":true}]}}