{"id":29047,"date":"2024-02-01T15:50:38","date_gmt":"2024-02-01T15:50:38","guid":{"rendered":"https:\/\/weol.lu\/?page_id=29047"},"modified":"2024-02-27T11:49:23","modified_gmt":"2024-02-27T11:49:23","slug":"evolucao-preco-de-venda-alugueres-luxemburgo","status":"publish","type":"page","link":"https:\/\/weol.lu\/pt-pt\/evolucao-preco-de-venda-alugueres-luxemburgo\/","title":{"rendered":"Pre\u00e7os e alugueres em Luxemburgo: Uma vis\u00e3o detalhada por comuna e bairro"},"content":{"rendered":"<div class=\"wpb-content-wrapper\"><p>[vc_row css=&#8221;.vc_custom_1707484069024{margin-bottom: 20px !important;}&#8221;][vc_column]<div id=\"ultimate-heading-726369d7dd8aa8cf2\" class=\"uvc-heading ult-adjust-bottom-margin ultimate-heading-726369d7dd8aa8cf2 uvc-6578 \" data-hspacer=\"no_spacer\"  data-halign=\"left\" style=\"text-align:left\"><div class=\"uvc-heading-spacer no_spacer\" style=\"top\"><\/div><div class=\"uvc-main-heading ult-responsive\"  data-ultimate-target='.uvc-heading.ultimate-heading-726369d7dd8aa8cf2 h1'  data-responsive-json-new='{\"font-size\":\"\",\"line-height\":\"\"}' ><h1 style=\"font-weight:normal;\">Pre\u00e7os e alugueres em Luxemburgo: Uma vis\u00e3o detalhada por comuna e bairro<\/h1><\/div><\/div>[vc_column_text css=&#8221;.vc_custom_1707484093334{margin-top: 20px !important;}&#8221;]Bem-vindo \u00e0 nossa p\u00e1gina dedicada a \u201cPre\u00e7os e Alugueres em Luxemburgo\u201d. Aqui, voc\u00ea encontrar\u00e1 informa\u00e7\u00f5es atualizadas e detalhadas sobre as tend\u00eancias dos pre\u00e7os de venda e dos alugueres em diferentes comunas e bairros do Luxemburgo. Seja voc\u00ea um futuro propriet\u00e1rio, investidor ou inquilino, estes gr\u00e1ficos fornecer\u00e3o insights valiosos para suas decis\u00f5es imobili\u00e1rias.[\/vc_column_text][\/vc_column][\/vc_row][vc_row css=&#8221;.vc_custom_1709032201764{padding-bottom: 40px !important;}&#8221;][vc_column width=&#8221;1\/3&#8243; css=&#8221;.vc_custom_1707481951130{margin-top: 0px !important;margin-right: 0px !important;margin-bottom: 0px !important;margin-left: 0px !important;}&#8221;][vc_row_inner el_class=&#8221;tamanho&#8221;][vc_column_inner][vc_single_image image=&#8221;29057&#8243; img_size=&#8221;full&#8221; alignment=&#8221;center&#8221; onclick=&#8221;custom_link&#8221; link=&#8221;https:\/\/weol.lu\/pt-pt\/precos-registrados\/&#8221;][vc_column_text css=&#8221;.vc_custom_1707489637491{margin-top: 0px !important;margin-bottom: 0px !important;}&#8221;]<\/p>\n<h4 style=\"text-align: center;\"><a href=\"https:\/\/weol.lu\/pt-pt\/precos-registrados\/\">Pre\u00e7os registados<\/a><\/h4>\n<p style=\"text-align: justify;\">Descubra como os pre\u00e7os de venda evolu\u00edram ao longo do tempo, oferecendo uma perspectiva hist\u00f3rica das tend\u00eancias do mercado imobili\u00e1rio luxemburgu\u00eas.<\/p>\n<p>[\/vc_column_text][\/vc_column_inner][\/vc_row_inner]<div class=\" vc_custom_1707484868421 ult_buttons ubtn-ctn-center \"><a class=\"ubtn-link ult-adjust-bottom-margin ubtn-center ubtn-custom \" href=\"https:\/\/weol.lu\/pt-pt\/precos-registrados\/\" ><button type=\"button\" id=\"ubtn-2828\"  class=\"ubtn ult-adjust-bottom-margin ult-responsive ubtn-custom ubtn-fade-bg  none  ubtn-shd  ubtn-center  shd-bottom tooltip-69d7dd8aa8d27\"  data-hover=\"\" data-border-color=\"\" data-bg=\"#e3111e\" data-hover-bg=\"\" data-border-hover=\"\" data-shadow-hover=\"0 3px #e3111e;\" data-shadow-click=\"none\" data-shadow=\"0 3px #e3111e;\" data-shd-shadow=\"3\"  data-ultimate-target='#ubtn-2828'  data-responsive-json-new='{\"font-size\":\"desktop:13px;\",\"line-height\":\"\"}'  style=\"font-weight:normal;width:120px;min-height:0px;padding:15px 24px;border:none;box-shadow: 0 3px #e3111e;background: #e3111e;color: #ffffff;\"><span class=\"ubtn-hover\" style=\"background-color:\"><\/span><span class=\"ubtn-data ubtn-text \" >Ver mais<\/span><\/button><\/a><\/div>[\/vc_column][vc_column width=&#8221;1\/3&#8243;][vc_row_inner el_class=&#8221;tamanho&#8221;][vc_column_inner][vc_single_image image=&#8221;29057&#8243; img_size=&#8221;full&#8221; alignment=&#8221;center&#8221; onclick=&#8221;custom_link&#8221; link=&#8221;https:\/\/weol.lu\/pt-pt\/precos-anunciados\/&#8221;][vc_column_text css=&#8221;.vc_custom_1707489658659{margin-top: 10px !important;margin-bottom: 0px !important;}&#8221;]<\/p>\n<h4 style=\"text-align: center;\"><a href=\"https:\/\/weol.lu\/pt-pt\/precos-anunciados\/\">Pre\u00e7os anunciados<\/a><\/h4>\n<p style=\"text-align: justify;\">Compare os pre\u00e7os anunciados com os pre\u00e7os de venda reais para entender a discrep\u00e2ncia entre as expectativas dos vendedores e as transa\u00e7\u00f5es finais.<\/p>\n<p>[\/vc_column_text][\/vc_column_inner][\/vc_row_inner]<div class=\" vc_custom_1707484875377 ult_buttons ubtn-ctn-center \"><a class=\"ubtn-link ult-adjust-bottom-margin ubtn-center ubtn-custom \" href=\"https:\/\/weol.lu\/pt-pt\/precos-anunciados\/\" ><button type=\"button\" id=\"ubtn-6795\"  class=\"ubtn ult-adjust-bottom-margin ult-responsive ubtn-custom ubtn-fade-bg  none  ubtn-shd  ubtn-center  shd-bottom tooltip-69d7dd8aa8d7c\"  data-hover=\"\" data-border-color=\"\" data-bg=\"#e3111e\" data-hover-bg=\"\" data-border-hover=\"\" data-shadow-hover=\"0 3px #e3111e;\" data-shadow-click=\"none\" data-shadow=\"0 3px #e3111e;\" data-shd-shadow=\"3\"  data-ultimate-target='#ubtn-6795'  data-responsive-json-new='{\"font-size\":\"desktop:13px;\",\"line-height\":\"\"}'  style=\"font-weight:normal;width:120px;min-height:0px;padding:15px 24px;border:none;box-shadow: 0 3px #e3111e;background: #e3111e;color: #ffffff;\"><span class=\"ubtn-hover\" style=\"background-color:\"><\/span><span class=\"ubtn-data ubtn-text \" >Ver mais<\/span><\/button><\/a><\/div>[\/vc_column][vc_column width=&#8221;1\/3&#8243;][vc_row_inner el_class=&#8221;tamanho&#8221;][vc_column_inner][vc_single_image image=&#8221;29057&#8243; img_size=&#8221;full&#8221; alignment=&#8221;center&#8221; onclick=&#8221;custom_link&#8221; link=&#8221;https:\/\/weol.lu\/pt-pt\/alugueres-anunciados\/&#8221;][vc_column_text css=&#8221;.vc_custom_1707489669769{margin-top: 10px !important;margin-bottom: 0px !important;}&#8221;]<\/p>\n<h4 style=\"text-align: center;\"><a href=\"https:\/\/weol.lu\/pt-pt\/alugueres-anunciados\/\">Alugueres anunciados <\/a><\/h4>\n<p style=\"text-align: justify;\">Evolu\u00e7\u00e3o dos Alugu\u00e9is Anunciados: Os alugu\u00e9is s\u00e3o um indicador chave do mercado imobili\u00e1rio, especialmente para investidores e inquilinos. Explore como os alugu\u00e9is mudaram no Luxemburgo, com um foco particular nas varia\u00e7\u00f5es por bairro.<\/p>\n<p>[\/vc_column_text][\/vc_column_inner][\/vc_row_inner]<div class=\" vc_custom_1707484884007 ult_buttons ubtn-ctn-center \"><a class=\"ubtn-link ult-adjust-bottom-margin ubtn-center ubtn-custom \" href=\"https:\/\/weol.lu\/pt-pt\/alugueres-anunciados\/\" ><button type=\"button\" id=\"ubtn-5032\"  class=\"ubtn ult-adjust-bottom-margin ult-responsive ubtn-custom ubtn-fade-bg  none  ubtn-shd  ubtn-center  shd-bottom tooltip-69d7dd8aa8da1\"  data-hover=\"\" data-border-color=\"\" data-bg=\"#e3111e\" data-hover-bg=\"\" data-border-hover=\"\" data-shadow-hover=\"0 3px #e3111e;\" data-shadow-click=\"none\" data-shadow=\"0 3px #e3111e;\" data-shd-shadow=\"3\"  data-ultimate-target='#ubtn-5032'  data-responsive-json-new='{\"font-size\":\"desktop:13px;\",\"line-height\":\"\"}'  style=\"font-weight:normal;width:120px;min-height:0px;padding:15px 24px;border:none;box-shadow: 0 3px #e3111e;background: #e3111e;color: #ffffff;\"><span class=\"ubtn-hover\" style=\"background-color:\"><\/span><span class=\"ubtn-data ubtn-text \" >Ver mais<\/span><\/button><\/a><\/div>[\/vc_column][\/vc_row][vc_row full_width=&#8221;stretch_row&#8221; content_placement=&#8221;top&#8221; parallax=&#8221;content-moving&#8221; parallax_image=&#8221;29272&#8243; parallax_speed_bg=&#8221;2.5&#8243; css=&#8221;.vc_custom_1708625096872{padding-top: 110px !important;padding-bottom: 140px !important;background-position: center;background-repeat: no-repeat !important;background-size: contain !important;}&#8221;][vc_column]<div id=\"ultimate-heading-621669d7dd8aa8dc2\" class=\"uvc-heading ult-adjust-bottom-margin ultimate-heading-621669d7dd8aa8dc2 uvc-8373 \" data-hspacer=\"no_spacer\"  data-halign=\"center\" style=\"text-align:center\"><div class=\"uvc-heading-spacer no_spacer\" style=\"top\"><\/div><div class=\"uvc-main-heading ult-responsive\"  data-ultimate-target='.uvc-heading.ultimate-heading-621669d7dd8aa8dc2 h3'  data-responsive-json-new='{\"font-size\":\"\",\"line-height\":\"\"}' ><h3 style=\"font-weight:normal;color:#ffffff;\">A nossa an\u00e1lise da evolu\u00e7\u00e3o dos pre\u00e7os de venda e dos alugueres em Luxemburgo visa fornecer-lhe dados confi\u00e1veis e uma compreens\u00e3o profunda do mercado. Se o seu objetivo \u00e9 comprar a sua primeira casa, investir em im\u00f3veis ou simplesmente manter-se informado, a Weol Imobili\u00e1ria est\u00e1 aqui para apoi\u00e1-lo em cada passo.<\/h3><\/div><\/div>[\/vc_column][\/vc_row][vc_row full_width=&#8221;stretch_row&#8221; css=&#8221;.vc_custom_1707507006715{padding-top: 50px !important;padding-bottom: 50px !important;}&#8221;][vc_column][vc_raw_html]JTNDaDQlM0VQcm9udG8lMjBwYXJhJTIwZGFyJTIwbyUyMHByJUMzJUIzeGltbyUyMHBhc3NvJTNGJTNDJTJGaDQlM0UlMEFDb250YWN0ZS1ub3MlMjBwYXJhJTIwdW1hJTIwY29uc3VsdGElMjBwZXJzb25hbGl6YWRhJTIwb3UlMjBwYXJhJTIwbWFpcyUyMGluZm9ybWElQzMlQTclQzMlQjVlcyUyMHNvYnJlJTIwYXMlMjB0ZW5kJUMzJUFBbmNpYXMlMjBkbyUyMG1lcmNhZG8lMjBpbW9iaWxpJUMzJUExcmlvJTIwbHV4ZW1idXJndSVDMyVBQXMuJTNDYnIlM0UlM0NiciUzRSUwQSU1QmNvbnRhY3QtZm9ybS03JTIwaWQlM0QlMjIyMjcwMSUyMiUyMHRpdGxlJTNEJTIyQ29udGFjdG8lMjAlMjhQVCUyOSUyMiU1RCUwQQ==[\/vc_raw_html][\/vc_column][\/vc_row]<\/p>\n<\/div>","protected":false},"excerpt":{"rendered":"<p>[vc_row css=&#8221;.vc_custom_1707484069024{margin-bottom: 20px !important;}&#8221;][vc_column][vc_column_text css=&#8221;.vc_custom_1707484093334{margin-top: 20px !important;}&#8221;]Bem-vindo \u00e0 nossa p\u00e1gina dedicada a \u201cPre\u00e7os e Alugueres em Luxemburgo\u201d. Aqui, voc\u00ea encontrar\u00e1 informa\u00e7\u00f5es atualizadas e detalhadas sobre as tend\u00eancias dos pre\u00e7os de venda e dos alugueres em diferentes comunas e bairros do Luxemburgo. Seja voc\u00ea um futuro propriet\u00e1rio, investidor ou inquilino, estes gr\u00e1ficos fornecer\u00e3o insights valiosos para suas decis\u00f5es imobili\u00e1rias.[\/vc_column_text][\/vc_column][\/vc_row][vc_row css=&#8221;.vc_custom_1709032201764{padding-bottom: 40px !important;}&#8221;][vc_column width=&#8221;1\/3&#8243; css=&#8221;.vc_custom_1707481951130{margin-top: 0px &#8230;<\/p>\n","protected":false},"author":1,"featured_media":0,"parent":0,"menu_order":0,"comment_status":"closed","ping_status":"closed","template":"","meta":{"footnotes":""},"yoast_head":"<!-- This site is optimized with the Yoast SEO plugin v22.5 - https:\/\/yoast.com\/wordpress\/plugins\/seo\/ -->\n<title>Pre\u00e7os e alugueres em Luxemburgo: Uma vis\u00e3o detalhada por comuna e bairro - Weol Immobili\u00e8re<\/title>\n<meta name=\"robots\" content=\"index, follow, max-snippet:-1, max-image-preview:large, max-video-preview:-1\" \/>\n<link rel=\"canonical\" href=\"https:\/\/weol.lu\/pt-pt\/evolucao-preco-de-venda-alugueres-luxemburgo\/\" \/>\n<meta property=\"og:locale\" content=\"pt_PT\" \/>\n<meta property=\"og:type\" content=\"article\" \/>\n<meta property=\"og:title\" content=\"Pre\u00e7os e alugueres em Luxemburgo: Uma vis\u00e3o detalhada por comuna e bairro - Weol Immobili\u00e8re\" \/>\n<meta property=\"og:description\" content=\"[vc_row css=&#8221;.vc_custom_1707484069024{margin-bottom: 20px !important;}&#8221;][vc_column][vc_column_text css=&#8221;.vc_custom_1707484093334{margin-top: 20px !important;}&#8221;]Bem-vindo \u00e0 nossa p\u00e1gina dedicada a \u201cPre\u00e7os e Alugueres em Luxemburgo\u201d. Aqui, voc\u00ea encontrar\u00e1 informa\u00e7\u00f5es atualizadas e detalhadas sobre as tend\u00eancias dos pre\u00e7os de venda e dos alugueres em diferentes comunas e bairros do Luxemburgo. Seja voc\u00ea um futuro propriet\u00e1rio, investidor ou inquilino, estes gr\u00e1ficos fornecer\u00e3o insights valiosos para suas decis\u00f5es imobili\u00e1rias.[\/vc_column_text][\/vc_column][\/vc_row][vc_row css=&#8221;.vc_custom_1709032201764{padding-bottom: 40px !important;}&#8221;][vc_column width=&#8221;1\/3&#8243; css=&#8221;.vc_custom_1707481951130{margin-top: 0px ...\" \/>\n<meta property=\"og:url\" content=\"https:\/\/weol.lu\/pt-pt\/evolucao-preco-de-venda-alugueres-luxemburgo\/\" \/>\n<meta property=\"og:site_name\" content=\"Weol Immobili\u00e8re\" \/>\n<meta property=\"article:modified_time\" content=\"2024-02-27T11:49:23+00:00\" \/>\n<meta property=\"og:image\" content=\"https:\/\/weol.lu\/wp-content\/uploads\/2021\/05\/logo-weol-1.png\" \/>\n\t<meta property=\"og:image:width\" content=\"432\" \/>\n\t<meta property=\"og:image:height\" content=\"270\" \/>\n\t<meta property=\"og:image:type\" content=\"image\/png\" \/>\n<meta name=\"twitter:card\" content=\"summary_large_image\" \/>\n<meta name=\"twitter:label1\" content=\"Tempo estimado de leitura\" \/>\n\t<meta name=\"twitter:data1\" content=\"2 minutes\" \/>\n<script type=\"application\/ld+json\" class=\"yoast-schema-graph\">{\"@context\":\"https:\/\/schema.org\",\"@graph\":[{\"@type\":\"WebPage\",\"@id\":\"https:\/\/weol.lu\/pt-pt\/evolucao-preco-de-venda-alugueres-luxemburgo\/\",\"url\":\"https:\/\/weol.lu\/pt-pt\/evolucao-preco-de-venda-alugueres-luxemburgo\/\",\"name\":\"Pre\u00e7os e alugueres em Luxemburgo: Uma vis\u00e3o detalhada por comuna e bairro - Weol Immobili\u00e8re\",\"isPartOf\":{\"@id\":\"https:\/\/weol.lu\/pt-pt\/#website\"},\"datePublished\":\"2024-02-01T15:50:38+00:00\",\"dateModified\":\"2024-02-27T11:49:23+00:00\",\"inLanguage\":\"pt-PT\",\"potentialAction\":[{\"@type\":\"ReadAction\",\"target\":[\"https:\/\/weol.lu\/pt-pt\/evolucao-preco-de-venda-alugueres-luxemburgo\/\"]}]},{\"@type\":\"WebSite\",\"@id\":\"https:\/\/weol.lu\/pt-pt\/#website\",\"url\":\"https:\/\/weol.lu\/pt-pt\/\",\"name\":\"Weol Immobili\u00e8re\",\"description\":\"Immobili\u00e8re Agence\",\"potentialAction\":[{\"@type\":\"SearchAction\",\"target\":{\"@type\":\"EntryPoint\",\"urlTemplate\":\"https:\/\/weol.lu\/pt-pt\/?s={search_term_string}\"},\"query-input\":\"required name=search_term_string\"}],\"inLanguage\":\"pt-PT\"}]}<\/script>\n<!-- \/ Yoast SEO plugin. -->","yoast_head_json":{"title":"Pre\u00e7os e alugueres em Luxemburgo: Uma vis\u00e3o detalhada por comuna e bairro - Weol Immobili\u00e8re","robots":{"index":"index","follow":"follow","max-snippet":"max-snippet:-1","max-image-preview":"max-image-preview:large","max-video-preview":"max-video-preview:-1"},"canonical":"https:\/\/weol.lu\/pt-pt\/evolucao-preco-de-venda-alugueres-luxemburgo\/","og_locale":"pt_PT","og_type":"article","og_title":"Pre\u00e7os e alugueres em Luxemburgo: Uma vis\u00e3o detalhada por comuna e bairro - Weol Immobili\u00e8re","og_description":"[vc_row css=&#8221;.vc_custom_1707484069024{margin-bottom: 20px !important;}&#8221;][vc_column][vc_column_text css=&#8221;.vc_custom_1707484093334{margin-top: 20px !important;}&#8221;]Bem-vindo \u00e0 nossa p\u00e1gina dedicada a \u201cPre\u00e7os e Alugueres em Luxemburgo\u201d. Aqui, voc\u00ea encontrar\u00e1 informa\u00e7\u00f5es atualizadas e detalhadas sobre as tend\u00eancias dos pre\u00e7os de venda e dos alugueres em diferentes comunas e bairros do Luxemburgo. Seja voc\u00ea um futuro propriet\u00e1rio, investidor ou inquilino, estes gr\u00e1ficos fornecer\u00e3o insights valiosos para suas decis\u00f5es imobili\u00e1rias.[\/vc_column_text][\/vc_column][\/vc_row][vc_row css=&#8221;.vc_custom_1709032201764{padding-bottom: 40px !important;}&#8221;][vc_column width=&#8221;1\/3&#8243; css=&#8221;.vc_custom_1707481951130{margin-top: 0px ...","og_url":"https:\/\/weol.lu\/pt-pt\/evolucao-preco-de-venda-alugueres-luxemburgo\/","og_site_name":"Weol Immobili\u00e8re","article_modified_time":"2024-02-27T11:49:23+00:00","og_image":[{"width":432,"height":270,"url":"https:\/\/weol.lu\/wp-content\/uploads\/2021\/05\/logo-weol-1.png","type":"image\/png"}],"twitter_card":"summary_large_image","twitter_misc":{"Tempo estimado de leitura":"2 minutes"},"schema":{"@context":"https:\/\/schema.org","@graph":[{"@type":"WebPage","@id":"https:\/\/weol.lu\/pt-pt\/evolucao-preco-de-venda-alugueres-luxemburgo\/","url":"https:\/\/weol.lu\/pt-pt\/evolucao-preco-de-venda-alugueres-luxemburgo\/","name":"Pre\u00e7os e alugueres em Luxemburgo: Uma vis\u00e3o detalhada por comuna e bairro - Weol Immobili\u00e8re","isPartOf":{"@id":"https:\/\/weol.lu\/pt-pt\/#website"},"datePublished":"2024-02-01T15:50:38+00:00","dateModified":"2024-02-27T11:49:23+00:00","inLanguage":"pt-PT","potentialAction":[{"@type":"ReadAction","target":["https:\/\/weol.lu\/pt-pt\/evolucao-preco-de-venda-alugueres-luxemburgo\/"]}]},{"@type":"WebSite","@id":"https:\/\/weol.lu\/pt-pt\/#website","url":"https:\/\/weol.lu\/pt-pt\/","name":"Weol Immobili\u00e8re","description":"Immobili\u00e8re Agence","potentialAction":[{"@type":"SearchAction","target":{"@type":"EntryPoint","urlTemplate":"https:\/\/weol.lu\/pt-pt\/?s={search_term_string}"},"query-input":"required name=search_term_string"}],"inLanguage":"pt-PT"}]}},"_links":{"self":[{"href":"https:\/\/weol.lu\/pt-pt\/wp-json\/wp\/v2\/pages\/29047"}],"collection":[{"href":"https:\/\/weol.lu\/pt-pt\/wp-json\/wp\/v2\/pages"}],"about":[{"href":"https:\/\/weol.lu\/pt-pt\/wp-json\/wp\/v2\/types\/page"}],"author":[{"embeddable":true,"href":"https:\/\/weol.lu\/pt-pt\/wp-json\/wp\/v2\/users\/1"}],"replies":[{"embeddable":true,"href":"https:\/\/weol.lu\/pt-pt\/wp-json\/wp\/v2\/comments?post=29047"}],"version-history":[{"count":0,"href":"https:\/\/weol.lu\/pt-pt\/wp-json\/wp\/v2\/pages\/29047\/revisions"}],"wp:attachment":[{"href":"https:\/\/weol.lu\/pt-pt\/wp-json\/wp\/v2\/media?parent=29047"}],"curies":[{"name":"wp","href":"https:\/\/api.w.org\/{rel}","templated":true}]}}