{"id":29329,"date":"2024-02-27T14:47:47","date_gmt":"2024-02-27T14:47:47","guid":{"rendered":"https:\/\/weol.lu\/?page_id=29329"},"modified":"2024-04-22T12:59:56","modified_gmt":"2024-04-22T12:59:56","slug":"realizacoes-imobiliarias","status":"publish","type":"page","link":"https:\/\/weol.lu\/pt-pt\/realizacoes-imobiliarias\/","title":{"rendered":"Realiza\u00e7\u00f5es imobili\u00e1rias"},"content":{"rendered":"<div class=\"wpb-content-wrapper\"><p>[vc_row][vc_column][vc_column_text]Bem-vindo ao <strong>espa\u00e7o de sucessos<\/strong> da Weol Imobili\u00e1ria, uma montra da nossa expertise no mercado imobili\u00e1rio luxemburgu\u00eas. Cada transa\u00e7\u00e3o conclu\u00edda pela nossa ag\u00eancia \u00e9 o resultado de uma <strong>estrat\u00e9gia personalizada<\/strong> e de um entendimento <strong>profundo<\/strong> das aspira\u00e7\u00f5es dos nossos clientes, refletindo a nossa capacidade de transformar <strong>vis\u00f5es em realidade<\/strong>.<\/p>\n<p>Explore a nossa sele\u00e7\u00e3o de propriedades <strong>vendidas<\/strong>, de <strong>vilas a apartamentos modernos<\/strong>, cada uma testemunhando o nosso compromisso inabal\u00e1vel em tornar <strong>sonhos imobili\u00e1rios em realidade<\/strong>. Estas <strong>realiza\u00e7\u00f5es<\/strong> sublinham a nossa <strong>paix\u00e3o pelo imobili\u00e1rio<\/strong> e o nosso empenho em fornecer um servi\u00e7o de <strong>excel\u00eancia<\/strong>, distinguindo a Weol Imobili\u00e1ria como o seu parceiro de confian\u00e7a na <strong>venda e compra de propriedades<\/strong>.<\/p>\n<p>Se est\u00e1 a considerar vender a sua propriedade no Luxemburgo, convide-nos a discutir como a nossa abordagem <strong>personalizada<\/strong> pode conduzir ao seu <strong>sucesso<\/strong>. Na Weol Imobili\u00e1ria, n\u00e3o nos limitamos a vender propriedades; <strong>realizamos sonhos<\/strong>, uma propriedade de cada vez. Contacte-nos hoje para escrevermos juntos a sua hist\u00f3ria de <strong>sucesso imobili\u00e1rio<\/strong>.[\/vc_column_text][\/vc_column][\/vc_row]<\/p>\n<\/div>","protected":false},"excerpt":{"rendered":"<p>[vc_row][vc_column][vc_column_text]Bem-vindo ao espa\u00e7o de sucessos da Weol Imobili\u00e1ria, uma montra da nossa expertise no mercado imobili\u00e1rio luxemburgu\u00eas. Cada transa\u00e7\u00e3o conclu\u00edda pela nossa ag\u00eancia \u00e9 o resultado de uma estrat\u00e9gia personalizada e de um entendimento profundo das aspira\u00e7\u00f5es dos nossos clientes, refletindo a nossa capacidade de transformar vis\u00f5es em realidade. Explore a nossa sele\u00e7\u00e3o de propriedades vendidas, de vilas a apartamentos modernos, cada uma testemunhando &#8230;<\/p>\n","protected":false},"author":1,"featured_media":0,"parent":0,"menu_order":0,"comment_status":"closed","ping_status":"closed","template":"property_list.php","meta":{"footnotes":""},"yoast_head":"<!-- This site is optimized with the Yoast SEO plugin v22.5 - https:\/\/yoast.com\/wordpress\/plugins\/seo\/ -->\n<title>Realiza\u00e7\u00f5es imobili\u00e1rias - Weol Immobili\u00e8re<\/title>\n<meta name=\"robots\" content=\"index, follow, max-snippet:-1, max-image-preview:large, max-video-preview:-1\" \/>\n<link rel=\"canonical\" href=\"https:\/\/weol.lu\/pt-pt\/realizacoes-imobiliarias\/\" \/>\n<meta property=\"og:locale\" content=\"pt_PT\" \/>\n<meta property=\"og:type\" content=\"article\" \/>\n<meta property=\"og:title\" content=\"Realiza\u00e7\u00f5es imobili\u00e1rias - Weol Immobili\u00e8re\" \/>\n<meta property=\"og:description\" content=\"[vc_row][vc_column][vc_column_text]Bem-vindo ao espa\u00e7o de sucessos da Weol Imobili\u00e1ria, uma montra da nossa expertise no mercado imobili\u00e1rio luxemburgu\u00eas. Cada transa\u00e7\u00e3o conclu\u00edda pela nossa ag\u00eancia \u00e9 o resultado de uma estrat\u00e9gia personalizada e de um entendimento profundo das aspira\u00e7\u00f5es dos nossos clientes, refletindo a nossa capacidade de transformar vis\u00f5es em realidade. Explore a nossa sele\u00e7\u00e3o de propriedades vendidas, de vilas a apartamentos modernos, cada uma testemunhando ...\" \/>\n<meta property=\"og:url\" content=\"https:\/\/weol.lu\/pt-pt\/realizacoes-imobiliarias\/\" \/>\n<meta property=\"og:site_name\" content=\"Weol Immobili\u00e8re\" \/>\n<meta property=\"article:modified_time\" content=\"2024-04-22T12:59:56+00:00\" \/>\n<meta property=\"og:image\" content=\"https:\/\/weol.lu\/wp-content\/uploads\/2021\/05\/logo-weol-1.png\" \/>\n\t<meta property=\"og:image:width\" content=\"432\" \/>\n\t<meta property=\"og:image:height\" content=\"270\" \/>\n\t<meta property=\"og:image:type\" content=\"image\/png\" \/>\n<meta name=\"twitter:card\" content=\"summary_large_image\" \/>\n<meta name=\"twitter:label1\" content=\"Tempo estimado de leitura\" \/>\n\t<meta name=\"twitter:data1\" content=\"1 minute\" \/>\n<script type=\"application\/ld+json\" class=\"yoast-schema-graph\">{\"@context\":\"https:\/\/schema.org\",\"@graph\":[{\"@type\":\"WebPage\",\"@id\":\"https:\/\/weol.lu\/pt-pt\/realizacoes-imobiliarias\/\",\"url\":\"https:\/\/weol.lu\/pt-pt\/realizacoes-imobiliarias\/\",\"name\":\"Realiza\u00e7\u00f5es imobili\u00e1rias - Weol Immobili\u00e8re\",\"isPartOf\":{\"@id\":\"https:\/\/weol.lu\/pt-pt\/#website\"},\"datePublished\":\"2024-02-27T14:47:47+00:00\",\"dateModified\":\"2024-04-22T12:59:56+00:00\",\"inLanguage\":\"pt-PT\",\"potentialAction\":[{\"@type\":\"ReadAction\",\"target\":[\"https:\/\/weol.lu\/pt-pt\/realizacoes-imobiliarias\/\"]}]},{\"@type\":\"WebSite\",\"@id\":\"https:\/\/weol.lu\/pt-pt\/#website\",\"url\":\"https:\/\/weol.lu\/pt-pt\/\",\"name\":\"Weol Immobili\u00e8re\",\"description\":\"Immobili\u00e8re Agence\",\"potentialAction\":[{\"@type\":\"SearchAction\",\"target\":{\"@type\":\"EntryPoint\",\"urlTemplate\":\"https:\/\/weol.lu\/pt-pt\/?s={search_term_string}\"},\"query-input\":\"required name=search_term_string\"}],\"inLanguage\":\"pt-PT\"}]}<\/script>\n<!-- \/ Yoast SEO plugin. -->","yoast_head_json":{"title":"Realiza\u00e7\u00f5es imobili\u00e1rias - Weol Immobili\u00e8re","robots":{"index":"index","follow":"follow","max-snippet":"max-snippet:-1","max-image-preview":"max-image-preview:large","max-video-preview":"max-video-preview:-1"},"canonical":"https:\/\/weol.lu\/pt-pt\/realizacoes-imobiliarias\/","og_locale":"pt_PT","og_type":"article","og_title":"Realiza\u00e7\u00f5es imobili\u00e1rias - Weol Immobili\u00e8re","og_description":"[vc_row][vc_column][vc_column_text]Bem-vindo ao espa\u00e7o de sucessos da Weol Imobili\u00e1ria, uma montra da nossa expertise no mercado imobili\u00e1rio luxemburgu\u00eas. Cada transa\u00e7\u00e3o conclu\u00edda pela nossa ag\u00eancia \u00e9 o resultado de uma estrat\u00e9gia personalizada e de um entendimento profundo das aspira\u00e7\u00f5es dos nossos clientes, refletindo a nossa capacidade de transformar vis\u00f5es em realidade. Explore a nossa sele\u00e7\u00e3o de propriedades vendidas, de vilas a apartamentos modernos, cada uma testemunhando ...","og_url":"https:\/\/weol.lu\/pt-pt\/realizacoes-imobiliarias\/","og_site_name":"Weol Immobili\u00e8re","article_modified_time":"2024-04-22T12:59:56+00:00","og_image":[{"width":432,"height":270,"url":"https:\/\/weol.lu\/wp-content\/uploads\/2021\/05\/logo-weol-1.png","type":"image\/png"}],"twitter_card":"summary_large_image","twitter_misc":{"Tempo estimado de leitura":"1 minute"},"schema":{"@context":"https:\/\/schema.org","@graph":[{"@type":"WebPage","@id":"https:\/\/weol.lu\/pt-pt\/realizacoes-imobiliarias\/","url":"https:\/\/weol.lu\/pt-pt\/realizacoes-imobiliarias\/","name":"Realiza\u00e7\u00f5es imobili\u00e1rias - Weol Immobili\u00e8re","isPartOf":{"@id":"https:\/\/weol.lu\/pt-pt\/#website"},"datePublished":"2024-02-27T14:47:47+00:00","dateModified":"2024-04-22T12:59:56+00:00","inLanguage":"pt-PT","potentialAction":[{"@type":"ReadAction","target":["https:\/\/weol.lu\/pt-pt\/realizacoes-imobiliarias\/"]}]},{"@type":"WebSite","@id":"https:\/\/weol.lu\/pt-pt\/#website","url":"https:\/\/weol.lu\/pt-pt\/","name":"Weol Immobili\u00e8re","description":"Immobili\u00e8re Agence","potentialAction":[{"@type":"SearchAction","target":{"@type":"EntryPoint","urlTemplate":"https:\/\/weol.lu\/pt-pt\/?s={search_term_string}"},"query-input":"required name=search_term_string"}],"inLanguage":"pt-PT"}]}},"_links":{"self":[{"href":"https:\/\/weol.lu\/pt-pt\/wp-json\/wp\/v2\/pages\/29329"}],"collection":[{"href":"https:\/\/weol.lu\/pt-pt\/wp-json\/wp\/v2\/pages"}],"about":[{"href":"https:\/\/weol.lu\/pt-pt\/wp-json\/wp\/v2\/types\/page"}],"author":[{"embeddable":true,"href":"https:\/\/weol.lu\/pt-pt\/wp-json\/wp\/v2\/users\/1"}],"replies":[{"embeddable":true,"href":"https:\/\/weol.lu\/pt-pt\/wp-json\/wp\/v2\/comments?post=29329"}],"version-history":[{"count":1,"href":"https:\/\/weol.lu\/pt-pt\/wp-json\/wp\/v2\/pages\/29329\/revisions"}],"predecessor-version":[{"id":30017,"href":"https:\/\/weol.lu\/pt-pt\/wp-json\/wp\/v2\/pages\/29329\/revisions\/30017"}],"wp:attachment":[{"href":"https:\/\/weol.lu\/pt-pt\/wp-json\/wp\/v2\/media?parent=29329"}],"curies":[{"name":"wp","href":"https:\/\/api.w.org\/{rel}","templated":true}]}}