{"id":5707,"date":"2015-02-19T09:48:19","date_gmt":"2015-02-19T09:48:19","guid":{"rendered":"http:\/\/demo2.wpresidence.net\/?page_id=5707"},"modified":"2025-01-07T14:26:55","modified_gmt":"2025-01-07T14:26:55","slug":"contatos","status":"publish","type":"page","link":"https:\/\/weol.lu\/pt-pt\/contatos\/","title":{"rendered":"Contactos"},"content":{"rendered":"<div class=\"wpb-content-wrapper\"><p>[vc_row css=&#8221;.vc_custom_1712713251307{margin-bottom: 30px !important;}&#8221;][vc_column][vc_column_text]Se procura uma propriedade \u00e0 venda e para arrendar em Luxemburgo , a WEOL torna a pesquisa mais f\u00e1cil. Use nosso recurso de <a href=\"https:\/\/weol.lu\/\">mapeamento de geolocaliza\u00e7\u00e3o<\/a> exclusivo para arrancar a sua casa ideal, moradia ou apartamento e entre em contato diretamente com os agentes. N\u00f3s vamos ajud\u00e1-lo a encontrar a sua casa de sonho em apenas alguns segundos.<\/p>\n<p>Oferecemos aos nossos clientes uma riqueza de conhecimento sobre todos os aspectos da compra ou venda de uma casa. Seja para o ajudar na procura da sua casa de sonho, discutir novos empreendimentos imobili\u00e1rios em Luxemburgo, ou ajud\u00e1-lo a vender a sua propriedade, gostar\u00edamos muito da oportunidade de ajudar. Sinta-se livre de nos contatar com todas as perguntas![\/vc_column_text][vc_empty_space height=&#8221;30&#8243;][\/vc_column][\/vc_row][vc_row full_width=&#8221;stretch_row_content&#8221; video_bg=&#8221;yes&#8221; video_bg_url=&#8221;https:\/\/www.youtube.com\/watch?v=myI8RohTxgA&#8221; css=&#8221;.vc_custom_1712712743391{margin-bottom: 40px !important;}&#8221;][vc_column width=&#8221;1\/6&#8243; offset=&#8221;vc_hidden-sm vc_hidden-xs&#8221;][\/vc_column][vc_column width=&#8221;2\/3&#8243;]<div class=\"ult-spacer spacer-69d7dd52079ee\" data-id=\"69d7dd52079ee\" data-height=\"10\" data-height-mobile=\"10\" data-height-tab=\"10\" data-height-tab-portrait=\"\" data-height-mobile-landscape=\"\" style=\"clear:both;display:block;\"><\/div><div id=\"ultimate-heading-410769d7dd5207a2a\" class=\"uvc-heading ult-adjust-bottom-margin ultimate-heading-410769d7dd5207a2a uvc-7997 \" data-hspacer=\"no_spacer\"  data-halign=\"center\" style=\"text-align:center\"><div class=\"uvc-heading-spacer no_spacer\" style=\"top\"><\/div><div class=\"uvc-main-heading ult-responsive\"  data-ultimate-target='.uvc-heading.ultimate-heading-410769d7dd5207a2a h2'  data-responsive-json-new='{\"font-size\":\"desktop:36px;\",\"line-height\":\"\"}' ><h2 style=\"font-family:&#039;Open Sans&#039;;font-weight:500;color:#ffffff;margin-bottom:0px;\">Os nossos agentes<\/h2><\/div><\/div><div class=\"ult-spacer spacer-69d7dd5207a4b\" data-id=\"69d7dd5207a4b\" data-height=\"10\" data-height-mobile=\"10\" data-height-tab=\"10\" data-height-tab-portrait=\"\" data-height-mobile-landscape=\"\" style=\"clear:both;display:block;\"><\/div><div id=\"ultimate-heading-906269d7dd5207a61\" class=\"uvc-heading ult-adjust-bottom-margin ultimate-heading-906269d7dd5207a61 uvc-7748 \" data-hspacer=\"no_spacer\"  data-halign=\"center\" style=\"text-align:center\"><div class=\"uvc-heading-spacer no_spacer\" style=\"top\"><\/div><div class=\"uvc-sub-heading ult-responsive\"  data-ultimate-target='.uvc-heading.ultimate-heading-906269d7dd5207a61 .uvc-sub-heading '  data-responsive-json-new='{\"font-size\":\"desktop:17px;\",\"line-height\":\"\"}'  style=\"font-family:&#039;Open Sans&#039;;font-weight:normal;\"><\/p>\n<p style=\"text-align: left;\"><span style=\"color: #ffffff;\">Seja para o ajudar na procura da sua casa de sonho, discutir novos empreendimentos imobili\u00e1rios em Luxemburgo, ou ajud\u00e1-lo a vender a sua propriedade, gostar\u00edamos muito da oportunidade de ajudar. Sinta-se livre de nos contatar com todas as perguntas!<\/span><\/p>\n<p><\/div><\/div><div class=\"ult-spacer spacer-69d7dd5207a75\" data-id=\"69d7dd5207a75\" data-height=\"10\" data-height-mobile=\"10\" data-height-tab=\"10\" data-height-tab-portrait=\"\" data-height-mobile-landscape=\"\" style=\"clear:both;display:block;\"><\/div><div class=\"article_container bottom-estate_agent nobutton \" >\n<div class=\" ccvagnet col-md-6 listing_wrapper\">         \n    <div class=\"agent_unit\" data-link=\"https:\/\/weol.lu\/pt-pt\/agents\/brigitte-weirich-diretor-da-agencia\/\">\n        <div class=\"agent-unit-img-wrapper\">\n                  \n            \n            \n         \n            <img decoding=\"async\" width=\"278\" height=\"316\" src=\"https:\/\/weol.lu\/wp-content\/uploads\/2014\/05\/Brigitte.jpg\" class=\"lazyload img-responsive wp-post-image\" alt=\"\" srcset=\"https:\/\/weol.lu\/wp-content\/uploads\/2014\/05\/Brigitte.jpg 278w, https:\/\/weol.lu\/wp-content\/uploads\/2014\/05\/Brigitte-264x300.jpg 264w\" sizes=\"(max-width: 278px) 100vw, 278px\" \/>        <\/div>    \n            \n\n        <h4> <a href=\"https:\/\/weol.lu\/pt-pt\/agents\/brigitte-weirich-diretor-da-agencia\/\">Brigitte Weirich<\/a><\/h4>\n        <div class=\"agent_position\">FR | LU | DE<\/div><div class=\"agent_card_content\">Porque para n\u00f3s cada cliente \u00e9 diferente, n\u00f3s oferecemos um servi\u00e7o sob medida para cada u <a href=\"https:\/\/weol.lu\/pt-pt\/agents\/brigitte-weirich-diretor-da-agencia\/\" class=\"unit_more_x\">...<\/a><\/div>\n     \n       \n        <div class=\"agent_unit_social agent_list\">\n        \n               \n               <div class=\"wpestate_agent_unit_social\"><\/div><div class=\"agent_unit_phone\"><a href=\"tel:+352 43 67 67\" rel=\"noopener\" ><i class=\"fas fa-phone\"><\/i><\/a><\/div><div class=\"agent_unit_email\"><a href=\"mailto:info@weol.lu\" rel=\"noopener\" ><i class=\"fas fa-envelope\"><\/i><\/a><\/div>           \n        <\/div>\n    <\/div>\n<\/div>   \n<!-- <\/div>    -->\n<div class=\" ccvagnet col-md-6 listing_wrapper\">         \n    <div class=\"agent_unit\" data-link=\"https:\/\/weol.lu\/pt-pt\/agents\/nuno-oliveira-diretor-da-agencia\/\">\n        <div class=\"agent-unit-img-wrapper\">\n                  \n            \n            \n         \n            <img decoding=\"async\" width=\"278\" height=\"316\" src=\"https:\/\/weol.lu\/wp-content\/uploads\/2014\/05\/Nuno.jpg\" class=\"lazyload img-responsive wp-post-image\" alt=\"\" srcset=\"https:\/\/weol.lu\/wp-content\/uploads\/2014\/05\/Nuno.jpg 278w, https:\/\/weol.lu\/wp-content\/uploads\/2014\/05\/Nuno-264x300.jpg 264w\" sizes=\"(max-width: 278px) 100vw, 278px\" \/>        <\/div>    \n            \n\n        <h4> <a href=\"https:\/\/weol.lu\/pt-pt\/agents\/nuno-oliveira-diretor-da-agencia\/\">Nuno Oliveira<\/a><\/h4>\n        <div class=\"agent_position\">PT | EN | FR<\/div><div class=\"agent_card_content\">Porque para n\u00f3s cada cliente \u00e9 diferente, n\u00f3s oferecemos um servi\u00e7o sob medida para cada u <a href=\"https:\/\/weol.lu\/pt-pt\/agents\/nuno-oliveira-diretor-da-agencia\/\" class=\"unit_more_x\">...<\/a><\/div>\n     \n       \n        <div class=\"agent_unit_social agent_list\">\n        \n               \n               <div class=\"wpestate_agent_unit_social\"><\/div><div class=\"agent_unit_phone\"><a href=\"tel:+352 43 67 67\" rel=\"noopener\" ><i class=\"fas fa-phone\"><\/i><\/a><\/div><div class=\"agent_unit_email\"><a href=\"mailto:info@weol.lu\" rel=\"noopener\" ><i class=\"fas fa-envelope\"><\/i><\/a><\/div>           \n        <\/div>\n    <\/div>\n<\/div>   \n<!-- <\/div>    --><\/div>[\/vc_column][vc_column width=&#8221;1\/6&#8243; offset=&#8221;vc_hidden-sm vc_hidden-xs&#8221;][\/vc_column][\/vc_row]<\/p>\n<\/div>","protected":false},"excerpt":{"rendered":"<p>[vc_row css=&#8221;.vc_custom_1712713251307{margin-bottom: 30px !important;}&#8221;][vc_column][vc_column_text]Se procura uma propriedade \u00e0 venda e para arrendar em Luxemburgo , a WEOL torna a pesquisa mais f\u00e1cil. Use nosso recurso de mapeamento de geolocaliza\u00e7\u00e3o exclusivo para arrancar a sua casa ideal, moradia ou apartamento e entre em contato diretamente com os agentes. N\u00f3s vamos ajud\u00e1-lo a encontrar a sua casa de sonho em apenas alguns segundos. Oferecemos aos nossos &#8230;<\/p>\n","protected":false},"author":1,"featured_media":0,"parent":0,"menu_order":0,"comment_status":"closed","ping_status":"closed","template":"contact_page.php","meta":{"footnotes":""},"yoast_head":"<!-- This site is optimized with the Yoast SEO plugin v22.5 - https:\/\/yoast.com\/wordpress\/plugins\/seo\/ -->\n<title>Contactos - Weol Immobili\u00e8re<\/title>\n<meta name=\"robots\" content=\"index, follow, max-snippet:-1, max-image-preview:large, max-video-preview:-1\" \/>\n<link rel=\"canonical\" href=\"https:\/\/weol.lu\/pt-pt\/contatos\/\" \/>\n<meta property=\"og:locale\" content=\"pt_PT\" \/>\n<meta property=\"og:type\" content=\"article\" \/>\n<meta property=\"og:title\" content=\"Contactos\" \/>\n<meta property=\"og:description\" content=\"Voc\u00ea quer vender e est\u00e1 stressado, como escolher a ag\u00eancia certa? Como n\u00e3o permanecer com seu bem e n\u00e3o vender? Tantas perguntas surgem ... Contacte-nos, n\u00f3s estimamos seu bem e iremos o acompanhar ao longo do caminho.&quot;\" \/>\n<meta property=\"og:url\" content=\"https:\/\/weol.lu\/pt-pt\/contatos\/\" \/>\n<meta property=\"og:site_name\" content=\"Weol Immobili\u00e8re\" \/>\n<meta property=\"article:modified_time\" content=\"2025-01-07T14:26:55+00:00\" \/>\n<meta property=\"og:image\" content=\"https:\/\/weol.lu\/wp-content\/uploads\/2015\/02\/logo-weol-face.png\" \/>\n\t<meta property=\"og:image:width\" content=\"1200\" \/>\n\t<meta property=\"og:image:height\" content=\"630\" \/>\n\t<meta property=\"og:image:type\" content=\"image\/png\" \/>\n<meta name=\"twitter:card\" content=\"summary_large_image\" \/>\n<meta name=\"twitter:label1\" content=\"Tempo estimado de leitura\" \/>\n\t<meta name=\"twitter:data1\" content=\"2 minutes\" \/>\n<script type=\"application\/ld+json\" class=\"yoast-schema-graph\">{\"@context\":\"https:\/\/schema.org\",\"@graph\":[{\"@type\":\"WebPage\",\"@id\":\"https:\/\/weol.lu\/pt-pt\/contatos\/\",\"url\":\"https:\/\/weol.lu\/pt-pt\/contatos\/\",\"name\":\"Contactos - Weol Immobili\u00e8re\",\"isPartOf\":{\"@id\":\"https:\/\/weol.lu\/pt-pt\/#website\"},\"datePublished\":\"2015-02-19T09:48:19+00:00\",\"dateModified\":\"2025-01-07T14:26:55+00:00\",\"inLanguage\":\"pt-PT\",\"potentialAction\":[{\"@type\":\"ReadAction\",\"target\":[\"https:\/\/weol.lu\/pt-pt\/contatos\/\"]}]},{\"@type\":\"WebSite\",\"@id\":\"https:\/\/weol.lu\/pt-pt\/#website\",\"url\":\"https:\/\/weol.lu\/pt-pt\/\",\"name\":\"Weol Immobili\u00e8re\",\"description\":\"Immobili\u00e8re Agence\",\"potentialAction\":[{\"@type\":\"SearchAction\",\"target\":{\"@type\":\"EntryPoint\",\"urlTemplate\":\"https:\/\/weol.lu\/pt-pt\/?s={search_term_string}\"},\"query-input\":\"required name=search_term_string\"}],\"inLanguage\":\"pt-PT\"}]}<\/script>\n<!-- \/ Yoast SEO plugin. -->","yoast_head_json":{"title":"Contactos - Weol Immobili\u00e8re","robots":{"index":"index","follow":"follow","max-snippet":"max-snippet:-1","max-image-preview":"max-image-preview:large","max-video-preview":"max-video-preview:-1"},"canonical":"https:\/\/weol.lu\/pt-pt\/contatos\/","og_locale":"pt_PT","og_type":"article","og_title":"Contactos","og_description":"Voc\u00ea quer vender e est\u00e1 stressado, como escolher a ag\u00eancia certa? Como n\u00e3o permanecer com seu bem e n\u00e3o vender? Tantas perguntas surgem ... Contacte-nos, n\u00f3s estimamos seu bem e iremos o acompanhar ao longo do caminho.\"","og_url":"https:\/\/weol.lu\/pt-pt\/contatos\/","og_site_name":"Weol Immobili\u00e8re","article_modified_time":"2025-01-07T14:26:55+00:00","og_image":[{"width":"1200","height":"630","url":"https:\/\/weol.lu\/wp-content\/uploads\/2015\/02\/logo-weol-face.png","type":"image\/png"}],"twitter_card":"summary_large_image","twitter_misc":{"Tempo estimado de leitura":"2 minutes"},"schema":{"@context":"https:\/\/schema.org","@graph":[{"@type":"WebPage","@id":"https:\/\/weol.lu\/pt-pt\/contatos\/","url":"https:\/\/weol.lu\/pt-pt\/contatos\/","name":"Contactos - Weol Immobili\u00e8re","isPartOf":{"@id":"https:\/\/weol.lu\/pt-pt\/#website"},"datePublished":"2015-02-19T09:48:19+00:00","dateModified":"2025-01-07T14:26:55+00:00","inLanguage":"pt-PT","potentialAction":[{"@type":"ReadAction","target":["https:\/\/weol.lu\/pt-pt\/contatos\/"]}]},{"@type":"WebSite","@id":"https:\/\/weol.lu\/pt-pt\/#website","url":"https:\/\/weol.lu\/pt-pt\/","name":"Weol Immobili\u00e8re","description":"Immobili\u00e8re Agence","potentialAction":[{"@type":"SearchAction","target":{"@type":"EntryPoint","urlTemplate":"https:\/\/weol.lu\/pt-pt\/?s={search_term_string}"},"query-input":"required name=search_term_string"}],"inLanguage":"pt-PT"}]}},"_links":{"self":[{"href":"https:\/\/weol.lu\/pt-pt\/wp-json\/wp\/v2\/pages\/5707"}],"collection":[{"href":"https:\/\/weol.lu\/pt-pt\/wp-json\/wp\/v2\/pages"}],"about":[{"href":"https:\/\/weol.lu\/pt-pt\/wp-json\/wp\/v2\/types\/page"}],"author":[{"embeddable":true,"href":"https:\/\/weol.lu\/pt-pt\/wp-json\/wp\/v2\/users\/1"}],"replies":[{"embeddable":true,"href":"https:\/\/weol.lu\/pt-pt\/wp-json\/wp\/v2\/comments?post=5707"}],"version-history":[{"count":5,"href":"https:\/\/weol.lu\/pt-pt\/wp-json\/wp\/v2\/pages\/5707\/revisions"}],"predecessor-version":[{"id":29674,"href":"https:\/\/weol.lu\/pt-pt\/wp-json\/wp\/v2\/pages\/5707\/revisions\/29674"}],"wp:attachment":[{"href":"https:\/\/weol.lu\/pt-pt\/wp-json\/wp\/v2\/media?parent=5707"}],"curies":[{"name":"wp","href":"https:\/\/api.w.org\/{rel}","templated":true}]}}